{"id":10105,"date":"2024-07-25T17:31:08","date_gmt":"2024-07-25T22:31:08","guid":{"rendered":"https:\/\/altingenieria.mx\/?page_id=10105"},"modified":"2026-02-05T16:42:10","modified_gmt":"2026-02-05T22:42:10","slug":"23012-2","status":"publish","type":"page","link":"https:\/\/altingenieria.mx\/en\/23012-2\/","title":{"rendered":"Functional test benches for electrical testing of blowers"},"content":{"rendered":"<div class=\"wpb-content-wrapper\"><div id=\"fws_69e3143f5fda3\" class=\"vc_row wpb_row vc_row-fluid  animate_onoffset row-dynamic-el section-style     \" style=\"padding-bottom: 20px ; \" ><div  style=\"position: absolute;top: 0;\"><\/div><div class=\"container  dark\"><div class=\"section_clear\">\n\t<div class=\"vc_col-sm-12 wpb_column column_container \" style=\"\" data-animation=\"none\" data-delay=\"\">\n\t\t\t<div class=\"wpb_wrapper\">\n\t\t\t\t<div class=\"vc_row wpb_row vc_inner vc_row-fluid vc_row-o-equal-height vc_row-flex\"><div class=\"wpb_column vc_column_container vc_col-sm-8\"><div class=\"vc_column-inner\"><div class=\"wpb_wrapper\"><div class=\"wpb_content_element media_align_left media media_el animate_onoffset \"><div class=\"media_wrapper\" ><img decoding=\"async\" src=\"https:\/\/altingenieria.mx\/wp-content\/uploads\/2024\/08\/WhatsApp-Image-2024-07-30-at-11.59.49-AM-1.jpeg\" alt=\"Alt Text\" class=\"type_image animated fadeInLeft alignment_left\" \/><\/div><\/div><\/div><\/div><\/div><div class=\"wpb_column vc_column_container vc_col-sm-4\"><div class=\"vc_column-inner\"><div class=\"wpb_wrapper\">\n\t<div class=\"wpb_text_column wpb_content_element \">\n\t\t<div class=\"wpb_wrapper\" >\n\t\t\t<p><strong>DESCRIPCI\u00d3N BREVE DEL PROYECTO<\/strong><\/p>\n<p style=\"text-align: justify;\">Estaci\u00f3n autom\u00e1tica off-line de pruebas el\u00e9ctricas. Desarrollado en LabVIEW. Integra fuentes de alimentaci\u00f3n programable, multimetros digitales y escaneres de c\u00f3digos QR.<\/p>\n<p><strong><span style=\"font-size: 10pt;\">FECHA<br \/>\n<\/span><\/strong>Agosto 2023<\/p>\n<p><strong><span style=\"font-size: 10pt;\">CLIENTE<br \/>\n<\/span><\/strong>GENTHERM<\/p>\n\n\t\t<\/div> \n\t<\/div> <\/div><\/div><\/div><\/div>\n\t\t\t<\/div> \n\t<\/div> \n<\/div><\/div><\/div><div id=\"fws_69e3143f61183\" class=\"vc_row wpb_row vc_row-fluid  animate_onoffset row-dynamic-el standard_section     \" style=\"\" ><div  style=\"position: absolute;top: 0;\"><\/div><div class=\"container  dark\"><div class=\"section_clear\">\n\t<div class=\"vc_col-sm-6 wpb_column column_container vc_custom_1565293715049  vc_custom_1565293715049\" style=\"\" data-animation=\"none\" data-delay=\"\">\n\t\t\t<div class=\"wpb_wrapper\">\n\t\t\t\t\n\t<div class=\"wpb_text_column wpb_content_element  vc_custom_1722539687694\">\n\t\t<div class=\"wpb_wrapper\" >\n\t\t\t<div id=\"fws_5d498bca583a9\" class=\"vc_row wpb_row vc_row-fluid animate_onoffset row-dynamic-el standard_section \">\n<div class=\"container custom\">\n<div class=\"section_clear\">\n<div class=\"vc_col-sm-12 wpb_column column_container vc_custom_1565016720366 vc_custom_1565016720366\" data-animation=\"none\" data-delay=\"\">\n<div class=\"wpb_wrapper\">\n<div class=\"wpb_text_column wpb_content_element vc_custom_1565016773862\">\n<div class=\"wpb_wrapper\">\n<p style=\"text-align: justify;\"><span style=\"font-size: 14px;\">El dise\u00f1o integral de cada estaci\u00f3n se llev\u00f3 a cabo por un equipo de ingenieros multidisciplinar y consisti\u00f3 en el dise\u00f1o mec\u00e1nico del bastidor, el desarrollo de software en LabVIEW, el dise\u00f1o de las modificaciones de los fixtures INGUN, el dise\u00f1o el\u00e9ctrico de todo el conjunto, y todo el montaje.<\/span><\/p>\n<\/div>\n<\/div>\n<p style=\"text-align: justify;\"><span style=\"font-size: 14px;\">Los equipos est\u00e1n desarrollado para comprobar mediciones de voltaje y corriente seg\u00fan se activen la fuente de alimentaci\u00f3n y la fuente de control para activar un blower. Una vez realizado el test, los datos se suben desde LabVIEW a la plataforma de trazabilidad iTAC.<\/span><\/p>\n<div class=\"wpb_text_column wpb_content_element vc_custom_1565016773862\">\n<div class=\"wpb_wrapper\">\n<p style=\"text-align: justify;\"><span style=\"font-size: 14px;\">Se integraron diferentes equipos como fuentes programables Rigol, dispositivos de I\/O industriales de MOXA ioLogik por Modbus, equipo multifunci\u00f3n de medici\u00f3n y generador de se\u00f1ales GW INSTEK y lectores de c\u00f3digos Keyence.<\/span><\/p>\n<p>&nbsp;<\/p>\n<\/div>\n<\/div>\n<\/div>\n<\/div>\n<\/div>\n<\/div>\n<\/div>\n\n\t\t<\/div> \n\t<\/div> \n\t\t\t<\/div> \n\t<\/div> \n\n\t<div class=\"vc_col-sm-6 wpb_column column_container vc_custom_1565293722523  vc_custom_1565293722523\" style=\"\" data-animation=\"none\" data-delay=\"\">\n\t\t\t<div class=\"wpb_wrapper\">\n\t\t\t\t<div class=\"vc_row wpb_row vc_inner vc_row-fluid vc_custom_1565115942659 vc_row-has-fill vc_row-o-content-top vc_row-flex\"><div class=\"wpb_column vc_column_container vc_col-sm-12 vc_col-has-fill\"><div class=\"vc_column-inner vc_custom_1565115950018\"><div class=\"wpb_wrapper\"><div class=\"vc_custom_heading vc_custom_1565286234531 wpb_content_element\" ><h2 style=\"font-size: 18px;text-align: left\" >Necesidad<\/h2><\/div>\n\t<div class=\"wpb_text_column wpb_content_element  vc_custom_1722539936929\">\n\t\t<div class=\"wpb_wrapper\" >\n\t\t\t<p style=\"font-size: 13px; text-align: justify;\"><span style=\"font-size: 13px; color: #000000;\">Comprobar mediciones de voltaje y corriente de la tarjeta electr\u00f3nica de control de un blower, de acuerdo a las especificaciones de test proporcionada por el cliente.<\/span><\/p>\n\n\t\t<\/div> \n\t<\/div> <div class=\"vc_custom_heading vc_custom_1565115994054 wpb_content_element\" ><h2 style=\"font-size: 18px;text-align: left\" >Soluci\u00f3n<\/h2><\/div>\n\t<div class=\"wpb_text_column wpb_content_element  vc_custom_1565622269731\">\n\t\t<div class=\"wpb_wrapper\" >\n\t\t\t<p style=\"font-size: 13px; text-align: justify;\"><span style=\"font-size: 13px; color: #000000;\">Desarrollar un banco off-line de carga manual pero secuencia de prueba autom\u00e1tica.<\/span><\/p>\n\n\t\t<\/div> \n\t<\/div> <\/div><\/div><\/div><\/div>\n\t\t\t<\/div> \n\t<\/div> \n<\/div><\/div><\/div><div id=\"fws_69e3143f6204b\" class=\"vc_row wpb_row vc_row-fluid  animate_onoffset row-dynamic-el standard_section     \" style=\"padding-top: 0px ; \" ><div  style=\"position: absolute;top: 0;\"><\/div><div class=\"container  dark\"><div class=\"section_clear\">\n\t<div class=\"vc_col-sm-12 vc_hidden-lg vc_hidden-md vc_hidden-sm wpb_column column_container vc_custom_1564160319122  vc_custom_1564160319122\" style=\"\" data-animation=\"none\" data-delay=\"\">\n\t\t\t<div class=\"wpb_wrapper\">\n\t\t\t\t<div class=\"vc_row wpb_row vc_inner vc_row-fluid vc_custom_1564160809902 vc_row-o-equal-height vc_row-flex\"><div class=\"wpb_column vc_column_container vc_col-sm-6 vc_col-xs-6\"><div class=\"vc_column-inner vc_custom_1564160851706\"><div class=\"wpb_wrapper\"><div class=\"wpb_content_element media_align_left media media_el animate_onoffset \"><div class=\"media_wrapper\" ><img decoding=\"async\" src=\"https:\/\/altingenieria.mx\/wp-content\/uploads\/2024\/07\/1721947726200.jpg\" alt=\"Alt Text\" class=\"type_image animated fadeInLeft alignment_left\" \/><\/div><\/div><\/div><\/div><\/div><div class=\"wpb_column vc_column_container vc_col-sm-6 vc_col-xs-6\"><div class=\"vc_column-inner vc_custom_1564159493891\"><div class=\"wpb_wrapper\"><div class=\"wpb_content_element media_align_left media media_el animate_onoffset \"><div class=\"media_wrapper\" ><img decoding=\"async\" src=\"https:\/\/altingenieria.mx\/wp-content\/uploads\/2024\/07\/WhatsApp-Image-2024-07-30-at-11.59.47-AM.jpeg\" alt=\"Alt Text\" class=\"type_image animated fadeInLeft alignment_left\" \/><\/div><\/div><\/div><\/div><\/div><\/div><div class=\"vc_row wpb_row vc_inner vc_row-fluid vc_custom_1564160791844 vc_row-o-equal-height vc_row-flex\"><div class=\"wpb_column vc_column_container vc_col-sm-4 vc_col-xs-4 vc_col-has-fill\"><div class=\"vc_column-inner vc_custom_1564159076811\"><div class=\"wpb_wrapper\"><div class=\"wpb_content_element media_align_left media media_el animate_onoffset \"><div class=\"media_wrapper\" ><img decoding=\"async\" src=\"https:\/\/altingenieria.mx\/wp-content\/uploads\/2024\/07\/1721930194123-scaled.jpg\" alt=\"Alt Text\" class=\"type_image animated fadeInLeft alignment_left\" \/><\/div><\/div><\/div><\/div><\/div><div class=\"wpb_column vc_column_container vc_col-sm-4 vc_col-xs-4\"><div class=\"vc_column-inner vc_custom_1564159085573\"><div class=\"wpb_wrapper\"><div class=\"wpb_content_element media_align_left media media_el animate_onoffset \"><div class=\"media_wrapper\" ><img decoding=\"async\" src=\"https:\/\/altingenieria.mx\/wp-content\/uploads\/2024\/07\/WhatsApp-Image-2024-07-30-at-12.04.07-PM.jpeg\" alt=\"Alt Text\" class=\"type_image animated fadeInLeft alignment_left\" \/><\/div><\/div><\/div><\/div><\/div><div class=\"wpb_column vc_column_container vc_col-sm-4 vc_col-xs-4\"><div class=\"vc_column-inner vc_custom_1564159093830\"><div class=\"wpb_wrapper\"><div class=\"wpb_content_element media_align_left media media_el animate_onoffset \"><div class=\"media_wrapper\" ><img decoding=\"async\" src=\"https:\/\/altingenieria.mx\/wp-content\/uploads\/2024\/07\/WhatsApp-Image-2024-07-30-at-11.50.28-AM-2.jpeg\" alt=\"Alt Text\" class=\"type_image animated fadeInLeft alignment_left\" \/><\/div><\/div><\/div><\/div><\/div><\/div>\n\t\t\t<\/div> \n\t<\/div> \n<\/div><\/div><\/div><div id=\"fws_69e3143f64585\" class=\"vc_row wpb_row vc_row-fluid  animate_onoffset row-dynamic-el standard_section     \" style=\"\" ><div  style=\"position: absolute;top: 0;\"><\/div><div class=\"container  dark\"><div class=\"section_clear\">\n\t<div class=\"vc_col-sm-12 vc_hidden-xs wpb_column column_container vc_custom_1565293742202  vc_custom_1565293742202\" style=\"\" data-animation=\"none\" data-delay=\"\">\n\t\t\t<div class=\"wpb_wrapper\">\n\t\t\t\t<div class=\"wpb_gallery wpb_content_element vc_clearfix vc_custom_1722540043327 wpb_content_element\" ><div class=\"wpb_wrapper\"><div class=\"wpb_gallery_slides wpb_image_grid\" data-interval=\"3\"><ul class=\"wpb_image_grid_ul\"><li class=\"isotope-item\"><a class=\"\" href=\"https:\/\/altingenieria.mx\/wp-content\/uploads\/2024\/07\/1721930194123-771x1024.jpg\" data-lightbox=\"lightbox[rel-10105-1414750791]\"><img loading=\"lazy\" decoding=\"async\" width=\"150\" height=\"150\" src=\"https:\/\/altingenieria.mx\/wp-content\/uploads\/2024\/07\/1721930194123-150x150.jpg\" class=\"attachment-thumbnail\" alt=\"\" title=\"1721930194123\" srcset=\"https:\/\/altingenieria.mx\/wp-content\/uploads\/2024\/07\/1721930194123-150x150.jpg 150w, https:\/\/altingenieria.mx\/wp-content\/uploads\/2024\/07\/1721930194123-600x600.jpg 600w, https:\/\/altingenieria.mx\/wp-content\/uploads\/2024\/07\/1721930194123-350x350.jpg 350w\" sizes=\"auto, (max-width: 150px) 100vw, 150px\" \/><\/a><\/li><li class=\"isotope-item\"><a class=\"\" href=\"https:\/\/altingenieria.mx\/wp-content\/uploads\/2024\/07\/WhatsApp-Image-2024-07-30-at-11.59.47-AM.jpeg\" data-lightbox=\"lightbox[rel-10105-1414750791]\"><img loading=\"lazy\" decoding=\"async\" width=\"113\" height=\"150\" src=\"https:\/\/altingenieria.mx\/wp-content\/uploads\/2024\/07\/WhatsApp-Image-2024-07-30-at-11.59.47-AM.jpeg\" class=\"attachment-thumbnail\" alt=\"\" title=\"WhatsApp Image 2024-07-30 at 11.59.47 AM\" \/><\/a><\/li><li class=\"isotope-item\"><a class=\"\" href=\"https:\/\/altingenieria.mx\/wp-content\/uploads\/2024\/07\/WhatsApp-Image-2024-07-30-at-12.04.07-PM-1024x771.jpeg\" data-lightbox=\"lightbox[rel-10105-1414750791]\"><img loading=\"lazy\" decoding=\"async\" width=\"150\" height=\"150\" src=\"https:\/\/altingenieria.mx\/wp-content\/uploads\/2024\/07\/WhatsApp-Image-2024-07-30-at-12.04.07-PM-150x150.jpeg\" class=\"attachment-thumbnail\" alt=\"\" title=\"WhatsApp Image 2024-07-30 at 12.04.07 PM\" srcset=\"https:\/\/altingenieria.mx\/wp-content\/uploads\/2024\/07\/WhatsApp-Image-2024-07-30-at-12.04.07-PM-150x150.jpeg 150w, https:\/\/altingenieria.mx\/wp-content\/uploads\/2024\/07\/WhatsApp-Image-2024-07-30-at-12.04.07-PM-600x600.jpeg 600w, https:\/\/altingenieria.mx\/wp-content\/uploads\/2024\/07\/WhatsApp-Image-2024-07-30-at-12.04.07-PM-350x350.jpeg 350w\" sizes=\"auto, (max-width: 150px) 100vw, 150px\" \/><\/a><\/li><li class=\"isotope-item\"><a class=\"\" href=\"https:\/\/altingenieria.mx\/wp-content\/uploads\/2024\/08\/27132_1518712419-1.jpg\" data-lightbox=\"lightbox[rel-10105-1414750791]\"><img loading=\"lazy\" decoding=\"async\" width=\"150\" height=\"150\" src=\"https:\/\/altingenieria.mx\/wp-content\/uploads\/2024\/08\/27132_1518712419-1-150x150.jpg\" class=\"attachment-thumbnail\" alt=\"\" title=\"27132_1518712419\" srcset=\"https:\/\/altingenieria.mx\/wp-content\/uploads\/2024\/08\/27132_1518712419-1-150x150.jpg 150w, https:\/\/altingenieria.mx\/wp-content\/uploads\/2024\/08\/27132_1518712419-1-350x350.jpg 350w\" sizes=\"auto, (max-width: 150px) 100vw, 150px\" \/><\/a><\/li><li class=\"isotope-item\"><a class=\"\" href=\"https:\/\/altingenieria.mx\/wp-content\/uploads\/2024\/08\/WhatsApp-Image-2024-07-30-at-11.50.26-AM-1024x768.jpeg\" data-lightbox=\"lightbox[rel-10105-1414750791]\"><img loading=\"lazy\" decoding=\"async\" width=\"150\" height=\"150\" src=\"https:\/\/altingenieria.mx\/wp-content\/uploads\/2024\/08\/WhatsApp-Image-2024-07-30-at-11.50.26-AM-150x150.jpeg\" class=\"attachment-thumbnail\" alt=\"\" title=\"WhatsApp Image 2024-07-30 at 11.50.26 AM\" srcset=\"https:\/\/altingenieria.mx\/wp-content\/uploads\/2024\/08\/WhatsApp-Image-2024-07-30-at-11.50.26-AM-150x150.jpeg 150w, https:\/\/altingenieria.mx\/wp-content\/uploads\/2024\/08\/WhatsApp-Image-2024-07-30-at-11.50.26-AM-600x600.jpeg 600w, https:\/\/altingenieria.mx\/wp-content\/uploads\/2024\/08\/WhatsApp-Image-2024-07-30-at-11.50.26-AM-350x350.jpeg 350w\" sizes=\"auto, (max-width: 150px) 100vw, 150px\" \/><\/a><\/li><li class=\"isotope-item\"><a class=\"\" href=\"https:\/\/altingenieria.mx\/wp-content\/uploads\/2024\/08\/WhatsApp-Image-2024-07-30-at-12.04.03-PM-771x1024.jpeg\" data-lightbox=\"lightbox[rel-10105-1414750791]\"><img loading=\"lazy\" decoding=\"async\" width=\"150\" height=\"150\" src=\"https:\/\/altingenieria.mx\/wp-content\/uploads\/2024\/08\/WhatsApp-Image-2024-07-30-at-12.04.03-PM-150x150.jpeg\" class=\"attachment-thumbnail\" alt=\"\" title=\"WhatsApp Image 2024-07-30 at 12.04.03 PM\" srcset=\"https:\/\/altingenieria.mx\/wp-content\/uploads\/2024\/08\/WhatsApp-Image-2024-07-30-at-12.04.03-PM-150x150.jpeg 150w, https:\/\/altingenieria.mx\/wp-content\/uploads\/2024\/08\/WhatsApp-Image-2024-07-30-at-12.04.03-PM-600x600.jpeg 600w, https:\/\/altingenieria.mx\/wp-content\/uploads\/2024\/08\/WhatsApp-Image-2024-07-30-at-12.04.03-PM-350x350.jpeg 350w\" sizes=\"auto, (max-width: 150px) 100vw, 150px\" \/><\/a><\/li><li class=\"isotope-item\"><a class=\"\" href=\"https:\/\/altingenieria.mx\/wp-content\/uploads\/2024\/08\/WhatsApp-Image-2024-07-30-at-11.59.48-AM-2-771x1024.jpeg\" data-lightbox=\"lightbox[rel-10105-1414750791]\"><img loading=\"lazy\" decoding=\"async\" width=\"150\" height=\"150\" src=\"https:\/\/altingenieria.mx\/wp-content\/uploads\/2024\/08\/WhatsApp-Image-2024-07-30-at-11.59.48-AM-2-150x150.jpeg\" class=\"attachment-thumbnail\" alt=\"\" title=\"WhatsApp Image 2024-07-30 at 11.59.48 AM (2)\" srcset=\"https:\/\/altingenieria.mx\/wp-content\/uploads\/2024\/08\/WhatsApp-Image-2024-07-30-at-11.59.48-AM-2-150x150.jpeg 150w, https:\/\/altingenieria.mx\/wp-content\/uploads\/2024\/08\/WhatsApp-Image-2024-07-30-at-11.59.48-AM-2-600x600.jpeg 600w, https:\/\/altingenieria.mx\/wp-content\/uploads\/2024\/08\/WhatsApp-Image-2024-07-30-at-11.59.48-AM-2-350x350.jpeg 350w\" sizes=\"auto, (max-width: 150px) 100vw, 150px\" \/><\/a><\/li><\/ul><\/div><\/div><\/div>\n\t\t\t<\/div> \n\t<\/div> \n<\/div><\/div><\/div><div id=\"fws_69e3143f66338\" class=\"vc_row wpb_row vc_row-fluid  animate_onoffset row-dynamic-el standard_section     \" style=\"\" ><div  style=\"position: absolute;top: 0;\"><\/div><div class=\"container  dark\"><div class=\"section_clear\">\n\t<div class=\"vc_col-sm-12 wpb_column column_container \" style=\"\" data-animation=\"none\" data-delay=\"\">\n\t\t\t<div class=\"wpb_wrapper\">\n\t\t\t\t\n\t<div class=\"wpb_text_column wpb_content_element  vc_custom_1722444366193\">\n\t\t<div class=\"wpb_wrapper\" >\n\t\t\t\n\t\t<\/div> \n\t<\/div> \n\t\t\t<\/div> \n\t<\/div> \n<\/div><\/div><\/div>\n<\/div>","protected":false},"excerpt":{"rendered":"DESCRIPCI\u00d3N BREVE DEL PROYECTO Estaci\u00f3n autom\u00e1tica off-line de pruebas el\u00e9ctricas. Desarrollado en LabVIEW. Integra fuentes de alimentaci\u00f3n programable, multimetros digitales y escaneres de c\u00f3digos QR. FECHA Agosto 2023 CLIENTE GENTHERM El dise\u00f1o integral de cada estaci\u00f3n se llev\u00f3 a cabo por un equipo de ingenieros multidisciplinar y consisti\u00f3 en el dise\u00f1o mec\u00e1nico del bastidor, el [...]","protected":false},"author":2,"featured_media":0,"parent":0,"menu_order":42,"comment_status":"open","ping_status":"closed","template":"","meta":{"_joinchat":[],"footnotes":""},"class_list":["post-10105","page","type-page","status-publish","hentry"],"yoast_head":"<!-- This site is optimized with the Yoast SEO plugin v27.4 - https:\/\/yoast.com\/product\/yoast-seo-wordpress\/ -->\n<title>Bancos de test funcional para pruebas el\u00e9ctricas Blowers<\/title>\n<meta name=\"description\" content=\"Banco de test funcional para pruebas el\u00e9ctricas en blowers con estaci\u00f3n autom\u00e1tica off-line, LabVIEW, medici\u00f3n de voltaje y corriente y trazabilidad iTAC.\" \/>\n<meta name=\"robots\" content=\"index, follow, max-snippet:-1, max-image-preview:large, max-video-preview:-1\" \/>\n<link rel=\"canonical\" href=\"https:\/\/altingenieria.mx\/en\/23012-2\/\" \/>\n<meta property=\"og:locale\" content=\"en_US\" \/>\n<meta property=\"og:type\" content=\"article\" \/>\n<meta property=\"og:title\" content=\"Bancos de test funcional para pruebas el\u00e9ctricas Blowers\" \/>\n<meta property=\"og:description\" content=\"Banco de test funcional para pruebas el\u00e9ctricas en blowers con estaci\u00f3n autom\u00e1tica off-line, LabVIEW, medici\u00f3n de voltaje y corriente y trazabilidad iTAC.\" \/>\n<meta property=\"og:url\" content=\"https:\/\/altingenieria.mx\/en\/23012-2\/\" \/>\n<meta property=\"og:site_name\" content=\"ALT Ingenier\u00eda\" \/>\n<meta property=\"article:modified_time\" content=\"2026-02-05T22:42:10+00:00\" \/>\n<meta property=\"og:image\" content=\"https:\/\/altingenieria.mx\/wp-content\/uploads\/2025\/12\/logo-alt-azul.png\" \/>\n\t<meta property=\"og:image:width\" content=\"367\" \/>\n\t<meta property=\"og:image:height\" content=\"284\" \/>\n\t<meta property=\"og:image:type\" content=\"image\/png\" \/>\n<meta name=\"twitter:card\" content=\"summary_large_image\" \/>\n<meta name=\"twitter:label1\" content=\"Est. reading time\" \/>\n\t<meta name=\"twitter:data1\" content=\"3 minutes\" \/>\n<script type=\"application\/ld+json\" class=\"yoast-schema-graph\">{\"@context\":\"https:\\\/\\\/schema.org\",\"@graph\":[{\"@type\":\"WebPage\",\"@id\":\"https:\\\/\\\/altingenieria.mx\\\/23012-2\\\/\",\"url\":\"https:\\\/\\\/altingenieria.mx\\\/23012-2\\\/\",\"name\":\"Bancos de test funcional para pruebas el\u00e9ctricas Blowers\",\"isPartOf\":{\"@id\":\"https:\\\/\\\/altingenieria.mx\\\/#website\"},\"datePublished\":\"2024-07-25T22:31:08+00:00\",\"dateModified\":\"2026-02-05T22:42:10+00:00\",\"description\":\"Banco de test funcional para pruebas el\u00e9ctricas en blowers con estaci\u00f3n autom\u00e1tica off-line, LabVIEW, medici\u00f3n de voltaje y corriente y trazabilidad iTAC.\",\"breadcrumb\":{\"@id\":\"https:\\\/\\\/altingenieria.mx\\\/23012-2\\\/#breadcrumb\"},\"inLanguage\":\"en-US\",\"potentialAction\":[{\"@type\":\"ReadAction\",\"target\":[\"https:\\\/\\\/altingenieria.mx\\\/23012-2\\\/\"]}]},{\"@type\":\"BreadcrumbList\",\"@id\":\"https:\\\/\\\/altingenieria.mx\\\/23012-2\\\/#breadcrumb\",\"itemListElement\":[{\"@type\":\"ListItem\",\"position\":1,\"name\":\"Home\",\"item\":\"https:\\\/\\\/altingenieria.mx\\\/\"},{\"@type\":\"ListItem\",\"position\":2,\"name\":\"Bancos de test funcional para pruebas el\u00e9ctricas Blowers\"}]},{\"@type\":\"WebSite\",\"@id\":\"https:\\\/\\\/altingenieria.mx\\\/#website\",\"url\":\"https:\\\/\\\/altingenieria.mx\\\/\",\"name\":\"ALT Ingenier\u00eda\",\"description\":\"Ingenier\u00eda a la medida\",\"publisher\":{\"@id\":\"https:\\\/\\\/altingenieria.mx\\\/#organization\"},\"potentialAction\":[{\"@type\":\"SearchAction\",\"target\":{\"@type\":\"EntryPoint\",\"urlTemplate\":\"https:\\\/\\\/altingenieria.mx\\\/?s={search_term_string}\"},\"query-input\":{\"@type\":\"PropertyValueSpecification\",\"valueRequired\":true,\"valueName\":\"search_term_string\"}}],\"inLanguage\":\"en-US\"},{\"@type\":\"Organization\",\"@id\":\"https:\\\/\\\/altingenieria.mx\\\/#organization\",\"name\":\"ALT Ingenier\u00eda\",\"url\":\"https:\\\/\\\/altingenieria.mx\\\/\",\"logo\":{\"@type\":\"ImageObject\",\"inLanguage\":\"en-US\",\"@id\":\"https:\\\/\\\/altingenieria.mx\\\/#\\\/schema\\\/logo\\\/image\\\/\",\"url\":\"https:\\\/\\\/altingenieria.mx\\\/wp-content\\\/uploads\\\/2025\\\/12\\\/logo-alt-azul.png\",\"contentUrl\":\"https:\\\/\\\/altingenieria.mx\\\/wp-content\\\/uploads\\\/2025\\\/12\\\/logo-alt-azul.png\",\"width\":367,\"height\":284,\"caption\":\"ALT Ingenier\u00eda\"},\"image\":{\"@id\":\"https:\\\/\\\/altingenieria.mx\\\/#\\\/schema\\\/logo\\\/image\\\/\"},\"sameAs\":[\"https:\\\/\\\/www.linkedin.com\\\/company\\\/altingenieria\\\/\"]}]}<\/script>\n<!-- \/ Yoast SEO plugin. -->","yoast_head_json":{"title":"Functional test benches for electrical testing of blowers","description":"Banco de test funcional para pruebas el\u00e9ctricas en blowers con estaci\u00f3n autom\u00e1tica off-line, LabVIEW, medici\u00f3n de voltaje y corriente y trazabilidad iTAC.","robots":{"index":"index","follow":"follow","max-snippet":"max-snippet:-1","max-image-preview":"max-image-preview:large","max-video-preview":"max-video-preview:-1"},"canonical":"https:\/\/altingenieria.mx\/en\/23012-2\/","og_locale":"en_US","og_type":"article","og_title":"Bancos de test funcional para pruebas el\u00e9ctricas Blowers","og_description":"Banco de test funcional para pruebas el\u00e9ctricas en blowers con estaci\u00f3n autom\u00e1tica off-line, LabVIEW, medici\u00f3n de voltaje y corriente y trazabilidad iTAC.","og_url":"https:\/\/altingenieria.mx\/en\/23012-2\/","og_site_name":"ALT Ingenier\u00eda","article_modified_time":"2026-02-05T22:42:10+00:00","og_image":[{"width":367,"height":284,"url":"https:\/\/altingenieria.mx\/wp-content\/uploads\/2025\/12\/logo-alt-azul.png","type":"image\/png"}],"twitter_card":"summary_large_image","twitter_misc":{"Est. reading time":"3 minutes"},"schema":{"@context":"https:\/\/schema.org","@graph":[{"@type":"WebPage","@id":"https:\/\/altingenieria.mx\/23012-2\/","url":"https:\/\/altingenieria.mx\/23012-2\/","name":"Functional test benches for electrical testing of blowers","isPartOf":{"@id":"https:\/\/altingenieria.mx\/#website"},"datePublished":"2024-07-25T22:31:08+00:00","dateModified":"2026-02-05T22:42:10+00:00","description":"Banco de test funcional para pruebas el\u00e9ctricas en blowers con estaci\u00f3n autom\u00e1tica off-line, LabVIEW, medici\u00f3n de voltaje y corriente y trazabilidad iTAC.","breadcrumb":{"@id":"https:\/\/altingenieria.mx\/23012-2\/#breadcrumb"},"inLanguage":"en-US","potentialAction":[{"@type":"ReadAction","target":["https:\/\/altingenieria.mx\/23012-2\/"]}]},{"@type":"BreadcrumbList","@id":"https:\/\/altingenieria.mx\/23012-2\/#breadcrumb","itemListElement":[{"@type":"ListItem","position":1,"name":"Home","item":"https:\/\/altingenieria.mx\/"},{"@type":"ListItem","position":2,"name":"Bancos de test funcional para pruebas el\u00e9ctricas Blowers"}]},{"@type":"WebSite","@id":"https:\/\/altingenieria.mx\/#website","url":"https:\/\/altingenieria.mx\/","name":"ALT Ingenier\u00eda","description":"Custom Engineering","publisher":{"@id":"https:\/\/altingenieria.mx\/#organization"},"potentialAction":[{"@type":"SearchAction","target":{"@type":"EntryPoint","urlTemplate":"https:\/\/altingenieria.mx\/?s={search_term_string}"},"query-input":{"@type":"PropertyValueSpecification","valueRequired":true,"valueName":"search_term_string"}}],"inLanguage":"en-US"},{"@type":"Organization","@id":"https:\/\/altingenieria.mx\/#organization","name":"ALT Ingenier\u00eda","url":"https:\/\/altingenieria.mx\/","logo":{"@type":"ImageObject","inLanguage":"en-US","@id":"https:\/\/altingenieria.mx\/#\/schema\/logo\/image\/","url":"https:\/\/altingenieria.mx\/wp-content\/uploads\/2025\/12\/logo-alt-azul.png","contentUrl":"https:\/\/altingenieria.mx\/wp-content\/uploads\/2025\/12\/logo-alt-azul.png","width":367,"height":284,"caption":"ALT Ingenier\u00eda"},"image":{"@id":"https:\/\/altingenieria.mx\/#\/schema\/logo\/image\/"},"sameAs":["https:\/\/www.linkedin.com\/company\/altingenieria\/"]}]}},"_links":{"self":[{"href":"https:\/\/altingenieria.mx\/en\/wp-json\/wp\/v2\/pages\/10105","targetHints":{"allow":["GET"]}}],"collection":[{"href":"https:\/\/altingenieria.mx\/en\/wp-json\/wp\/v2\/pages"}],"about":[{"href":"https:\/\/altingenieria.mx\/en\/wp-json\/wp\/v2\/types\/page"}],"author":[{"embeddable":true,"href":"https:\/\/altingenieria.mx\/en\/wp-json\/wp\/v2\/users\/2"}],"replies":[{"embeddable":true,"href":"https:\/\/altingenieria.mx\/en\/wp-json\/wp\/v2\/comments?post=10105"}],"version-history":[{"count":15,"href":"https:\/\/altingenieria.mx\/en\/wp-json\/wp\/v2\/pages\/10105\/revisions"}],"predecessor-version":[{"id":10797,"href":"https:\/\/altingenieria.mx\/en\/wp-json\/wp\/v2\/pages\/10105\/revisions\/10797"}],"wp:attachment":[{"href":"https:\/\/altingenieria.mx\/en\/wp-json\/wp\/v2\/media?parent=10105"}],"curies":[{"name":"wp","href":"https:\/\/api.w.org\/{rel}","templated":true}]}}