{"id":10208,"date":"2024-08-06T10:55:23","date_gmt":"2024-08-06T15:55:23","guid":{"rendered":"https:\/\/altingenieria.mx\/?page_id=10208"},"modified":"2026-03-03T15:20:06","modified_gmt":"2026-03-03T21:20:06","slug":"23068-2","status":"publish","type":"page","link":"https:\/\/altingenieria.mx\/en\/23068-2\/","title":{"rendered":"Functional test benches for FCT electrical testing"},"content":{"rendered":"<div class=\"wpb-content-wrapper\"><div id=\"fws_69f46bb45b362\" class=\"vc_row wpb_row vc_row-fluid  animate_onoffset row-dynamic-el section-style     \" style=\"padding-bottom: 20px ; \" ><div  style=\"position: absolute;top: 0;\"><\/div><div class=\"container  dark\"><div class=\"section_clear\">\n\t<div class=\"vc_col-sm-12 wpb_column column_container \" style=\"\" data-animation=\"none\" data-delay=\"\">\n\t\t\t<div class=\"wpb_wrapper\">\n\t\t\t\t<div class=\"vc_row wpb_row vc_inner vc_row-fluid vc_row-o-equal-height vc_row-flex\"><div class=\"wpb_column vc_column_container vc_col-sm-8\"><div class=\"vc_column-inner\"><div class=\"wpb_wrapper\"><div class=\"wpb_content_element media_align_left media media_el animate_onoffset \"><div class=\"media_wrapper\" ><img decoding=\"async\" src=\"https:\/\/altingenieria.mx\/wp-content\/uploads\/2024\/08\/WhatsApp-Image-2024-07-16-at-11.13.05-AM-scaled.jpeg\" alt=\"Alt Text\" class=\"type_image animated fadeInLeft alignment_left\" \/><\/div><\/div><\/div><\/div><\/div><div class=\"wpb_column vc_column_container vc_col-sm-4\"><div class=\"vc_column-inner\"><div class=\"wpb_wrapper\">\n\t<div class=\"wpb_text_column wpb_content_element \">\n\t\t<div class=\"wpb_wrapper\" >\n\t\t\t<p><strong>DESCRIPCI\u00d3N BREVE DEL PROYECTO<\/strong><\/p>\n<p style=\"text-align: justify;\">Estaci\u00f3n off-line de pruebas el\u00e9ctricas para tarjetas electr\u00f3nicas Gyro Module and Safety Module. Desarrollado en LabVIEW. Integra una fuente de alimentaci\u00f3n programable, dispositivos de adquisici\u00f3n de se\u00f1ales.<\/p>\n<p><strong><span style=\"font-size: 10pt;\">FECHA<br \/>\n<\/span><\/strong>Julio 2024<\/p>\n<p><strong><span style=\"font-size: 10pt;\">CLIENTE<br \/>\n<\/span><\/strong>ELRAD<\/p>\n\n\t\t<\/div> \n\t<\/div> <\/div><\/div><\/div><\/div>\n\t\t\t<\/div> \n\t<\/div> \n<\/div><\/div><\/div><div id=\"fws_69f46bb45c74f\" class=\"vc_row wpb_row vc_row-fluid  animate_onoffset row-dynamic-el standard_section     \" style=\"\" ><div  style=\"position: absolute;top: 0;\"><\/div><div class=\"container  dark\"><div class=\"section_clear\">\n\t<div class=\"vc_col-sm-6 wpb_column column_container vc_custom_1565293715049  vc_custom_1565293715049\" style=\"\" data-animation=\"none\" data-delay=\"\">\n\t\t\t<div class=\"wpb_wrapper\">\n\t\t\t\t\n\t<div class=\"wpb_text_column wpb_content_element  vc_custom_1722898534231\">\n\t\t<div class=\"wpb_wrapper\" >\n\t\t\t<div id=\"fws_5d498bca583a9\" class=\"vc_row wpb_row vc_row-fluid animate_onoffset row-dynamic-el standard_section \">\n<div class=\"container custom\">\n<div class=\"section_clear\">\n<div class=\"vc_col-sm-12 wpb_column column_container vc_custom_1565016720366 vc_custom_1565016720366\" data-animation=\"none\" data-delay=\"\">\n<div class=\"wpb_wrapper\">\n<div class=\"wpb_text_column wpb_content_element vc_custom_1565016773862\">\n<div class=\"wpb_wrapper\">\n<p style=\"text-align: justify;\"><span style=\"font-size: 14px;\">El dise\u00f1o integral de la estaci\u00f3n se llev\u00f3 a cabo por un equipo de ingenieros multidisciplinar y consisti\u00f3 en el dise\u00f1o mec\u00e1nico del bastidor, el desarrollo de software en LabVIEW, el dise\u00f1o de cada fixture, el dise\u00f1o el\u00e9ctrico de todo el conjunto, y todo el montaje.<\/span><\/p>\n<\/div>\n<\/div>\n<p style=\"text-align: justify;\"><span style=\"font-size: 14px;\">Los equipos est\u00e1n desarrollado para comprobar mediciones de voltaje y corriente seg\u00fan se active la fuente de voltaje y se genere unas se\u00f1ales simulando el comportamiento de un motor. Una vez realizado el test, los datos de las mediciones son almacenados en un datalog.<\/span><\/p>\n<div class=\"wpb_text_column wpb_content_element vc_custom_1565016773862\">\n<div class=\"wpb_wrapper\">\n<p style=\"text-align: justify;\"><span style=\"font-size: 14px;\">Se integraron diferentes equipos como fuente programable BK PRECISION, equipo multifunci\u00f3n de adquisici\u00f3n de se\u00f1ales NI-DAQ.<\/span><\/p>\n<p>&nbsp;<\/p>\n<\/div>\n<\/div>\n<\/div>\n<\/div>\n<\/div>\n<\/div>\n<\/div>\n\n\t\t<\/div> \n\t<\/div> \n\t\t\t<\/div> \n\t<\/div> \n\n\t<div class=\"vc_col-sm-6 wpb_column column_container vc_custom_1565293722523  vc_custom_1565293722523\" style=\"\" data-animation=\"none\" data-delay=\"\">\n\t\t\t<div class=\"wpb_wrapper\">\n\t\t\t\t<div class=\"vc_row wpb_row vc_inner vc_row-fluid vc_custom_1565115942659 vc_row-has-fill vc_row-o-content-top vc_row-flex\"><div class=\"wpb_column vc_column_container vc_col-sm-12 vc_col-has-fill\"><div class=\"vc_column-inner vc_custom_1565115950018\"><div class=\"wpb_wrapper\"><div class=\"vc_custom_heading vc_custom_1565286234531 wpb_content_element\" ><h2 style=\"font-size: 18px;text-align: left\" >Necesidad<\/h2><\/div>\n\t<div class=\"wpb_text_column wpb_content_element  vc_custom_1722898466647\">\n\t\t<div class=\"wpb_wrapper\" >\n\t\t\t<p style=\"font-size: 13px; text-align: justify;\"><span style=\"font-size: 13px; color: #000000;\">Comprobar mediciones de voltaje y corriente de la tarjeta electr\u00f3nica de Gyro Module y Safety Module para un motor.<\/span><\/p>\n\n\t\t<\/div> \n\t<\/div> <div class=\"vc_custom_heading vc_custom_1565115994054 wpb_content_element\" ><h2 style=\"font-size: 18px;text-align: left\" >Soluci\u00f3n<\/h2><\/div>\n\t<div class=\"wpb_text_column wpb_content_element  vc_custom_1722898509949\">\n\t\t<div class=\"wpb_wrapper\" >\n\t\t\t<p style=\"font-size: 13px; text-align: justify;\"><span style=\"font-size: 13px; color: #000000;\">Desarrollar un banco off-line de sobremesa de carga manual.<\/span><\/p>\n\n\t\t<\/div> \n\t<\/div> <\/div><\/div><\/div><\/div>\n\t\t\t<\/div> \n\t<\/div> \n<\/div><\/div><\/div><div id=\"fws_69f46bb45d670\" class=\"vc_row wpb_row vc_row-fluid  animate_onoffset row-dynamic-el standard_section     \" style=\"padding-top: 0px ; \" ><div  style=\"position: absolute;top: 0;\"><\/div><div class=\"container  dark\"><div class=\"section_clear\">\n\t<div class=\"vc_col-sm-12 vc_hidden-lg vc_hidden-md vc_hidden-sm wpb_column column_container vc_custom_1564160319122  vc_custom_1564160319122\" style=\"\" data-animation=\"none\" data-delay=\"\">\n\t\t\t<div class=\"wpb_wrapper\">\n\t\t\t\t<div class=\"vc_row wpb_row vc_inner vc_row-fluid vc_custom_1564160809902 vc_row-o-equal-height vc_row-flex\"><div class=\"wpb_column vc_column_container vc_col-sm-6 vc_col-xs-6\"><div class=\"vc_column-inner vc_custom_1564160851706\"><div class=\"wpb_wrapper\"><div class=\"wpb_content_element media_align_left media media_el animate_onoffset \"><div class=\"media_wrapper\" ><img decoding=\"async\" src=\"https:\/\/altingenieria.mx\/wp-content\/uploads\/2024\/08\/WhatsApp-Image-2024-07-16-at-11.16.42-AM.jpeg\" alt=\"Alt Text\" class=\"type_image animated fadeInLeft alignment_left\" \/><\/div><\/div><\/div><\/div><\/div><div class=\"wpb_column vc_column_container vc_col-sm-6 vc_col-xs-6\"><div class=\"vc_column-inner vc_custom_1564159493891\"><div class=\"wpb_wrapper\"><div class=\"wpb_content_element media_align_left media media_el animate_onoffset \"><div class=\"media_wrapper\" ><img decoding=\"async\" src=\"https:\/\/altingenieria.mx\/wp-content\/uploads\/2024\/08\/WhatsApp-Image-2024-07-16-at-11.16.41-AM.jpeg\" alt=\"Alt Text\" class=\"type_image animated fadeInLeft alignment_left\" \/><\/div><\/div><\/div><\/div><\/div><\/div><div class=\"vc_row wpb_row vc_inner vc_row-fluid vc_custom_1564160791844 vc_row-o-equal-height vc_row-flex\"><div class=\"wpb_column vc_column_container vc_col-sm-4 vc_col-xs-4 vc_col-has-fill\"><div class=\"vc_column-inner vc_custom_1564159076811\"><div class=\"wpb_wrapper\"><div class=\"wpb_content_element media_align_left media media_el animate_onoffset \"><div class=\"media_wrapper\" ><img decoding=\"async\" src=\"https:\/\/altingenieria.mx\/wp-content\/uploads\/2024\/08\/WhatsApp-Image-2024-07-16-at-11.16.38-AM.jpeg\" alt=\"Alt Text\" class=\"type_image animated fadeInLeft alignment_left\" \/><\/div><\/div><\/div><\/div><\/div><div class=\"wpb_column vc_column_container vc_col-sm-4 vc_col-xs-4\"><div class=\"vc_column-inner vc_custom_1564159085573\"><div class=\"wpb_wrapper\"><div class=\"wpb_content_element media_align_left media media_el animate_onoffset \"><div class=\"media_wrapper\" ><img decoding=\"async\" src=\"https:\/\/altingenieria.mx\/wp-content\/uploads\/2024\/08\/WhatsApp-Image-2024-07-19-at-2.52.45-PM-1.jpeg\" alt=\"Alt Text\" class=\"type_image animated fadeInLeft alignment_left\" \/><\/div><\/div><\/div><\/div><\/div><div class=\"wpb_column vc_column_container vc_col-sm-4 vc_col-xs-4\"><div class=\"vc_column-inner vc_custom_1564159093830\"><div class=\"wpb_wrapper\"><div class=\"wpb_content_element media_align_left media media_el animate_onoffset \"><div class=\"media_wrapper\" ><img decoding=\"async\" src=\"https:\/\/altingenieria.mx\/wp-content\/uploads\/2024\/08\/WhatsApp-Image-2024-07-16-at-11.16.35-AM.jpeg\" alt=\"Alt Text\" class=\"type_image animated fadeInLeft alignment_left\" \/><\/div><\/div><\/div><\/div><\/div><\/div>\n\t\t\t<\/div> \n\t<\/div> \n<\/div><\/div><\/div><div id=\"fws_69f46bb45f646\" class=\"vc_row wpb_row vc_row-fluid  animate_onoffset row-dynamic-el standard_section     \" style=\"\" ><div  style=\"position: absolute;top: 0;\"><\/div><div class=\"container  dark\"><div class=\"section_clear\">\n\t<div class=\"vc_col-sm-12 vc_hidden-xs wpb_column column_container vc_custom_1565293742202  vc_custom_1565293742202\" style=\"\" data-animation=\"none\" data-delay=\"\">\n\t\t\t<div class=\"wpb_wrapper\">\n\t\t\t\t<div class=\"wpb_gallery wpb_content_element vc_clearfix vc_custom_1722884610939 wpb_content_element\" ><div class=\"wpb_wrapper\"><div class=\"wpb_gallery_slides wpb_image_grid\" data-interval=\"3\"><ul class=\"wpb_image_grid_ul\"><li class=\"isotope-item\"><a class=\"\" href=\"https:\/\/altingenieria.mx\/wp-content\/uploads\/2024\/08\/WhatsApp-Image-2024-07-16-at-11.16.42-AM-1024x1024.jpeg\" data-lightbox=\"lightbox[rel-10208-3084156921]\"><img loading=\"lazy\" decoding=\"async\" width=\"150\" height=\"150\" src=\"https:\/\/altingenieria.mx\/wp-content\/uploads\/2024\/08\/WhatsApp-Image-2024-07-16-at-11.16.42-AM-150x150.jpeg\" class=\"attachment-thumbnail\" alt=\"\" title=\"WhatsApp Image 2024-07-16 at 11.16.42 AM\" srcset=\"https:\/\/altingenieria.mx\/wp-content\/uploads\/2024\/08\/WhatsApp-Image-2024-07-16-at-11.16.42-AM-150x150.jpeg 150w, https:\/\/altingenieria.mx\/wp-content\/uploads\/2024\/08\/WhatsApp-Image-2024-07-16-at-11.16.42-AM-300x300.jpeg 300w, https:\/\/altingenieria.mx\/wp-content\/uploads\/2024\/08\/WhatsApp-Image-2024-07-16-at-11.16.42-AM-1024x1024.jpeg 1024w, https:\/\/altingenieria.mx\/wp-content\/uploads\/2024\/08\/WhatsApp-Image-2024-07-16-at-11.16.42-AM-768x768.jpeg 768w, https:\/\/altingenieria.mx\/wp-content\/uploads\/2024\/08\/WhatsApp-Image-2024-07-16-at-11.16.42-AM-12x12.jpeg 12w, https:\/\/altingenieria.mx\/wp-content\/uploads\/2024\/08\/WhatsApp-Image-2024-07-16-at-11.16.42-AM-600x600.jpeg 600w, https:\/\/altingenieria.mx\/wp-content\/uploads\/2024\/08\/WhatsApp-Image-2024-07-16-at-11.16.42-AM-350x350.jpeg 350w, https:\/\/altingenieria.mx\/wp-content\/uploads\/2024\/08\/WhatsApp-Image-2024-07-16-at-11.16.42-AM.jpeg 1512w\" sizes=\"auto, (max-width: 150px) 100vw, 150px\" \/><\/a><\/li><li class=\"isotope-item\"><a class=\"\" href=\"https:\/\/altingenieria.mx\/wp-content\/uploads\/2024\/08\/WhatsApp-Image-2024-07-16-at-11.16.41-AM-1024x1024.jpeg\" data-lightbox=\"lightbox[rel-10208-3084156921]\"><img loading=\"lazy\" decoding=\"async\" width=\"150\" height=\"150\" src=\"https:\/\/altingenieria.mx\/wp-content\/uploads\/2024\/08\/WhatsApp-Image-2024-07-16-at-11.16.41-AM-150x150.jpeg\" class=\"attachment-thumbnail\" alt=\"\" title=\"WhatsApp Image 2024-07-16 at 11.16.41 AM\" srcset=\"https:\/\/altingenieria.mx\/wp-content\/uploads\/2024\/08\/WhatsApp-Image-2024-07-16-at-11.16.41-AM-150x150.jpeg 150w, https:\/\/altingenieria.mx\/wp-content\/uploads\/2024\/08\/WhatsApp-Image-2024-07-16-at-11.16.41-AM-300x300.jpeg 300w, https:\/\/altingenieria.mx\/wp-content\/uploads\/2024\/08\/WhatsApp-Image-2024-07-16-at-11.16.41-AM-1024x1024.jpeg 1024w, https:\/\/altingenieria.mx\/wp-content\/uploads\/2024\/08\/WhatsApp-Image-2024-07-16-at-11.16.41-AM-768x768.jpeg 768w, https:\/\/altingenieria.mx\/wp-content\/uploads\/2024\/08\/WhatsApp-Image-2024-07-16-at-11.16.41-AM-12x12.jpeg 12w, https:\/\/altingenieria.mx\/wp-content\/uploads\/2024\/08\/WhatsApp-Image-2024-07-16-at-11.16.41-AM-600x600.jpeg 600w, https:\/\/altingenieria.mx\/wp-content\/uploads\/2024\/08\/WhatsApp-Image-2024-07-16-at-11.16.41-AM-350x350.jpeg 350w, https:\/\/altingenieria.mx\/wp-content\/uploads\/2024\/08\/WhatsApp-Image-2024-07-16-at-11.16.41-AM.jpeg 1512w\" sizes=\"auto, (max-width: 150px) 100vw, 150px\" \/><\/a><\/li><li class=\"isotope-item\"><a class=\"\" href=\"https:\/\/altingenieria.mx\/wp-content\/uploads\/2024\/08\/WhatsApp-Image-2024-07-16-at-11.16.38-AM-1024x1024.jpeg\" data-lightbox=\"lightbox[rel-10208-3084156921]\"><img loading=\"lazy\" decoding=\"async\" width=\"150\" height=\"150\" src=\"https:\/\/altingenieria.mx\/wp-content\/uploads\/2024\/08\/WhatsApp-Image-2024-07-16-at-11.16.38-AM-150x150.jpeg\" class=\"attachment-thumbnail\" alt=\"\" title=\"WhatsApp Image 2024-07-16 at 11.16.38 AM\" srcset=\"https:\/\/altingenieria.mx\/wp-content\/uploads\/2024\/08\/WhatsApp-Image-2024-07-16-at-11.16.38-AM-150x150.jpeg 150w, https:\/\/altingenieria.mx\/wp-content\/uploads\/2024\/08\/WhatsApp-Image-2024-07-16-at-11.16.38-AM-300x300.jpeg 300w, https:\/\/altingenieria.mx\/wp-content\/uploads\/2024\/08\/WhatsApp-Image-2024-07-16-at-11.16.38-AM-1024x1024.jpeg 1024w, https:\/\/altingenieria.mx\/wp-content\/uploads\/2024\/08\/WhatsApp-Image-2024-07-16-at-11.16.38-AM-768x768.jpeg 768w, https:\/\/altingenieria.mx\/wp-content\/uploads\/2024\/08\/WhatsApp-Image-2024-07-16-at-11.16.38-AM-12x12.jpeg 12w, https:\/\/altingenieria.mx\/wp-content\/uploads\/2024\/08\/WhatsApp-Image-2024-07-16-at-11.16.38-AM-600x600.jpeg 600w, https:\/\/altingenieria.mx\/wp-content\/uploads\/2024\/08\/WhatsApp-Image-2024-07-16-at-11.16.38-AM-350x350.jpeg 350w, https:\/\/altingenieria.mx\/wp-content\/uploads\/2024\/08\/WhatsApp-Image-2024-07-16-at-11.16.38-AM.jpeg 1512w\" sizes=\"auto, (max-width: 150px) 100vw, 150px\" \/><\/a><\/li><li class=\"isotope-item\"><a class=\"\" href=\"https:\/\/altingenieria.mx\/wp-content\/uploads\/2024\/08\/1722873796494-1024x768.jpg\" data-lightbox=\"lightbox[rel-10208-3084156921]\"><img loading=\"lazy\" decoding=\"async\" width=\"150\" height=\"150\" src=\"https:\/\/altingenieria.mx\/wp-content\/uploads\/2024\/08\/1722873796494-150x150.jpg\" class=\"attachment-thumbnail\" alt=\"\" title=\"1722873796494\" srcset=\"https:\/\/altingenieria.mx\/wp-content\/uploads\/2024\/08\/1722873796494-150x150.jpg 150w, https:\/\/altingenieria.mx\/wp-content\/uploads\/2024\/08\/1722873796494-600x600.jpg 600w, https:\/\/altingenieria.mx\/wp-content\/uploads\/2024\/08\/1722873796494-350x350.jpg 350w\" sizes=\"auto, (max-width: 150px) 100vw, 150px\" \/><\/a><\/li><li class=\"isotope-item\"><a class=\"\" href=\"https:\/\/altingenieria.mx\/wp-content\/uploads\/2024\/08\/1722873796660-768x1024.jpg\" data-lightbox=\"lightbox[rel-10208-3084156921]\"><img loading=\"lazy\" decoding=\"async\" width=\"150\" height=\"150\" src=\"https:\/\/altingenieria.mx\/wp-content\/uploads\/2024\/08\/1722873796660-150x150.jpg\" class=\"attachment-thumbnail\" alt=\"\" title=\"1722873796660\" srcset=\"https:\/\/altingenieria.mx\/wp-content\/uploads\/2024\/08\/1722873796660-150x150.jpg 150w, https:\/\/altingenieria.mx\/wp-content\/uploads\/2024\/08\/1722873796660-600x600.jpg 600w, https:\/\/altingenieria.mx\/wp-content\/uploads\/2024\/08\/1722873796660-350x350.jpg 350w\" sizes=\"auto, (max-width: 150px) 100vw, 150px\" \/><\/a><\/li><li class=\"isotope-item\"><a class=\"\" href=\"https:\/\/altingenieria.mx\/wp-content\/uploads\/2024\/08\/1722873796666-768x1024.jpg\" data-lightbox=\"lightbox[rel-10208-3084156921]\"><img loading=\"lazy\" decoding=\"async\" width=\"150\" height=\"150\" src=\"https:\/\/altingenieria.mx\/wp-content\/uploads\/2024\/08\/1722873796666-150x150.jpg\" class=\"attachment-thumbnail\" alt=\"\" title=\"1722873796666\" srcset=\"https:\/\/altingenieria.mx\/wp-content\/uploads\/2024\/08\/1722873796666-150x150.jpg 150w, https:\/\/altingenieria.mx\/wp-content\/uploads\/2024\/08\/1722873796666-600x600.jpg 600w, https:\/\/altingenieria.mx\/wp-content\/uploads\/2024\/08\/1722873796666-350x350.jpg 350w\" sizes=\"auto, (max-width: 150px) 100vw, 150px\" \/><\/a><\/li><li class=\"isotope-item\"><a class=\"\" href=\"https:\/\/altingenieria.mx\/wp-content\/uploads\/2024\/08\/1722873796675-768x1024.jpg\" data-lightbox=\"lightbox[rel-10208-3084156921]\"><img loading=\"lazy\" decoding=\"async\" width=\"150\" height=\"150\" src=\"https:\/\/altingenieria.mx\/wp-content\/uploads\/2024\/08\/1722873796675-150x150.jpg\" class=\"attachment-thumbnail\" alt=\"\" title=\"1722873796675\" srcset=\"https:\/\/altingenieria.mx\/wp-content\/uploads\/2024\/08\/1722873796675-150x150.jpg 150w, https:\/\/altingenieria.mx\/wp-content\/uploads\/2024\/08\/1722873796675-600x600.jpg 600w, https:\/\/altingenieria.mx\/wp-content\/uploads\/2024\/08\/1722873796675-350x350.jpg 350w\" sizes=\"auto, (max-width: 150px) 100vw, 150px\" \/><\/a><\/li><\/ul><\/div><\/div><\/div>\n\t\t\t<\/div> \n\t<\/div> \n<\/div><\/div><\/div><div id=\"fws_69f46bb461326\" class=\"vc_row wpb_row vc_row-fluid  animate_onoffset row-dynamic-el standard_section     \" style=\"\" ><div  style=\"position: absolute;top: 0;\"><\/div><div class=\"container  dark\"><div class=\"section_clear\">\n\t<div class=\"vc_col-sm-12 wpb_column column_container \" style=\"\" data-animation=\"none\" data-delay=\"\">\n\t\t\t<div class=\"wpb_wrapper\">\n\t\t\t\t\n\t<div class=\"wpb_text_column wpb_content_element  vc_custom_1722444366193\">\n\t\t<div class=\"wpb_wrapper\" >\n\t\t\t\n\t\t<\/div> \n\t<\/div> \n\t\t\t<\/div> \n\t<\/div> \n<\/div><\/div><\/div>\n<\/div>","protected":false},"excerpt":{"rendered":"DESCRIPCI\u00d3N BREVE DEL PROYECTO Estaci\u00f3n off-line de pruebas el\u00e9ctricas para tarjetas electr\u00f3nicas Gyro Module and Safety Module. Desarrollado en LabVIEW. Integra una fuente de alimentaci\u00f3n programable, dispositivos de adquisici\u00f3n de se\u00f1ales. FECHA Julio 2024 CLIENTE ELRAD El dise\u00f1o integral de la estaci\u00f3n se llev\u00f3 a cabo por un equipo de ingenieros multidisciplinar y consisti\u00f3 en [...]","protected":false},"author":2,"featured_media":0,"parent":0,"menu_order":42,"comment_status":"open","ping_status":"closed","template":"","meta":{"_joinchat":[],"footnotes":""},"class_list":["post-10208","page","type-page","status-publish","hentry"],"yoast_head":"<!-- This site is optimized with the Yoast SEO plugin v27.5 - https:\/\/yoast.com\/product\/yoast-seo-wordpress\/ -->\n<title>Bancos de test funcional para pruebas el\u00e9ctricas FCT - ALT Ingenier\u00eda<\/title>\n<meta name=\"description\" content=\"Bancos de test funcional para pruebas el\u00e9ctricas FCT. Estaci\u00f3n off-line en LabVIEW con fuente programable y NI-DAQ para Gyro y Safety Module.\" \/>\n<meta name=\"robots\" content=\"index, follow, max-snippet:-1, max-image-preview:large, max-video-preview:-1\" \/>\n<link rel=\"canonical\" href=\"https:\/\/altingenieria.mx\/en\/23068-2\/\" \/>\n<meta property=\"og:locale\" content=\"en_US\" \/>\n<meta property=\"og:type\" content=\"article\" \/>\n<meta property=\"og:title\" content=\"Bancos de test funcional para pruebas el\u00e9ctricas FCT - ALT Ingenier\u00eda\" \/>\n<meta property=\"og:description\" content=\"Bancos de test funcional para pruebas el\u00e9ctricas FCT. Estaci\u00f3n off-line en LabVIEW con fuente programable y NI-DAQ para Gyro y Safety Module.\" \/>\n<meta property=\"og:url\" content=\"https:\/\/altingenieria.mx\/en\/23068-2\/\" \/>\n<meta property=\"og:site_name\" content=\"ALT Ingenier\u00eda\" \/>\n<meta property=\"article:modified_time\" content=\"2026-03-03T21:20:06+00:00\" \/>\n<meta property=\"og:image\" content=\"https:\/\/altingenieria.mx\/wp-content\/uploads\/2025\/12\/logo-alt-azul.png\" \/>\n\t<meta property=\"og:image:width\" content=\"367\" \/>\n\t<meta property=\"og:image:height\" content=\"284\" \/>\n\t<meta property=\"og:image:type\" content=\"image\/png\" \/>\n<meta name=\"twitter:card\" content=\"summary_large_image\" \/>\n<meta name=\"twitter:label1\" content=\"Est. reading time\" \/>\n\t<meta name=\"twitter:data1\" content=\"2 minutes\" \/>\n<script type=\"application\/ld+json\" class=\"yoast-schema-graph\">{\"@context\":\"https:\\\/\\\/schema.org\",\"@graph\":[{\"@type\":\"WebPage\",\"@id\":\"https:\\\/\\\/altingenieria.mx\\\/23068-2\\\/\",\"url\":\"https:\\\/\\\/altingenieria.mx\\\/23068-2\\\/\",\"name\":\"Bancos de test funcional para pruebas el\u00e9ctricas FCT - ALT Ingenier\u00eda\",\"isPartOf\":{\"@id\":\"https:\\\/\\\/altingenieria.mx\\\/#website\"},\"datePublished\":\"2024-08-06T15:55:23+00:00\",\"dateModified\":\"2026-03-03T21:20:06+00:00\",\"description\":\"Bancos de test funcional para pruebas el\u00e9ctricas FCT. Estaci\u00f3n off-line en LabVIEW con fuente programable y NI-DAQ para Gyro y Safety Module.\",\"breadcrumb\":{\"@id\":\"https:\\\/\\\/altingenieria.mx\\\/23068-2\\\/#breadcrumb\"},\"inLanguage\":\"en-US\",\"potentialAction\":[{\"@type\":\"ReadAction\",\"target\":[\"https:\\\/\\\/altingenieria.mx\\\/23068-2\\\/\"]}]},{\"@type\":\"BreadcrumbList\",\"@id\":\"https:\\\/\\\/altingenieria.mx\\\/23068-2\\\/#breadcrumb\",\"itemListElement\":[{\"@type\":\"ListItem\",\"position\":1,\"name\":\"Home\",\"item\":\"https:\\\/\\\/altingenieria.mx\\\/\"},{\"@type\":\"ListItem\",\"position\":2,\"name\":\"Bancos de test funcional para pruebas el\u00e9ctricas FCT\"}]},{\"@type\":\"WebSite\",\"@id\":\"https:\\\/\\\/altingenieria.mx\\\/#website\",\"url\":\"https:\\\/\\\/altingenieria.mx\\\/\",\"name\":\"ALT Ingenier\u00eda\",\"description\":\"Ingenier\u00eda a la medida\",\"publisher\":{\"@id\":\"https:\\\/\\\/altingenieria.mx\\\/#organization\"},\"potentialAction\":[{\"@type\":\"SearchAction\",\"target\":{\"@type\":\"EntryPoint\",\"urlTemplate\":\"https:\\\/\\\/altingenieria.mx\\\/?s={search_term_string}\"},\"query-input\":{\"@type\":\"PropertyValueSpecification\",\"valueRequired\":true,\"valueName\":\"search_term_string\"}}],\"inLanguage\":\"en-US\"},{\"@type\":\"Organization\",\"@id\":\"https:\\\/\\\/altingenieria.mx\\\/#organization\",\"name\":\"ALT Ingenier\u00eda\",\"url\":\"https:\\\/\\\/altingenieria.mx\\\/\",\"logo\":{\"@type\":\"ImageObject\",\"inLanguage\":\"en-US\",\"@id\":\"https:\\\/\\\/altingenieria.mx\\\/#\\\/schema\\\/logo\\\/image\\\/\",\"url\":\"https:\\\/\\\/altingenieria.mx\\\/wp-content\\\/uploads\\\/2025\\\/12\\\/logo-alt-azul.png\",\"contentUrl\":\"https:\\\/\\\/altingenieria.mx\\\/wp-content\\\/uploads\\\/2025\\\/12\\\/logo-alt-azul.png\",\"width\":367,\"height\":284,\"caption\":\"ALT Ingenier\u00eda\"},\"image\":{\"@id\":\"https:\\\/\\\/altingenieria.mx\\\/#\\\/schema\\\/logo\\\/image\\\/\"},\"sameAs\":[\"https:\\\/\\\/www.linkedin.com\\\/company\\\/altingenieria\\\/\"]}]}<\/script>\n<!-- \/ Yoast SEO plugin. -->","yoast_head_json":{"title":"Bancos de test funcional para pruebas el\u00e9ctricas FCT - ALT Ingenier\u00eda","description":"Bancos de test funcional para pruebas el\u00e9ctricas FCT. Estaci\u00f3n off-line en LabVIEW con fuente programable y NI-DAQ para Gyro y Safety Module.","robots":{"index":"index","follow":"follow","max-snippet":"max-snippet:-1","max-image-preview":"max-image-preview:large","max-video-preview":"max-video-preview:-1"},"canonical":"https:\/\/altingenieria.mx\/en\/23068-2\/","og_locale":"en_US","og_type":"article","og_title":"Bancos de test funcional para pruebas el\u00e9ctricas FCT - ALT Ingenier\u00eda","og_description":"Bancos de test funcional para pruebas el\u00e9ctricas FCT. Estaci\u00f3n off-line en LabVIEW con fuente programable y NI-DAQ para Gyro y Safety Module.","og_url":"https:\/\/altingenieria.mx\/en\/23068-2\/","og_site_name":"ALT Ingenier\u00eda","article_modified_time":"2026-03-03T21:20:06+00:00","og_image":[{"width":367,"height":284,"url":"https:\/\/altingenieria.mx\/wp-content\/uploads\/2025\/12\/logo-alt-azul.png","type":"image\/png"}],"twitter_card":"summary_large_image","twitter_misc":{"Est. reading time":"2 minutes"},"schema":{"@context":"https:\/\/schema.org","@graph":[{"@type":"WebPage","@id":"https:\/\/altingenieria.mx\/23068-2\/","url":"https:\/\/altingenieria.mx\/23068-2\/","name":"Bancos de test funcional para pruebas el\u00e9ctricas FCT - ALT Ingenier\u00eda","isPartOf":{"@id":"https:\/\/altingenieria.mx\/#website"},"datePublished":"2024-08-06T15:55:23+00:00","dateModified":"2026-03-03T21:20:06+00:00","description":"Bancos de test funcional para pruebas el\u00e9ctricas FCT. Estaci\u00f3n off-line en LabVIEW con fuente programable y NI-DAQ para Gyro y Safety Module.","breadcrumb":{"@id":"https:\/\/altingenieria.mx\/23068-2\/#breadcrumb"},"inLanguage":"en-US","potentialAction":[{"@type":"ReadAction","target":["https:\/\/altingenieria.mx\/23068-2\/"]}]},{"@type":"BreadcrumbList","@id":"https:\/\/altingenieria.mx\/23068-2\/#breadcrumb","itemListElement":[{"@type":"ListItem","position":1,"name":"Home","item":"https:\/\/altingenieria.mx\/"},{"@type":"ListItem","position":2,"name":"Bancos de test funcional para pruebas el\u00e9ctricas FCT"}]},{"@type":"WebSite","@id":"https:\/\/altingenieria.mx\/#website","url":"https:\/\/altingenieria.mx\/","name":"ALT Ingenier\u00eda","description":"Custom Engineering","publisher":{"@id":"https:\/\/altingenieria.mx\/#organization"},"potentialAction":[{"@type":"SearchAction","target":{"@type":"EntryPoint","urlTemplate":"https:\/\/altingenieria.mx\/?s={search_term_string}"},"query-input":{"@type":"PropertyValueSpecification","valueRequired":true,"valueName":"search_term_string"}}],"inLanguage":"en-US"},{"@type":"Organization","@id":"https:\/\/altingenieria.mx\/#organization","name":"ALT Ingenier\u00eda","url":"https:\/\/altingenieria.mx\/","logo":{"@type":"ImageObject","inLanguage":"en-US","@id":"https:\/\/altingenieria.mx\/#\/schema\/logo\/image\/","url":"https:\/\/altingenieria.mx\/wp-content\/uploads\/2025\/12\/logo-alt-azul.png","contentUrl":"https:\/\/altingenieria.mx\/wp-content\/uploads\/2025\/12\/logo-alt-azul.png","width":367,"height":284,"caption":"ALT Ingenier\u00eda"},"image":{"@id":"https:\/\/altingenieria.mx\/#\/schema\/logo\/image\/"},"sameAs":["https:\/\/www.linkedin.com\/company\/altingenieria\/"]}]}},"_links":{"self":[{"href":"https:\/\/altingenieria.mx\/en\/wp-json\/wp\/v2\/pages\/10208","targetHints":{"allow":["GET"]}}],"collection":[{"href":"https:\/\/altingenieria.mx\/en\/wp-json\/wp\/v2\/pages"}],"about":[{"href":"https:\/\/altingenieria.mx\/en\/wp-json\/wp\/v2\/types\/page"}],"author":[{"embeddable":true,"href":"https:\/\/altingenieria.mx\/en\/wp-json\/wp\/v2\/users\/2"}],"replies":[{"embeddable":true,"href":"https:\/\/altingenieria.mx\/en\/wp-json\/wp\/v2\/comments?post=10208"}],"version-history":[{"count":6,"href":"https:\/\/altingenieria.mx\/en\/wp-json\/wp\/v2\/pages\/10208\/revisions"}],"predecessor-version":[{"id":11478,"href":"https:\/\/altingenieria.mx\/en\/wp-json\/wp\/v2\/pages\/10208\/revisions\/11478"}],"wp:attachment":[{"href":"https:\/\/altingenieria.mx\/en\/wp-json\/wp\/v2\/media?parent=10208"}],"curies":[{"name":"wp","href":"https:\/\/api.w.org\/{rel}","templated":true}]}}