{"id":10354,"date":"2024-08-06T13:35:36","date_gmt":"2024-08-06T18:35:36","guid":{"rendered":"https:\/\/altingenieria.mx\/?page_id=10354"},"modified":"2026-03-03T15:28:30","modified_gmt":"2026-03-03T21:28:30","slug":"22028-2","status":"publish","type":"page","link":"https:\/\/altingenieria.mx\/en\/22028-2\/","title":{"rendered":"Paper Roll Inspection for KIMBERLY"},"content":{"rendered":"<div class=\"wpb-content-wrapper\"><div id=\"fws_6a03a2eeb5be5\" class=\"vc_row wpb_row vc_row-fluid  animate_onoffset row-dynamic-el section-style     \" style=\"padding-bottom: 15px ; \" ><div  style=\"position: absolute;top: 0;\"><\/div><div class=\"container  dark\"><div class=\"section_clear\">\n\t<div class=\"vc_col-sm-12 wpb_column column_container \" style=\"\" data-animation=\"none\" data-delay=\"\">\n\t\t\t<div class=\"wpb_wrapper\">\n\t\t\t\t<div class=\"vc_row wpb_row vc_inner vc_row-fluid vc_row-o-equal-height vc_row-flex\"><div class=\"wpb_column vc_column_container vc_col-sm-8\"><div class=\"vc_column-inner\"><div class=\"wpb_wrapper\"><div class=\"wpb_content_element services_media style_2\"><video autoplay controls> <source src=\"https:\/\/altingenieria.mx\/wp-content\/uploads\/2024\/08\/paper_roll_monitoring_video01v01.mp4\"  type=\"video\/mp4\"><\/video><\/div><\/div><\/div><\/div><div class=\"wpb_column vc_column_container vc_col-sm-4\"><div class=\"vc_column-inner\"><div class=\"wpb_wrapper\">\n\t<div class=\"wpb_text_column wpb_content_element \">\n\t\t<div class=\"wpb_wrapper\" >\n\t\t\t<p><strong>DESCRIPCI\u00d3N BREVE DEL PROYECTO<\/strong><\/p>\n<p style=\"text-align: justify;\">Sistema autom\u00e1tico para la monitorizaci\u00f3n de proceso de manufactura de rollos de papel.<\/p>\n<p><strong><span style=\"font-size: 10pt;\">FECHA<br \/>\n<\/span><\/strong>Diciembre 2023<\/p>\n<p><strong><span style=\"font-size: 10pt;\">CLIENTE<br \/>\n<\/span><\/strong>DITEK<\/p>\n\n\t\t<\/div> \n\t<\/div> <\/div><\/div><\/div><\/div>\n\t\t\t<\/div> \n\t<\/div> \n<\/div><\/div><\/div><div id=\"fws_6a03a2eeb6d41\" class=\"vc_row wpb_row vc_row-fluid  animate_onoffset row-dynamic-el standard_section     \" style=\"\" ><div  style=\"position: absolute;top: 0;\"><\/div><div class=\"container  dark\"><div class=\"section_clear\">\n\t<div class=\"vc_col-sm-6 wpb_column column_container vc_custom_1565625832177  vc_custom_1565625832177\" style=\"\" data-animation=\"none\" data-delay=\"\">\n\t\t\t<div class=\"wpb_wrapper\">\n\t\t\t\t\n\t<div class=\"wpb_text_column wpb_content_element  vc_custom_1722971157197\">\n\t\t<div class=\"wpb_wrapper\" >\n\t\t\t<div id=\"fws_5d498bca583a9\" class=\"vc_row wpb_row vc_row-fluid animate_onoffset row-dynamic-el standard_section \">\n<div class=\"container custom\">\n<div class=\"section_clear\">\n<div class=\"vc_col-sm-12 wpb_column column_container vc_custom_1565016720366 vc_custom_1565016720366\" data-animation=\"none\" data-delay=\"\">\n<div class=\"wpb_wrapper\">\n<div class=\"wpb_text_column wpb_content_element vc_custom_1565016773862\">\n<div class=\"wpb_wrapper\">\n<p style=\"text-align: justify;\"><span style=\"font-size: 14px;\">El programa despliega la imagen principal de la c\u00e1mara y una imagen secundaria donde se visualiza la detecci\u00f3n del rollo. Tambi\u00e9n ofrece una gr\u00e1fica de las temperaturas a lo largo de todo el rollo y una tabla con datos num\u00e9ricos de temperaturas m\u00e1ximas, m\u00ednimas y promedio de cada zona del rollo.<\/span><\/p>\n<p><span style=\"font-size: 14px;\">La c\u00e1mara utilizada fue una A70 de TELEDYNE FLIR.<\/span><\/p>\n<p>&nbsp;<\/p>\n<\/div>\n<\/div>\n<\/div>\n<\/div>\n<\/div>\n<\/div>\n<\/div>\n\n\t\t<\/div> \n\t<\/div> \n\t\t\t<\/div> \n\t<\/div> \n\n\t<div class=\"vc_col-sm-6 wpb_column column_container vc_custom_1565625731350  vc_custom_1565625731350\" style=\"\" data-animation=\"none\" data-delay=\"\">\n\t\t\t<div class=\"wpb_wrapper\">\n\t\t\t\t<div class=\"vc_row wpb_row vc_inner vc_row-fluid vc_custom_1565115942659 vc_row-has-fill vc_row-o-content-top vc_row-flex\"><div class=\"wpb_column vc_column_container vc_col-sm-12 vc_col-has-fill\"><div class=\"vc_column-inner vc_custom_1565115950018\"><div class=\"wpb_wrapper\"><div class=\"vc_custom_heading vc_custom_1565625726890 wpb_content_element\" ><h2 style=\"font-size: 18px;text-align: left\" >Necesidad<\/h2><\/div>\n\t<div class=\"wpb_text_column wpb_content_element  vc_custom_1722970947069\">\n\t\t<div class=\"wpb_wrapper\" >\n\t\t\t<p style=\"text-align: justify;\"><span style=\"font-size: 13px; color: #000000;\">Monitorizar temperatura en secciones del proceso de manufactura de rollos de papel.<\/span><\/p>\n\n\t\t<\/div> \n\t<\/div> <div class=\"vc_custom_heading vc_custom_1565115994054 wpb_content_element\" ><h2 style=\"font-size: 18px;text-align: left\" >Soluci\u00f3n<\/h2><\/div>\n\t<div class=\"wpb_text_column wpb_content_element  vc_custom_1722971091420\">\n\t\t<div class=\"wpb_wrapper\" >\n\t\t\t<p style=\"font-size: 13px; text-align: justify;\"><span style=\"font-size: 13px; color: #000000;\">Desarrollar un software de monitorizaci\u00f3n termogr\u00e1fico e integrar el hardware necesario a una m\u00e1quina existente sin interferir en su funcionalidad, logrando mediciones sin contacto, en tiempo real y precisas.<\/span><\/p>\n\n\t\t<\/div> \n\t<\/div> <\/div><\/div><\/div><\/div>\n\t\t\t<\/div> \n\t<\/div> \n<\/div><\/div><\/div><div id=\"fws_6a03a2eeb7ddc\" class=\"vc_row wpb_row vc_row-fluid  animate_onoffset row-dynamic-el standard_section     \" style=\"\" ><div  style=\"position: absolute;top: 0;\"><\/div><div class=\"container  dark\"><div class=\"section_clear\">\n\t<div class=\"vc_col-sm-12 wpb_column column_container vc_custom_1565295743699  vc_custom_1565295743699\" style=\"\" data-animation=\"none\" data-delay=\"\">\n\t\t\t<div class=\"wpb_wrapper\">\n\t\t\t\t<div class=\"wpb_gallery wpb_content_element vc_clearfix wpb_content_element\" ><div class=\"wpb_wrapper\"><div class=\"wpb_gallery_slides wpb_image_grid\" data-interval=\"3\"><ul class=\"wpb_image_grid_ul\"><li class=\"isotope-item\"><a class=\"\" href=\"https:\/\/altingenieria.mx\/wp-content\/uploads\/2024\/08\/Captura-de-pantalla-2024-08-06-125820-1024x526.png\" data-lightbox=\"lightbox[rel-10354-1398313773]\"><img loading=\"lazy\" decoding=\"async\" width=\"150\" height=\"150\" src=\"https:\/\/altingenieria.mx\/wp-content\/uploads\/2024\/08\/Captura-de-pantalla-2024-08-06-125820-150x150.png\" class=\"attachment-thumbnail\" alt=\"\" title=\"Captura de pantalla 2024-08-06 125820\" srcset=\"https:\/\/altingenieria.mx\/wp-content\/uploads\/2024\/08\/Captura-de-pantalla-2024-08-06-125820-150x150.png 150w, https:\/\/altingenieria.mx\/wp-content\/uploads\/2024\/08\/Captura-de-pantalla-2024-08-06-125820-600x600.png 600w, https:\/\/altingenieria.mx\/wp-content\/uploads\/2024\/08\/Captura-de-pantalla-2024-08-06-125820-350x350.png 350w\" sizes=\"auto, (max-width: 150px) 100vw, 150px\" \/><\/a><\/li><li class=\"isotope-item\"><a class=\"\" href=\"https:\/\/altingenieria.mx\/wp-content\/uploads\/2024\/08\/106518411_1566656383515813_5927697700272695384_n-1024x768.jpg\" data-lightbox=\"lightbox[rel-10354-1398313773]\"><img loading=\"lazy\" decoding=\"async\" width=\"150\" height=\"150\" src=\"https:\/\/altingenieria.mx\/wp-content\/uploads\/2024\/08\/106518411_1566656383515813_5927697700272695384_n-150x150.jpg\" class=\"attachment-thumbnail\" alt=\"\" title=\"106518411_1566656383515813_5927697700272695384_n\" srcset=\"https:\/\/altingenieria.mx\/wp-content\/uploads\/2024\/08\/106518411_1566656383515813_5927697700272695384_n-150x150.jpg 150w, https:\/\/altingenieria.mx\/wp-content\/uploads\/2024\/08\/106518411_1566656383515813_5927697700272695384_n-600x600.jpg 600w, https:\/\/altingenieria.mx\/wp-content\/uploads\/2024\/08\/106518411_1566656383515813_5927697700272695384_n-350x350.jpg 350w\" sizes=\"auto, (max-width: 150px) 100vw, 150px\" \/><\/a><\/li><li class=\"isotope-item\"><a class=\"\" href=\"https:\/\/altingenieria.mx\/wp-content\/uploads\/2024\/08\/snapshot1.jpg\" data-lightbox=\"lightbox[rel-10354-1398313773]\"><img loading=\"lazy\" decoding=\"async\" width=\"150\" height=\"150\" src=\"https:\/\/altingenieria.mx\/wp-content\/uploads\/2024\/08\/snapshot1-150x150.jpg\" class=\"attachment-thumbnail\" alt=\"\" title=\"snapshot1\" srcset=\"https:\/\/altingenieria.mx\/wp-content\/uploads\/2024\/08\/snapshot1-150x150.jpg 150w, https:\/\/altingenieria.mx\/wp-content\/uploads\/2024\/08\/snapshot1-350x350.jpg 350w\" sizes=\"auto, (max-width: 150px) 100vw, 150px\" \/><\/a><\/li><li class=\"isotope-item\"><a class=\"\" href=\"https:\/\/altingenieria.mx\/wp-content\/uploads\/2024\/08\/snapshot6.jpg\" data-lightbox=\"lightbox[rel-10354-1398313773]\"><img loading=\"lazy\" decoding=\"async\" width=\"150\" height=\"150\" src=\"https:\/\/altingenieria.mx\/wp-content\/uploads\/2024\/08\/snapshot6-150x150.jpg\" class=\"attachment-thumbnail\" alt=\"\" title=\"snapshot6\" srcset=\"https:\/\/altingenieria.mx\/wp-content\/uploads\/2024\/08\/snapshot6-150x150.jpg 150w, https:\/\/altingenieria.mx\/wp-content\/uploads\/2024\/08\/snapshot6-350x350.jpg 350w\" sizes=\"auto, (max-width: 150px) 100vw, 150px\" \/><\/a><\/li><\/ul><\/div><\/div><\/div>\n\t\t\t<\/div> \n\t<\/div> \n<\/div><\/div><\/div>\n<\/div>","protected":false},"excerpt":{"rendered":"DESCRIPCI\u00d3N BREVE DEL PROYECTO Sistema autom\u00e1tico para la monitorizaci\u00f3n de proceso de manufactura de rollos de papel. FECHA Diciembre 2023 CLIENTE DITEK El programa despliega la imagen principal de la c\u00e1mara y una imagen secundaria donde se visualiza la detecci\u00f3n del rollo. Tambi\u00e9n ofrece una gr\u00e1fica de las temperaturas a lo largo de todo el [...]","protected":false},"author":2,"featured_media":0,"parent":0,"menu_order":42,"comment_status":"open","ping_status":"closed","template":"","meta":{"_joinchat":[],"footnotes":""},"class_list":["post-10354","page","type-page","status-publish","hentry"],"yoast_head":"<!-- This site is optimized with the Yoast SEO plugin v27.6 - https:\/\/yoast.com\/product\/yoast-seo-wordpress\/ -->\n<title>Inspecci\u00f3n rollo papel para KIMBERLY - ALT Ingenier\u00eda<\/title>\n<meta name=\"description\" content=\"Inspecci\u00f3n rollo papel para KIMBERLY con sistema autom\u00e1tico de monitorizaci\u00f3n termogr\u00e1fica en tiempo real, c\u00e1mara t\u00e9rmica A70 y an\u00e1lisis de temperaturas.\" \/>\n<meta name=\"robots\" content=\"index, follow, max-snippet:-1, max-image-preview:large, max-video-preview:-1\" \/>\n<link rel=\"canonical\" href=\"https:\/\/altingenieria.mx\/en\/22028-2\/\" \/>\n<meta property=\"og:locale\" content=\"en_US\" \/>\n<meta property=\"og:type\" content=\"article\" \/>\n<meta property=\"og:title\" content=\"Inspecci\u00f3n rollo papel para KIMBERLY - ALT Ingenier\u00eda\" \/>\n<meta property=\"og:description\" content=\"Inspecci\u00f3n rollo papel para KIMBERLY con sistema autom\u00e1tico de monitorizaci\u00f3n termogr\u00e1fica en tiempo real, c\u00e1mara t\u00e9rmica A70 y an\u00e1lisis de temperaturas.\" \/>\n<meta property=\"og:url\" content=\"https:\/\/altingenieria.mx\/en\/22028-2\/\" \/>\n<meta property=\"og:site_name\" content=\"ALT Ingenier\u00eda\" \/>\n<meta property=\"article:modified_time\" content=\"2026-03-03T21:28:30+00:00\" \/>\n<meta property=\"og:image\" content=\"https:\/\/altingenieria.mx\/wp-content\/uploads\/2025\/12\/logo-alt-azul.png\" \/>\n\t<meta property=\"og:image:width\" content=\"367\" \/>\n\t<meta property=\"og:image:height\" content=\"284\" \/>\n\t<meta property=\"og:image:type\" content=\"image\/png\" \/>\n<meta name=\"twitter:card\" content=\"summary_large_image\" \/>\n<meta name=\"twitter:label1\" content=\"Est. reading time\" \/>\n\t<meta name=\"twitter:data1\" content=\"2 minutes\" \/>\n<script type=\"application\/ld+json\" class=\"yoast-schema-graph\">{\"@context\":\"https:\\\/\\\/schema.org\",\"@graph\":[{\"@type\":\"WebPage\",\"@id\":\"https:\\\/\\\/altingenieria.mx\\\/22028-2\\\/\",\"url\":\"https:\\\/\\\/altingenieria.mx\\\/22028-2\\\/\",\"name\":\"Inspecci\u00f3n rollo papel para KIMBERLY - ALT Ingenier\u00eda\",\"isPartOf\":{\"@id\":\"https:\\\/\\\/altingenieria.mx\\\/#website\"},\"datePublished\":\"2024-08-06T18:35:36+00:00\",\"dateModified\":\"2026-03-03T21:28:30+00:00\",\"description\":\"Inspecci\u00f3n rollo papel para KIMBERLY con sistema autom\u00e1tico de monitorizaci\u00f3n termogr\u00e1fica en tiempo real, c\u00e1mara t\u00e9rmica A70 y an\u00e1lisis de temperaturas.\",\"breadcrumb\":{\"@id\":\"https:\\\/\\\/altingenieria.mx\\\/22028-2\\\/#breadcrumb\"},\"inLanguage\":\"en-US\",\"potentialAction\":[{\"@type\":\"ReadAction\",\"target\":[\"https:\\\/\\\/altingenieria.mx\\\/22028-2\\\/\"]}]},{\"@type\":\"BreadcrumbList\",\"@id\":\"https:\\\/\\\/altingenieria.mx\\\/22028-2\\\/#breadcrumb\",\"itemListElement\":[{\"@type\":\"ListItem\",\"position\":1,\"name\":\"Home\",\"item\":\"https:\\\/\\\/altingenieria.mx\\\/\"},{\"@type\":\"ListItem\",\"position\":2,\"name\":\"Inspecci\u00f3n rollo papel para KIMBERLY\"}]},{\"@type\":\"WebSite\",\"@id\":\"https:\\\/\\\/altingenieria.mx\\\/#website\",\"url\":\"https:\\\/\\\/altingenieria.mx\\\/\",\"name\":\"ALT Ingenier\u00eda\",\"description\":\"Ingenier\u00eda a la medida\",\"publisher\":{\"@id\":\"https:\\\/\\\/altingenieria.mx\\\/#organization\"},\"potentialAction\":[{\"@type\":\"SearchAction\",\"target\":{\"@type\":\"EntryPoint\",\"urlTemplate\":\"https:\\\/\\\/altingenieria.mx\\\/?s={search_term_string}\"},\"query-input\":{\"@type\":\"PropertyValueSpecification\",\"valueRequired\":true,\"valueName\":\"search_term_string\"}}],\"inLanguage\":\"en-US\"},{\"@type\":\"Organization\",\"@id\":\"https:\\\/\\\/altingenieria.mx\\\/#organization\",\"name\":\"ALT Ingenier\u00eda\",\"url\":\"https:\\\/\\\/altingenieria.mx\\\/\",\"logo\":{\"@type\":\"ImageObject\",\"inLanguage\":\"en-US\",\"@id\":\"https:\\\/\\\/altingenieria.mx\\\/#\\\/schema\\\/logo\\\/image\\\/\",\"url\":\"https:\\\/\\\/altingenieria.mx\\\/wp-content\\\/uploads\\\/2025\\\/12\\\/logo-alt-azul.png\",\"contentUrl\":\"https:\\\/\\\/altingenieria.mx\\\/wp-content\\\/uploads\\\/2025\\\/12\\\/logo-alt-azul.png\",\"width\":367,\"height\":284,\"caption\":\"ALT Ingenier\u00eda\"},\"image\":{\"@id\":\"https:\\\/\\\/altingenieria.mx\\\/#\\\/schema\\\/logo\\\/image\\\/\"},\"sameAs\":[\"https:\\\/\\\/www.linkedin.com\\\/company\\\/altingenieria\\\/\"]}]}<\/script>\n<!-- \/ Yoast SEO plugin. -->","yoast_head_json":{"title":"Inspecci\u00f3n rollo papel para KIMBERLY - ALT Ingenier\u00eda","description":"Inspecci\u00f3n rollo papel para KIMBERLY con sistema autom\u00e1tico de monitorizaci\u00f3n termogr\u00e1fica en tiempo real, c\u00e1mara t\u00e9rmica A70 y an\u00e1lisis de temperaturas.","robots":{"index":"index","follow":"follow","max-snippet":"max-snippet:-1","max-image-preview":"max-image-preview:large","max-video-preview":"max-video-preview:-1"},"canonical":"https:\/\/altingenieria.mx\/en\/22028-2\/","og_locale":"en_US","og_type":"article","og_title":"Inspecci\u00f3n rollo papel para KIMBERLY - ALT Ingenier\u00eda","og_description":"Inspecci\u00f3n rollo papel para KIMBERLY con sistema autom\u00e1tico de monitorizaci\u00f3n termogr\u00e1fica en tiempo real, c\u00e1mara t\u00e9rmica A70 y an\u00e1lisis de temperaturas.","og_url":"https:\/\/altingenieria.mx\/en\/22028-2\/","og_site_name":"ALT Ingenier\u00eda","article_modified_time":"2026-03-03T21:28:30+00:00","og_image":[{"width":367,"height":284,"url":"https:\/\/altingenieria.mx\/wp-content\/uploads\/2025\/12\/logo-alt-azul.png","type":"image\/png"}],"twitter_card":"summary_large_image","twitter_misc":{"Est. reading time":"2 minutes"},"schema":{"@context":"https:\/\/schema.org","@graph":[{"@type":"WebPage","@id":"https:\/\/altingenieria.mx\/22028-2\/","url":"https:\/\/altingenieria.mx\/22028-2\/","name":"Inspecci\u00f3n rollo papel para KIMBERLY - ALT Ingenier\u00eda","isPartOf":{"@id":"https:\/\/altingenieria.mx\/#website"},"datePublished":"2024-08-06T18:35:36+00:00","dateModified":"2026-03-03T21:28:30+00:00","description":"Inspecci\u00f3n rollo papel para KIMBERLY con sistema autom\u00e1tico de monitorizaci\u00f3n termogr\u00e1fica en tiempo real, c\u00e1mara t\u00e9rmica A70 y an\u00e1lisis de temperaturas.","breadcrumb":{"@id":"https:\/\/altingenieria.mx\/22028-2\/#breadcrumb"},"inLanguage":"en-US","potentialAction":[{"@type":"ReadAction","target":["https:\/\/altingenieria.mx\/22028-2\/"]}]},{"@type":"BreadcrumbList","@id":"https:\/\/altingenieria.mx\/22028-2\/#breadcrumb","itemListElement":[{"@type":"ListItem","position":1,"name":"Home","item":"https:\/\/altingenieria.mx\/"},{"@type":"ListItem","position":2,"name":"Inspecci\u00f3n rollo papel para KIMBERLY"}]},{"@type":"WebSite","@id":"https:\/\/altingenieria.mx\/#website","url":"https:\/\/altingenieria.mx\/","name":"ALT Ingenier\u00eda","description":"Custom Engineering","publisher":{"@id":"https:\/\/altingenieria.mx\/#organization"},"potentialAction":[{"@type":"SearchAction","target":{"@type":"EntryPoint","urlTemplate":"https:\/\/altingenieria.mx\/?s={search_term_string}"},"query-input":{"@type":"PropertyValueSpecification","valueRequired":true,"valueName":"search_term_string"}}],"inLanguage":"en-US"},{"@type":"Organization","@id":"https:\/\/altingenieria.mx\/#organization","name":"ALT Ingenier\u00eda","url":"https:\/\/altingenieria.mx\/","logo":{"@type":"ImageObject","inLanguage":"en-US","@id":"https:\/\/altingenieria.mx\/#\/schema\/logo\/image\/","url":"https:\/\/altingenieria.mx\/wp-content\/uploads\/2025\/12\/logo-alt-azul.png","contentUrl":"https:\/\/altingenieria.mx\/wp-content\/uploads\/2025\/12\/logo-alt-azul.png","width":367,"height":284,"caption":"ALT Ingenier\u00eda"},"image":{"@id":"https:\/\/altingenieria.mx\/#\/schema\/logo\/image\/"},"sameAs":["https:\/\/www.linkedin.com\/company\/altingenieria\/"]}]}},"_links":{"self":[{"href":"https:\/\/altingenieria.mx\/en\/wp-json\/wp\/v2\/pages\/10354","targetHints":{"allow":["GET"]}}],"collection":[{"href":"https:\/\/altingenieria.mx\/en\/wp-json\/wp\/v2\/pages"}],"about":[{"href":"https:\/\/altingenieria.mx\/en\/wp-json\/wp\/v2\/types\/page"}],"author":[{"embeddable":true,"href":"https:\/\/altingenieria.mx\/en\/wp-json\/wp\/v2\/users\/2"}],"replies":[{"embeddable":true,"href":"https:\/\/altingenieria.mx\/en\/wp-json\/wp\/v2\/comments?post=10354"}],"version-history":[{"count":8,"href":"https:\/\/altingenieria.mx\/en\/wp-json\/wp\/v2\/pages\/10354\/revisions"}],"predecessor-version":[{"id":11489,"href":"https:\/\/altingenieria.mx\/en\/wp-json\/wp\/v2\/pages\/10354\/revisions\/11489"}],"wp:attachment":[{"href":"https:\/\/altingenieria.mx\/en\/wp-json\/wp\/v2\/media?parent=10354"}],"curies":[{"name":"wp","href":"https:\/\/api.w.org\/{rel}","templated":true}]}}