{"id":5403,"date":"2019-06-11T19:33:48","date_gmt":"2019-06-11T19:33:48","guid":{"rendered":"http:\/\/altingenieria.com.mx\/?page_id=5403"},"modified":"2026-03-17T10:43:43","modified_gmt":"2026-03-17T16:43:43","slug":"productos","status":"publish","type":"page","link":"https:\/\/altingenieria.mx\/en\/productos\/","title":{"rendered":"Products"},"content":{"rendered":"<div class=\"wpb-content-wrapper\"><div id=\"fws_69e2fccb74be2\" class=\"vc_row wpb_row vc_row-fluid  animate_onoffset row-dynamic-el standard_section\" style=\"padding-bottom: 30px ; \" ><div  style=\"position: absolute;top: 0;\"><\/div><div class=\"container  dark\"><div class=\"section_clear\">\n\t<div class=\"vc_col-sm-12 wpb_column column_container\" style=\"\" data-animation=\"none\" data-delay=\"\">\n\t\t\t<div class=\"wpb_wrapper\">\n\t\t\t\t\n\t<div class=\"wpb_text_column wpb_content_element\">\n\t\t<div class=\"wpb_wrapper\" >\n\t\t\t<p style=\"text-align: center;\">In this section you will find the categories of products that ALT can offer you.<\/p>\n\n\t\t<\/div> \n\t<\/div> \n\t\t\t<\/div> \n\t<\/div> \n<\/div><\/div><\/div><div id=\"fws_69e2fccb75709\" class=\"vc_row wpb_row vc_row-fluid  animate_onoffset row-dynamic-el standard_section\" style=\"padding-bottom: 0px ; \" ><div  style=\"position: absolute;top: 0;\"><\/div><div class=\"container  dark\"><div class=\"section_clear\">\n\t<div class=\"vc_col-sm-12 wpb_column column_container\" style=\"\" data-animation=\"none\" data-delay=\"\">\n\t\t\t<div class=\"wpb_wrapper\">\n\t\t\t\t<div class=\"vc_row wpb_row vc_inner vc_row-fluid vc_row-o-equal-height vc_row-flex\"><div class=\"wpb_column vc_column_container vc_col-sm-4\"><div class=\"vc_column-inner vc_custom_1560804646348\"><div class=\"wpb_wrapper\">\t\t<style type=\"text\/css\">\r\n\t\t\r\n\t\t\t\/*== Image Hover == *\/\r\n\t\t\t\t\t\t\r\n\t\t\t\/*== Ribbon ==*\/\r\n\t\t\t\r\n\t\t<\/style>\r\n\t\t\r\n\t\t\t\t\t<div class=\"caw-single-image-wrapper wpb_content_element single-image-1-box caw-single-image-top-left-c\" >\r\n\r\n\t\t\t\t<div class=\"caw-single-image-content\" style=\"\">\r\n\t\t\t\t\t\t\t\t\t<\/div>\r\n\r\n\t\t\t\t\r\n\t\t\t\t<div class=\"caw-single-image-image\">\t\t\t\t\t\r\n\t\t\t\t\t\t\t\t\t\t\t<a target=\"_self\" href=\"https:\/\/altingenieria.mx\/en\/productos\/inspeccion-termografica\/\">\r\n\t\t\t\t\t\t\t<img loading=\"lazy\" decoding=\"async\" width=\"944\" height=\"920\" src=\"https:\/\/altingenieria.mx\/wp-content\/uploads\/2019\/05\/ThG-portada-e1559413109351.png\" class=\"caw-single-image attachment-full\" alt=\"equipo de inspecci\u00f3n termogr\u00e1fica\" \/>\t\t\t\t\t\t<\/a>\r\n\t\t\t\t\t\t\t\t\t<\/div>\r\n\r\n\t\t\t\t<div class=\"caw-single-image-bottom caw-textleft\">\r\n\t\t\t\t\t<span style=\"\">  <\/span>\r\n\t\t\t\t<\/div>\r\n\t\t\t<\/div>\r\n\t\t\t\t\t\r\n\t\t<\/div><\/div><\/div><div class=\"wpb_column vc_column_container vc_col-sm-4 vc_col-has-fill\"><div class=\"vc_column-inner vc_custom_1560804652411\"><div class=\"wpb_wrapper\">\t\t<style type=\"text\/css\">\r\n\t\t\r\n\t\t\t\/*== Image Hover == *\/\r\n\t\t\t\t\t\t\r\n\t\t\t\/*== Ribbon ==*\/\r\n\t\t\t\r\n\t\t<\/style>\r\n\t\t\r\n\t\t\t\t\t<div class=\"caw-single-image-wrapper wpb_content_element single-image-2-box caw-single-image-top-left-c\" >\r\n\r\n\t\t\t\t<div class=\"caw-single-image-content\" style=\"\">\r\n\t\t\t\t\t\t\t\t\t<\/div>\r\n\r\n\t\t\t\t\r\n\t\t\t\t<div class=\"caw-single-image-image\">\t\t\t\t\t\r\n\t\t\t\t\t\t\t\t\t\t\t<a target=\"_self\" href=\"https:\/\/altingenieria.mx\/en\/productos\/bancos_test\/\">\r\n\t\t\t\t\t\t\t<img loading=\"lazy\" decoding=\"async\" width=\"1920\" height=\"1440\" src=\"https:\/\/altingenieria.mx\/wp-content\/uploads\/2019\/06\/SH-y-MR-2-2-EDIT.png\" class=\"caw-single-image attachment-full\" alt=\"Bancos de pruebas industriales para test autom\u00e1tico y validaci\u00f3n de equipos electr\u00f3nicos\" \/>\t\t\t\t\t\t<\/a>\r\n\t\t\t\t\t\t\t\t\t<\/div>\r\n\r\n\t\t\t\t<div class=\"caw-single-image-bottom caw-textleft\">\r\n\t\t\t\t\t<span style=\"\">  <\/span>\r\n\t\t\t\t<\/div>\r\n\t\t\t<\/div>\r\n\t\t\t\t\t\r\n\t\t<\/div><\/div><\/div><div class=\"wpb_column vc_column_container vc_col-sm-4\"><div class=\"vc_column-inner vc_custom_1560804664234\"><div class=\"wpb_wrapper\">\t\t<style type=\"text\/css\">\r\n\t\t\r\n\t\t\t\/*== Image Hover == *\/\r\n\t\t\t\t\t\t\r\n\t\t\t\/*== Ribbon ==*\/\r\n\t\t\t\r\n\t\t<\/style>\r\n\t\t\r\n\t\t\t\t\t<div class=\"caw-single-image-wrapper wpb_content_element single-image-3-box caw-single-image-top-left-c\" >\r\n\r\n\t\t\t\t<div class=\"caw-single-image-content\" style=\"\">\r\n\t\t\t\t\t\t\t\t\t<\/div>\r\n\r\n\t\t\t\t\r\n\t\t\t\t<div class=\"caw-single-image-image\">\t\t\t\t\t\r\n\t\t\t\t\t\t\t\t\t\t\t<a target=\"_self\" href=\"https:\/\/altingenieria.mx\/en\/productos\/sensor-corriente-2\/\">\r\n\t\t\t\t\t\t\t<img loading=\"lazy\" decoding=\"async\" width=\"776\" height=\"651\" src=\"https:\/\/altingenieria.mx\/wp-content\/uploads\/2019\/05\/Portada-SensorCorriente-00-e1560460245828.png\" class=\"caw-single-image attachment-full\" alt=\"m\u00f3dulo de sensor de corriente\" \/>\t\t\t\t\t\t<\/a>\r\n\t\t\t\t\t\t\t\t\t<\/div>\r\n\r\n\t\t\t\t<div class=\"caw-single-image-bottom caw-textleft\">\r\n\t\t\t\t\t<span style=\"\">  <\/span>\r\n\t\t\t\t<\/div>\r\n\t\t\t<\/div>\r\n\t\t\t\t\t\r\n\t\t<\/div><\/div><\/div><\/div><div class=\"vc_row wpb_row vc_inner vc_row-fluid vc_custom_1773765697589 vc_row-has-fill vc_row-o-equal-height vc_row-flex\"><div class=\"wpb_column vc_column_container vc_col-sm-4\"><div class=\"vc_column-inner vc_custom_1773765546867\"><div class=\"wpb_wrapper\"><div class=\"vc_custom_heading vc_custom_1773765522562 wpb_content_element\" ><h2 style=\"font-size: 16px;color: #3366ff;text-align: left\" >Thermographic inspection<\/h2><\/div>\n\t<div class=\"wpb_text_column wpb_content_element\">\n\t\t<div class=\"wpb_wrapper\" >\n\t\t\t<p style=\"text-align: justify;\">Multi-camera system for recording and monitoring of contactless temperatures, with advanced display, alarm and data and image storage functions<\/p>\n\n\t\t<\/div> \n\t<\/div> <\/div><\/div><\/div><div class=\"wpb_column vc_column_container vc_col-sm-4 vc_col-has-fill\"><div class=\"vc_column-inner vc_custom_1773765600581\"><div class=\"wpb_wrapper\"><div class=\"vc_custom_heading vc_custom_1773765560668 wpb_content_element\" ><h2 style=\"font-size: 16px;color: #3366ff;text-align: left\" >Functional test systems<\/h2><\/div>\n\t<div class=\"wpb_text_column wpb_content_element\">\n\t\t<div class=\"wpb_wrapper\" >\n\t\t\t<p style=\"text-align: justify;\">Versatile, robust and fully customizable platform. Comprehensive turnkey system or individual platform sale.<\/p>\n\n\t\t<\/div> \n\t<\/div> <\/div><\/div><\/div><div class=\"wpb_column vc_column_container vc_col-sm-4\"><div class=\"vc_column-inner vc_custom_1773765615752\"><div class=\"wpb_wrapper\"><div class=\"vc_custom_heading vc_custom_1773765587924 wpb_content_element\" ><h2 style=\"font-size: 16px;color: #3366ff;text-align: left\" >Signal Conditioning<\/h2><\/div>\n\t<div class=\"wpb_text_column wpb_content_element\">\n\t\t<div class=\"wpb_wrapper\" >\n\t\t\t<p style=\"text-align: justify;\">Its primary use is to convert a signal that may be difficult to read with conventional instrumentation into a format that can be more easily interpreted.<\/p>\n\n\t\t<\/div> \n\t<\/div> <\/div><\/div><\/div><\/div>\n\t\t\t<\/div> \n\t<\/div> \n<\/div><\/div><\/div><div id=\"fws_69e2fccb793c0\" class=\"vc_row wpb_row vc_row-fluid  animate_onoffset row-dynamic-el standard_section\" style=\"\" ><div  style=\"position: absolute;top: 0;\"><\/div><div class=\"container  dark\"><div class=\"section_clear\">\n\t<div class=\"vc_col-sm-12 wpb_column column_container\" style=\"\" data-animation=\"none\" data-delay=\"\">\n\t\t\t<div class=\"wpb_wrapper\">\n\t\t\t\t<div class=\"vc_empty_space\"   style=\"height: 50px\"><span class=\"vc_empty_space_inner\"><\/span><\/div>\n\t\t\t<\/div> \n\t<\/div> \n<\/div><\/div><\/div>\n<\/div>","protected":false},"excerpt":{"rendered":"En esta secci\u00f3n encontrar\u00e1 las categor\u00edas de los productos que ALT puede ofrecerle. Inspecci\u00f3n termogr\u00e1fica Sistema multic\u00e1mara para registro y monitorizaci\u00f3n de temperaturas sin contacto, con funciones avanzadas de visualizaci\u00f3n,\u00a0 alarmas y guardado de datos e im\u00e1genes. Sistemas de test funcional Plataforma vers\u00e1til, robusta y completamente personalizable. Sistema integral llave en mano o bien venta [...]","protected":false},"author":1,"featured_media":0,"parent":0,"menu_order":0,"comment_status":"closed","ping_status":"closed","template":"","meta":{"_joinchat":[],"footnotes":""},"class_list":["post-5403","page","type-page","status-publish","hentry"],"yoast_head":"<!-- This site is optimized with the Yoast SEO plugin v27.4 - https:\/\/yoast.com\/product\/yoast-seo-wordpress\/ -->\n<title>Productos - ALT Ingenier\u00eda<\/title>\n<meta name=\"description\" content=\"Conoce toda nuestra gama de productos disponible: de inspecci\u00f3n termogr\u00e1fica, test funcional, iluminaciones y de acondicionamiento de se\u00f1ales.\" \/>\n<meta name=\"robots\" content=\"index, follow, max-snippet:-1, max-image-preview:large, max-video-preview:-1\" \/>\n<link rel=\"canonical\" href=\"https:\/\/altingenieria.mx\/en\/productos\/\" \/>\n<meta property=\"og:locale\" content=\"en_US\" \/>\n<meta property=\"og:type\" content=\"article\" \/>\n<meta property=\"og:title\" content=\"Productos - ALT Ingenier\u00eda\" \/>\n<meta property=\"og:description\" content=\"Conoce toda nuestra gama de productos disponible: de inspecci\u00f3n termogr\u00e1fica, test funcional, iluminaciones y de acondicionamiento de se\u00f1ales.\" \/>\n<meta property=\"og:url\" content=\"https:\/\/altingenieria.mx\/en\/productos\/\" \/>\n<meta property=\"og:site_name\" content=\"ALT Ingenier\u00eda\" \/>\n<meta property=\"article:modified_time\" content=\"2026-03-17T16:43:43+00:00\" \/>\n<meta property=\"og:image\" content=\"https:\/\/altingenieria.mx\/wp-content\/uploads\/2025\/12\/logo-alt-azul.png\" \/>\n\t<meta property=\"og:image:width\" content=\"367\" \/>\n\t<meta property=\"og:image:height\" content=\"284\" \/>\n\t<meta property=\"og:image:type\" content=\"image\/png\" \/>\n<meta name=\"twitter:card\" content=\"summary_large_image\" \/>\n<meta name=\"twitter:label1\" content=\"Est. reading time\" \/>\n\t<meta name=\"twitter:data1\" content=\"2 minutes\" \/>\n<script type=\"application\/ld+json\" class=\"yoast-schema-graph\">{\"@context\":\"https:\\\/\\\/schema.org\",\"@graph\":[{\"@type\":\"WebPage\",\"@id\":\"https:\\\/\\\/altingenieria.mx\\\/productos\\\/\",\"url\":\"https:\\\/\\\/altingenieria.mx\\\/productos\\\/\",\"name\":\"Productos - ALT Ingenier\u00eda\",\"isPartOf\":{\"@id\":\"https:\\\/\\\/altingenieria.mx\\\/#website\"},\"datePublished\":\"2019-06-11T19:33:48+00:00\",\"dateModified\":\"2026-03-17T16:43:43+00:00\",\"description\":\"Conoce toda nuestra gama de productos disponible: de inspecci\u00f3n termogr\u00e1fica, test funcional, iluminaciones y de acondicionamiento de se\u00f1ales.\",\"breadcrumb\":{\"@id\":\"https:\\\/\\\/altingenieria.mx\\\/productos\\\/#breadcrumb\"},\"inLanguage\":\"en-US\",\"potentialAction\":[{\"@type\":\"ReadAction\",\"target\":[\"https:\\\/\\\/altingenieria.mx\\\/productos\\\/\"]}]},{\"@type\":\"BreadcrumbList\",\"@id\":\"https:\\\/\\\/altingenieria.mx\\\/productos\\\/#breadcrumb\",\"itemListElement\":[{\"@type\":\"ListItem\",\"position\":1,\"name\":\"Home\",\"item\":\"https:\\\/\\\/altingenieria.mx\\\/\"},{\"@type\":\"ListItem\",\"position\":2,\"name\":\"Productos\"}]},{\"@type\":\"WebSite\",\"@id\":\"https:\\\/\\\/altingenieria.mx\\\/#website\",\"url\":\"https:\\\/\\\/altingenieria.mx\\\/\",\"name\":\"ALT Ingenier\u00eda\",\"description\":\"Ingenier\u00eda a la medida\",\"publisher\":{\"@id\":\"https:\\\/\\\/altingenieria.mx\\\/#organization\"},\"potentialAction\":[{\"@type\":\"SearchAction\",\"target\":{\"@type\":\"EntryPoint\",\"urlTemplate\":\"https:\\\/\\\/altingenieria.mx\\\/?s={search_term_string}\"},\"query-input\":{\"@type\":\"PropertyValueSpecification\",\"valueRequired\":true,\"valueName\":\"search_term_string\"}}],\"inLanguage\":\"en-US\"},{\"@type\":\"Organization\",\"@id\":\"https:\\\/\\\/altingenieria.mx\\\/#organization\",\"name\":\"ALT Ingenier\u00eda\",\"url\":\"https:\\\/\\\/altingenieria.mx\\\/\",\"logo\":{\"@type\":\"ImageObject\",\"inLanguage\":\"en-US\",\"@id\":\"https:\\\/\\\/altingenieria.mx\\\/#\\\/schema\\\/logo\\\/image\\\/\",\"url\":\"https:\\\/\\\/altingenieria.mx\\\/wp-content\\\/uploads\\\/2025\\\/12\\\/logo-alt-azul.png\",\"contentUrl\":\"https:\\\/\\\/altingenieria.mx\\\/wp-content\\\/uploads\\\/2025\\\/12\\\/logo-alt-azul.png\",\"width\":367,\"height\":284,\"caption\":\"ALT Ingenier\u00eda\"},\"image\":{\"@id\":\"https:\\\/\\\/altingenieria.mx\\\/#\\\/schema\\\/logo\\\/image\\\/\"},\"sameAs\":[\"https:\\\/\\\/www.linkedin.com\\\/company\\\/altingenieria\\\/\"]}]}<\/script>\n<!-- \/ Yoast SEO plugin. -->","yoast_head_json":{"title":"Productos - ALT Ingenier\u00eda","description":"Conoce toda nuestra gama de productos disponible: de inspecci\u00f3n termogr\u00e1fica, test funcional, iluminaciones y de acondicionamiento de se\u00f1ales.","robots":{"index":"index","follow":"follow","max-snippet":"max-snippet:-1","max-image-preview":"max-image-preview:large","max-video-preview":"max-video-preview:-1"},"canonical":"https:\/\/altingenieria.mx\/en\/productos\/","og_locale":"en_US","og_type":"article","og_title":"Productos - ALT Ingenier\u00eda","og_description":"Conoce toda nuestra gama de productos disponible: de inspecci\u00f3n termogr\u00e1fica, test funcional, iluminaciones y de acondicionamiento de se\u00f1ales.","og_url":"https:\/\/altingenieria.mx\/en\/productos\/","og_site_name":"ALT Ingenier\u00eda","article_modified_time":"2026-03-17T16:43:43+00:00","og_image":[{"width":367,"height":284,"url":"https:\/\/altingenieria.mx\/wp-content\/uploads\/2025\/12\/logo-alt-azul.png","type":"image\/png"}],"twitter_card":"summary_large_image","twitter_misc":{"Est. reading time":"2 minutes"},"schema":{"@context":"https:\/\/schema.org","@graph":[{"@type":"WebPage","@id":"https:\/\/altingenieria.mx\/productos\/","url":"https:\/\/altingenieria.mx\/productos\/","name":"Productos - ALT Ingenier\u00eda","isPartOf":{"@id":"https:\/\/altingenieria.mx\/#website"},"datePublished":"2019-06-11T19:33:48+00:00","dateModified":"2026-03-17T16:43:43+00:00","description":"Conoce toda nuestra gama de productos disponible: de inspecci\u00f3n termogr\u00e1fica, test funcional, iluminaciones y de acondicionamiento de se\u00f1ales.","breadcrumb":{"@id":"https:\/\/altingenieria.mx\/productos\/#breadcrumb"},"inLanguage":"en-US","potentialAction":[{"@type":"ReadAction","target":["https:\/\/altingenieria.mx\/productos\/"]}]},{"@type":"BreadcrumbList","@id":"https:\/\/altingenieria.mx\/productos\/#breadcrumb","itemListElement":[{"@type":"ListItem","position":1,"name":"Home","item":"https:\/\/altingenieria.mx\/"},{"@type":"ListItem","position":2,"name":"Productos"}]},{"@type":"WebSite","@id":"https:\/\/altingenieria.mx\/#website","url":"https:\/\/altingenieria.mx\/","name":"ALT Ingenier\u00eda","description":"Custom Engineering","publisher":{"@id":"https:\/\/altingenieria.mx\/#organization"},"potentialAction":[{"@type":"SearchAction","target":{"@type":"EntryPoint","urlTemplate":"https:\/\/altingenieria.mx\/?s={search_term_string}"},"query-input":{"@type":"PropertyValueSpecification","valueRequired":true,"valueName":"search_term_string"}}],"inLanguage":"en-US"},{"@type":"Organization","@id":"https:\/\/altingenieria.mx\/#organization","name":"ALT Ingenier\u00eda","url":"https:\/\/altingenieria.mx\/","logo":{"@type":"ImageObject","inLanguage":"en-US","@id":"https:\/\/altingenieria.mx\/#\/schema\/logo\/image\/","url":"https:\/\/altingenieria.mx\/wp-content\/uploads\/2025\/12\/logo-alt-azul.png","contentUrl":"https:\/\/altingenieria.mx\/wp-content\/uploads\/2025\/12\/logo-alt-azul.png","width":367,"height":284,"caption":"ALT Ingenier\u00eda"},"image":{"@id":"https:\/\/altingenieria.mx\/#\/schema\/logo\/image\/"},"sameAs":["https:\/\/www.linkedin.com\/company\/altingenieria\/"]}]}},"_links":{"self":[{"href":"https:\/\/altingenieria.mx\/en\/wp-json\/wp\/v2\/pages\/5403","targetHints":{"allow":["GET"]}}],"collection":[{"href":"https:\/\/altingenieria.mx\/en\/wp-json\/wp\/v2\/pages"}],"about":[{"href":"https:\/\/altingenieria.mx\/en\/wp-json\/wp\/v2\/types\/page"}],"author":[{"embeddable":true,"href":"https:\/\/altingenieria.mx\/en\/wp-json\/wp\/v2\/users\/1"}],"replies":[{"embeddable":true,"href":"https:\/\/altingenieria.mx\/en\/wp-json\/wp\/v2\/comments?post=5403"}],"version-history":[{"count":12,"href":"https:\/\/altingenieria.mx\/en\/wp-json\/wp\/v2\/pages\/5403\/revisions"}],"predecessor-version":[{"id":11648,"href":"https:\/\/altingenieria.mx\/en\/wp-json\/wp\/v2\/pages\/5403\/revisions\/11648"}],"wp:attachment":[{"href":"https:\/\/altingenieria.mx\/en\/wp-json\/wp\/v2\/media?parent=5403"}],"curies":[{"name":"wp","href":"https:\/\/api.w.org\/{rel}","templated":true}]}}