{"id":5459,"date":"2019-06-11T21:25:21","date_gmt":"2019-06-12T02:25:21","guid":{"rendered":"http:\/\/altingenieria.com.mx\/?page_id=5459"},"modified":"2026-01-07T16:13:18","modified_gmt":"2026-01-07T22:13:18","slug":"18018-2","status":"publish","type":"page","link":"https:\/\/altingenieria.mx\/en\/18018-2\/","title":{"rendered":"Automatic inspection for cucumber quality"},"content":{"rendered":"<div class=\"wpb-content-wrapper\"><div id=\"fws_6a0585b43e46a\" class=\"vc_row wpb_row vc_row-fluid  animate_onoffset row-dynamic-el section-style     \" style=\"padding-bottom: 20px ; \" ><div  style=\"position: absolute;top: 0;\"><\/div><div class=\"container  dark\"><div class=\"section_clear\">\n\t<div class=\"vc_col-sm-12 wpb_column column_container \" style=\"\" data-animation=\"none\" data-delay=\"\">\n\t\t\t<div class=\"wpb_wrapper\">\n\t\t\t\t<div class=\"vc_row wpb_row vc_inner vc_row-fluid vc_row-o-equal-height vc_row-flex\"><div class=\"wpb_column vc_column_container vc_col-sm-8\"><div class=\"vc_column-inner\"><div class=\"wpb_wrapper\"><div class=\"wpb_content_element media_align_left media media_el animate_onoffset \"><div class=\"media_wrapper\" ><img decoding=\"async\" src=\"https:\/\/altingenieria.mx\/wp-content\/uploads\/2019\/07\/Pepinos.png\" alt=\"Alt Text\" class=\"type_image animated fadeInLeft alignment_left\" \/><\/div><\/div><\/div><\/div><\/div><div class=\"wpb_column vc_column_container vc_col-sm-4\"><div class=\"vc_column-inner\"><div class=\"wpb_wrapper\">\n\t<div class=\"wpb_text_column wpb_content_element \">\n\t\t<div class=\"wpb_wrapper\" >\n\t\t\t<p><strong>DESCRIPCI\u00d3N BREVE DEL PROYECTO<\/strong><\/p>\n<p style=\"text-align: justify;\">Sistema de calidad en la producci\u00f3n de pepinos para clasificaci\u00f3n autom\u00e1tica a una velocidad de 6 piezas\/segundo. Obtiene el tama\u00f1o y detecta defectos de forma, textura y color, y proporciona los resultados en tiempo real al PLC de la l\u00ednea de producci\u00f3n para su clasificaci\u00f3n.<\/p>\n<p><strong><span style=\"font-size: 10pt;\">FECHA<br \/>\n<\/span><\/strong>Abril 2019<\/p>\n<p><strong><span style=\"font-size: 10pt;\">CLIENTE<br \/>\n<\/span><\/strong>CONFIDENCIAL<\/p>\n\n\t\t<\/div> \n\t<\/div> <\/div><\/div><\/div><\/div>\n\t\t\t<\/div> \n\t<\/div> \n<\/div><\/div><\/div><div id=\"fws_6a0585b43f6fc\" class=\"vc_row wpb_row vc_row-fluid  animate_onoffset row-dynamic-el standard_section     \" style=\"\" ><div  style=\"position: absolute;top: 0;\"><\/div><div class=\"container  dark\"><div class=\"section_clear\">\n\t<div class=\"vc_col-sm-6 wpb_column column_container vc_custom_1565295881495  vc_custom_1565295881495\" style=\"\" data-animation=\"none\" data-delay=\"\">\n\t\t\t<div class=\"wpb_wrapper\">\n\t\t\t\t\n\t<div class=\"wpb_text_column wpb_content_element  vc_custom_1566411433544\">\n\t\t<div class=\"wpb_wrapper\" >\n\t\t\t<div id=\"fws_5d498bca583a9\" class=\"vc_row wpb_row vc_row-fluid animate_onoffset row-dynamic-el standard_section \">\n<div class=\"container custom\">\n<div class=\"section_clear\">\n<div class=\"vc_col-sm-12 wpb_column column_container vc_custom_1565016720366 vc_custom_1565016720366\" data-animation=\"none\" data-delay=\"\">\n<div class=\"wpb_wrapper\">\n<div class=\"wpb_text_column wpb_content_element vc_custom_1565016773862\">\n<div class=\"wpb_wrapper\">\n<p style=\"text-align: justify;\"><span style=\"font-size: 14px;\">Software de visi\u00f3n artificial desarrollado sobre LabVIEW para la clasificaci\u00f3n de pepinos. El sistema mide largo, di\u00e1metro, curvatura, malformaci\u00f3n. Adem\u00e1s, cuantifica los defectos superficiales \u201cmancha\u201d y \u201clacra\u201d. La l\u00ednea opera a raz\u00f3n de 6 cazoletas de pepino por segundo, haciendo que el tiempo de inspecci\u00f3n por imagen sea m\u00e1ximo de 166ms. <\/span><\/p>\n<p style=\"text-align: justify;\"><span style=\"font-size: 14px;\">El software de visi\u00f3n se comunica bidireccionalmente con el PLC que controla la l\u00ednea de clasificaci\u00f3n de pepinos, recibiendo triggers para la adquisici\u00f3n de las im\u00e1genes y enviando los datos con los resultados. <\/span><\/p>\n<p>&nbsp;<\/p>\n<\/div>\n<\/div>\n<\/div>\n<\/div>\n<\/div>\n<\/div>\n<\/div>\n\n\t\t<\/div> \n\t<\/div> \n\t\t\t<\/div> \n\t<\/div> \n\n\t<div class=\"vc_col-sm-6 wpb_column column_container vc_custom_1565295888379  vc_custom_1565295888379\" style=\"\" data-animation=\"none\" data-delay=\"\">\n\t\t\t<div class=\"wpb_wrapper\">\n\t\t\t\t<div class=\"vc_row wpb_row vc_inner vc_row-fluid vc_custom_1565115942659 vc_row-has-fill vc_row-o-content-top vc_row-flex\"><div class=\"wpb_column vc_column_container vc_col-sm-12 vc_col-has-fill\"><div class=\"vc_column-inner vc_custom_1565115950018\"><div class=\"wpb_wrapper\"><div class=\"vc_custom_heading vc_custom_1566411446171 wpb_content_element\" ><h2 style=\"font-size: 18px;text-align: left\" >Necesidad<\/h2><\/div>\n\t<div class=\"wpb_text_column wpb_content_element  vc_custom_1566411475152\">\n\t\t<div class=\"wpb_wrapper\" >\n\t\t\t<p style=\"text-align: justify;\"><span style=\"font-size: 13px; color: #000000;\">Clasificar pepinos seg\u00fan su largo, di\u00e1metro, curvatura, malformaci\u00f3n, mancha y lacra. La m\u00e1quina de clasificaci\u00f3n operar\u00e1 a un m\u00e1ximo de velocidad de 6 cazoletas por segundo.<\/span><\/p>\n\n\t\t<\/div> \n\t<\/div> <div class=\"vc_custom_heading vc_custom_1565115994054 wpb_content_element\" ><h2 style=\"font-size: 18px;text-align: left\" >Soluci\u00f3n<\/h2><\/div>\n\t<div class=\"wpb_text_column wpb_content_element  vc_custom_1566411497599\">\n\t\t<div class=\"wpb_wrapper\" >\n\t\t\t<p style=\"font-size: 13px; text-align: justify;\"><span style=\"font-size: 13px; color: #000000;\">Sistema de visi\u00f3n artificial desarrollado en LabVIEW con comunicaci\u00f3n bidireccional hacia el PLC de control.<\/span><\/p>\n\n\t\t<\/div> \n\t<\/div> <\/div><\/div><\/div><\/div>\n\t\t\t<\/div> \n\t<\/div> \n<\/div><\/div><\/div><div id=\"fws_6a0585b4405e6\" class=\"vc_row wpb_row vc_row-fluid  animate_onoffset row-dynamic-el standard_section     \" style=\"\" ><div  style=\"position: absolute;top: 0;\"><\/div><div class=\"container  dark\"><div class=\"section_clear\">\n\t<div class=\"vc_col-sm-12 wpb_column column_container vc_custom_1565295929836  vc_custom_1565295929836\" style=\"\" data-animation=\"none\" data-delay=\"\">\n\t\t\t<div class=\"wpb_wrapper\">\n\t\t\t\t<div class=\"wpb_gallery wpb_content_element vc_clearfix wpb_content_element\" ><div class=\"wpb_wrapper\"><div class=\"wpb_gallery_slides wpb_image_grid\" data-interval=\"3\"><ul class=\"wpb_image_grid_ul\"><li class=\"isotope-item\"><a class=\"\" href=\"https:\/\/altingenieria.mx\/wp-content\/uploads\/2019\/06\/pepino.jpg\" data-lightbox=\"lightbox[rel-5459-2648940486]\"><img loading=\"lazy\" decoding=\"async\" width=\"150\" height=\"150\" src=\"https:\/\/altingenieria.mx\/wp-content\/uploads\/2019\/06\/pepino-150x150.jpg\" class=\"attachment-thumbnail\" alt=\"\" title=\"pepino\" \/><\/a><\/li><li class=\"isotope-item\"><a class=\"\" href=\"https:\/\/altingenieria.mx\/wp-content\/uploads\/2019\/07\/Pepinos-1.png\" data-lightbox=\"lightbox[rel-5459-2648940486]\"><img loading=\"lazy\" decoding=\"async\" width=\"150\" height=\"150\" src=\"https:\/\/altingenieria.mx\/wp-content\/uploads\/2019\/07\/Pepinos-1-150x150.png\" class=\"attachment-thumbnail\" alt=\"\" title=\"Pepinos\" srcset=\"https:\/\/altingenieria.mx\/wp-content\/uploads\/2019\/07\/Pepinos-1-150x150.png 150w, https:\/\/altingenieria.mx\/wp-content\/uploads\/2019\/07\/Pepinos-1-600x600.png 600w, https:\/\/altingenieria.mx\/wp-content\/uploads\/2019\/07\/Pepinos-1-350x350.png 350w\" sizes=\"auto, (max-width: 150px) 100vw, 150px\" \/><\/a><\/li><li class=\"isotope-item\"><a class=\"\" href=\"https:\/\/altingenieria.mx\/wp-content\/uploads\/2019\/07\/Pepinos-01.png\" data-lightbox=\"lightbox[rel-5459-2648940486]\"><img loading=\"lazy\" decoding=\"async\" width=\"150\" height=\"150\" src=\"https:\/\/altingenieria.mx\/wp-content\/uploads\/2019\/07\/Pepinos-01-150x150.png\" class=\"attachment-thumbnail\" alt=\"\" title=\"Pepinos-01\" srcset=\"https:\/\/altingenieria.mx\/wp-content\/uploads\/2019\/07\/Pepinos-01-150x150.png 150w, https:\/\/altingenieria.mx\/wp-content\/uploads\/2019\/07\/Pepinos-01-600x600.png 600w, https:\/\/altingenieria.mx\/wp-content\/uploads\/2019\/07\/Pepinos-01-350x350.png 350w\" sizes=\"auto, (max-width: 150px) 100vw, 150px\" \/><\/a><\/li><li class=\"isotope-item\"><a class=\"\" href=\"https:\/\/altingenieria.mx\/wp-content\/uploads\/2019\/07\/Pepinos-02.png\" data-lightbox=\"lightbox[rel-5459-2648940486]\"><img loading=\"lazy\" decoding=\"async\" width=\"150\" height=\"150\" src=\"https:\/\/altingenieria.mx\/wp-content\/uploads\/2019\/07\/Pepinos-02-150x150.png\" class=\"attachment-thumbnail\" alt=\"\" title=\"Pepinos-02\" srcset=\"https:\/\/altingenieria.mx\/wp-content\/uploads\/2019\/07\/Pepinos-02-150x150.png 150w, https:\/\/altingenieria.mx\/wp-content\/uploads\/2019\/07\/Pepinos-02-600x600.png 600w, https:\/\/altingenieria.mx\/wp-content\/uploads\/2019\/07\/Pepinos-02-350x350.png 350w\" sizes=\"auto, (max-width: 150px) 100vw, 150px\" \/><\/a><\/li><li class=\"isotope-item\"><a class=\"\" href=\"https:\/\/altingenieria.mx\/wp-content\/uploads\/2019\/07\/Pepinos-03.png\" data-lightbox=\"lightbox[rel-5459-2648940486]\"><img loading=\"lazy\" decoding=\"async\" width=\"150\" height=\"150\" src=\"https:\/\/altingenieria.mx\/wp-content\/uploads\/2019\/07\/Pepinos-03-150x150.png\" class=\"attachment-thumbnail\" alt=\"\" title=\"Pepinos-03\" srcset=\"https:\/\/altingenieria.mx\/wp-content\/uploads\/2019\/07\/Pepinos-03-150x150.png 150w, https:\/\/altingenieria.mx\/wp-content\/uploads\/2019\/07\/Pepinos-03-600x600.png 600w, https:\/\/altingenieria.mx\/wp-content\/uploads\/2019\/07\/Pepinos-03-350x350.png 350w\" sizes=\"auto, (max-width: 150px) 100vw, 150px\" \/><\/a><\/li><li class=\"isotope-item\"><a class=\"\" href=\"https:\/\/altingenieria.mx\/wp-content\/uploads\/2019\/07\/Pepinos-04.png\" data-lightbox=\"lightbox[rel-5459-2648940486]\"><img loading=\"lazy\" decoding=\"async\" width=\"150\" height=\"150\" src=\"https:\/\/altingenieria.mx\/wp-content\/uploads\/2019\/07\/Pepinos-04-150x150.png\" class=\"attachment-thumbnail\" alt=\"\" title=\"Pepinos-04\" srcset=\"https:\/\/altingenieria.mx\/wp-content\/uploads\/2019\/07\/Pepinos-04-150x150.png 150w, https:\/\/altingenieria.mx\/wp-content\/uploads\/2019\/07\/Pepinos-04-600x600.png 600w, https:\/\/altingenieria.mx\/wp-content\/uploads\/2019\/07\/Pepinos-04-350x350.png 350w\" sizes=\"auto, (max-width: 150px) 100vw, 150px\" \/><\/a><\/li><\/ul><\/div><\/div><\/div>\n\t\t\t<\/div> \n\t<\/div> \n<\/div><\/div><\/div><div id=\"fws_6a0585b442576\" class=\"vc_row wpb_row vc_row-fluid  animate_onoffset row-dynamic-el standard_section     \" style=\"\" ><div  style=\"position: absolute;top: 0;\"><\/div><div class=\"container  dark\"><div class=\"section_clear\">\n\t<div class=\"vc_col-sm-12 wpb_column column_container \" style=\"\" data-animation=\"none\" data-delay=\"\">\n\t\t\t<div class=\"wpb_wrapper\">\n\t\t\t\t\n\t<div class=\"wpb_text_column wpb_content_element \">\n\t\t<div class=\"wpb_wrapper\" >\n\t\t\t\n\t\t<\/div> \n\t<\/div> \n\t\t\t<\/div> \n\t<\/div> \n<\/div><\/div><\/div>\n<\/div>","protected":false},"excerpt":{"rendered":"DESCRIPCI\u00d3N BREVE DEL PROYECTO Sistema de calidad en la producci\u00f3n de pepinos para clasificaci\u00f3n autom\u00e1tica a una velocidad de 6 piezas\/segundo. Obtiene el tama\u00f1o y detecta defectos de forma, textura y color, y proporciona los resultados en tiempo real al PLC de la l\u00ednea de producci\u00f3n para su clasificaci\u00f3n. FECHA Abril 2019 CLIENTE CONFIDENCIAL Software [...]","protected":false},"author":3,"featured_media":0,"parent":0,"menu_order":42,"comment_status":"open","ping_status":"closed","template":"","meta":{"_joinchat":[],"footnotes":""},"class_list":["post-5459","page","type-page","status-publish","hentry"],"yoast_head":"<!-- This site is optimized with the Yoast SEO plugin v27.6 - https:\/\/yoast.com\/product\/yoast-seo-wordpress\/ -->\n<title>Inspecci\u00f3n autom\u00e1tica para calidad de pepinos - ALT Ingenier\u00eda<\/title>\n<meta name=\"description\" content=\"Conoce el proyecto de inspecci\u00f3n autom\u00e1tica para pepinos: sistema de visi\u00f3n artificial que clasifica tama\u00f1o y defectos a 6 piezas por segundo en tiempo real.\" \/>\n<meta name=\"robots\" content=\"index, follow, max-snippet:-1, max-image-preview:large, max-video-preview:-1\" \/>\n<link rel=\"canonical\" href=\"https:\/\/altingenieria.mx\/en\/18018-2\/\" \/>\n<meta property=\"og:locale\" content=\"en_US\" \/>\n<meta property=\"og:type\" content=\"article\" \/>\n<meta property=\"og:title\" content=\"Inspecci\u00f3n autom\u00e1tica para calidad de pepinos - ALT Ingenier\u00eda\" \/>\n<meta property=\"og:description\" content=\"Conoce el proyecto de inspecci\u00f3n autom\u00e1tica para pepinos: sistema de visi\u00f3n artificial que clasifica tama\u00f1o y defectos a 6 piezas por segundo en tiempo real.\" \/>\n<meta property=\"og:url\" content=\"https:\/\/altingenieria.mx\/en\/18018-2\/\" \/>\n<meta property=\"og:site_name\" content=\"ALT Ingenier\u00eda\" \/>\n<meta property=\"article:modified_time\" content=\"2026-01-07T22:13:18+00:00\" \/>\n<meta property=\"og:image\" content=\"https:\/\/altingenieria.mx\/wp-content\/uploads\/2025\/12\/logo-alt-azul.png\" \/>\n\t<meta property=\"og:image:width\" content=\"367\" \/>\n\t<meta property=\"og:image:height\" content=\"284\" \/>\n\t<meta property=\"og:image:type\" content=\"image\/png\" \/>\n<meta name=\"twitter:card\" content=\"summary_large_image\" \/>\n<meta name=\"twitter:label1\" content=\"Est. reading time\" \/>\n\t<meta name=\"twitter:data1\" content=\"2 minutes\" \/>\n<script type=\"application\/ld+json\" class=\"yoast-schema-graph\">{\"@context\":\"https:\\\/\\\/schema.org\",\"@graph\":[{\"@type\":\"WebPage\",\"@id\":\"https:\\\/\\\/altingenieria.mx\\\/18018-2\\\/\",\"url\":\"https:\\\/\\\/altingenieria.mx\\\/18018-2\\\/\",\"name\":\"Inspecci\u00f3n autom\u00e1tica para calidad de pepinos - ALT Ingenier\u00eda\",\"isPartOf\":{\"@id\":\"https:\\\/\\\/altingenieria.mx\\\/#website\"},\"datePublished\":\"2019-06-12T02:25:21+00:00\",\"dateModified\":\"2026-01-07T22:13:18+00:00\",\"description\":\"Conoce el proyecto de inspecci\u00f3n autom\u00e1tica para pepinos: sistema de visi\u00f3n artificial que clasifica tama\u00f1o y defectos a 6 piezas por segundo en tiempo real.\",\"breadcrumb\":{\"@id\":\"https:\\\/\\\/altingenieria.mx\\\/18018-2\\\/#breadcrumb\"},\"inLanguage\":\"en-US\",\"potentialAction\":[{\"@type\":\"ReadAction\",\"target\":[\"https:\\\/\\\/altingenieria.mx\\\/18018-2\\\/\"]}]},{\"@type\":\"BreadcrumbList\",\"@id\":\"https:\\\/\\\/altingenieria.mx\\\/18018-2\\\/#breadcrumb\",\"itemListElement\":[{\"@type\":\"ListItem\",\"position\":1,\"name\":\"Home\",\"item\":\"https:\\\/\\\/altingenieria.mx\\\/\"},{\"@type\":\"ListItem\",\"position\":2,\"name\":\"Inspecci\u00f3n autom\u00e1tica para calidad de pepinos\"}]},{\"@type\":\"WebSite\",\"@id\":\"https:\\\/\\\/altingenieria.mx\\\/#website\",\"url\":\"https:\\\/\\\/altingenieria.mx\\\/\",\"name\":\"ALT Ingenier\u00eda\",\"description\":\"Ingenier\u00eda a la medida\",\"publisher\":{\"@id\":\"https:\\\/\\\/altingenieria.mx\\\/#organization\"},\"potentialAction\":[{\"@type\":\"SearchAction\",\"target\":{\"@type\":\"EntryPoint\",\"urlTemplate\":\"https:\\\/\\\/altingenieria.mx\\\/?s={search_term_string}\"},\"query-input\":{\"@type\":\"PropertyValueSpecification\",\"valueRequired\":true,\"valueName\":\"search_term_string\"}}],\"inLanguage\":\"en-US\"},{\"@type\":\"Organization\",\"@id\":\"https:\\\/\\\/altingenieria.mx\\\/#organization\",\"name\":\"ALT Ingenier\u00eda\",\"url\":\"https:\\\/\\\/altingenieria.mx\\\/\",\"logo\":{\"@type\":\"ImageObject\",\"inLanguage\":\"en-US\",\"@id\":\"https:\\\/\\\/altingenieria.mx\\\/#\\\/schema\\\/logo\\\/image\\\/\",\"url\":\"https:\\\/\\\/altingenieria.mx\\\/wp-content\\\/uploads\\\/2025\\\/12\\\/logo-alt-azul.png\",\"contentUrl\":\"https:\\\/\\\/altingenieria.mx\\\/wp-content\\\/uploads\\\/2025\\\/12\\\/logo-alt-azul.png\",\"width\":367,\"height\":284,\"caption\":\"ALT Ingenier\u00eda\"},\"image\":{\"@id\":\"https:\\\/\\\/altingenieria.mx\\\/#\\\/schema\\\/logo\\\/image\\\/\"},\"sameAs\":[\"https:\\\/\\\/www.linkedin.com\\\/company\\\/altingenieria\\\/\"]}]}<\/script>\n<!-- \/ Yoast SEO plugin. -->","yoast_head_json":{"title":"Inspecci\u00f3n autom\u00e1tica para calidad de pepinos - ALT Ingenier\u00eda","description":"Conoce el proyecto de inspecci\u00f3n autom\u00e1tica para pepinos: sistema de visi\u00f3n artificial que clasifica tama\u00f1o y defectos a 6 piezas por segundo en tiempo real.","robots":{"index":"index","follow":"follow","max-snippet":"max-snippet:-1","max-image-preview":"max-image-preview:large","max-video-preview":"max-video-preview:-1"},"canonical":"https:\/\/altingenieria.mx\/en\/18018-2\/","og_locale":"en_US","og_type":"article","og_title":"Inspecci\u00f3n autom\u00e1tica para calidad de pepinos - ALT Ingenier\u00eda","og_description":"Conoce el proyecto de inspecci\u00f3n autom\u00e1tica para pepinos: sistema de visi\u00f3n artificial que clasifica tama\u00f1o y defectos a 6 piezas por segundo en tiempo real.","og_url":"https:\/\/altingenieria.mx\/en\/18018-2\/","og_site_name":"ALT Ingenier\u00eda","article_modified_time":"2026-01-07T22:13:18+00:00","og_image":[{"width":367,"height":284,"url":"https:\/\/altingenieria.mx\/wp-content\/uploads\/2025\/12\/logo-alt-azul.png","type":"image\/png"}],"twitter_card":"summary_large_image","twitter_misc":{"Est. reading time":"2 minutes"},"schema":{"@context":"https:\/\/schema.org","@graph":[{"@type":"WebPage","@id":"https:\/\/altingenieria.mx\/18018-2\/","url":"https:\/\/altingenieria.mx\/18018-2\/","name":"Inspecci\u00f3n autom\u00e1tica para calidad de pepinos - ALT Ingenier\u00eda","isPartOf":{"@id":"https:\/\/altingenieria.mx\/#website"},"datePublished":"2019-06-12T02:25:21+00:00","dateModified":"2026-01-07T22:13:18+00:00","description":"Conoce el proyecto de inspecci\u00f3n autom\u00e1tica para pepinos: sistema de visi\u00f3n artificial que clasifica tama\u00f1o y defectos a 6 piezas por segundo en tiempo real.","breadcrumb":{"@id":"https:\/\/altingenieria.mx\/18018-2\/#breadcrumb"},"inLanguage":"en-US","potentialAction":[{"@type":"ReadAction","target":["https:\/\/altingenieria.mx\/18018-2\/"]}]},{"@type":"BreadcrumbList","@id":"https:\/\/altingenieria.mx\/18018-2\/#breadcrumb","itemListElement":[{"@type":"ListItem","position":1,"name":"Home","item":"https:\/\/altingenieria.mx\/"},{"@type":"ListItem","position":2,"name":"Inspecci\u00f3n autom\u00e1tica para calidad de pepinos"}]},{"@type":"WebSite","@id":"https:\/\/altingenieria.mx\/#website","url":"https:\/\/altingenieria.mx\/","name":"ALT Ingenier\u00eda","description":"Custom Engineering","publisher":{"@id":"https:\/\/altingenieria.mx\/#organization"},"potentialAction":[{"@type":"SearchAction","target":{"@type":"EntryPoint","urlTemplate":"https:\/\/altingenieria.mx\/?s={search_term_string}"},"query-input":{"@type":"PropertyValueSpecification","valueRequired":true,"valueName":"search_term_string"}}],"inLanguage":"en-US"},{"@type":"Organization","@id":"https:\/\/altingenieria.mx\/#organization","name":"ALT Ingenier\u00eda","url":"https:\/\/altingenieria.mx\/","logo":{"@type":"ImageObject","inLanguage":"en-US","@id":"https:\/\/altingenieria.mx\/#\/schema\/logo\/image\/","url":"https:\/\/altingenieria.mx\/wp-content\/uploads\/2025\/12\/logo-alt-azul.png","contentUrl":"https:\/\/altingenieria.mx\/wp-content\/uploads\/2025\/12\/logo-alt-azul.png","width":367,"height":284,"caption":"ALT Ingenier\u00eda"},"image":{"@id":"https:\/\/altingenieria.mx\/#\/schema\/logo\/image\/"},"sameAs":["https:\/\/www.linkedin.com\/company\/altingenieria\/"]}]}},"_links":{"self":[{"href":"https:\/\/altingenieria.mx\/en\/wp-json\/wp\/v2\/pages\/5459","targetHints":{"allow":["GET"]}}],"collection":[{"href":"https:\/\/altingenieria.mx\/en\/wp-json\/wp\/v2\/pages"}],"about":[{"href":"https:\/\/altingenieria.mx\/en\/wp-json\/wp\/v2\/types\/page"}],"author":[{"embeddable":true,"href":"https:\/\/altingenieria.mx\/en\/wp-json\/wp\/v2\/users\/3"}],"replies":[{"embeddable":true,"href":"https:\/\/altingenieria.mx\/en\/wp-json\/wp\/v2\/comments?post=5459"}],"version-history":[{"count":2,"href":"https:\/\/altingenieria.mx\/en\/wp-json\/wp\/v2\/pages\/5459\/revisions"}],"predecessor-version":[{"id":10799,"href":"https:\/\/altingenieria.mx\/en\/wp-json\/wp\/v2\/pages\/5459\/revisions\/10799"}],"wp:attachment":[{"href":"https:\/\/altingenieria.mx\/en\/wp-json\/wp\/v2\/media?parent=5459"}],"curies":[{"name":"wp","href":"https:\/\/api.w.org\/{rel}","templated":true}]}}