{"id":5514,"date":"2019-06-11T22:53:31","date_gmt":"2019-06-11T22:53:31","guid":{"rendered":"http:\/\/altingenieria.com.mx\/?page_id=5514"},"modified":"2026-02-05T16:37:08","modified_gmt":"2026-02-05T22:37:08","slug":"16018-2","status":"publish","type":"page","link":"https:\/\/altingenieria.mx\/en\/16018-2\/","title":{"rendered":"Temperature analysis for automotive beams"},"content":{"rendered":"<div class=\"wpb-content-wrapper\"><div id=\"fws_69e3130255b8b\" class=\"vc_row wpb_row vc_row-fluid  animate_onoffset row-dynamic-el section-style     \" style=\"padding-bottom: 15px ; \" ><div  style=\"position: absolute;top: 0;\"><\/div><div class=\"container  dark\"><div class=\"section_clear\">\n\t<div class=\"vc_col-sm-12 wpb_column column_container \" style=\"\" data-animation=\"none\" data-delay=\"\">\n\t\t\t<div class=\"wpb_wrapper\">\n\t\t\t\t<div class=\"vc_row wpb_row vc_inner vc_row-fluid vc_row-o-equal-height vc_row-flex\"><div class=\"wpb_column vc_column_container vc_col-sm-8\"><div class=\"vc_column-inner\"><div class=\"wpb_wrapper\"><div class=\"wpb_content_element media_align_left media media_el animate_onoffset \"><div class=\"media_wrapper\" ><img decoding=\"async\" src=\"https:\/\/altingenieria.mx\/wp-content\/uploads\/2019\/07\/705X530-P16018-PROYECTO-PORTADA-.png\" alt=\"Alt Text\" class=\"type_image animated fadeInLeft alignment_left\" \/><\/div><\/div><\/div><\/div><\/div><div class=\"wpb_column vc_column_container vc_col-sm-4\"><div class=\"vc_column-inner\"><div class=\"wpb_wrapper\">\n\t<div class=\"wpb_text_column wpb_content_element \">\n\t\t<div class=\"wpb_wrapper\" >\n\t\t\t<p><strong>DESCRIPCI\u00d3N BREVE DEL PROYECTO<\/strong><\/p>\n<p style=\"text-align: justify;\">Sistema termogr\u00e1fico para adquisici\u00f3n de perfil de temperaturas en el proceso de templado de vigas para veh\u00edculos. Se lleva a cabo mediante un horno de inducci\u00f3n en el que la viga se va trasladando y simult\u00e1nemante desde el exterior del horno se adquieren im\u00e1genes termogr\u00e1ficas que son analizadas en tiempo real por el sistema y enviando los datos al PLC del horno para su realimentaci\u00f3n.<\/p>\n<p><strong><span style=\"font-size: 10pt;\">FECHA<br \/>\n<\/span><\/strong>Febrero 2017<\/p>\n<p><strong><span style=\"font-size: 10pt;\">CLIENTE<br \/>\n<\/span><\/strong>DITEK<\/p>\n\n\t\t<\/div> \n\t<\/div> <\/div><\/div><\/div><\/div>\n\t\t\t<\/div> \n\t<\/div> \n<\/div><\/div><\/div><div id=\"fws_69e31302574e5\" class=\"vc_row wpb_row vc_row-fluid  animate_onoffset row-dynamic-el standard_section     \" style=\"\" ><div  style=\"position: absolute;top: 0;\"><\/div><div class=\"container  dark\"><div class=\"section_clear\">\n\t<div class=\"vc_col-sm-6 wpb_column column_container vc_custom_1565625832177  vc_custom_1565625832177\" style=\"\" data-animation=\"none\" data-delay=\"\">\n\t\t\t<div class=\"wpb_wrapper\">\n\t\t\t\t\n\t<div class=\"wpb_text_column wpb_content_element  vc_custom_1565625842489\">\n\t\t<div class=\"wpb_wrapper\" >\n\t\t\t<div id=\"fws_5d498bca583a9\" class=\"vc_row wpb_row vc_row-fluid animate_onoffset row-dynamic-el standard_section \">\n<div class=\"container custom\">\n<div class=\"section_clear\">\n<div class=\"vc_col-sm-12 wpb_column column_container vc_custom_1565016720366 vc_custom_1565016720366\" data-animation=\"none\" data-delay=\"\">\n<div class=\"wpb_wrapper\">\n<div class=\"wpb_text_column wpb_content_element vc_custom_1565016773862\">\n<div class=\"wpb_wrapper\">\n<p style=\"text-align: justify;\"><span style=\"font-size: 14px;\">El sistema fue desarrollado para integrarse a un sistema existente de templado por inducci\u00f3n, consisti\u00f3 en llevar a cabo un dise\u00f1o Mec\u00e1nico para acoplar la c\u00e1mara termogr\u00e0fica evitando que la c\u00e1mara se afectara por las altas temperaturas que se alcanzan al interior del horno, por otra parte, el desarrollo del software en LabVIEW de an\u00e1lisis termogr\u00e1fico de acuerdo a las necesidades de esta aplicaci\u00f3n.<\/span><\/p>\n<p>&nbsp;<\/p>\n<p style=\"text-align: justify;\"><span style=\"font-size: 14px;\">Las im\u00e1genes termogr\u00e1ficas obtenidas con la c\u00e1mara FLIR, proveen al Software de an\u00e1lisis la informaci\u00f3n necesaria para llevar a cabo, c\u00e1lculos aritm\u00e9ticos, alarmas de proceso, registro de datos, guardado de secuencia de im\u00e1genes y env\u00edo de resultados al PLC de control del horno.<\/span><\/p>\n<p>&nbsp;\n<\/p><\/div>\n<\/div>\n<\/div>\n<\/div>\n<\/div>\n<\/div>\n<\/div>\n\n\t\t<\/div> \n\t<\/div> \n\t\t\t<\/div> \n\t<\/div> \n\n\t<div class=\"vc_col-sm-6 wpb_column column_container vc_custom_1565625731350  vc_custom_1565625731350\" style=\"\" data-animation=\"none\" data-delay=\"\">\n\t\t\t<div class=\"wpb_wrapper\">\n\t\t\t\t<div class=\"vc_row wpb_row vc_inner vc_row-fluid vc_custom_1565115942659 vc_row-has-fill vc_row-o-content-top vc_row-flex\"><div class=\"wpb_column vc_column_container vc_col-sm-12 vc_col-has-fill\"><div class=\"vc_column-inner vc_custom_1565115950018\"><div class=\"wpb_wrapper\"><div class=\"vc_custom_heading vc_custom_1565625726890 wpb_content_element\" ><h2 style=\"font-size: 18px;text-align: left\" >Necesidad<\/h2><\/div>\n\t<div class=\"wpb_text_column wpb_content_element  vc_custom_1565625360528\">\n\t\t<div class=\"wpb_wrapper\" >\n\t\t\t<p style=\"text-align: justify;\"><span style=\"font-size: 13px; color: #000000;\">Comprobar que el proceso de templado se realiza de manera uniforme en las zonas de inter\u00e9s del cliente, realizar registro de datos en base de datos y guardado de im\u00e1genes.<\/span><\/p>\n\n\t\t<\/div> \n\t<\/div> <div class=\"vc_custom_heading vc_custom_1565115994054 wpb_content_element\" ><h2 style=\"font-size: 18px;text-align: left\" >Soluci\u00f3n<\/h2><\/div>\n\t<div class=\"wpb_text_column wpb_content_element  vc_custom_1565627398962\">\n\t\t<div class=\"wpb_wrapper\" >\n\t\t\t<p style=\"font-size: 13px; text-align: justify;\"><span style=\"font-size: 13px; color: #000000;\">Desarrollar un software de an\u00e1lisis termogr\u00e1fico a la medida, e integrar el hardware necesario a una m\u00e1quina existente sin interferir en su funcionalidad, logrando mediciones sin contacto, en tiempo real y precisas.<\/span><\/p>\n\n\t\t<\/div> \n\t<\/div> <\/div><\/div><\/div><\/div>\n\t\t\t<\/div> \n\t<\/div> \n<\/div><\/div><\/div><div id=\"fws_69e3130258a7a\" class=\"vc_row wpb_row vc_row-fluid  animate_onoffset row-dynamic-el standard_section     \" style=\"\" ><div  style=\"position: absolute;top: 0;\"><\/div><div class=\"container  dark\"><div class=\"section_clear\">\n\t<div class=\"vc_col-sm-12 wpb_column column_container vc_custom_1565295743699  vc_custom_1565295743699\" style=\"\" data-animation=\"none\" data-delay=\"\">\n\t\t\t<div class=\"wpb_wrapper\">\n\t\t\t\t<div class=\"wpb_gallery wpb_content_element vc_clearfix wpb_content_element\" ><div class=\"wpb_wrapper\"><div class=\"wpb_gallery_slides wpb_image_grid\" data-interval=\"3\"><ul class=\"wpb_image_grid_ul\"><li class=\"isotope-item\"><a class=\"\" href=\"https:\/\/altingenieria.mx\/wp-content\/uploads\/2019\/06\/metalsa-screen-2.jpg\" data-lightbox=\"lightbox[rel-5514-1084358541]\"><img loading=\"lazy\" decoding=\"async\" width=\"150\" height=\"150\" src=\"https:\/\/altingenieria.mx\/wp-content\/uploads\/2019\/06\/metalsa-screen-2-150x150.jpg\" class=\"attachment-thumbnail\" alt=\"\" title=\"metalsa screen 2\" srcset=\"https:\/\/altingenieria.mx\/wp-content\/uploads\/2019\/06\/metalsa-screen-2-150x150.jpg 150w, https:\/\/altingenieria.mx\/wp-content\/uploads\/2019\/06\/metalsa-screen-2-600x600.jpg 600w, https:\/\/altingenieria.mx\/wp-content\/uploads\/2019\/06\/metalsa-screen-2-350x350.jpg 350w\" sizes=\"auto, (max-width: 150px) 100vw, 150px\" \/><\/a><\/li><li class=\"isotope-item\"><a class=\"\" href=\"https:\/\/altingenieria.mx\/wp-content\/uploads\/2019\/06\/metalsa-ventana-principal-imagen-sin-pieza-1024x768.jpg\" data-lightbox=\"lightbox[rel-5514-1084358541]\"><img loading=\"lazy\" decoding=\"async\" width=\"150\" height=\"150\" src=\"https:\/\/altingenieria.mx\/wp-content\/uploads\/2019\/06\/metalsa-ventana-principal-imagen-sin-pieza-150x150.jpg\" class=\"attachment-thumbnail\" alt=\"\" title=\"metalsa - ventana principal - imagen - sin pieza\" srcset=\"https:\/\/altingenieria.mx\/wp-content\/uploads\/2019\/06\/metalsa-ventana-principal-imagen-sin-pieza-150x150.jpg 150w, https:\/\/altingenieria.mx\/wp-content\/uploads\/2019\/06\/metalsa-ventana-principal-imagen-sin-pieza-600x600.jpg 600w, https:\/\/altingenieria.mx\/wp-content\/uploads\/2019\/06\/metalsa-ventana-principal-imagen-sin-pieza-350x350.jpg 350w\" sizes=\"auto, (max-width: 150px) 100vw, 150px\" \/><\/a><\/li><li class=\"isotope-item\"><a class=\"\" href=\"https:\/\/altingenieria.mx\/wp-content\/uploads\/2019\/06\/20180219_095709-1024x768.jpg\" data-lightbox=\"lightbox[rel-5514-1084358541]\"><img loading=\"lazy\" decoding=\"async\" width=\"150\" height=\"150\" src=\"https:\/\/altingenieria.mx\/wp-content\/uploads\/2019\/06\/20180219_095709-150x150.jpg\" class=\"attachment-thumbnail\" alt=\"\" title=\"20180219_095709\" srcset=\"https:\/\/altingenieria.mx\/wp-content\/uploads\/2019\/06\/20180219_095709-150x150.jpg 150w, https:\/\/altingenieria.mx\/wp-content\/uploads\/2019\/06\/20180219_095709-600x600.jpg 600w, https:\/\/altingenieria.mx\/wp-content\/uploads\/2019\/06\/20180219_095709-350x350.jpg 350w\" sizes=\"auto, (max-width: 150px) 100vw, 150px\" \/><\/a><\/li><li class=\"isotope-item\"><a class=\"\" href=\"https:\/\/altingenieria.mx\/wp-content\/uploads\/2019\/08\/20170223_181119-e1565625825111-576x1024.jpg\" data-lightbox=\"lightbox[rel-5514-1084358541]\"><img loading=\"lazy\" decoding=\"async\" width=\"150\" height=\"150\" src=\"https:\/\/altingenieria.mx\/wp-content\/uploads\/2019\/08\/20170223_181119-e1565625825111-150x150.jpg\" class=\"attachment-thumbnail\" alt=\"\" title=\"20170223_181119\" srcset=\"https:\/\/altingenieria.mx\/wp-content\/uploads\/2019\/08\/20170223_181119-e1565625825111-150x150.jpg 150w, https:\/\/altingenieria.mx\/wp-content\/uploads\/2019\/08\/20170223_181119-e1565625825111-600x600.jpg 600w, https:\/\/altingenieria.mx\/wp-content\/uploads\/2019\/08\/20170223_181119-e1565625825111-350x350.jpg 350w\" sizes=\"auto, (max-width: 150px) 100vw, 150px\" \/><\/a><\/li><li class=\"isotope-item\"><a class=\"\" href=\"https:\/\/altingenieria.mx\/wp-content\/uploads\/2019\/08\/20170223_181028-e1565625860555-576x1024.jpg\" data-lightbox=\"lightbox[rel-5514-1084358541]\"><img loading=\"lazy\" decoding=\"async\" width=\"150\" height=\"150\" src=\"https:\/\/altingenieria.mx\/wp-content\/uploads\/2019\/08\/20170223_181028-e1565625860555-150x150.jpg\" class=\"attachment-thumbnail\" alt=\"\" title=\"20170223_181028\" srcset=\"https:\/\/altingenieria.mx\/wp-content\/uploads\/2019\/08\/20170223_181028-e1565625860555-150x150.jpg 150w, https:\/\/altingenieria.mx\/wp-content\/uploads\/2019\/08\/20170223_181028-e1565625860555-600x600.jpg 600w, https:\/\/altingenieria.mx\/wp-content\/uploads\/2019\/08\/20170223_181028-e1565625860555-350x350.jpg 350w\" sizes=\"auto, (max-width: 150px) 100vw, 150px\" \/><\/a><\/li><\/ul><\/div><\/div><\/div>\n\t\t\t<\/div> \n\t<\/div> \n<\/div><\/div><\/div><div id=\"fws_69e313025ace9\" class=\"vc_row wpb_row vc_row-fluid  animate_onoffset row-dynamic-el standard_section     \" style=\"\" ><div  style=\"position: absolute;top: 0;\"><\/div><div class=\"container  dark\"><div class=\"section_clear\">\n\t<div class=\"vc_col-sm-12 wpb_column column_container \" style=\"\" data-animation=\"none\" data-delay=\"\">\n\t\t\t<div class=\"wpb_wrapper\">\n\t\t\t\t\n\t<div class=\"wpb_text_column wpb_content_element \">\n\t\t<div class=\"wpb_wrapper\" >\n\t\t\t<p style=\"text-align: justify;\"><span style=\"font-size: 14px;\">Enviar los resultados del an\u00e1lisis termogr\u00e1fico al PLC de control del horno de inducci\u00f3n es una parte fundamental, por ello la elecci\u00f3n de un protocolo de comunicaci\u00f3n industrial entre ambos sistemas es una de las claves de este proyecto, logrando enviar y recibir datos en tiempo real para un control preciso del sistema de templado.<\/span><\/p>\n\n\t\t<\/div> \n\t<\/div> \n\t\t\t<\/div> \n\t<\/div> \n<\/div><\/div><\/div>\n<\/div>","protected":false},"excerpt":{"rendered":"DESCRIPCI\u00d3N BREVE DEL PROYECTO Sistema termogr\u00e1fico para adquisici\u00f3n de perfil de temperaturas en el proceso de templado de vigas para veh\u00edculos. Se lleva a cabo mediante un horno de inducci\u00f3n en el que la viga se va trasladando y simult\u00e1nemante desde el exterior del horno se adquieren im\u00e1genes termogr\u00e1ficas que son analizadas en tiempo real [...]","protected":false},"author":3,"featured_media":0,"parent":0,"menu_order":42,"comment_status":"open","ping_status":"closed","template":"","meta":{"_joinchat":[],"footnotes":""},"class_list":["post-5514","page","type-page","status-publish","hentry"],"yoast_head":"<!-- This site is optimized with the Yoast SEO plugin v27.4 - https:\/\/yoast.com\/product\/yoast-seo-wordpress\/ -->\n<title>An\u00e1lisis de temperatura para vigas automotrices - ALT Ingenier\u00eda<\/title>\n<meta name=\"description\" content=\"Sistema termogr\u00e1fico para an\u00e1lisis de temperatura en vigas automotrices durante el templado por inducci\u00f3n, integraci\u00f3n PLC y monitoreo t\u00e9rmico en tiempo real.\" \/>\n<meta name=\"robots\" content=\"index, follow, max-snippet:-1, max-image-preview:large, max-video-preview:-1\" \/>\n<link rel=\"canonical\" href=\"https:\/\/altingenieria.mx\/en\/16018-2\/\" \/>\n<meta property=\"og:locale\" content=\"en_US\" \/>\n<meta property=\"og:type\" content=\"article\" \/>\n<meta property=\"og:title\" content=\"An\u00e1lisis de temperatura para vigas automotrices - ALT Ingenier\u00eda\" \/>\n<meta property=\"og:description\" content=\"Sistema termogr\u00e1fico para an\u00e1lisis de temperatura en vigas automotrices durante el templado por inducci\u00f3n, integraci\u00f3n PLC y monitoreo t\u00e9rmico en tiempo real.\" \/>\n<meta property=\"og:url\" content=\"https:\/\/altingenieria.mx\/en\/16018-2\/\" \/>\n<meta property=\"og:site_name\" content=\"ALT Ingenier\u00eda\" \/>\n<meta property=\"article:modified_time\" content=\"2026-02-05T22:37:08+00:00\" \/>\n<meta property=\"og:image\" content=\"https:\/\/altingenieria.mx\/wp-content\/uploads\/2025\/12\/logo-alt-azul.png\" \/>\n\t<meta property=\"og:image:width\" content=\"367\" \/>\n\t<meta property=\"og:image:height\" content=\"284\" \/>\n\t<meta property=\"og:image:type\" content=\"image\/png\" \/>\n<meta name=\"twitter:card\" content=\"summary_large_image\" \/>\n<meta name=\"twitter:label1\" content=\"Est. reading time\" \/>\n\t<meta name=\"twitter:data1\" content=\"3 minutes\" \/>\n<script type=\"application\/ld+json\" class=\"yoast-schema-graph\">{\"@context\":\"https:\\\/\\\/schema.org\",\"@graph\":[{\"@type\":\"WebPage\",\"@id\":\"https:\\\/\\\/altingenieria.mx\\\/16018-2\\\/\",\"url\":\"https:\\\/\\\/altingenieria.mx\\\/16018-2\\\/\",\"name\":\"An\u00e1lisis de temperatura para vigas automotrices - ALT Ingenier\u00eda\",\"isPartOf\":{\"@id\":\"https:\\\/\\\/altingenieria.mx\\\/#website\"},\"datePublished\":\"2019-06-11T22:53:31+00:00\",\"dateModified\":\"2026-02-05T22:37:08+00:00\",\"description\":\"Sistema termogr\u00e1fico para an\u00e1lisis de temperatura en vigas automotrices durante el templado por inducci\u00f3n, integraci\u00f3n PLC y monitoreo t\u00e9rmico en tiempo real.\",\"breadcrumb\":{\"@id\":\"https:\\\/\\\/altingenieria.mx\\\/16018-2\\\/#breadcrumb\"},\"inLanguage\":\"en-US\",\"potentialAction\":[{\"@type\":\"ReadAction\",\"target\":[\"https:\\\/\\\/altingenieria.mx\\\/16018-2\\\/\"]}]},{\"@type\":\"BreadcrumbList\",\"@id\":\"https:\\\/\\\/altingenieria.mx\\\/16018-2\\\/#breadcrumb\",\"itemListElement\":[{\"@type\":\"ListItem\",\"position\":1,\"name\":\"Home\",\"item\":\"https:\\\/\\\/altingenieria.mx\\\/\"},{\"@type\":\"ListItem\",\"position\":2,\"name\":\"An\u00e1lisis de temperatura para vigas automotrices\"}]},{\"@type\":\"WebSite\",\"@id\":\"https:\\\/\\\/altingenieria.mx\\\/#website\",\"url\":\"https:\\\/\\\/altingenieria.mx\\\/\",\"name\":\"ALT Ingenier\u00eda\",\"description\":\"Ingenier\u00eda a la medida\",\"publisher\":{\"@id\":\"https:\\\/\\\/altingenieria.mx\\\/#organization\"},\"potentialAction\":[{\"@type\":\"SearchAction\",\"target\":{\"@type\":\"EntryPoint\",\"urlTemplate\":\"https:\\\/\\\/altingenieria.mx\\\/?s={search_term_string}\"},\"query-input\":{\"@type\":\"PropertyValueSpecification\",\"valueRequired\":true,\"valueName\":\"search_term_string\"}}],\"inLanguage\":\"en-US\"},{\"@type\":\"Organization\",\"@id\":\"https:\\\/\\\/altingenieria.mx\\\/#organization\",\"name\":\"ALT Ingenier\u00eda\",\"url\":\"https:\\\/\\\/altingenieria.mx\\\/\",\"logo\":{\"@type\":\"ImageObject\",\"inLanguage\":\"en-US\",\"@id\":\"https:\\\/\\\/altingenieria.mx\\\/#\\\/schema\\\/logo\\\/image\\\/\",\"url\":\"https:\\\/\\\/altingenieria.mx\\\/wp-content\\\/uploads\\\/2025\\\/12\\\/logo-alt-azul.png\",\"contentUrl\":\"https:\\\/\\\/altingenieria.mx\\\/wp-content\\\/uploads\\\/2025\\\/12\\\/logo-alt-azul.png\",\"width\":367,\"height\":284,\"caption\":\"ALT Ingenier\u00eda\"},\"image\":{\"@id\":\"https:\\\/\\\/altingenieria.mx\\\/#\\\/schema\\\/logo\\\/image\\\/\"},\"sameAs\":[\"https:\\\/\\\/www.linkedin.com\\\/company\\\/altingenieria\\\/\"]}]}<\/script>\n<!-- \/ Yoast SEO plugin. -->","yoast_head_json":{"title":"An\u00e1lisis de temperatura para vigas automotrices - ALT Ingenier\u00eda","description":"Sistema termogr\u00e1fico para an\u00e1lisis de temperatura en vigas automotrices durante el templado por inducci\u00f3n, integraci\u00f3n PLC y monitoreo t\u00e9rmico en tiempo real.","robots":{"index":"index","follow":"follow","max-snippet":"max-snippet:-1","max-image-preview":"max-image-preview:large","max-video-preview":"max-video-preview:-1"},"canonical":"https:\/\/altingenieria.mx\/en\/16018-2\/","og_locale":"en_US","og_type":"article","og_title":"An\u00e1lisis de temperatura para vigas automotrices - ALT Ingenier\u00eda","og_description":"Sistema termogr\u00e1fico para an\u00e1lisis de temperatura en vigas automotrices durante el templado por inducci\u00f3n, integraci\u00f3n PLC y monitoreo t\u00e9rmico en tiempo real.","og_url":"https:\/\/altingenieria.mx\/en\/16018-2\/","og_site_name":"ALT Ingenier\u00eda","article_modified_time":"2026-02-05T22:37:08+00:00","og_image":[{"width":367,"height":284,"url":"https:\/\/altingenieria.mx\/wp-content\/uploads\/2025\/12\/logo-alt-azul.png","type":"image\/png"}],"twitter_card":"summary_large_image","twitter_misc":{"Est. reading time":"3 minutes"},"schema":{"@context":"https:\/\/schema.org","@graph":[{"@type":"WebPage","@id":"https:\/\/altingenieria.mx\/16018-2\/","url":"https:\/\/altingenieria.mx\/16018-2\/","name":"An\u00e1lisis de temperatura para vigas automotrices - ALT Ingenier\u00eda","isPartOf":{"@id":"https:\/\/altingenieria.mx\/#website"},"datePublished":"2019-06-11T22:53:31+00:00","dateModified":"2026-02-05T22:37:08+00:00","description":"Sistema termogr\u00e1fico para an\u00e1lisis de temperatura en vigas automotrices durante el templado por inducci\u00f3n, integraci\u00f3n PLC y monitoreo t\u00e9rmico en tiempo real.","breadcrumb":{"@id":"https:\/\/altingenieria.mx\/16018-2\/#breadcrumb"},"inLanguage":"en-US","potentialAction":[{"@type":"ReadAction","target":["https:\/\/altingenieria.mx\/16018-2\/"]}]},{"@type":"BreadcrumbList","@id":"https:\/\/altingenieria.mx\/16018-2\/#breadcrumb","itemListElement":[{"@type":"ListItem","position":1,"name":"Home","item":"https:\/\/altingenieria.mx\/"},{"@type":"ListItem","position":2,"name":"An\u00e1lisis de temperatura para vigas automotrices"}]},{"@type":"WebSite","@id":"https:\/\/altingenieria.mx\/#website","url":"https:\/\/altingenieria.mx\/","name":"ALT Ingenier\u00eda","description":"Custom Engineering","publisher":{"@id":"https:\/\/altingenieria.mx\/#organization"},"potentialAction":[{"@type":"SearchAction","target":{"@type":"EntryPoint","urlTemplate":"https:\/\/altingenieria.mx\/?s={search_term_string}"},"query-input":{"@type":"PropertyValueSpecification","valueRequired":true,"valueName":"search_term_string"}}],"inLanguage":"en-US"},{"@type":"Organization","@id":"https:\/\/altingenieria.mx\/#organization","name":"ALT Ingenier\u00eda","url":"https:\/\/altingenieria.mx\/","logo":{"@type":"ImageObject","inLanguage":"en-US","@id":"https:\/\/altingenieria.mx\/#\/schema\/logo\/image\/","url":"https:\/\/altingenieria.mx\/wp-content\/uploads\/2025\/12\/logo-alt-azul.png","contentUrl":"https:\/\/altingenieria.mx\/wp-content\/uploads\/2025\/12\/logo-alt-azul.png","width":367,"height":284,"caption":"ALT Ingenier\u00eda"},"image":{"@id":"https:\/\/altingenieria.mx\/#\/schema\/logo\/image\/"},"sameAs":["https:\/\/www.linkedin.com\/company\/altingenieria\/"]}]}},"_links":{"self":[{"href":"https:\/\/altingenieria.mx\/en\/wp-json\/wp\/v2\/pages\/5514","targetHints":{"allow":["GET"]}}],"collection":[{"href":"https:\/\/altingenieria.mx\/en\/wp-json\/wp\/v2\/pages"}],"about":[{"href":"https:\/\/altingenieria.mx\/en\/wp-json\/wp\/v2\/types\/page"}],"author":[{"embeddable":true,"href":"https:\/\/altingenieria.mx\/en\/wp-json\/wp\/v2\/users\/3"}],"replies":[{"embeddable":true,"href":"https:\/\/altingenieria.mx\/en\/wp-json\/wp\/v2\/comments?post=5514"}],"version-history":[{"count":1,"href":"https:\/\/altingenieria.mx\/en\/wp-json\/wp\/v2\/pages\/5514\/revisions"}],"predecessor-version":[{"id":10144,"href":"https:\/\/altingenieria.mx\/en\/wp-json\/wp\/v2\/pages\/5514\/revisions\/10144"}],"wp:attachment":[{"href":"https:\/\/altingenieria.mx\/en\/wp-json\/wp\/v2\/media?parent=5514"}],"curies":[{"name":"wp","href":"https:\/\/api.w.org\/{rel}","templated":true}]}}