{"id":5732,"date":"2019-06-12T18:01:43","date_gmt":"2019-06-12T23:01:43","guid":{"rendered":"http:\/\/altingenieria.com.mx\/?page_id=5732"},"modified":"2026-02-05T16:55:33","modified_gmt":"2026-02-05T22:55:33","slug":"16028-3","status":"publish","type":"page","link":"https:\/\/altingenieria.mx\/en\/16028-3\/","title":{"rendered":"Bluetooth oximeter with TENS function"},"content":{"rendered":"<div class=\"wpb-content-wrapper\"><div id=\"fws_69e5aac897258\" class=\"vc_row wpb_row vc_row-fluid  animate_onoffset row-dynamic-el section-style     \" style=\"padding-bottom: 20px ; \" ><div  style=\"position: absolute;top: 0;\"><\/div><div class=\"container  dark\"><div class=\"section_clear\">\n\t<div class=\"vc_col-sm-12 wpb_column column_container \" style=\"\" data-animation=\"none\" data-delay=\"\">\n\t\t\t<div class=\"wpb_wrapper\">\n\t\t\t\t<div class=\"vc_row wpb_row vc_inner vc_row-fluid vc_row-o-equal-height vc_row-flex\"><div class=\"wpb_column vc_column_container vc_col-sm-8\"><div class=\"vc_column-inner vc_custom_1565016585365\"><div class=\"wpb_wrapper\"><div class=\"wpb_content_element media_align_left media media_el animate_onoffset \"><div class=\"media_wrapper\" ><img decoding=\"async\" src=\"https:\/\/altingenieria.mx\/wp-content\/uploads\/2019\/06\/20170607_092629.jpg\" alt=\"Alt Text\" class=\"type_image animated fadeInLeft alignment_left\" \/><\/div><\/div><\/div><\/div><\/div><div class=\"wpb_column vc_column_container vc_col-sm-4\"><div class=\"vc_column-inner vc_custom_1565016593318\"><div class=\"wpb_wrapper\">\n\t<div class=\"wpb_text_column wpb_content_element \">\n\t\t<div class=\"wpb_wrapper\" >\n\t\t\t<p><strong>DESCRIPCI\u00d3N BREVE DEL PROYECTO<\/strong><\/p>\n<p style=\"text-align: justify;\">Wearable para medici\u00f3n y registro de pulso card\u00edaco y saturaci\u00f3n de ox\u00edgeno en sangre. Niveles de alarma, configuraci\u00f3n y registro de datos a trav\u00e9s de su app.<\/p>\n<p><strong><span style=\"font-size: 10pt;\">FECHA<br \/>\n<\/span><\/strong>Junio 2017<\/p>\n<p><strong><span style=\"font-size: 10pt;\">CLIENTE<br \/>\n<\/span><\/strong>CONFIDENCIAL<\/p>\n\n\t\t<\/div> \n\t<\/div> <\/div><\/div><\/div><\/div>\n\t\t\t<\/div> \n\t<\/div> \n<\/div><\/div><\/div><div id=\"fws_69e5aac898d01\" class=\"vc_row wpb_row vc_row-fluid  animate_onoffset row-dynamic-el standard_section     \" style=\"\" ><div  style=\"position: absolute;top: 0;\"><\/div><div class=\"container  dark\"><div class=\"section_clear\">\n\t<div class=\"vc_col-sm-6 wpb_column column_container vc_custom_1565294372841  vc_custom_1565294372841\" style=\"\" data-animation=\"none\" data-delay=\"\">\n\t\t\t<div class=\"wpb_wrapper\">\n\t\t\t\t\n\t<div class=\"wpb_text_column wpb_content_element  vc_custom_1644941839354\">\n\t\t<div class=\"wpb_wrapper\" >\n\t\t\t<div id=\"fws_5d498bca583a9\" class=\"vc_row wpb_row vc_row-fluid animate_onoffset row-dynamic-el standard_section \">\n<div class=\"container custom\">\n<div class=\"section_clear\">\n<div class=\"vc_col-sm-12 wpb_column column_container vc_custom_1565016720366 vc_custom_1565016720366\" data-animation=\"none\" data-delay=\"\">\n<div class=\"wpb_wrapper\">\n<div class=\"wpb_text_column wpb_content_element vc_custom_1565016773862\">\n<div class=\"wpb_wrapper\">\n<p style=\"text-align: justify;\"><span style=\"font-size: 14px;\">Existen ox\u00edmetros en el mercado orientados a la toma de mediciones en ocasiones puntuales. Situaciones en las que un m\u00e9dico necesita conocer la saturaci\u00f3n de ox\u00edgeno en sangre y el ritmo card\u00edaco en un momento concreto. Sin embargo, este ox\u00edmetro est\u00e1 orientado a la mejora de la apnea del sue\u00f1o y se utiliza como\u00a0<em>wearable<\/em>, para llevarlo puesto durante varias horas.<\/span><\/p>\n<p>&nbsp;<\/p>\n<p style=\"text-align: justify;\"><span style=\"font-size: 14.5px;\">Est\u00e1 dotado de una memoria que registra todas las mediciones y las transfiere al tel\u00e9fono m\u00f3vil por Bluetooth para su consulta posterior. Adem\u00e1s, es capaz de proporcionar un est\u00edmulo el\u00e9ctrico a la piel a trav\u00e9s de sus electrodos, cuando se detecta una situaci\u00f3n de oxigenaci\u00f3n o pulso fuera de l\u00edmites.<\/span><\/p>\n<p>&nbsp;<\/p>\n<\/div>\n<\/div>\n<\/div>\n<\/div>\n<\/div>\n<\/div>\n<\/div>\n\n\t\t<\/div> \n\t<\/div> \n\t\t\t<\/div> \n\t<\/div> \n\n\t<div class=\"vc_col-sm-6 wpb_column column_container vc_custom_1565294379491  vc_custom_1565294379491\" style=\"\" data-animation=\"none\" data-delay=\"\">\n\t\t\t<div class=\"wpb_wrapper\">\n\t\t\t\t<div class=\"vc_row wpb_row vc_inner vc_row-fluid vc_custom_1565121712014 vc_row-has-fill vc_row-o-content-top vc_row-flex\"><div class=\"wpb_column vc_column_container vc_col-sm-12 vc_col-has-fill\"><div class=\"vc_column-inner vc_custom_1565296625489\"><div class=\"wpb_wrapper\"><div class=\"vc_custom_heading vc_custom_1565121983899 wpb_content_element\" ><h2 style=\"font-size: 18px;text-align: left\" >Necesidad<\/h2><\/div>\n\t<div class=\"wpb_text_column wpb_content_element  vc_custom_1565121996075\">\n\t\t<div class=\"wpb_wrapper\" >\n\t\t\t<p style=\"text-align: justify;\"><span style=\"font-size: 13px; color: #000000;\">Ayudar a reducir los problemas de apnea del sue\u00f1o. En la fecha en la que se inici\u00f3 este proyecto, ya exist\u00edan otros dispositivos m\u00e9dicos para este prop\u00f3sito en el mercado, sin embargo, de car\u00e1cter invasivo. Se necesitaba un nuevo concepto c\u00f3modo de usar y sin la necesidad de someterse a una cirug\u00eda.<\/span><\/p>\n\n\t\t<\/div> \n\t<\/div> <div class=\"vc_custom_heading vc_custom_1565122006893 wpb_content_element\" ><h2 style=\"font-size: 18px;text-align: left\" >Soluci\u00f3n<\/h2><\/div>\n\t<div class=\"wpb_text_column wpb_content_element  vc_custom_1565122023099\">\n\t\t<div class=\"wpb_wrapper\" >\n\t\t\t<p style=\"font-size: 13px; text-align: justify;\"><span style=\"font-size: 13px; color: #000000;\">Utilizaci\u00f3n de un sensor de saturaci\u00f3n de ox\u00edgeno en sangre y pulso card\u00edaco y un est\u00edmulo el\u00e9ctrico de alto voltaje en un mismo dispositivo wearable.<\/span><\/p>\n\n\t\t<\/div> \n\t<\/div> <\/div><\/div><\/div><\/div>\n\t\t\t<\/div> \n\t<\/div> \n<\/div><\/div><\/div><div id=\"fws_69e5aac89a508\" class=\"vc_row wpb_row vc_row-fluid  animate_onoffset row-dynamic-el standard_section     \" style=\"\" ><div  style=\"position: absolute;top: 0;\"><\/div><div class=\"container  dark\"><div class=\"section_clear\">\n\t<div class=\"vc_col-sm-12 vc_hidden-lg vc_hidden-md vc_hidden-sm wpb_column column_container \" style=\"\" data-animation=\"none\" data-delay=\"\">\n\t\t\t<div class=\"wpb_wrapper\">\n\t\t\t\t<div class=\"vc_row wpb_row vc_inner vc_row-fluid vc_row-o-equal-height vc_row-o-content-top vc_row-flex\"><div class=\"wpb_column vc_column_container vc_col-sm-6 vc_col-xs-6 vc_col-has-fill\"><div class=\"vc_column-inner vc_custom_1563996070185\"><div class=\"wpb_wrapper\"><div class=\"wpb_content_element media_align_left media media_el animate_onoffset \"><div class=\"media_wrapper\" ><img decoding=\"async\" src=\"https:\/\/altingenieria.mx\/wp-content\/uploads\/2019\/06\/IMG-20170607-WA0008.jpg\" alt=\"Alt Text\" class=\"type_image animated fadeInLeft alignment_left\" \/><\/div><\/div><\/div><\/div><\/div><div class=\"wpb_column vc_column_container vc_col-sm-6 vc_col-xs-6 vc_col-has-fill\"><div class=\"vc_column-inner vc_custom_1563996049769\"><div class=\"wpb_wrapper\"><div class=\"wpb_content_element media_align_left media media_el animate_onoffset \"><div class=\"media_wrapper\" ><img decoding=\"async\" src=\"https:\/\/altingenieria.mx\/wp-content\/uploads\/2019\/06\/20170518_154531-1-e1561414118971.jpg\" alt=\"Alt Text\" class=\"type_image animated fadeInLeft alignment_left\" \/><\/div><\/div><\/div><\/div><\/div><\/div><div class=\"vc_row wpb_row vc_inner vc_row-fluid vc_row-o-equal-height vc_row-o-content-top vc_row-flex\"><div class=\"wpb_column vc_column_container vc_col-sm-4 vc_col-xs-4 vc_col-has-fill\"><div class=\"vc_column-inner vc_custom_1564162456043\"><div class=\"wpb_wrapper\"><div class=\"wpb_content_element media_align_left media media_el animate_onoffset \"><div class=\"media_wrapper\" ><img decoding=\"async\" src=\"https:\/\/altingenieria.mx\/wp-content\/uploads\/2019\/06\/20170518_153950-1-e1561414187985.jpg\" alt=\"Alt Text\" class=\"type_image animated fadeInLeft alignment_left\" \/><\/div><\/div><\/div><\/div><\/div><div class=\"wpb_column vc_column_container vc_col-sm-4 vc_col-xs-4 vc_col-has-fill\"><div class=\"vc_column-inner vc_custom_1564162468907\"><div class=\"wpb_wrapper\"><div class=\"wpb_content_element media_align_left media media_el animate_onoffset \"><div class=\"media_wrapper\" ><img decoding=\"async\" src=\"https:\/\/altingenieria.mx\/wp-content\/uploads\/2019\/06\/20170518_124214-1-e1561414244703.jpg\" alt=\"Alt Text\" class=\"type_image animated fadeInLeft alignment_left\" \/><\/div><\/div><\/div><\/div><\/div><div class=\"wpb_column vc_column_container vc_col-sm-4 vc_col-xs-4 vc_col-has-fill\"><div class=\"vc_column-inner vc_custom_1564162484068\"><div class=\"wpb_wrapper\"><div class=\"wpb_content_element media_align_left media media_el animate_onoffset \"><div class=\"media_wrapper\" ><img decoding=\"async\" src=\"https:\/\/altingenieria.mx\/wp-content\/uploads\/2019\/06\/20170518_124253-1-e1561414295740.jpg\" alt=\"Alt Text\" class=\"type_image animated fadeInLeft alignment_left\" \/><\/div><\/div><\/div><\/div><\/div><\/div>\n\t\t\t<\/div> \n\t<\/div> \n<\/div><\/div><\/div><div id=\"fws_69e5aac89d81c\" class=\"vc_row wpb_row vc_row-fluid  animate_onoffset row-dynamic-el standard_section     \" style=\"padding-top: 0px ; \" ><div  style=\"position: absolute;top: 0;\"><\/div><div class=\"container  dark\"><div class=\"section_clear\">\n\t<div class=\"vc_col-sm-12 vc_hidden-xs wpb_column column_container vc_custom_1565621766033  vc_custom_1565621766033\" style=\"\" data-animation=\"none\" data-delay=\"\">\n\t\t\t<div class=\"wpb_wrapper\">\n\t\t\t\t<div class=\"wpb_gallery wpb_content_element vc_clearfix vc_custom_1565387484481 wpb_content_element\" ><div class=\"wpb_wrapper\"><div class=\"wpb_gallery_slides wpb_image_grid\" data-interval=\"3\"><ul class=\"wpb_image_grid_ul\"><li class=\"isotope-item\"><a class=\"\" href=\"https:\/\/altingenieria.mx\/wp-content\/uploads\/2019\/06\/IMG-20170607-WA0008-1024x719.jpg\" data-lightbox=\"lightbox[rel-5732-154181090]\"><img loading=\"lazy\" decoding=\"async\" width=\"150\" height=\"150\" src=\"https:\/\/altingenieria.mx\/wp-content\/uploads\/2019\/06\/IMG-20170607-WA0008-150x150.jpg\" class=\"attachment-thumbnail\" alt=\"\" title=\"IMG-20170607-WA0008\" srcset=\"https:\/\/altingenieria.mx\/wp-content\/uploads\/2019\/06\/IMG-20170607-WA0008-150x150.jpg 150w, https:\/\/altingenieria.mx\/wp-content\/uploads\/2019\/06\/IMG-20170607-WA0008-600x600.jpg 600w, https:\/\/altingenieria.mx\/wp-content\/uploads\/2019\/06\/IMG-20170607-WA0008-350x350.jpg 350w\" sizes=\"auto, (max-width: 150px) 100vw, 150px\" \/><\/a><\/li><li class=\"isotope-item\"><a class=\"\" href=\"https:\/\/altingenieria.mx\/wp-content\/uploads\/2019\/06\/20170518_154531-1-e1561414118971-1024x808.jpg\" data-lightbox=\"lightbox[rel-5732-154181090]\"><img loading=\"lazy\" decoding=\"async\" width=\"150\" height=\"150\" src=\"https:\/\/altingenieria.mx\/wp-content\/uploads\/2019\/06\/20170518_154531-1-e1561414118971-150x150.jpg\" class=\"attachment-thumbnail\" alt=\"\" title=\"20170518_154531\" srcset=\"https:\/\/altingenieria.mx\/wp-content\/uploads\/2019\/06\/20170518_154531-1-e1561414118971-150x150.jpg 150w, https:\/\/altingenieria.mx\/wp-content\/uploads\/2019\/06\/20170518_154531-1-e1561414118971-600x600.jpg 600w, https:\/\/altingenieria.mx\/wp-content\/uploads\/2019\/06\/20170518_154531-1-e1561414118971-350x350.jpg 350w\" sizes=\"auto, (max-width: 150px) 100vw, 150px\" \/><\/a><\/li><li class=\"isotope-item\"><a class=\"\" href=\"https:\/\/altingenieria.mx\/wp-content\/uploads\/2019\/06\/20170518_153950-1-e1561414187985-1024x724.jpg\" data-lightbox=\"lightbox[rel-5732-154181090]\"><img loading=\"lazy\" decoding=\"async\" width=\"150\" height=\"150\" src=\"https:\/\/altingenieria.mx\/wp-content\/uploads\/2019\/06\/20170518_153950-1-e1561414187985-150x150.jpg\" class=\"attachment-thumbnail\" alt=\"\" title=\"20170518_153950\" srcset=\"https:\/\/altingenieria.mx\/wp-content\/uploads\/2019\/06\/20170518_153950-1-e1561414187985-150x150.jpg 150w, https:\/\/altingenieria.mx\/wp-content\/uploads\/2019\/06\/20170518_153950-1-e1561414187985-600x600.jpg 600w, https:\/\/altingenieria.mx\/wp-content\/uploads\/2019\/06\/20170518_153950-1-e1561414187985-350x350.jpg 350w\" sizes=\"auto, (max-width: 150px) 100vw, 150px\" \/><\/a><\/li><li class=\"isotope-item\"><a class=\"\" href=\"https:\/\/altingenieria.mx\/wp-content\/uploads\/2019\/06\/20170518_124253-1-e1561414295740-1024x748.jpg\" data-lightbox=\"lightbox[rel-5732-154181090]\"><img loading=\"lazy\" decoding=\"async\" width=\"150\" height=\"150\" src=\"https:\/\/altingenieria.mx\/wp-content\/uploads\/2019\/06\/20170518_124253-1-e1561414295740-150x150.jpg\" class=\"attachment-thumbnail\" alt=\"\" title=\"20170518_124253\" srcset=\"https:\/\/altingenieria.mx\/wp-content\/uploads\/2019\/06\/20170518_124253-1-e1561414295740-150x150.jpg 150w, https:\/\/altingenieria.mx\/wp-content\/uploads\/2019\/06\/20170518_124253-1-e1561414295740-600x600.jpg 600w, https:\/\/altingenieria.mx\/wp-content\/uploads\/2019\/06\/20170518_124253-1-e1561414295740-350x350.jpg 350w\" sizes=\"auto, (max-width: 150px) 100vw, 150px\" \/><\/a><\/li><li class=\"isotope-item\"><a class=\"\" href=\"https:\/\/altingenieria.mx\/wp-content\/uploads\/2019\/08\/16028-00-1024x728.png\" data-lightbox=\"lightbox[rel-5732-154181090]\"><img loading=\"lazy\" decoding=\"async\" width=\"150\" height=\"150\" src=\"https:\/\/altingenieria.mx\/wp-content\/uploads\/2019\/08\/16028-00-150x150.png\" class=\"attachment-thumbnail\" alt=\"\" title=\"16028-00\" srcset=\"https:\/\/altingenieria.mx\/wp-content\/uploads\/2019\/08\/16028-00-150x150.png 150w, https:\/\/altingenieria.mx\/wp-content\/uploads\/2019\/08\/16028-00-600x600.png 600w, https:\/\/altingenieria.mx\/wp-content\/uploads\/2019\/08\/16028-00-350x350.png 350w\" sizes=\"auto, (max-width: 150px) 100vw, 150px\" \/><\/a><\/li><li class=\"isotope-item\"><a class=\"\" href=\"https:\/\/altingenieria.mx\/wp-content\/uploads\/2019\/08\/16028-03.png\" data-lightbox=\"lightbox[rel-5732-154181090]\"><img loading=\"lazy\" decoding=\"async\" width=\"150\" height=\"150\" src=\"https:\/\/altingenieria.mx\/wp-content\/uploads\/2019\/08\/16028-03-150x150.png\" class=\"attachment-thumbnail\" alt=\"\" title=\"16028-03\" srcset=\"https:\/\/altingenieria.mx\/wp-content\/uploads\/2019\/08\/16028-03-150x150.png 150w, https:\/\/altingenieria.mx\/wp-content\/uploads\/2019\/08\/16028-03-600x600.png 600w, https:\/\/altingenieria.mx\/wp-content\/uploads\/2019\/08\/16028-03-350x350.png 350w\" sizes=\"auto, (max-width: 150px) 100vw, 150px\" \/><\/a><\/li><li class=\"isotope-item\"><a class=\"\" href=\"https:\/\/altingenieria.mx\/wp-content\/uploads\/2019\/08\/16028-05.png\" data-lightbox=\"lightbox[rel-5732-154181090]\"><img loading=\"lazy\" decoding=\"async\" width=\"150\" height=\"150\" src=\"https:\/\/altingenieria.mx\/wp-content\/uploads\/2019\/08\/16028-05-150x150.png\" class=\"attachment-thumbnail\" alt=\"\" title=\"16028-05\" srcset=\"https:\/\/altingenieria.mx\/wp-content\/uploads\/2019\/08\/16028-05-150x150.png 150w, https:\/\/altingenieria.mx\/wp-content\/uploads\/2019\/08\/16028-05-600x595.png 600w, https:\/\/altingenieria.mx\/wp-content\/uploads\/2019\/08\/16028-05-350x350.png 350w\" sizes=\"auto, (max-width: 150px) 100vw, 150px\" \/><\/a><\/li><\/ul><\/div><\/div><\/div>\n\t\t\t<\/div> \n\t<\/div> \n<\/div><\/div><\/div><div id=\"fws_69e5aac89fe4a\" class=\"vc_row wpb_row vc_row-fluid  animate_onoffset row-dynamic-el standard_section     \" style=\"color: #000000; \" ><div  style=\"position: absolute;top: 0;\"><\/div><div class=\"container  custom\"><div class=\"section_clear\">\n\t<div class=\"vc_col-sm-12 wpb_column column_container vc_custom_1565016730622  vc_custom_1565016730622\" style=\"\" data-animation=\"none\" data-delay=\"\">\n\t\t\t<div class=\"wpb_wrapper\">\n\t\t\t\t\n\t<div class=\"wpb_text_column wpb_content_element  vc_custom_1565121636570\">\n\t\t<div class=\"wpb_wrapper\" >\n\t\t\t<p style=\"text-align: justify;\"><span style=\"color: #808080; font-size: 14.5px;\">Entre sus caracter\u00edsticas, adem\u00e1s de su reducido tama\u00f1o (electr\u00f3nica de tan solo 31x25mm), posee una bater\u00eda LiPo de 110mAh que le da una autonom\u00eda de hasta 8 horas, carga por USB, LED indicador de estado y comunicaci\u00f3n con tel\u00e9fonos m\u00f3viles. La App proporciona una base de datos de pacientes y registros de mediciones y varias opciones de configuraci\u00f3n del dispositivo.<\/span><\/p>\n\n\t\t<\/div> \n\t<\/div> \n\t\t\t<\/div> \n\t<\/div> \n<\/div><\/div><\/div>\n<\/div>","protected":false},"excerpt":{"rendered":"DESCRIPCI\u00d3N BREVE DEL PROYECTO Wearable para medici\u00f3n y registro de pulso card\u00edaco y saturaci\u00f3n de ox\u00edgeno en sangre. Niveles de alarma, configuraci\u00f3n y registro de datos a trav\u00e9s de su app. FECHA Junio 2017 CLIENTE CONFIDENCIAL Existen ox\u00edmetros en el mercado orientados a la toma de mediciones en ocasiones puntuales. Situaciones en las que un [...]","protected":false},"author":3,"featured_media":0,"parent":0,"menu_order":42,"comment_status":"open","ping_status":"closed","template":"","meta":{"_joinchat":[],"footnotes":""},"class_list":["post-5732","page","type-page","status-publish","hentry"],"yoast_head":"<!-- This site is optimized with the Yoast SEO plugin v27.4 - https:\/\/yoast.com\/product\/yoast-seo-wordpress\/ -->\n<title>Ox\u00edmetro Bluetooth con funci\u00f3n TENS - ALT Ingenier\u00eda<\/title>\n<meta name=\"description\" content=\"Conoce nuestro Ox\u00edmetro Bluetooth wearable con registro de pulso y saturaci\u00f3n de ox\u00edgeno, App m\u00f3vil y funci\u00f3n TENS para apoyo en apnea del sue\u00f1o.\" \/>\n<meta name=\"robots\" content=\"index, follow, max-snippet:-1, max-image-preview:large, max-video-preview:-1\" \/>\n<link rel=\"canonical\" href=\"https:\/\/altingenieria.mx\/en\/16028-3\/\" \/>\n<meta property=\"og:locale\" content=\"en_US\" \/>\n<meta property=\"og:type\" content=\"article\" \/>\n<meta property=\"og:title\" content=\"Ox\u00edmetro Bluetooth con funci\u00f3n TENS - ALT Ingenier\u00eda\" \/>\n<meta property=\"og:description\" content=\"Conoce nuestro Ox\u00edmetro Bluetooth wearable con registro de pulso y saturaci\u00f3n de ox\u00edgeno, App m\u00f3vil y funci\u00f3n TENS para apoyo en apnea del sue\u00f1o.\" \/>\n<meta property=\"og:url\" content=\"https:\/\/altingenieria.mx\/en\/16028-3\/\" \/>\n<meta property=\"og:site_name\" content=\"ALT Ingenier\u00eda\" \/>\n<meta property=\"article:modified_time\" content=\"2026-02-05T22:55:33+00:00\" \/>\n<meta property=\"og:image\" content=\"https:\/\/altingenieria.mx\/wp-content\/uploads\/2025\/12\/logo-alt-azul.png\" \/>\n\t<meta property=\"og:image:width\" content=\"367\" \/>\n\t<meta property=\"og:image:height\" content=\"284\" \/>\n\t<meta property=\"og:image:type\" content=\"image\/png\" \/>\n<meta name=\"twitter:card\" content=\"summary_large_image\" \/>\n<meta name=\"twitter:label1\" content=\"Est. reading time\" \/>\n\t<meta name=\"twitter:data1\" content=\"5 minutes\" \/>\n<script type=\"application\/ld+json\" class=\"yoast-schema-graph\">{\"@context\":\"https:\\\/\\\/schema.org\",\"@graph\":[{\"@type\":\"WebPage\",\"@id\":\"https:\\\/\\\/altingenieria.mx\\\/16028-3\\\/\",\"url\":\"https:\\\/\\\/altingenieria.mx\\\/16028-3\\\/\",\"name\":\"Ox\u00edmetro Bluetooth con funci\u00f3n TENS - ALT Ingenier\u00eda\",\"isPartOf\":{\"@id\":\"https:\\\/\\\/altingenieria.mx\\\/#website\"},\"datePublished\":\"2019-06-12T23:01:43+00:00\",\"dateModified\":\"2026-02-05T22:55:33+00:00\",\"description\":\"Conoce nuestro Ox\u00edmetro Bluetooth wearable con registro de pulso y saturaci\u00f3n de ox\u00edgeno, App m\u00f3vil y funci\u00f3n TENS para apoyo en apnea del sue\u00f1o.\",\"breadcrumb\":{\"@id\":\"https:\\\/\\\/altingenieria.mx\\\/16028-3\\\/#breadcrumb\"},\"inLanguage\":\"en-US\",\"potentialAction\":[{\"@type\":\"ReadAction\",\"target\":[\"https:\\\/\\\/altingenieria.mx\\\/16028-3\\\/\"]}]},{\"@type\":\"BreadcrumbList\",\"@id\":\"https:\\\/\\\/altingenieria.mx\\\/16028-3\\\/#breadcrumb\",\"itemListElement\":[{\"@type\":\"ListItem\",\"position\":1,\"name\":\"Home\",\"item\":\"https:\\\/\\\/altingenieria.mx\\\/\"},{\"@type\":\"ListItem\",\"position\":2,\"name\":\"Ox\u00edmetro Bluetooth con funci\u00f3n TENS\"}]},{\"@type\":\"WebSite\",\"@id\":\"https:\\\/\\\/altingenieria.mx\\\/#website\",\"url\":\"https:\\\/\\\/altingenieria.mx\\\/\",\"name\":\"ALT Ingenier\u00eda\",\"description\":\"Ingenier\u00eda a la medida\",\"publisher\":{\"@id\":\"https:\\\/\\\/altingenieria.mx\\\/#organization\"},\"potentialAction\":[{\"@type\":\"SearchAction\",\"target\":{\"@type\":\"EntryPoint\",\"urlTemplate\":\"https:\\\/\\\/altingenieria.mx\\\/?s={search_term_string}\"},\"query-input\":{\"@type\":\"PropertyValueSpecification\",\"valueRequired\":true,\"valueName\":\"search_term_string\"}}],\"inLanguage\":\"en-US\"},{\"@type\":\"Organization\",\"@id\":\"https:\\\/\\\/altingenieria.mx\\\/#organization\",\"name\":\"ALT Ingenier\u00eda\",\"url\":\"https:\\\/\\\/altingenieria.mx\\\/\",\"logo\":{\"@type\":\"ImageObject\",\"inLanguage\":\"en-US\",\"@id\":\"https:\\\/\\\/altingenieria.mx\\\/#\\\/schema\\\/logo\\\/image\\\/\",\"url\":\"https:\\\/\\\/altingenieria.mx\\\/wp-content\\\/uploads\\\/2025\\\/12\\\/logo-alt-azul.png\",\"contentUrl\":\"https:\\\/\\\/altingenieria.mx\\\/wp-content\\\/uploads\\\/2025\\\/12\\\/logo-alt-azul.png\",\"width\":367,\"height\":284,\"caption\":\"ALT Ingenier\u00eda\"},\"image\":{\"@id\":\"https:\\\/\\\/altingenieria.mx\\\/#\\\/schema\\\/logo\\\/image\\\/\"},\"sameAs\":[\"https:\\\/\\\/www.linkedin.com\\\/company\\\/altingenieria\\\/\"]}]}<\/script>\n<!-- \/ Yoast SEO plugin. -->","yoast_head_json":{"title":"Ox\u00edmetro Bluetooth con funci\u00f3n TENS - ALT Ingenier\u00eda","description":"Conoce nuestro Ox\u00edmetro Bluetooth wearable con registro de pulso y saturaci\u00f3n de ox\u00edgeno, App m\u00f3vil y funci\u00f3n TENS para apoyo en apnea del sue\u00f1o.","robots":{"index":"index","follow":"follow","max-snippet":"max-snippet:-1","max-image-preview":"max-image-preview:large","max-video-preview":"max-video-preview:-1"},"canonical":"https:\/\/altingenieria.mx\/en\/16028-3\/","og_locale":"en_US","og_type":"article","og_title":"Ox\u00edmetro Bluetooth con funci\u00f3n TENS - ALT Ingenier\u00eda","og_description":"Conoce nuestro Ox\u00edmetro Bluetooth wearable con registro de pulso y saturaci\u00f3n de ox\u00edgeno, App m\u00f3vil y funci\u00f3n TENS para apoyo en apnea del sue\u00f1o.","og_url":"https:\/\/altingenieria.mx\/en\/16028-3\/","og_site_name":"ALT Ingenier\u00eda","article_modified_time":"2026-02-05T22:55:33+00:00","og_image":[{"width":367,"height":284,"url":"https:\/\/altingenieria.mx\/wp-content\/uploads\/2025\/12\/logo-alt-azul.png","type":"image\/png"}],"twitter_card":"summary_large_image","twitter_misc":{"Est. reading time":"5 minutes"},"schema":{"@context":"https:\/\/schema.org","@graph":[{"@type":"WebPage","@id":"https:\/\/altingenieria.mx\/16028-3\/","url":"https:\/\/altingenieria.mx\/16028-3\/","name":"Ox\u00edmetro Bluetooth con funci\u00f3n TENS - ALT Ingenier\u00eda","isPartOf":{"@id":"https:\/\/altingenieria.mx\/#website"},"datePublished":"2019-06-12T23:01:43+00:00","dateModified":"2026-02-05T22:55:33+00:00","description":"Conoce nuestro Ox\u00edmetro Bluetooth wearable con registro de pulso y saturaci\u00f3n de ox\u00edgeno, App m\u00f3vil y funci\u00f3n TENS para apoyo en apnea del sue\u00f1o.","breadcrumb":{"@id":"https:\/\/altingenieria.mx\/16028-3\/#breadcrumb"},"inLanguage":"en-US","potentialAction":[{"@type":"ReadAction","target":["https:\/\/altingenieria.mx\/16028-3\/"]}]},{"@type":"BreadcrumbList","@id":"https:\/\/altingenieria.mx\/16028-3\/#breadcrumb","itemListElement":[{"@type":"ListItem","position":1,"name":"Home","item":"https:\/\/altingenieria.mx\/"},{"@type":"ListItem","position":2,"name":"Ox\u00edmetro Bluetooth con funci\u00f3n TENS"}]},{"@type":"WebSite","@id":"https:\/\/altingenieria.mx\/#website","url":"https:\/\/altingenieria.mx\/","name":"ALT Ingenier\u00eda","description":"Custom Engineering","publisher":{"@id":"https:\/\/altingenieria.mx\/#organization"},"potentialAction":[{"@type":"SearchAction","target":{"@type":"EntryPoint","urlTemplate":"https:\/\/altingenieria.mx\/?s={search_term_string}"},"query-input":{"@type":"PropertyValueSpecification","valueRequired":true,"valueName":"search_term_string"}}],"inLanguage":"en-US"},{"@type":"Organization","@id":"https:\/\/altingenieria.mx\/#organization","name":"ALT Ingenier\u00eda","url":"https:\/\/altingenieria.mx\/","logo":{"@type":"ImageObject","inLanguage":"en-US","@id":"https:\/\/altingenieria.mx\/#\/schema\/logo\/image\/","url":"https:\/\/altingenieria.mx\/wp-content\/uploads\/2025\/12\/logo-alt-azul.png","contentUrl":"https:\/\/altingenieria.mx\/wp-content\/uploads\/2025\/12\/logo-alt-azul.png","width":367,"height":284,"caption":"ALT Ingenier\u00eda"},"image":{"@id":"https:\/\/altingenieria.mx\/#\/schema\/logo\/image\/"},"sameAs":["https:\/\/www.linkedin.com\/company\/altingenieria\/"]}]}},"_links":{"self":[{"href":"https:\/\/altingenieria.mx\/en\/wp-json\/wp\/v2\/pages\/5732","targetHints":{"allow":["GET"]}}],"collection":[{"href":"https:\/\/altingenieria.mx\/en\/wp-json\/wp\/v2\/pages"}],"about":[{"href":"https:\/\/altingenieria.mx\/en\/wp-json\/wp\/v2\/types\/page"}],"author":[{"embeddable":true,"href":"https:\/\/altingenieria.mx\/en\/wp-json\/wp\/v2\/users\/3"}],"replies":[{"embeddable":true,"href":"https:\/\/altingenieria.mx\/en\/wp-json\/wp\/v2\/comments?post=5732"}],"version-history":[{"count":3,"href":"https:\/\/altingenieria.mx\/en\/wp-json\/wp\/v2\/pages\/5732\/revisions"}],"predecessor-version":[{"id":10121,"href":"https:\/\/altingenieria.mx\/en\/wp-json\/wp\/v2\/pages\/5732\/revisions\/10121"}],"wp:attachment":[{"href":"https:\/\/altingenieria.mx\/en\/wp-json\/wp\/v2\/media?parent=5732"}],"curies":[{"name":"wp","href":"https:\/\/api.w.org\/{rel}","templated":true}]}}