{"id":5739,"date":"2019-06-12T18:12:39","date_gmt":"2019-06-12T23:12:39","guid":{"rendered":"http:\/\/altingenieria.com.mx\/?page_id=5739"},"modified":"2026-02-05T16:40:49","modified_gmt":"2026-02-05T22:40:49","slug":"19008-2","status":"publish","type":"page","link":"https:\/\/altingenieria.mx\/en\/19008-2\/","title":{"rendered":"Smart cover for medicine bottle"},"content":{"rendered":"<div class=\"wpb-content-wrapper\"><div id=\"fws_6a03a2f37d8b2\" class=\"vc_row wpb_row vc_row-fluid  animate_onoffset row-dynamic-el section-style     \" style=\"padding-bottom: 15px ; \" ><div  style=\"position: absolute;top: 0;\"><\/div><div class=\"container  dark\"><div class=\"section_clear\">\n\t<div class=\"vc_col-sm-12 wpb_column column_container \" style=\"\" data-animation=\"none\" data-delay=\"\">\n\t\t\t<div class=\"wpb_wrapper\">\n\t\t\t\t<div class=\"vc_row wpb_row vc_inner vc_row-fluid vc_row-o-equal-height vc_row-flex\"><div class=\"wpb_column vc_column_container vc_col-sm-8\"><div class=\"vc_column-inner\"><div class=\"wpb_wrapper\"><div class=\"wpb_content_element media_align_left media media_el animate_onoffset \"><div class=\"media_wrapper\" ><img decoding=\"async\" src=\"https:\/\/altingenieria.mx\/wp-content\/uploads\/2019\/08\/705X530-P19008-PORT-02.png\" alt=\"Alt Text\" class=\"type_image animated fadeInLeft alignment_left\" \/><\/div><\/div><\/div><\/div><\/div><div class=\"wpb_column vc_column_container vc_col-sm-4\"><div class=\"vc_column-inner\"><div class=\"wpb_wrapper\">\n\t<div class=\"wpb_text_column wpb_content_element \">\n\t\t<div class=\"wpb_wrapper\" >\n\t\t\t<p><strong>DESCRIPCI\u00d3N BREVE DEL PROYECTO<\/strong><\/p>\n<p style=\"text-align: justify;\">Tapa inteligente para botes de medicamentos, especialmente dise\u00f1ada para alojar una electr\u00f3nica a la medida con un sensor que detecta cada vez que el bote es abierto o cerrado. Se integra a trav\u00e9s de una App que avisa a la hora que hay que tomar un medicamento y registra los eventos en el tel\u00e9fono m\u00f3vil<\/p>\n<p><strong><span style=\"font-size: 10pt;\">FECHA<br \/>\n<\/span><\/strong>Junio 2019<\/p>\n<p><strong><span style=\"font-size: 10pt;\">CLIENTE<br \/>\n<\/span><\/strong>CONFIDENCIAL<\/p>\n\n\t\t<\/div> \n\t<\/div> <\/div><\/div><\/div><\/div>\n\t\t\t<\/div> \n\t<\/div> \n<\/div><\/div><\/div><div id=\"fws_6a03a2f37ecda\" class=\"vc_row wpb_row vc_row-fluid  animate_onoffset row-dynamic-el standard_section     \" style=\"\" ><div  style=\"position: absolute;top: 0;\"><\/div><div class=\"container  dark\"><div class=\"section_clear\">\n\t<div class=\"vc_col-sm-6 wpb_column column_container vc_custom_1565292463475  vc_custom_1565292463475\" style=\"\" data-animation=\"none\" data-delay=\"\">\n\t\t\t<div class=\"wpb_wrapper\">\n\t\t\t\t\n\t<div class=\"wpb_text_column wpb_content_element  vc_custom_1565303371113\">\n\t\t<div class=\"wpb_wrapper\" >\n\t\t\t<p style=\"text-align: justify;\"><span style=\"font-size: 14px;\">Se trata de un proyecto multidisciplinar, que involucra dise\u00f1o electr\u00f3nico, mec\u00e1nico, firmware del sistema embebido y una App especialidad.<\/span><\/p>\n<p style=\"text-align: justify;\"><span style=\"font-size: 14px;\">El desaf\u00edo mec\u00e1nico consiste en integrar la electr\u00f3nica necesaria (PCB, sensor y bater\u00eda) en miniatura y que se adapte a botes de medicamentos existentes.<\/span><br \/>\n<span style=\"font-size: 14px;\">El desaf\u00edo electr\u00f3nico y de firmware consiste tanto en la integraci\u00f3n del sensor como en la comunicaci\u00f3n Bluetooth, y que todo el conjunto tenga un consumo muy reducido para lograr una autonom\u00eda adecuada para la aplicaci\u00f3n.<\/span><br \/>\n<span style=\"font-size: 14px;\">El desaf\u00edo por parte de la App reside en la comunicaci\u00f3n con varias tapas Bluetooth a la vez.<\/span><\/p>\n\n\t\t<\/div> \n\t<\/div> \n\t\t\t<\/div> \n\t<\/div> \n\n\t<div class=\"vc_col-sm-6 wpb_column column_container vc_custom_1565292458570  vc_custom_1565292458570\" style=\"\" data-animation=\"none\" data-delay=\"\">\n\t\t\t<div class=\"wpb_wrapper\">\n\t\t\t\t<div class=\"vc_row wpb_row vc_inner vc_row-fluid vc_custom_1565115942659 vc_row-has-fill vc_row-o-content-top vc_row-flex\"><div class=\"wpb_column vc_column_container vc_col-sm-12 vc_col-has-fill\"><div class=\"vc_column-inner vc_custom_1565115950018\"><div class=\"wpb_wrapper\"><div class=\"vc_custom_heading vc_custom_1565286275403 wpb_content_element\" ><h2 style=\"font-size: 18px;text-align: left\" >Necesidad<\/h2><\/div>\n\t<div class=\"wpb_text_column wpb_content_element  vc_custom_1565120377770\">\n\t\t<div class=\"wpb_wrapper\" >\n\t\t\t<p style=\"text-align: justify;\"><span style=\"font-size: 13px; color: #000000;\">Aumentar la eficacia de los medicamentos por incrementar la adherencia a los tratamientos prescritos por los especialistas.<\/span><\/p>\n\n\t\t<\/div> \n\t<\/div> <div class=\"vc_custom_heading vc_custom_1565115994054 wpb_content_element\" ><h2 style=\"font-size: 18px;text-align: left\" >Soluci\u00f3n<\/h2><\/div>\n\t<div class=\"wpb_text_column wpb_content_element  vc_custom_1565120398958\">\n\t\t<div class=\"wpb_wrapper\" >\n\t\t\t<p style=\"font-size: 13px; text-align: justify;\"><span style=\"font-size: 13px; color: #000000;\">Crear un dispositivo personal, de tama\u00f1o reducido y f\u00e1cil de utilizar, para recordatorio y registro de la toma de medicamentos..<\/span><\/p>\n\n\t\t<\/div> \n\t<\/div> <\/div><\/div><\/div><\/div>\n\t\t\t<\/div> \n\t<\/div> \n<\/div><\/div><\/div><div id=\"fws_6a03a2f37faa2\" class=\"vc_row wpb_row vc_row-fluid  animate_onoffset row-dynamic-el standard_section     \" style=\"padding-bottom: 0px ; \" ><div  style=\"position: absolute;top: 0;\"><\/div><div class=\"container  dark\"><div class=\"section_clear\">\n\t<div class=\"vc_col-sm-12 wpb_column column_container vc_custom_1565294296269  vc_custom_1565294296269\" style=\"\" data-animation=\"none\" data-delay=\"\">\n\t\t\t<div class=\"wpb_wrapper\">\n\t\t\t\t<div class=\"vc_empty_space\"   style=\"height: 35px\"><span class=\"vc_empty_space_inner\"><\/span><\/div><div class=\"wpb_gallery wpb_content_element vc_clearfix vc_custom_1565299901171 wpb_content_element\" ><div class=\"wpb_wrapper\"><div class=\"wpb_gallery_slides wpb_image_grid\" data-interval=\"3\"><ul class=\"wpb_image_grid_ul\"><li class=\"isotope-item\"><a class=\"\" href=\"https:\/\/altingenieria.mx\/wp-content\/uploads\/2019\/08\/NANOPHARMACIA-01-1024x664.png\" data-lightbox=\"lightbox[rel-5739-580908496]\"><img loading=\"lazy\" decoding=\"async\" width=\"150\" height=\"150\" src=\"https:\/\/altingenieria.mx\/wp-content\/uploads\/2019\/08\/NANOPHARMACIA-01-150x150.png\" class=\"attachment-thumbnail\" alt=\"\" title=\"NANOPHARMACIA-01\" srcset=\"https:\/\/altingenieria.mx\/wp-content\/uploads\/2019\/08\/NANOPHARMACIA-01-150x150.png 150w, https:\/\/altingenieria.mx\/wp-content\/uploads\/2019\/08\/NANOPHARMACIA-01-600x600.png 600w, https:\/\/altingenieria.mx\/wp-content\/uploads\/2019\/08\/NANOPHARMACIA-01-350x350.png 350w\" sizes=\"auto, (max-width: 150px) 100vw, 150px\" \/><\/a><\/li><li class=\"isotope-item\"><a class=\"\" href=\"https:\/\/altingenieria.mx\/wp-content\/uploads\/2019\/08\/NANOPHARMACIA-06-1024x948.png\" data-lightbox=\"lightbox[rel-5739-580908496]\"><img loading=\"lazy\" decoding=\"async\" width=\"150\" height=\"150\" src=\"https:\/\/altingenieria.mx\/wp-content\/uploads\/2019\/08\/NANOPHARMACIA-06-150x150.png\" class=\"attachment-thumbnail\" alt=\"\" title=\"NANOPHARMACIA-06\" srcset=\"https:\/\/altingenieria.mx\/wp-content\/uploads\/2019\/08\/NANOPHARMACIA-06-150x150.png 150w, https:\/\/altingenieria.mx\/wp-content\/uploads\/2019\/08\/NANOPHARMACIA-06-600x600.png 600w, https:\/\/altingenieria.mx\/wp-content\/uploads\/2019\/08\/NANOPHARMACIA-06-350x350.png 350w\" sizes=\"auto, (max-width: 150px) 100vw, 150px\" \/><\/a><\/li><li class=\"isotope-item\"><a class=\"\" href=\"https:\/\/altingenieria.mx\/wp-content\/uploads\/2019\/08\/NANOPHARMACIA-10-1024x646.png\" data-lightbox=\"lightbox[rel-5739-580908496]\"><img loading=\"lazy\" decoding=\"async\" width=\"150\" height=\"150\" src=\"https:\/\/altingenieria.mx\/wp-content\/uploads\/2019\/08\/NANOPHARMACIA-10-150x150.png\" class=\"attachment-thumbnail\" alt=\"\" title=\"NANOPHARMACIA-10\" srcset=\"https:\/\/altingenieria.mx\/wp-content\/uploads\/2019\/08\/NANOPHARMACIA-10-150x150.png 150w, https:\/\/altingenieria.mx\/wp-content\/uploads\/2019\/08\/NANOPHARMACIA-10-600x600.png 600w, https:\/\/altingenieria.mx\/wp-content\/uploads\/2019\/08\/NANOPHARMACIA-10-350x350.png 350w\" sizes=\"auto, (max-width: 150px) 100vw, 150px\" \/><\/a><\/li><li class=\"isotope-item\"><a class=\"\" href=\"https:\/\/altingenieria.mx\/wp-content\/uploads\/2019\/08\/NANOPHARMACIA-13-1024x576.png\" data-lightbox=\"lightbox[rel-5739-580908496]\"><img loading=\"lazy\" decoding=\"async\" width=\"150\" height=\"150\" src=\"https:\/\/altingenieria.mx\/wp-content\/uploads\/2019\/08\/NANOPHARMACIA-13-150x150.png\" class=\"attachment-thumbnail\" alt=\"\" title=\"NANOPHARMACIA-13\" srcset=\"https:\/\/altingenieria.mx\/wp-content\/uploads\/2019\/08\/NANOPHARMACIA-13-150x150.png 150w, https:\/\/altingenieria.mx\/wp-content\/uploads\/2019\/08\/NANOPHARMACIA-13-600x600.png 600w, https:\/\/altingenieria.mx\/wp-content\/uploads\/2019\/08\/NANOPHARMACIA-13-350x350.png 350w\" sizes=\"auto, (max-width: 150px) 100vw, 150px\" \/><\/a><\/li><li class=\"isotope-item\"><a class=\"\" href=\"https:\/\/altingenieria.mx\/wp-content\/uploads\/2019\/08\/NANOPHARMACIA-14-1024x873.png\" data-lightbox=\"lightbox[rel-5739-580908496]\"><img loading=\"lazy\" decoding=\"async\" width=\"150\" height=\"150\" src=\"https:\/\/altingenieria.mx\/wp-content\/uploads\/2019\/08\/NANOPHARMACIA-14-150x150.png\" class=\"attachment-thumbnail\" alt=\"\" title=\"NANOPHARMACIA-14\" srcset=\"https:\/\/altingenieria.mx\/wp-content\/uploads\/2019\/08\/NANOPHARMACIA-14-150x150.png 150w, https:\/\/altingenieria.mx\/wp-content\/uploads\/2019\/08\/NANOPHARMACIA-14-600x600.png 600w, https:\/\/altingenieria.mx\/wp-content\/uploads\/2019\/08\/NANOPHARMACIA-14-350x350.png 350w\" sizes=\"auto, (max-width: 150px) 100vw, 150px\" \/><\/a><\/li><li class=\"isotope-item\"><a class=\"\" href=\"https:\/\/altingenieria.mx\/wp-content\/uploads\/2019\/08\/NANOPHARMACIA-08-1024x598.png\" data-lightbox=\"lightbox[rel-5739-580908496]\"><img loading=\"lazy\" decoding=\"async\" width=\"150\" height=\"150\" src=\"https:\/\/altingenieria.mx\/wp-content\/uploads\/2019\/08\/NANOPHARMACIA-08-150x150.png\" class=\"attachment-thumbnail\" alt=\"\" title=\"NANOPHARMACIA-08\" srcset=\"https:\/\/altingenieria.mx\/wp-content\/uploads\/2019\/08\/NANOPHARMACIA-08-150x150.png 150w, https:\/\/altingenieria.mx\/wp-content\/uploads\/2019\/08\/NANOPHARMACIA-08-600x600.png 600w, https:\/\/altingenieria.mx\/wp-content\/uploads\/2019\/08\/NANOPHARMACIA-08-350x350.png 350w\" sizes=\"auto, (max-width: 150px) 100vw, 150px\" \/><\/a><\/li><li class=\"isotope-item\"><a class=\"\" href=\"https:\/\/altingenieria.mx\/wp-content\/uploads\/2019\/08\/NANOPHARMACIA-15-1024x888.png\" data-lightbox=\"lightbox[rel-5739-580908496]\"><img loading=\"lazy\" decoding=\"async\" width=\"150\" height=\"150\" src=\"https:\/\/altingenieria.mx\/wp-content\/uploads\/2019\/08\/NANOPHARMACIA-15-150x150.png\" class=\"attachment-thumbnail\" alt=\"\" title=\"NANOPHARMACIA-15\" srcset=\"https:\/\/altingenieria.mx\/wp-content\/uploads\/2019\/08\/NANOPHARMACIA-15-150x150.png 150w, https:\/\/altingenieria.mx\/wp-content\/uploads\/2019\/08\/NANOPHARMACIA-15-600x600.png 600w, https:\/\/altingenieria.mx\/wp-content\/uploads\/2019\/08\/NANOPHARMACIA-15-350x350.png 350w\" sizes=\"auto, (max-width: 150px) 100vw, 150px\" \/><\/a><\/li><\/ul><\/div><\/div><\/div>\n\t\t\t<\/div> \n\t<\/div> \n<\/div><\/div><\/div><div id=\"fws_6a03a2f38333c\" class=\"vc_row wpb_row vc_row-fluid  animate_onoffset row-dynamic-el standard_section     \" style=\"padding-top: 0px ; \" ><div  style=\"position: absolute;top: 0;\"><\/div><div class=\"container  dark\"><div class=\"section_clear\">\n\t<div class=\"vc_col-sm-12 wpb_column column_container \" style=\"\" data-animation=\"none\" data-delay=\"\">\n\t\t\t<div class=\"wpb_wrapper\">\n\t\t\t\t\n\t<div class=\"wpb_text_column wpb_content_element  vc_custom_1565303402241\">\n\t\t<div class=\"wpb_wrapper\" >\n\t\t\t<p style=\"text-align: justify;\"><span style=\"font-size: 14px;\">Integra un microcontrolador Bluetooth 4.2 de Cypress, un sensor de fuerza y una bater\u00eda LiPo en un tama\u00f1o muy reducido con una alta autonom\u00eda.<\/span><\/p>\n<p style=\"text-align: justify;\"><span style=\"font-size: 14px;\">Con este dispositivo se ayuda a pacientes a aumentar la adherencia al tratamiento y a doctores poder realizar seguimiento de la aplicaci\u00f3n de los medicamentos en situaciones en las que una supervisi\u00f3n es importante para la sanaci\u00f3n del enfermo.<\/span><\/p>\n\n\t\t<\/div> \n\t<\/div> \n\t\t\t<\/div> \n\t<\/div> \n<\/div><\/div><\/div><div id=\"fws_6a03a2f383e9b\" class=\"vc_row wpb_row vc_row-fluid  animate_onoffset row-dynamic-el standard_section     \" style=\"\" ><div  style=\"position: absolute;top: 0;\"><\/div><div class=\"container  dark\"><div class=\"section_clear\">\n\t<div class=\"vc_col-sm-2 wpb_column column_container \" style=\"\" data-animation=\"none\" data-delay=\"\">\n\t\t\t<div class=\"wpb_wrapper\">\n\t\t\t\t\n\t\t\t<\/div> \n\t<\/div> \n\n\t<div class=\"vc_col-sm-4 wpb_column column_container \" style=\"\" data-animation=\"none\" data-delay=\"\">\n\t\t\t<div class=\"wpb_wrapper\">\n\t\t\t\t\n\t\t\t<\/div> \n\t<\/div> \n\n\t<div class=\"vc_col-sm-4 wpb_column column_container \" style=\"\" data-animation=\"none\" data-delay=\"\">\n\t\t\t<div class=\"wpb_wrapper\">\n\t\t\t\t\n\t\t\t<\/div> \n\t<\/div> \n\n\t<div class=\"vc_col-sm-2 wpb_column column_container \" style=\"\" data-animation=\"none\" data-delay=\"\">\n\t\t\t<div class=\"wpb_wrapper\">\n\t\t\t\t\n\t\t\t<\/div> \n\t<\/div> \n<\/div><\/div><\/div>\n<\/div>","protected":false},"excerpt":{"rendered":"DESCRIPCI\u00d3N BREVE DEL PROYECTO Tapa inteligente para botes de medicamentos, especialmente dise\u00f1ada para alojar una electr\u00f3nica a la medida con un sensor que detecta cada vez que el bote es abierto o cerrado. Se integra a trav\u00e9s de una App que avisa a la hora que hay que tomar un medicamento y registra los eventos [...]","protected":false},"author":3,"featured_media":0,"parent":0,"menu_order":42,"comment_status":"open","ping_status":"closed","template":"","meta":{"_joinchat":[],"footnotes":""},"class_list":["post-5739","page","type-page","status-publish","hentry"],"yoast_head":"<!-- This site is optimized with the Yoast SEO plugin v27.6 - https:\/\/yoast.com\/product\/yoast-seo-wordpress\/ -->\n<title>Tapa inteligente para frasco de medicamentos - ALT Ingenier\u00eda<\/title>\n<meta name=\"description\" content=\"Tapa inteligente para frascos de medicamentos con sensor de apertura, App m\u00f3vil y registro de tomas para mejorar la adherencia al tratamiento.\" \/>\n<meta name=\"robots\" content=\"index, follow, max-snippet:-1, max-image-preview:large, max-video-preview:-1\" \/>\n<link rel=\"canonical\" href=\"https:\/\/altingenieria.mx\/en\/19008-2\/\" \/>\n<meta property=\"og:locale\" content=\"en_US\" \/>\n<meta property=\"og:type\" content=\"article\" \/>\n<meta property=\"og:title\" content=\"Tapa inteligente para frasco de medicamentos - ALT Ingenier\u00eda\" \/>\n<meta property=\"og:description\" content=\"Tapa inteligente para frascos de medicamentos con sensor de apertura, App m\u00f3vil y registro de tomas para mejorar la adherencia al tratamiento.\" \/>\n<meta property=\"og:url\" content=\"https:\/\/altingenieria.mx\/en\/19008-2\/\" \/>\n<meta property=\"og:site_name\" content=\"ALT Ingenier\u00eda\" \/>\n<meta property=\"article:modified_time\" content=\"2026-02-05T22:40:49+00:00\" \/>\n<meta property=\"og:image\" content=\"https:\/\/altingenieria.mx\/wp-content\/uploads\/2025\/12\/logo-alt-azul.png\" \/>\n\t<meta property=\"og:image:width\" content=\"367\" \/>\n\t<meta property=\"og:image:height\" content=\"284\" \/>\n\t<meta property=\"og:image:type\" content=\"image\/png\" \/>\n<meta name=\"twitter:card\" content=\"summary_large_image\" \/>\n<meta name=\"twitter:label1\" content=\"Est. reading time\" \/>\n\t<meta name=\"twitter:data1\" content=\"4 minutes\" \/>\n<script type=\"application\/ld+json\" class=\"yoast-schema-graph\">{\"@context\":\"https:\\\/\\\/schema.org\",\"@graph\":[{\"@type\":\"WebPage\",\"@id\":\"https:\\\/\\\/altingenieria.mx\\\/19008-2\\\/\",\"url\":\"https:\\\/\\\/altingenieria.mx\\\/19008-2\\\/\",\"name\":\"Tapa inteligente para frasco de medicamentos - ALT Ingenier\u00eda\",\"isPartOf\":{\"@id\":\"https:\\\/\\\/altingenieria.mx\\\/#website\"},\"datePublished\":\"2019-06-12T23:12:39+00:00\",\"dateModified\":\"2026-02-05T22:40:49+00:00\",\"description\":\"Tapa inteligente para frascos de medicamentos con sensor de apertura, App m\u00f3vil y registro de tomas para mejorar la adherencia al tratamiento.\",\"breadcrumb\":{\"@id\":\"https:\\\/\\\/altingenieria.mx\\\/19008-2\\\/#breadcrumb\"},\"inLanguage\":\"en-US\",\"potentialAction\":[{\"@type\":\"ReadAction\",\"target\":[\"https:\\\/\\\/altingenieria.mx\\\/19008-2\\\/\"]}]},{\"@type\":\"BreadcrumbList\",\"@id\":\"https:\\\/\\\/altingenieria.mx\\\/19008-2\\\/#breadcrumb\",\"itemListElement\":[{\"@type\":\"ListItem\",\"position\":1,\"name\":\"Home\",\"item\":\"https:\\\/\\\/altingenieria.mx\\\/\"},{\"@type\":\"ListItem\",\"position\":2,\"name\":\"Tapa inteligente para frasco de medicamentos\"}]},{\"@type\":\"WebSite\",\"@id\":\"https:\\\/\\\/altingenieria.mx\\\/#website\",\"url\":\"https:\\\/\\\/altingenieria.mx\\\/\",\"name\":\"ALT Ingenier\u00eda\",\"description\":\"Ingenier\u00eda a la medida\",\"publisher\":{\"@id\":\"https:\\\/\\\/altingenieria.mx\\\/#organization\"},\"potentialAction\":[{\"@type\":\"SearchAction\",\"target\":{\"@type\":\"EntryPoint\",\"urlTemplate\":\"https:\\\/\\\/altingenieria.mx\\\/?s={search_term_string}\"},\"query-input\":{\"@type\":\"PropertyValueSpecification\",\"valueRequired\":true,\"valueName\":\"search_term_string\"}}],\"inLanguage\":\"en-US\"},{\"@type\":\"Organization\",\"@id\":\"https:\\\/\\\/altingenieria.mx\\\/#organization\",\"name\":\"ALT Ingenier\u00eda\",\"url\":\"https:\\\/\\\/altingenieria.mx\\\/\",\"logo\":{\"@type\":\"ImageObject\",\"inLanguage\":\"en-US\",\"@id\":\"https:\\\/\\\/altingenieria.mx\\\/#\\\/schema\\\/logo\\\/image\\\/\",\"url\":\"https:\\\/\\\/altingenieria.mx\\\/wp-content\\\/uploads\\\/2025\\\/12\\\/logo-alt-azul.png\",\"contentUrl\":\"https:\\\/\\\/altingenieria.mx\\\/wp-content\\\/uploads\\\/2025\\\/12\\\/logo-alt-azul.png\",\"width\":367,\"height\":284,\"caption\":\"ALT Ingenier\u00eda\"},\"image\":{\"@id\":\"https:\\\/\\\/altingenieria.mx\\\/#\\\/schema\\\/logo\\\/image\\\/\"},\"sameAs\":[\"https:\\\/\\\/www.linkedin.com\\\/company\\\/altingenieria\\\/\"]}]}<\/script>\n<!-- \/ Yoast SEO plugin. -->","yoast_head_json":{"title":"Tapa inteligente para frasco de medicamentos - ALT Ingenier\u00eda","description":"Tapa inteligente para frascos de medicamentos con sensor de apertura, App m\u00f3vil y registro de tomas para mejorar la adherencia al tratamiento.","robots":{"index":"index","follow":"follow","max-snippet":"max-snippet:-1","max-image-preview":"max-image-preview:large","max-video-preview":"max-video-preview:-1"},"canonical":"https:\/\/altingenieria.mx\/en\/19008-2\/","og_locale":"en_US","og_type":"article","og_title":"Tapa inteligente para frasco de medicamentos - ALT Ingenier\u00eda","og_description":"Tapa inteligente para frascos de medicamentos con sensor de apertura, App m\u00f3vil y registro de tomas para mejorar la adherencia al tratamiento.","og_url":"https:\/\/altingenieria.mx\/en\/19008-2\/","og_site_name":"ALT Ingenier\u00eda","article_modified_time":"2026-02-05T22:40:49+00:00","og_image":[{"width":367,"height":284,"url":"https:\/\/altingenieria.mx\/wp-content\/uploads\/2025\/12\/logo-alt-azul.png","type":"image\/png"}],"twitter_card":"summary_large_image","twitter_misc":{"Est. reading time":"4 minutes"},"schema":{"@context":"https:\/\/schema.org","@graph":[{"@type":"WebPage","@id":"https:\/\/altingenieria.mx\/19008-2\/","url":"https:\/\/altingenieria.mx\/19008-2\/","name":"Tapa inteligente para frasco de medicamentos - ALT Ingenier\u00eda","isPartOf":{"@id":"https:\/\/altingenieria.mx\/#website"},"datePublished":"2019-06-12T23:12:39+00:00","dateModified":"2026-02-05T22:40:49+00:00","description":"Tapa inteligente para frascos de medicamentos con sensor de apertura, App m\u00f3vil y registro de tomas para mejorar la adherencia al tratamiento.","breadcrumb":{"@id":"https:\/\/altingenieria.mx\/19008-2\/#breadcrumb"},"inLanguage":"en-US","potentialAction":[{"@type":"ReadAction","target":["https:\/\/altingenieria.mx\/19008-2\/"]}]},{"@type":"BreadcrumbList","@id":"https:\/\/altingenieria.mx\/19008-2\/#breadcrumb","itemListElement":[{"@type":"ListItem","position":1,"name":"Home","item":"https:\/\/altingenieria.mx\/"},{"@type":"ListItem","position":2,"name":"Tapa inteligente para frasco de medicamentos"}]},{"@type":"WebSite","@id":"https:\/\/altingenieria.mx\/#website","url":"https:\/\/altingenieria.mx\/","name":"ALT Ingenier\u00eda","description":"Custom Engineering","publisher":{"@id":"https:\/\/altingenieria.mx\/#organization"},"potentialAction":[{"@type":"SearchAction","target":{"@type":"EntryPoint","urlTemplate":"https:\/\/altingenieria.mx\/?s={search_term_string}"},"query-input":{"@type":"PropertyValueSpecification","valueRequired":true,"valueName":"search_term_string"}}],"inLanguage":"en-US"},{"@type":"Organization","@id":"https:\/\/altingenieria.mx\/#organization","name":"ALT Ingenier\u00eda","url":"https:\/\/altingenieria.mx\/","logo":{"@type":"ImageObject","inLanguage":"en-US","@id":"https:\/\/altingenieria.mx\/#\/schema\/logo\/image\/","url":"https:\/\/altingenieria.mx\/wp-content\/uploads\/2025\/12\/logo-alt-azul.png","contentUrl":"https:\/\/altingenieria.mx\/wp-content\/uploads\/2025\/12\/logo-alt-azul.png","width":367,"height":284,"caption":"ALT Ingenier\u00eda"},"image":{"@id":"https:\/\/altingenieria.mx\/#\/schema\/logo\/image\/"},"sameAs":["https:\/\/www.linkedin.com\/company\/altingenieria\/"]}]}},"_links":{"self":[{"href":"https:\/\/altingenieria.mx\/en\/wp-json\/wp\/v2\/pages\/5739","targetHints":{"allow":["GET"]}}],"collection":[{"href":"https:\/\/altingenieria.mx\/en\/wp-json\/wp\/v2\/pages"}],"about":[{"href":"https:\/\/altingenieria.mx\/en\/wp-json\/wp\/v2\/types\/page"}],"author":[{"embeddable":true,"href":"https:\/\/altingenieria.mx\/en\/wp-json\/wp\/v2\/users\/3"}],"replies":[{"embeddable":true,"href":"https:\/\/altingenieria.mx\/en\/wp-json\/wp\/v2\/comments?post=5739"}],"version-history":[{"count":2,"href":"https:\/\/altingenieria.mx\/en\/wp-json\/wp\/v2\/pages\/5739\/revisions"}],"predecessor-version":[{"id":11121,"href":"https:\/\/altingenieria.mx\/en\/wp-json\/wp\/v2\/pages\/5739\/revisions\/11121"}],"wp:attachment":[{"href":"https:\/\/altingenieria.mx\/en\/wp-json\/wp\/v2\/media?parent=5739"}],"curies":[{"name":"wp","href":"https:\/\/api.w.org\/{rel}","templated":true}]}}