{"id":5778,"date":"2019-06-12T18:54:43","date_gmt":"2019-06-12T23:54:43","guid":{"rendered":"http:\/\/altingenieria.com.mx\/?page_id=5778"},"modified":"2026-02-05T16:56:56","modified_gmt":"2026-02-05T22:56:56","slug":"17078-2","status":"publish","type":"page","link":"https:\/\/altingenieria.mx\/en\/17078-2\/","title":{"rendered":"Test bench for Climatronic VW"},"content":{"rendered":"<div class=\"wpb-content-wrapper\"><div id=\"fws_6a0585dfa72a8\" class=\"vc_row wpb_row vc_row-fluid  animate_onoffset row-dynamic-el section-style     \" style=\"padding-bottom: 20px ; \" ><div  style=\"position: absolute;top: 0;\"><\/div><div class=\"container  dark\"><div class=\"section_clear\">\n\t<div class=\"vc_col-sm-12 wpb_column column_container \" style=\"\" data-animation=\"none\" data-delay=\"\">\n\t\t\t<div class=\"wpb_wrapper\">\n\t\t\t\t<div class=\"vc_row wpb_row vc_inner vc_row-fluid vc_row-o-equal-height vc_row-flex\"><div class=\"wpb_column vc_column_container vc_col-sm-8\"><div class=\"vc_column-inner\"><div class=\"wpb_wrapper\"><div class=\"wpb_content_element media_align_left media media_el animate_onoffset \"><div class=\"media_wrapper\" ><img decoding=\"async\" src=\"https:\/\/altingenieria.mx\/wp-content\/uploads\/2019\/06\/705X530-P17078-PROYECTO-PORTADA-.png\" alt=\"Alt Text\" class=\"type_image animated fadeInLeft alignment_left\" \/><\/div><\/div><\/div><\/div><\/div><div class=\"wpb_column vc_column_container vc_col-sm-4\"><div class=\"vc_column-inner\"><div class=\"wpb_wrapper\">\n\t<div class=\"wpb_text_column wpb_content_element \">\n\t\t<div class=\"wpb_wrapper\" >\n\t\t\t<p><strong>DESCRIPCI\u00d3N BREVE DEL PROYECTO<\/strong><\/p>\n<p style=\"text-align: justify;\">Estaci\u00f3n autom\u00e1tica off-line de pruebas el\u00e9ctricas y configuraci\u00f3n del software. Desarrollado en LabVIEW en la plataforma PXI y bajo protocolo CAN. Integra varios equipos de adquisici\u00f3n de datos y una tarjeta acondicionadora dise\u00f1ada a la medida para conmutaci\u00f3n y cargas.<\/p>\n<p><strong><span style=\"font-size: 10pt;\">FECHA<br \/>\n<\/span><\/strong>Diciembre 2018<\/p>\n<p><strong><span style=\"font-size: 10pt;\">CLIENTE<br \/>\n<\/span><\/strong>BHTC<\/p>\n\n\t\t<\/div> \n\t<\/div> <\/div><\/div><\/div><\/div>\n\t\t\t<\/div> \n\t<\/div> \n<\/div><\/div><\/div><div id=\"fws_6a0585dfa86f7\" class=\"vc_row wpb_row vc_row-fluid  animate_onoffset row-dynamic-el standard_section     \" style=\"\" ><div  style=\"position: absolute;top: 0;\"><\/div><div class=\"container  dark\"><div class=\"section_clear\">\n\t<div class=\"vc_col-sm-6 wpb_column column_container vc_custom_1565293715049  vc_custom_1565293715049\" style=\"\" data-animation=\"none\" data-delay=\"\">\n\t\t\t<div class=\"wpb_wrapper\">\n\t\t\t\t\n\t<div class=\"wpb_text_column wpb_content_element  vc_custom_1565622264172\">\n\t\t<div class=\"wpb_wrapper\" >\n\t\t\t<div id=\"fws_5d498bca583a9\" class=\"vc_row wpb_row vc_row-fluid animate_onoffset row-dynamic-el standard_section \">\n<div class=\"container custom\">\n<div class=\"section_clear\">\n<div class=\"vc_col-sm-12 wpb_column column_container vc_custom_1565016720366 vc_custom_1565016720366\" data-animation=\"none\" data-delay=\"\">\n<div class=\"wpb_wrapper\">\n<div class=\"wpb_text_column wpb_content_element vc_custom_1565016773862\">\n<div class=\"wpb_wrapper\">\n<p style=\"text-align: justify;\"><span style=\"font-size: 14px;\">El dise\u00f1o integral de esta estaci\u00f3n se llev\u00f3 a cabo por un equipo de ingenieros multidisciplinar y consisti\u00f3 en el dise\u00f1o mec\u00e1nico del bastidor, el desarrollo electr\u00f3nico de la tarjeta acondicionadora, el desarrollo de software en LabVIEW, el dise\u00f1o el\u00e9ctrico de todo el conjunto, y todo el montaje.<\/span><\/p>\n<p style=\"text-align: justify;\"><span style=\"font-size: 14px;\">Se integraron diferentes equipos como una fuente programable Keyence, dispositivos de I\/O industriales de MOXA ioLogic por Modbus y equipo multifunci\u00f3n de medici\u00f3n y conmutaci\u00f3n Keysight 34980A en una plataforma PXI de National Instruments con tarjetas DAQ y bus CAN.<\/span><\/p>\n<p>&nbsp;<\/p>\n<\/div>\n<\/div>\n<\/div>\n<\/div>\n<\/div>\n<\/div>\n<\/div>\n\n\t\t<\/div> \n\t<\/div> \n\t\t\t<\/div> \n\t<\/div> \n\n\t<div class=\"vc_col-sm-6 wpb_column column_container vc_custom_1565293722523  vc_custom_1565293722523\" style=\"\" data-animation=\"none\" data-delay=\"\">\n\t\t\t<div class=\"wpb_wrapper\">\n\t\t\t\t<div class=\"vc_row wpb_row vc_inner vc_row-fluid vc_custom_1565115942659 vc_row-has-fill vc_row-o-content-top vc_row-flex\"><div class=\"wpb_column vc_column_container vc_col-sm-12 vc_col-has-fill\"><div class=\"vc_column-inner vc_custom_1565115950018\"><div class=\"wpb_wrapper\"><div class=\"vc_custom_heading vc_custom_1565286234531 wpb_content_element\" ><h2 style=\"font-size: 18px;text-align: left\" >Necesidad<\/h2><\/div>\n\t<div class=\"wpb_text_column wpb_content_element  vc_custom_1565119404563\">\n\t\t<div class=\"wpb_wrapper\" >\n\t\t\t<p style=\"text-align: justify;\"><span style=\"font-size: 13px; color: #000000;\">Segregar la prueba el\u00e9ctrica del banco de test existente para mejorar el tiempo de ciclo.<\/span><\/p>\n\n\t\t<\/div> \n\t<\/div> <div class=\"vc_custom_heading vc_custom_1565115994054 wpb_content_element\" ><h2 style=\"font-size: 18px;text-align: left\" >Soluci\u00f3n<\/h2><\/div>\n\t<div class=\"wpb_text_column wpb_content_element  vc_custom_1565622269731\">\n\t\t<div class=\"wpb_wrapper\" >\n\t\t\t<p style=\"font-size: 13px; text-align: justify;\"><span style=\"font-size: 13px; color: #000000;\">Desarrollar un banco off-line de carga manual pero secuencia de prueba autom\u00e1tica.<\/span><\/p>\n\n\t\t<\/div> \n\t<\/div> <\/div><\/div><\/div><\/div>\n\t\t\t<\/div> \n\t<\/div> \n<\/div><\/div><\/div><div id=\"fws_6a0585dfa957d\" class=\"vc_row wpb_row vc_row-fluid  animate_onoffset row-dynamic-el standard_section     \" style=\"padding-top: 0px ; \" ><div  style=\"position: absolute;top: 0;\"><\/div><div class=\"container  dark\"><div class=\"section_clear\">\n\t<div class=\"vc_col-sm-12 vc_hidden-lg vc_hidden-md vc_hidden-sm wpb_column column_container vc_custom_1564160319122  vc_custom_1564160319122\" style=\"\" data-animation=\"none\" data-delay=\"\">\n\t\t\t<div class=\"wpb_wrapper\">\n\t\t\t\t<div class=\"vc_row wpb_row vc_inner vc_row-fluid vc_custom_1564160809902 vc_row-o-equal-height vc_row-flex\"><div class=\"wpb_column vc_column_container vc_col-sm-6 vc_col-xs-6\"><div class=\"vc_column-inner vc_custom_1564160851706\"><div class=\"wpb_wrapper\"><div class=\"wpb_content_element media_align_left media media_el animate_onoffset \"><div class=\"media_wrapper\" ><img decoding=\"async\" src=\"https:\/\/altingenieria.mx\/wp-content\/uploads\/2019\/07\/edit-20181019_170410-2.png\" alt=\"Alt Text\" class=\"type_image animated fadeInLeft alignment_left\" \/><\/div><\/div><\/div><\/div><\/div><div class=\"wpb_column vc_column_container vc_col-sm-6 vc_col-xs-6\"><div class=\"vc_column-inner vc_custom_1564159493891\"><div class=\"wpb_wrapper\"><div class=\"wpb_content_element media_align_left media media_el animate_onoffset \"><div class=\"media_wrapper\" ><img decoding=\"async\" src=\"https:\/\/altingenieria.mx\/wp-content\/uploads\/2019\/06\/1024X1024-P17078-PORT-1.png\" alt=\"Alt Text\" class=\"type_image animated fadeInLeft alignment_left\" \/><\/div><\/div><\/div><\/div><\/div><\/div><div class=\"vc_row wpb_row vc_inner vc_row-fluid vc_custom_1564160791844 vc_row-o-equal-height vc_row-flex\"><div class=\"wpb_column vc_column_container vc_col-sm-4 vc_col-xs-4 vc_col-has-fill\"><div class=\"vc_column-inner vc_custom_1564159076811\"><div class=\"wpb_wrapper\"><div class=\"wpb_content_element media_align_left media media_el animate_onoffset \"><div class=\"media_wrapper\" ><img decoding=\"async\" src=\"https:\/\/altingenieria.mx\/wp-content\/uploads\/2019\/06\/20181011_160940-1.jpg\" alt=\"Alt Text\" class=\"type_image animated fadeInLeft alignment_left\" \/><\/div><\/div><\/div><\/div><\/div><div class=\"wpb_column vc_column_container vc_col-sm-4 vc_col-xs-4\"><div class=\"vc_column-inner vc_custom_1564159085573\"><div class=\"wpb_wrapper\"><div class=\"wpb_content_element media_align_left media media_el animate_onoffset \"><div class=\"media_wrapper\" ><img decoding=\"async\" src=\"https:\/\/altingenieria.mx\/wp-content\/uploads\/2019\/06\/20181011_160822-1.jpg\" alt=\"Alt Text\" class=\"type_image animated fadeInLeft alignment_left\" \/><\/div><\/div><\/div><\/div><\/div><div class=\"wpb_column vc_column_container vc_col-sm-4 vc_col-xs-4\"><div class=\"vc_column-inner vc_custom_1564159093830\"><div class=\"wpb_wrapper\"><div class=\"wpb_content_element media_align_left media media_el animate_onoffset \"><div class=\"media_wrapper\" ><img decoding=\"async\" src=\"https:\/\/altingenieria.mx\/wp-content\/uploads\/2019\/06\/20190109_105745.jpg\" alt=\"Alt Text\" class=\"type_image animated fadeInLeft alignment_left\" \/><\/div><\/div><\/div><\/div><\/div><\/div>\n\t\t\t<\/div> \n\t<\/div> \n<\/div><\/div><\/div><div id=\"fws_6a0585dfab7a4\" class=\"vc_row wpb_row vc_row-fluid  animate_onoffset row-dynamic-el standard_section     \" style=\"\" ><div  style=\"position: absolute;top: 0;\"><\/div><div class=\"container  dark\"><div class=\"section_clear\">\n\t<div class=\"vc_col-sm-12 vc_hidden-xs wpb_column column_container vc_custom_1565293742202  vc_custom_1565293742202\" style=\"\" data-animation=\"none\" data-delay=\"\">\n\t\t\t<div class=\"wpb_wrapper\">\n\t\t\t\t<div class=\"wpb_gallery wpb_content_element vc_clearfix vc_custom_1565303580943 wpb_content_element\" ><div class=\"wpb_wrapper\"><div class=\"wpb_gallery_slides wpb_image_grid\" data-interval=\"3\"><ul class=\"wpb_image_grid_ul\"><li class=\"isotope-item\"><a class=\"\" href=\"https:\/\/altingenieria.mx\/wp-content\/uploads\/2019\/06\/20181019_170410-e1561398533634-576x1024.jpg\" data-lightbox=\"lightbox[rel-5778-3761968857]\"><img loading=\"lazy\" decoding=\"async\" width=\"150\" height=\"150\" src=\"https:\/\/altingenieria.mx\/wp-content\/uploads\/2019\/06\/20181019_170410-e1561398533634-150x150.jpg\" class=\"attachment-thumbnail\" alt=\"\" title=\"20181019_170410\" srcset=\"https:\/\/altingenieria.mx\/wp-content\/uploads\/2019\/06\/20181019_170410-e1561398533634-150x150.jpg 150w, https:\/\/altingenieria.mx\/wp-content\/uploads\/2019\/06\/20181019_170410-e1561398533634-600x600.jpg 600w, https:\/\/altingenieria.mx\/wp-content\/uploads\/2019\/06\/20181019_170410-e1561398533634-350x350.jpg 350w\" sizes=\"auto, (max-width: 150px) 100vw, 150px\" \/><\/a><\/li><li class=\"isotope-item\"><a class=\"\" href=\"https:\/\/altingenieria.mx\/wp-content\/uploads\/2019\/06\/20181011_160822-1-1024x576.jpg\" data-lightbox=\"lightbox[rel-5778-3761968857]\"><img loading=\"lazy\" decoding=\"async\" width=\"150\" height=\"150\" src=\"https:\/\/altingenieria.mx\/wp-content\/uploads\/2019\/06\/20181011_160822-1-150x150.jpg\" class=\"attachment-thumbnail\" alt=\"\" title=\"20181011_160822\" srcset=\"https:\/\/altingenieria.mx\/wp-content\/uploads\/2019\/06\/20181011_160822-1-150x150.jpg 150w, https:\/\/altingenieria.mx\/wp-content\/uploads\/2019\/06\/20181011_160822-1-600x600.jpg 600w, https:\/\/altingenieria.mx\/wp-content\/uploads\/2019\/06\/20181011_160822-1-350x350.jpg 350w\" sizes=\"auto, (max-width: 150px) 100vw, 150px\" \/><\/a><\/li><li class=\"isotope-item\"><a class=\"\" href=\"https:\/\/altingenieria.mx\/wp-content\/uploads\/2019\/06\/20181011_160940-1-1024x576.jpg\" data-lightbox=\"lightbox[rel-5778-3761968857]\"><img loading=\"lazy\" decoding=\"async\" width=\"150\" height=\"150\" src=\"https:\/\/altingenieria.mx\/wp-content\/uploads\/2019\/06\/20181011_160940-1-150x150.jpg\" class=\"attachment-thumbnail\" alt=\"\" title=\"20181011_160940\" srcset=\"https:\/\/altingenieria.mx\/wp-content\/uploads\/2019\/06\/20181011_160940-1-150x150.jpg 150w, https:\/\/altingenieria.mx\/wp-content\/uploads\/2019\/06\/20181011_160940-1-600x600.jpg 600w, https:\/\/altingenieria.mx\/wp-content\/uploads\/2019\/06\/20181011_160940-1-350x350.jpg 350w\" sizes=\"auto, (max-width: 150px) 100vw, 150px\" \/><\/a><\/li><li class=\"isotope-item\"><a class=\"\" href=\"https:\/\/altingenieria.mx\/wp-content\/uploads\/2019\/06\/1024X1024-P17078-PORT-1.png\" data-lightbox=\"lightbox[rel-5778-3761968857]\"><img loading=\"lazy\" decoding=\"async\" width=\"150\" height=\"150\" src=\"https:\/\/altingenieria.mx\/wp-content\/uploads\/2019\/06\/1024X1024-P17078-PORT-1-150x150.png\" class=\"attachment-thumbnail\" alt=\"\" title=\"1024X1024-P17078-PORT\" srcset=\"https:\/\/altingenieria.mx\/wp-content\/uploads\/2019\/06\/1024X1024-P17078-PORT-1-150x150.png 150w, https:\/\/altingenieria.mx\/wp-content\/uploads\/2019\/06\/1024X1024-P17078-PORT-1-300x300.png 300w, https:\/\/altingenieria.mx\/wp-content\/uploads\/2019\/06\/1024X1024-P17078-PORT-1-768x768.png 768w, https:\/\/altingenieria.mx\/wp-content\/uploads\/2019\/06\/1024X1024-P17078-PORT-1-600x600.png 600w, https:\/\/altingenieria.mx\/wp-content\/uploads\/2019\/06\/1024X1024-P17078-PORT-1-350x350.png 350w, https:\/\/altingenieria.mx\/wp-content\/uploads\/2019\/06\/1024X1024-P17078-PORT-1.png 1024w\" sizes=\"auto, (max-width: 150px) 100vw, 150px\" \/><\/a><\/li><li class=\"isotope-item\"><a class=\"\" href=\"https:\/\/altingenieria.mx\/wp-content\/uploads\/2019\/06\/20190109_105745-1024x576.jpg\" data-lightbox=\"lightbox[rel-5778-3761968857]\"><img loading=\"lazy\" decoding=\"async\" width=\"150\" height=\"150\" src=\"https:\/\/altingenieria.mx\/wp-content\/uploads\/2019\/06\/20190109_105745-150x150.jpg\" class=\"attachment-thumbnail\" alt=\"\" title=\"20190109_105745\" srcset=\"https:\/\/altingenieria.mx\/wp-content\/uploads\/2019\/06\/20190109_105745-150x150.jpg 150w, https:\/\/altingenieria.mx\/wp-content\/uploads\/2019\/06\/20190109_105745-600x600.jpg 600w, https:\/\/altingenieria.mx\/wp-content\/uploads\/2019\/06\/20190109_105745-350x350.jpg 350w\" sizes=\"auto, (max-width: 150px) 100vw, 150px\" \/><\/a><\/li><li class=\"isotope-item\"><a class=\"\" href=\"https:\/\/altingenieria.mx\/wp-content\/uploads\/2019\/08\/1565123397609-570x1024.jpeg\" data-lightbox=\"lightbox[rel-5778-3761968857]\"><img loading=\"lazy\" decoding=\"async\" width=\"150\" height=\"150\" src=\"https:\/\/altingenieria.mx\/wp-content\/uploads\/2019\/08\/1565123397609-150x150.jpeg\" class=\"attachment-thumbnail\" alt=\"\" title=\"1565123397609\" srcset=\"https:\/\/altingenieria.mx\/wp-content\/uploads\/2019\/08\/1565123397609-150x150.jpeg 150w, https:\/\/altingenieria.mx\/wp-content\/uploads\/2019\/08\/1565123397609-600x600.jpeg 600w, https:\/\/altingenieria.mx\/wp-content\/uploads\/2019\/08\/1565123397609-350x350.jpeg 350w\" sizes=\"auto, (max-width: 150px) 100vw, 150px\" \/><\/a><\/li><li class=\"isotope-item\"><a class=\"\" href=\"https:\/\/altingenieria.mx\/wp-content\/uploads\/2019\/08\/1565123869224-1024x576.jpeg\" data-lightbox=\"lightbox[rel-5778-3761968857]\"><img loading=\"lazy\" decoding=\"async\" width=\"150\" height=\"150\" src=\"https:\/\/altingenieria.mx\/wp-content\/uploads\/2019\/08\/1565123869224-150x150.jpeg\" class=\"attachment-thumbnail\" alt=\"\" title=\"1565123869224\" srcset=\"https:\/\/altingenieria.mx\/wp-content\/uploads\/2019\/08\/1565123869224-150x150.jpeg 150w, https:\/\/altingenieria.mx\/wp-content\/uploads\/2019\/08\/1565123869224-600x600.jpeg 600w, https:\/\/altingenieria.mx\/wp-content\/uploads\/2019\/08\/1565123869224-350x350.jpeg 350w\" sizes=\"auto, (max-width: 150px) 100vw, 150px\" \/><\/a><\/li><\/ul><\/div><\/div><\/div>\n\t\t\t<\/div> \n\t<\/div> \n<\/div><\/div><\/div><div id=\"fws_6a0585dfae0f4\" class=\"vc_row wpb_row vc_row-fluid  animate_onoffset row-dynamic-el standard_section     \" style=\"\" ><div  style=\"position: absolute;top: 0;\"><\/div><div class=\"container  dark\"><div class=\"section_clear\">\n\t<div class=\"vc_col-sm-12 wpb_column column_container \" style=\"\" data-animation=\"none\" data-delay=\"\">\n\t\t\t<div class=\"wpb_wrapper\">\n\t\t\t\t\n\t<div class=\"wpb_text_column wpb_content_element  vc_custom_1565303588361\">\n\t\t<div class=\"wpb_wrapper\" >\n\t\t\t<p><span style=\"font-size: 14px;\">El bastidor mec\u00e1nico consta de un fixture a la medida de la pieza a probar, que es un Climatronic de VW e incluye dispositivos neum\u00e1ticos para la conexi\u00f3n autom\u00e1tica de todos los pinchos de prueba y la sujeci\u00f3n de la pieza durante la prueba.<\/span><\/p>\n\n\t\t<\/div> \n\t<\/div> \n\t\t\t<\/div> \n\t<\/div> \n<\/div><\/div><\/div>\n<\/div>","protected":false},"excerpt":{"rendered":"DESCRIPCI\u00d3N BREVE DEL PROYECTO Estaci\u00f3n autom\u00e1tica off-line de pruebas el\u00e9ctricas y configuraci\u00f3n del software. Desarrollado en LabVIEW en la plataforma PXI y bajo protocolo CAN. Integra varios equipos de adquisici\u00f3n de datos y una tarjeta acondicionadora dise\u00f1ada a la medida para conmutaci\u00f3n y cargas. FECHA Diciembre 2018 CLIENTE BHTC El dise\u00f1o integral de esta estaci\u00f3n [...]","protected":false},"author":3,"featured_media":0,"parent":0,"menu_order":42,"comment_status":"open","ping_status":"closed","template":"","meta":{"_joinchat":[],"footnotes":""},"class_list":["post-5778","page","type-page","status-publish","hentry"],"yoast_head":"<!-- This site is optimized with the Yoast SEO plugin v27.6 - https:\/\/yoast.com\/product\/yoast-seo-wordpress\/ -->\n<title>Banco de test funcional para Climatronic VW - ALT Ingenier\u00eda<\/title>\n<meta name=\"description\" content=\"Conoce nuestro Banco de test funcional para Climatronic VW con pruebas el\u00e9ctricas y configuraci\u00f3n de software en plataforma PXI y protocolo CAN.\" \/>\n<meta name=\"robots\" content=\"index, follow, max-snippet:-1, max-image-preview:large, max-video-preview:-1\" \/>\n<link rel=\"canonical\" href=\"https:\/\/altingenieria.mx\/en\/17078-2\/\" \/>\n<meta property=\"og:locale\" content=\"en_US\" \/>\n<meta property=\"og:type\" content=\"article\" \/>\n<meta property=\"og:title\" content=\"Banco de test funcional para Climatronic VW - ALT Ingenier\u00eda\" \/>\n<meta property=\"og:description\" content=\"Conoce nuestro Banco de test funcional para Climatronic VW con pruebas el\u00e9ctricas y configuraci\u00f3n de software en plataforma PXI y protocolo CAN.\" \/>\n<meta property=\"og:url\" content=\"https:\/\/altingenieria.mx\/en\/17078-2\/\" \/>\n<meta property=\"og:site_name\" content=\"ALT Ingenier\u00eda\" \/>\n<meta property=\"article:modified_time\" content=\"2026-02-05T22:56:56+00:00\" \/>\n<meta property=\"og:image\" content=\"https:\/\/altingenieria.mx\/wp-content\/uploads\/2025\/12\/logo-alt-azul.png\" \/>\n\t<meta property=\"og:image:width\" content=\"367\" \/>\n\t<meta property=\"og:image:height\" content=\"284\" \/>\n\t<meta property=\"og:image:type\" content=\"image\/png\" \/>\n<meta name=\"twitter:card\" content=\"summary_large_image\" \/>\n<meta name=\"twitter:label1\" content=\"Est. reading time\" \/>\n\t<meta name=\"twitter:data1\" content=\"3 minutes\" \/>\n<script type=\"application\/ld+json\" class=\"yoast-schema-graph\">{\"@context\":\"https:\\\/\\\/schema.org\",\"@graph\":[{\"@type\":\"WebPage\",\"@id\":\"https:\\\/\\\/altingenieria.mx\\\/17078-2\\\/\",\"url\":\"https:\\\/\\\/altingenieria.mx\\\/17078-2\\\/\",\"name\":\"Banco de test funcional para Climatronic VW - ALT Ingenier\u00eda\",\"isPartOf\":{\"@id\":\"https:\\\/\\\/altingenieria.mx\\\/#website\"},\"datePublished\":\"2019-06-12T23:54:43+00:00\",\"dateModified\":\"2026-02-05T22:56:56+00:00\",\"description\":\"Conoce nuestro Banco de test funcional para Climatronic VW con pruebas el\u00e9ctricas y configuraci\u00f3n de software en plataforma PXI y protocolo CAN.\",\"breadcrumb\":{\"@id\":\"https:\\\/\\\/altingenieria.mx\\\/17078-2\\\/#breadcrumb\"},\"inLanguage\":\"en-US\",\"potentialAction\":[{\"@type\":\"ReadAction\",\"target\":[\"https:\\\/\\\/altingenieria.mx\\\/17078-2\\\/\"]}]},{\"@type\":\"BreadcrumbList\",\"@id\":\"https:\\\/\\\/altingenieria.mx\\\/17078-2\\\/#breadcrumb\",\"itemListElement\":[{\"@type\":\"ListItem\",\"position\":1,\"name\":\"Home\",\"item\":\"https:\\\/\\\/altingenieria.mx\\\/\"},{\"@type\":\"ListItem\",\"position\":2,\"name\":\"Banco de test funcional para Climatronic VW\"}]},{\"@type\":\"WebSite\",\"@id\":\"https:\\\/\\\/altingenieria.mx\\\/#website\",\"url\":\"https:\\\/\\\/altingenieria.mx\\\/\",\"name\":\"ALT Ingenier\u00eda\",\"description\":\"Ingenier\u00eda a la medida\",\"publisher\":{\"@id\":\"https:\\\/\\\/altingenieria.mx\\\/#organization\"},\"potentialAction\":[{\"@type\":\"SearchAction\",\"target\":{\"@type\":\"EntryPoint\",\"urlTemplate\":\"https:\\\/\\\/altingenieria.mx\\\/?s={search_term_string}\"},\"query-input\":{\"@type\":\"PropertyValueSpecification\",\"valueRequired\":true,\"valueName\":\"search_term_string\"}}],\"inLanguage\":\"en-US\"},{\"@type\":\"Organization\",\"@id\":\"https:\\\/\\\/altingenieria.mx\\\/#organization\",\"name\":\"ALT Ingenier\u00eda\",\"url\":\"https:\\\/\\\/altingenieria.mx\\\/\",\"logo\":{\"@type\":\"ImageObject\",\"inLanguage\":\"en-US\",\"@id\":\"https:\\\/\\\/altingenieria.mx\\\/#\\\/schema\\\/logo\\\/image\\\/\",\"url\":\"https:\\\/\\\/altingenieria.mx\\\/wp-content\\\/uploads\\\/2025\\\/12\\\/logo-alt-azul.png\",\"contentUrl\":\"https:\\\/\\\/altingenieria.mx\\\/wp-content\\\/uploads\\\/2025\\\/12\\\/logo-alt-azul.png\",\"width\":367,\"height\":284,\"caption\":\"ALT Ingenier\u00eda\"},\"image\":{\"@id\":\"https:\\\/\\\/altingenieria.mx\\\/#\\\/schema\\\/logo\\\/image\\\/\"},\"sameAs\":[\"https:\\\/\\\/www.linkedin.com\\\/company\\\/altingenieria\\\/\"]}]}<\/script>\n<!-- \/ Yoast SEO plugin. -->","yoast_head_json":{"title":"Banco de test funcional para Climatronic VW - ALT Ingenier\u00eda","description":"Conoce nuestro Banco de test funcional para Climatronic VW con pruebas el\u00e9ctricas y configuraci\u00f3n de software en plataforma PXI y protocolo CAN.","robots":{"index":"index","follow":"follow","max-snippet":"max-snippet:-1","max-image-preview":"max-image-preview:large","max-video-preview":"max-video-preview:-1"},"canonical":"https:\/\/altingenieria.mx\/en\/17078-2\/","og_locale":"en_US","og_type":"article","og_title":"Banco de test funcional para Climatronic VW - ALT Ingenier\u00eda","og_description":"Conoce nuestro Banco de test funcional para Climatronic VW con pruebas el\u00e9ctricas y configuraci\u00f3n de software en plataforma PXI y protocolo CAN.","og_url":"https:\/\/altingenieria.mx\/en\/17078-2\/","og_site_name":"ALT Ingenier\u00eda","article_modified_time":"2026-02-05T22:56:56+00:00","og_image":[{"width":367,"height":284,"url":"https:\/\/altingenieria.mx\/wp-content\/uploads\/2025\/12\/logo-alt-azul.png","type":"image\/png"}],"twitter_card":"summary_large_image","twitter_misc":{"Est. reading time":"3 minutes"},"schema":{"@context":"https:\/\/schema.org","@graph":[{"@type":"WebPage","@id":"https:\/\/altingenieria.mx\/17078-2\/","url":"https:\/\/altingenieria.mx\/17078-2\/","name":"Banco de test funcional para Climatronic VW - ALT Ingenier\u00eda","isPartOf":{"@id":"https:\/\/altingenieria.mx\/#website"},"datePublished":"2019-06-12T23:54:43+00:00","dateModified":"2026-02-05T22:56:56+00:00","description":"Conoce nuestro Banco de test funcional para Climatronic VW con pruebas el\u00e9ctricas y configuraci\u00f3n de software en plataforma PXI y protocolo CAN.","breadcrumb":{"@id":"https:\/\/altingenieria.mx\/17078-2\/#breadcrumb"},"inLanguage":"en-US","potentialAction":[{"@type":"ReadAction","target":["https:\/\/altingenieria.mx\/17078-2\/"]}]},{"@type":"BreadcrumbList","@id":"https:\/\/altingenieria.mx\/17078-2\/#breadcrumb","itemListElement":[{"@type":"ListItem","position":1,"name":"Home","item":"https:\/\/altingenieria.mx\/"},{"@type":"ListItem","position":2,"name":"Banco de test funcional para Climatronic VW"}]},{"@type":"WebSite","@id":"https:\/\/altingenieria.mx\/#website","url":"https:\/\/altingenieria.mx\/","name":"ALT Ingenier\u00eda","description":"Custom Engineering","publisher":{"@id":"https:\/\/altingenieria.mx\/#organization"},"potentialAction":[{"@type":"SearchAction","target":{"@type":"EntryPoint","urlTemplate":"https:\/\/altingenieria.mx\/?s={search_term_string}"},"query-input":{"@type":"PropertyValueSpecification","valueRequired":true,"valueName":"search_term_string"}}],"inLanguage":"en-US"},{"@type":"Organization","@id":"https:\/\/altingenieria.mx\/#organization","name":"ALT Ingenier\u00eda","url":"https:\/\/altingenieria.mx\/","logo":{"@type":"ImageObject","inLanguage":"en-US","@id":"https:\/\/altingenieria.mx\/#\/schema\/logo\/image\/","url":"https:\/\/altingenieria.mx\/wp-content\/uploads\/2025\/12\/logo-alt-azul.png","contentUrl":"https:\/\/altingenieria.mx\/wp-content\/uploads\/2025\/12\/logo-alt-azul.png","width":367,"height":284,"caption":"ALT Ingenier\u00eda"},"image":{"@id":"https:\/\/altingenieria.mx\/#\/schema\/logo\/image\/"},"sameAs":["https:\/\/www.linkedin.com\/company\/altingenieria\/"]}]}},"_links":{"self":[{"href":"https:\/\/altingenieria.mx\/en\/wp-json\/wp\/v2\/pages\/5778","targetHints":{"allow":["GET"]}}],"collection":[{"href":"https:\/\/altingenieria.mx\/en\/wp-json\/wp\/v2\/pages"}],"about":[{"href":"https:\/\/altingenieria.mx\/en\/wp-json\/wp\/v2\/types\/page"}],"author":[{"embeddable":true,"href":"https:\/\/altingenieria.mx\/en\/wp-json\/wp\/v2\/users\/3"}],"replies":[{"embeddable":true,"href":"https:\/\/altingenieria.mx\/en\/wp-json\/wp\/v2\/comments?post=5778"}],"version-history":[{"count":1,"href":"https:\/\/altingenieria.mx\/en\/wp-json\/wp\/v2\/pages\/5778\/revisions"}],"predecessor-version":[{"id":10133,"href":"https:\/\/altingenieria.mx\/en\/wp-json\/wp\/v2\/pages\/5778\/revisions\/10133"}],"wp:attachment":[{"href":"https:\/\/altingenieria.mx\/en\/wp-json\/wp\/v2\/media?parent=5778"}],"curies":[{"name":"wp","href":"https:\/\/api.w.org\/{rel}","templated":true}]}}