{"id":5781,"date":"2019-06-12T18:57:57","date_gmt":"2019-06-12T23:57:57","guid":{"rendered":"http:\/\/altingenieria.com.mx\/?page_id=5781"},"modified":"2026-03-03T15:14:58","modified_gmt":"2026-03-03T21:14:58","slug":"18012-2","status":"publish","type":"page","link":"https:\/\/altingenieria.mx\/en\/18012-2\/","title":{"rendered":"TEST BENCH FOR AUTOMOTIVE STATORS"},"content":{"rendered":"<div class=\"wpb-content-wrapper\"><div id=\"fws_69f3eb225fe7c\" class=\"vc_row wpb_row vc_row-fluid  animate_onoffset row-dynamic-el section-style     \" style=\"padding-bottom: 15px ; \" ><div  style=\"position: absolute;top: 0;\"><\/div><div class=\"container  dark\"><div class=\"section_clear\">\n\t<div class=\"vc_col-sm-12 wpb_column column_container \" style=\"\" data-animation=\"none\" data-delay=\"\">\n\t\t\t<div class=\"wpb_wrapper\">\n\t\t\t\t<div class=\"vc_row wpb_row vc_inner vc_row-fluid vc_row-o-equal-height vc_row-flex\"><div class=\"wpb_column vc_column_container vc_col-sm-8\"><div class=\"vc_column-inner\"><div class=\"wpb_wrapper\"><div class=\"wpb_content_element media_align_left media media_el animate_onoffset \"><div class=\"media_wrapper\" ><img decoding=\"async\" src=\"https:\/\/altingenieria.mx\/wp-content\/uploads\/2019\/08\/705X530-P18012-PORT.png\" alt=\"Alt Text\" class=\"type_image animated fadeInLeft alignment_left\" \/><\/div><\/div><\/div><\/div><\/div><div class=\"wpb_column vc_column_container vc_col-sm-4\"><div class=\"vc_column-inner\"><div class=\"wpb_wrapper\">\n\t<div class=\"wpb_text_column wpb_content_element \">\n\t\t<div class=\"wpb_wrapper\" >\n\t\t\t<p><strong>DESCRIPCI\u00d3N BREVE DEL PROYECTO<\/strong><\/p>\n<p style=\"text-align: justify;\">Banco de test autom\u00e1tico para la comprobaci\u00f3n final de estatores especiales para alternadores automotrices. Va situado al final de la l\u00ednea de ensamble y en \u00e9l se realizan las conmutaciones de potencia y mediciones necesarias para garantizar su correcta fabricaci\u00f3n.<\/p>\n<p><strong><span style=\"font-size: 10pt;\">FECHA<br \/>\n<\/span><\/strong>Noviembre 2018<\/p>\n<p><strong><span style=\"font-size: 10pt;\">CLIENTE<br \/>\n<\/span><\/strong>BORGWARNER<\/p>\n\n\t\t<\/div> \n\t<\/div> <\/div><\/div><\/div><\/div>\n\t\t\t<\/div> \n\t<\/div> \n<\/div><\/div><\/div><div id=\"fws_69f3eb2261b5f\" class=\"vc_row wpb_row vc_row-fluid  animate_onoffset row-dynamic-el standard_section     \" style=\"padding-bottom: 0px ; \" ><div  style=\"position: absolute;top: 0;\"><\/div><div class=\"container  dark\"><div class=\"section_clear\">\n\t<div class=\"vc_col-sm-6 wpb_column column_container vc_custom_1565621381192  vc_custom_1565621381192\" style=\"\" data-animation=\"none\" data-delay=\"\">\n\t\t\t<div class=\"wpb_wrapper\">\n\t\t\t\t\n\t<div class=\"wpb_text_column wpb_content_element  vc_custom_1565627489765\">\n\t\t<div class=\"wpb_wrapper\" >\n\t\t\t<div id=\"fws_5d498bca583a9\" class=\"vc_row wpb_row vc_row-fluid animate_onoffset row-dynamic-el standard_section \">\n<div class=\"container custom\">\n<div class=\"section_clear\">\n<div class=\"vc_col-sm-12 wpb_column column_container vc_custom_1565016720366 vc_custom_1565016720366\" data-animation=\"none\" data-delay=\"\">\n<div class=\"wpb_wrapper\">\n<div class=\"wpb_text_column wpb_content_element vc_custom_1565016773862\">\n<div class=\"wpb_wrapper\">\n<p style=\"text-align: justify;\"><span style=\"font-size: 14px;\">Banco de Test de medici\u00f3n y comprobaci\u00f3n de las bobinas de los estatores de alternador automotrices, con pruebas de hasta 1500VAC, el software de control de este banco se ejecuta en un equipo embebido de National Instruments llamado \u201cCompact Rio (cRIO)\u201d, un equipo con capacidades de procesamiento de alto rendimiento y una cadena de herramientas ideales para monitoreo y control.<\/span><\/p>\n<p style=\"text-align: justify;\"><span style=\"font-size: 14px;\">La medici\u00f3n de la resistencia de cada bobina se realiz\u00f3 con el equipo llamado \u201cMil\u00edohmetro\u201d, el resultado de la medici\u00f3n es enviado al cRIO, para determinar en el software s\u00ed las mediciones se encuentran dentro de los rangos que sugiere el fabricante.<\/span><\/p>\n<p style=\"text-align: justify;\"><span style=\"font-size: 14px;\">Para la comprobaci\u00f3n de rigidez diel\u00e9ctrica, se utiliz\u00f3 el equipo \u201cWayneker\u201d, que realiza pruebas con voltajes muy elevados de corriente alterna con la intenci\u00f3n de poner a prueba la rigidez diel\u00e9ctrica de las bobinas de los estatores, este equipo de medici\u00f3n cuenta con comunicaci\u00f3n serial que es utilizada para comunicarse con el cRIO y posterior a ello analizar en el software los resultados de las pruebas. De esta manera se puede determinar si la pieza bajo Test tendr\u00e1 un correcto funcionamiento.<\/span><\/p>\n<p>&nbsp;<\/p>\n<\/div>\n<\/div>\n<\/div>\n<\/div>\n<\/div>\n<\/div>\n<\/div>\n\n\t\t<\/div> \n\t<\/div> \n\t\t\t<\/div> \n\t<\/div> \n\n\t<div class=\"vc_col-sm-6 wpb_column column_container vc_custom_1565621339129  vc_custom_1565621339129\" style=\"\" data-animation=\"none\" data-delay=\"\">\n\t\t\t<div class=\"wpb_wrapper\">\n\t\t\t\t<div class=\"vc_row wpb_row vc_inner vc_row-fluid vc_custom_1565115942659 vc_row-has-fill vc_row-o-content-top vc_row-flex\"><div class=\"wpb_column vc_column_container vc_col-sm-12 vc_col-has-fill\"><div class=\"vc_column-inner vc_custom_1565115950018\"><div class=\"wpb_wrapper\"><div class=\"vc_custom_heading vc_custom_1565621662996 wpb_content_element\" ><h2 style=\"font-size: 18px;text-align: left\" >Necesidad<\/h2><\/div>\n\t<div class=\"wpb_text_column wpb_content_element  vc_custom_1565623878417\">\n\t\t<div class=\"wpb_wrapper\" >\n\t\t\t<p style=\"text-align: justify;\"><span style=\"font-size: 13px; color: #000000;\">Comprobar que los estatores para alternadores automotrices, han tenido una correcta fabricaci\u00f3n y asegurar su adecuado funcionamiento.<\/span><\/p>\n\n\t\t<\/div> \n\t<\/div> <div class=\"vc_custom_heading vc_custom_1565115994054 wpb_content_element\" ><h2 style=\"font-size: 18px;text-align: left\" >Soluci\u00f3n<\/h2><\/div>\n\t<div class=\"wpb_text_column wpb_content_element  vc_custom_1565623438819\">\n\t\t<div class=\"wpb_wrapper\" >\n\t\t\t<p style=\"font-size: 13px; text-align: justify;\"><span style=\"font-size: 13px; color: #000000;\">Desarrollar un banco de Test, con equipos de medici\u00f3n y comprobaci\u00f3n que proporcionen datos que permitan determinar que la pieza probada est\u00e1 fabricada correctamente.<\/span><\/p>\n\n\t\t<\/div> \n\t<\/div> <\/div><\/div><\/div><\/div>\n\t\t\t<\/div> \n\t<\/div> \n<\/div><\/div><\/div><div id=\"fws_69f3eb226450c\" class=\"vc_row wpb_row vc_row-fluid  animate_onoffset row-dynamic-el standard_section     \" style=\"\" ><div  style=\"position: absolute;top: 0;\"><\/div><div class=\"container  dark\"><div class=\"section_clear\">\n\t<div class=\"vc_col-sm-2 wpb_column column_container \" style=\"\" data-animation=\"none\" data-delay=\"\">\n\t\t\t<div class=\"wpb_wrapper\">\n\t\t\t\t\n\t\t\t<\/div> \n\t<\/div> \n\n\t<div class=\"vc_col-sm-9 wpb_column column_container \" style=\"\" data-animation=\"none\" data-delay=\"\">\n\t\t\t<div class=\"wpb_wrapper\">\n\t\t\t\t<div class=\"wpb_gallery wpb_content_element vc_clearfix vc_custom_1565629632529 wpb_content_element\" ><div class=\"wpb_wrapper\"><div class=\"wpb_gallery_slides wpb_image_grid\" data-interval=\"3\"><ul class=\"wpb_image_grid_ul\"><li class=\"isotope-item\"><a class=\"\" href=\"https:\/\/altingenieria.mx\/wp-content\/uploads\/2019\/08\/stator-01-1024x576.jpg\" data-lightbox=\"lightbox[rel-5781-982779292]\"><img loading=\"lazy\" decoding=\"async\" width=\"150\" height=\"150\" src=\"https:\/\/altingenieria.mx\/wp-content\/uploads\/2019\/08\/stator-01-150x150.jpg\" class=\"attachment-thumbnail\" alt=\"\" title=\"stator-01\" srcset=\"https:\/\/altingenieria.mx\/wp-content\/uploads\/2019\/08\/stator-01-150x150.jpg 150w, https:\/\/altingenieria.mx\/wp-content\/uploads\/2019\/08\/stator-01-600x600.jpg 600w, https:\/\/altingenieria.mx\/wp-content\/uploads\/2019\/08\/stator-01-350x350.jpg 350w\" sizes=\"auto, (max-width: 150px) 100vw, 150px\" \/><\/a><\/li><li class=\"isotope-item\"><a class=\"\" href=\"https:\/\/altingenieria.mx\/wp-content\/uploads\/2019\/08\/stator-02-1024x576.jpg\" data-lightbox=\"lightbox[rel-5781-982779292]\"><img loading=\"lazy\" decoding=\"async\" width=\"150\" height=\"150\" src=\"https:\/\/altingenieria.mx\/wp-content\/uploads\/2019\/08\/stator-02-150x150.jpg\" class=\"attachment-thumbnail\" alt=\"\" title=\"stator-02\" srcset=\"https:\/\/altingenieria.mx\/wp-content\/uploads\/2019\/08\/stator-02-150x150.jpg 150w, https:\/\/altingenieria.mx\/wp-content\/uploads\/2019\/08\/stator-02-600x600.jpg 600w, https:\/\/altingenieria.mx\/wp-content\/uploads\/2019\/08\/stator-02-350x350.jpg 350w\" sizes=\"auto, (max-width: 150px) 100vw, 150px\" \/><\/a><\/li><li class=\"isotope-item\"><a class=\"\" href=\"https:\/\/altingenieria.mx\/wp-content\/uploads\/2019\/06\/1024X1024-P18012-PORT.png\" data-lightbox=\"lightbox[rel-5781-982779292]\"><img loading=\"lazy\" decoding=\"async\" width=\"150\" height=\"150\" src=\"https:\/\/altingenieria.mx\/wp-content\/uploads\/2019\/06\/1024X1024-P18012-PORT-150x150.png\" class=\"attachment-thumbnail\" alt=\"\" title=\"1024X1024-P18012-PORT\" srcset=\"https:\/\/altingenieria.mx\/wp-content\/uploads\/2019\/06\/1024X1024-P18012-PORT-150x150.png 150w, https:\/\/altingenieria.mx\/wp-content\/uploads\/2019\/06\/1024X1024-P18012-PORT-300x300.png 300w, https:\/\/altingenieria.mx\/wp-content\/uploads\/2019\/06\/1024X1024-P18012-PORT-768x768.png 768w, https:\/\/altingenieria.mx\/wp-content\/uploads\/2019\/06\/1024X1024-P18012-PORT-600x600.png 600w, https:\/\/altingenieria.mx\/wp-content\/uploads\/2019\/06\/1024X1024-P18012-PORT-350x350.png 350w, https:\/\/altingenieria.mx\/wp-content\/uploads\/2019\/06\/1024X1024-P18012-PORT.png 1024w\" sizes=\"auto, (max-width: 150px) 100vw, 150px\" \/><\/a><\/li><li class=\"isotope-item\"><a class=\"\" href=\"https:\/\/altingenieria.mx\/wp-content\/uploads\/2019\/08\/07101422.jpg\" data-lightbox=\"lightbox[rel-5781-982779292]\"><img loading=\"lazy\" decoding=\"async\" width=\"150\" height=\"150\" src=\"https:\/\/altingenieria.mx\/wp-content\/uploads\/2019\/08\/07101422-150x150.jpg\" class=\"attachment-thumbnail\" alt=\"\" title=\"07101422\" srcset=\"https:\/\/altingenieria.mx\/wp-content\/uploads\/2019\/08\/07101422-150x150.jpg 150w, https:\/\/altingenieria.mx\/wp-content\/uploads\/2019\/08\/07101422-350x350.jpg 350w\" sizes=\"auto, (max-width: 150px) 100vw, 150px\" \/><\/a><\/li><li class=\"isotope-item\"><a class=\"\" href=\"https:\/\/altingenieria.mx\/wp-content\/uploads\/2019\/08\/IMG-20180802-WA0023-576x1024.jpg\" data-lightbox=\"lightbox[rel-5781-982779292]\"><img loading=\"lazy\" decoding=\"async\" width=\"150\" height=\"150\" src=\"https:\/\/altingenieria.mx\/wp-content\/uploads\/2019\/08\/IMG-20180802-WA0023-150x150.jpg\" class=\"attachment-thumbnail\" alt=\"\" title=\"IMG-20180802-WA0023\" srcset=\"https:\/\/altingenieria.mx\/wp-content\/uploads\/2019\/08\/IMG-20180802-WA0023-150x150.jpg 150w, https:\/\/altingenieria.mx\/wp-content\/uploads\/2019\/08\/IMG-20180802-WA0023-600x600.jpg 600w, https:\/\/altingenieria.mx\/wp-content\/uploads\/2019\/08\/IMG-20180802-WA0023-350x350.jpg 350w\" sizes=\"auto, (max-width: 150px) 100vw, 150px\" \/><\/a><\/li><\/ul><\/div><\/div><\/div>\n\t\t\t<\/div> \n\t<\/div> \n\n\t<div class=\"vc_col-sm-1 wpb_column column_container \" style=\"\" data-animation=\"none\" data-delay=\"\">\n\t\t\t<div class=\"wpb_wrapper\">\n\t\t\t\t\n\t\t\t<\/div> \n\t<\/div> \n<\/div><\/div><\/div><div id=\"fws_69f3eb226828c\" class=\"vc_row wpb_row vc_row-fluid  animate_onoffset row-dynamic-el standard_section     \" style=\"\" ><div  style=\"position: absolute;top: 0;\"><\/div><div class=\"container  dark\"><div class=\"section_clear\">\n\t<div class=\"vc_col-sm-12 wpb_column column_container \" style=\"\" data-animation=\"none\" data-delay=\"\">\n\t\t\t<div class=\"wpb_wrapper\">\n\t\t\t\t\n\t<div class=\"wpb_text_column wpb_content_element \">\n\t\t<div class=\"wpb_wrapper\" >\n\t\t\t\n\t\t<\/div> \n\t<\/div> \n\t\t\t<\/div> \n\t<\/div> \n<\/div><\/div><\/div>\n<\/div>","protected":false},"excerpt":{"rendered":"DESCRIPCI\u00d3N BREVE DEL PROYECTO Banco de test autom\u00e1tico para la comprobaci\u00f3n final de estatores especiales para alternadores automotrices. Va situado al final de la l\u00ednea de ensamble y en \u00e9l se realizan las conmutaciones de potencia y mediciones necesarias para garantizar su correcta fabricaci\u00f3n. FECHA Noviembre 2018 CLIENTE BORGWARNER Banco de Test de medici\u00f3n y [...]","protected":false},"author":3,"featured_media":0,"parent":0,"menu_order":42,"comment_status":"open","ping_status":"closed","template":"","meta":{"_joinchat":[],"footnotes":""},"class_list":["post-5781","page","type-page","status-publish","hentry"],"yoast_head":"<!-- This site is optimized with the Yoast SEO plugin v27.5 - https:\/\/yoast.com\/product\/yoast-seo-wordpress\/ -->\n<title>Banco de test para estator automotriz - ALT Ingenier\u00eda<\/title>\n<meta name=\"description\" content=\"Banco de test para estator automotriz con pruebas el\u00e9ctricas hasta 1500VAC, controlado por cRIO e integrado en l\u00ednea de ensamble para validaci\u00f3n final.\" \/>\n<meta name=\"robots\" content=\"index, follow, max-snippet:-1, max-image-preview:large, max-video-preview:-1\" \/>\n<link rel=\"canonical\" href=\"https:\/\/altingenieria.mx\/en\/18012-2\/\" \/>\n<meta property=\"og:locale\" content=\"en_US\" \/>\n<meta property=\"og:type\" content=\"article\" \/>\n<meta property=\"og:title\" content=\"Banco de test para estator automotriz - ALT Ingenier\u00eda\" \/>\n<meta property=\"og:description\" content=\"Banco de test para estator automotriz con pruebas el\u00e9ctricas hasta 1500VAC, controlado por cRIO e integrado en l\u00ednea de ensamble para validaci\u00f3n final.\" \/>\n<meta property=\"og:url\" content=\"https:\/\/altingenieria.mx\/en\/18012-2\/\" \/>\n<meta property=\"og:site_name\" content=\"ALT Ingenier\u00eda\" \/>\n<meta property=\"article:modified_time\" content=\"2026-03-03T21:14:58+00:00\" \/>\n<meta property=\"og:image\" content=\"https:\/\/altingenieria.mx\/wp-content\/uploads\/2025\/12\/logo-alt-azul.png\" \/>\n\t<meta property=\"og:image:width\" content=\"367\" \/>\n\t<meta property=\"og:image:height\" content=\"284\" \/>\n\t<meta property=\"og:image:type\" content=\"image\/png\" \/>\n<meta name=\"twitter:card\" content=\"summary_large_image\" \/>\n<meta name=\"twitter:label1\" content=\"Est. reading time\" \/>\n\t<meta name=\"twitter:data1\" content=\"3 minutes\" \/>\n<script type=\"application\/ld+json\" class=\"yoast-schema-graph\">{\"@context\":\"https:\\\/\\\/schema.org\",\"@graph\":[{\"@type\":\"WebPage\",\"@id\":\"https:\\\/\\\/altingenieria.mx\\\/18012-2\\\/\",\"url\":\"https:\\\/\\\/altingenieria.mx\\\/18012-2\\\/\",\"name\":\"Banco de test para estator automotriz - ALT Ingenier\u00eda\",\"isPartOf\":{\"@id\":\"https:\\\/\\\/altingenieria.mx\\\/#website\"},\"datePublished\":\"2019-06-12T23:57:57+00:00\",\"dateModified\":\"2026-03-03T21:14:58+00:00\",\"description\":\"Banco de test para estator automotriz con pruebas el\u00e9ctricas hasta 1500VAC, controlado por cRIO e integrado en l\u00ednea de ensamble para validaci\u00f3n final.\",\"breadcrumb\":{\"@id\":\"https:\\\/\\\/altingenieria.mx\\\/18012-2\\\/#breadcrumb\"},\"inLanguage\":\"en-US\",\"potentialAction\":[{\"@type\":\"ReadAction\",\"target\":[\"https:\\\/\\\/altingenieria.mx\\\/18012-2\\\/\"]}]},{\"@type\":\"BreadcrumbList\",\"@id\":\"https:\\\/\\\/altingenieria.mx\\\/18012-2\\\/#breadcrumb\",\"itemListElement\":[{\"@type\":\"ListItem\",\"position\":1,\"name\":\"Home\",\"item\":\"https:\\\/\\\/altingenieria.mx\\\/\"},{\"@type\":\"ListItem\",\"position\":2,\"name\":\"Banco de test para estator automotriz\"}]},{\"@type\":\"WebSite\",\"@id\":\"https:\\\/\\\/altingenieria.mx\\\/#website\",\"url\":\"https:\\\/\\\/altingenieria.mx\\\/\",\"name\":\"ALT Ingenier\u00eda\",\"description\":\"Ingenier\u00eda a la medida\",\"publisher\":{\"@id\":\"https:\\\/\\\/altingenieria.mx\\\/#organization\"},\"potentialAction\":[{\"@type\":\"SearchAction\",\"target\":{\"@type\":\"EntryPoint\",\"urlTemplate\":\"https:\\\/\\\/altingenieria.mx\\\/?s={search_term_string}\"},\"query-input\":{\"@type\":\"PropertyValueSpecification\",\"valueRequired\":true,\"valueName\":\"search_term_string\"}}],\"inLanguage\":\"en-US\"},{\"@type\":\"Organization\",\"@id\":\"https:\\\/\\\/altingenieria.mx\\\/#organization\",\"name\":\"ALT Ingenier\u00eda\",\"url\":\"https:\\\/\\\/altingenieria.mx\\\/\",\"logo\":{\"@type\":\"ImageObject\",\"inLanguage\":\"en-US\",\"@id\":\"https:\\\/\\\/altingenieria.mx\\\/#\\\/schema\\\/logo\\\/image\\\/\",\"url\":\"https:\\\/\\\/altingenieria.mx\\\/wp-content\\\/uploads\\\/2025\\\/12\\\/logo-alt-azul.png\",\"contentUrl\":\"https:\\\/\\\/altingenieria.mx\\\/wp-content\\\/uploads\\\/2025\\\/12\\\/logo-alt-azul.png\",\"width\":367,\"height\":284,\"caption\":\"ALT Ingenier\u00eda\"},\"image\":{\"@id\":\"https:\\\/\\\/altingenieria.mx\\\/#\\\/schema\\\/logo\\\/image\\\/\"},\"sameAs\":[\"https:\\\/\\\/www.linkedin.com\\\/company\\\/altingenieria\\\/\"]}]}<\/script>\n<!-- \/ Yoast SEO plugin. -->","yoast_head_json":{"title":"Banco de test para estator automotriz - ALT Ingenier\u00eda","description":"Banco de test para estator automotriz con pruebas el\u00e9ctricas hasta 1500VAC, controlado por cRIO e integrado en l\u00ednea de ensamble para validaci\u00f3n final.","robots":{"index":"index","follow":"follow","max-snippet":"max-snippet:-1","max-image-preview":"max-image-preview:large","max-video-preview":"max-video-preview:-1"},"canonical":"https:\/\/altingenieria.mx\/en\/18012-2\/","og_locale":"en_US","og_type":"article","og_title":"Banco de test para estator automotriz - ALT Ingenier\u00eda","og_description":"Banco de test para estator automotriz con pruebas el\u00e9ctricas hasta 1500VAC, controlado por cRIO e integrado en l\u00ednea de ensamble para validaci\u00f3n final.","og_url":"https:\/\/altingenieria.mx\/en\/18012-2\/","og_site_name":"ALT Ingenier\u00eda","article_modified_time":"2026-03-03T21:14:58+00:00","og_image":[{"width":367,"height":284,"url":"https:\/\/altingenieria.mx\/wp-content\/uploads\/2025\/12\/logo-alt-azul.png","type":"image\/png"}],"twitter_card":"summary_large_image","twitter_misc":{"Est. reading time":"3 minutes"},"schema":{"@context":"https:\/\/schema.org","@graph":[{"@type":"WebPage","@id":"https:\/\/altingenieria.mx\/18012-2\/","url":"https:\/\/altingenieria.mx\/18012-2\/","name":"Banco de test para estator automotriz - ALT Ingenier\u00eda","isPartOf":{"@id":"https:\/\/altingenieria.mx\/#website"},"datePublished":"2019-06-12T23:57:57+00:00","dateModified":"2026-03-03T21:14:58+00:00","description":"Banco de test para estator automotriz con pruebas el\u00e9ctricas hasta 1500VAC, controlado por cRIO e integrado en l\u00ednea de ensamble para validaci\u00f3n final.","breadcrumb":{"@id":"https:\/\/altingenieria.mx\/18012-2\/#breadcrumb"},"inLanguage":"en-US","potentialAction":[{"@type":"ReadAction","target":["https:\/\/altingenieria.mx\/18012-2\/"]}]},{"@type":"BreadcrumbList","@id":"https:\/\/altingenieria.mx\/18012-2\/#breadcrumb","itemListElement":[{"@type":"ListItem","position":1,"name":"Home","item":"https:\/\/altingenieria.mx\/"},{"@type":"ListItem","position":2,"name":"Banco de test para estator automotriz"}]},{"@type":"WebSite","@id":"https:\/\/altingenieria.mx\/#website","url":"https:\/\/altingenieria.mx\/","name":"ALT Ingenier\u00eda","description":"Custom Engineering","publisher":{"@id":"https:\/\/altingenieria.mx\/#organization"},"potentialAction":[{"@type":"SearchAction","target":{"@type":"EntryPoint","urlTemplate":"https:\/\/altingenieria.mx\/?s={search_term_string}"},"query-input":{"@type":"PropertyValueSpecification","valueRequired":true,"valueName":"search_term_string"}}],"inLanguage":"en-US"},{"@type":"Organization","@id":"https:\/\/altingenieria.mx\/#organization","name":"ALT Ingenier\u00eda","url":"https:\/\/altingenieria.mx\/","logo":{"@type":"ImageObject","inLanguage":"en-US","@id":"https:\/\/altingenieria.mx\/#\/schema\/logo\/image\/","url":"https:\/\/altingenieria.mx\/wp-content\/uploads\/2025\/12\/logo-alt-azul.png","contentUrl":"https:\/\/altingenieria.mx\/wp-content\/uploads\/2025\/12\/logo-alt-azul.png","width":367,"height":284,"caption":"ALT Ingenier\u00eda"},"image":{"@id":"https:\/\/altingenieria.mx\/#\/schema\/logo\/image\/"},"sameAs":["https:\/\/www.linkedin.com\/company\/altingenieria\/"]}]}},"_links":{"self":[{"href":"https:\/\/altingenieria.mx\/en\/wp-json\/wp\/v2\/pages\/5781","targetHints":{"allow":["GET"]}}],"collection":[{"href":"https:\/\/altingenieria.mx\/en\/wp-json\/wp\/v2\/pages"}],"about":[{"href":"https:\/\/altingenieria.mx\/en\/wp-json\/wp\/v2\/types\/page"}],"author":[{"embeddable":true,"href":"https:\/\/altingenieria.mx\/en\/wp-json\/wp\/v2\/users\/3"}],"replies":[{"embeddable":true,"href":"https:\/\/altingenieria.mx\/en\/wp-json\/wp\/v2\/comments?post=5781"}],"version-history":[{"count":1,"href":"https:\/\/altingenieria.mx\/en\/wp-json\/wp\/v2\/pages\/5781\/revisions"}],"predecessor-version":[{"id":10132,"href":"https:\/\/altingenieria.mx\/en\/wp-json\/wp\/v2\/pages\/5781\/revisions\/10132"}],"wp:attachment":[{"href":"https:\/\/altingenieria.mx\/en\/wp-json\/wp\/v2\/media?parent=5781"}],"curies":[{"name":"wp","href":"https:\/\/api.w.org\/{rel}","templated":true}]}}