{"id":5800,"date":"2019-06-12T20:09:55","date_gmt":"2019-06-12T20:09:55","guid":{"rendered":"http:\/\/altingenieria.com.mx\/?page_id=5800"},"modified":"2026-02-05T16:44:42","modified_gmt":"2026-02-05T22:44:42","slug":"18009-2","status":"publish","type":"page","link":"https:\/\/altingenieria.mx\/en\/18009-2\/","title":{"rendered":"Test bench, Logistics and Storage Control"},"content":{"rendered":"<div class=\"wpb-content-wrapper\"><div id=\"fws_6a03a19ba8d64\" class=\"vc_row wpb_row vc_row-fluid  animate_onoffset row-dynamic-el section-style     \" style=\"padding-bottom: 10px ; \" ><div  style=\"position: absolute;top: 0;\"><\/div><div class=\"container  dark\"><div class=\"section_clear\">\n\t<div class=\"vc_col-sm-12 wpb_column column_container \" style=\"\" data-animation=\"none\" data-delay=\"\">\n\t\t\t<div class=\"wpb_wrapper\">\n\t\t\t\t<div class=\"vc_row wpb_row vc_inner vc_row-fluid vc_row-o-equal-height vc_row-flex\"><div class=\"wpb_column vc_column_container vc_col-sm-8\"><div class=\"vc_column-inner\"><div class=\"wpb_wrapper\"><div class=\"wpb_content_element media_align_left media media_el animate_onoffset \"><div class=\"media_wrapper\" ><img decoding=\"async\" src=\"https:\/\/altingenieria.mx\/wp-content\/uploads\/2019\/06\/705X530-P18009-PROYECTO-PORTADA-.png\" alt=\"Alt Text\" class=\"type_image animated fadeInLeft alignment_left\" \/><\/div><\/div><\/div><\/div><\/div><div class=\"wpb_column vc_column_container vc_col-sm-4\"><div class=\"vc_column-inner\"><div class=\"wpb_wrapper\">\n\t<div class=\"wpb_text_column wpb_content_element \">\n\t\t<div class=\"wpb_wrapper\" >\n\t\t\t<p><strong>DESCRIPCI\u00d3N BREVE DEL PROYECTO<\/strong><\/p>\n<p style=\"text-align: justify;\">Estaci\u00f3n de comprobaci\u00f3n final, que coteja autom\u00e1ticamente los par\u00e1metros internos del producto con su etiqueta y la base de datos en red antes de ser colocado en su caja final. Este equipo est\u00e1 dotado de una compuerta autom\u00e1tica para evitar la manipulaci\u00f3n no autorizada del producto final y listo para traslado al almac\u00e9n.<\/p>\n<p><strong><span style=\"font-size: 10pt;\">FECHA<br \/>\n<\/span><\/strong>Agosto 2018<\/p>\n<p><strong><span style=\"font-size: 10pt;\">CLIENTE<br \/>\n<\/span><\/strong>BHTC<\/p>\n\n\t\t<\/div> \n\t<\/div> <\/div><\/div><\/div><\/div>\n\t\t\t<\/div> \n\t<\/div> \n<\/div><\/div><\/div><div id=\"fws_6a03a19baa46f\" class=\"vc_row wpb_row vc_row-fluid  animate_onoffset row-dynamic-el standard_section     \" style=\"\" ><div  style=\"position: absolute;top: 0;\"><\/div><div class=\"container  dark\"><div class=\"section_clear\">\n\t<div class=\"vc_col-sm-6 wpb_column column_container vc_custom_1565293259551  vc_custom_1565293259551\" style=\"\" data-animation=\"none\" data-delay=\"\">\n\t\t\t<div class=\"wpb_wrapper\">\n\t\t\t\t\n\t<div class=\"wpb_text_column wpb_content_element  vc_custom_1565302358553\">\n\t\t<div class=\"wpb_wrapper\" >\n\t\t\t<div id=\"fws_5d498bca583a9\" class=\"vc_row wpb_row vc_row-fluid animate_onoffset row-dynamic-el standard_section \">\n<div class=\"container custom\">\n<div class=\"section_clear\">\n<div class=\"vc_col-sm-12 wpb_column column_container vc_custom_1565016720366 vc_custom_1565016720366\" data-animation=\"none\" data-delay=\"\">\n<div class=\"wpb_wrapper\">\n<div class=\"wpb_text_column wpb_content_element vc_custom_1565016773862\">\n<div class=\"wpb_wrapper\">\n<p style=\"text-align: justify;\">El equipo est\u00e1 desarrollado para comprobar dispositivos Climatronic de VW en la l\u00ednea de ensamble. Mediante comunicaci\u00f3n CAN se leen par\u00e1metros de la EEPROM del Climatronic, y se cotejan con los datos de la etiqueta final y el archivo de configuraci\u00f3n del producto, proporcionado por el fabricante. Si todo est\u00e1 correcto, la cabina se abre autom\u00e1ticamente para que el operador deje el producto en su caja de almacenaje.<\/p>\n<p style=\"text-align: justify;\">Proyecto multidisciplinar que involucra dise\u00f1o y construcci\u00f3n mec\u00e1nica, neum\u00e1tica, el\u00e9ctrica y de software, desarrollado completamente en LabVIEW. Integra dispositivos industriales de I\/O digitales, un interface de bus CAN de National Instruments, y diferentes perif\u00e9ricos: lector Keyence de c\u00f3digos, lector de tarjetas RFID, cortinas de seguridad, etc.<\/p>\n<p style=\"text-align: justify;\">El mecanismo de la compuerta autom\u00e1tica se ha dise\u00f1ado de forma resistente al desgaste para optimizar las intervenciones de mantenimiento.<\/p>\n<\/div>\n<\/div>\n<\/div>\n<\/div>\n<\/div>\n<\/div>\n<\/div>\n\n\t\t<\/div> \n\t<\/div> \n\t\t\t<\/div> \n\t<\/div> \n\n\t<div class=\"vc_col-sm-6 wpb_column column_container vc_custom_1565293267162  vc_custom_1565293267162\" style=\"\" data-animation=\"none\" data-delay=\"\">\n\t\t\t<div class=\"wpb_wrapper\">\n\t\t\t\t<div class=\"vc_row wpb_row vc_inner vc_row-fluid vc_custom_1565115942659 vc_row-has-fill vc_row-o-content-top vc_row-flex\"><div class=\"wpb_column vc_column_container vc_col-sm-12 vc_col-has-fill\"><div class=\"vc_column-inner vc_custom_1565115950018\"><div class=\"wpb_wrapper\"><div class=\"vc_custom_heading vc_custom_1565116250487 wpb_content_element\" ><h2 style=\"font-size: 18px;text-align: left\" >Necesidad<\/h2><\/div>\n\t<div class=\"wpb_text_column wpb_content_element  vc_custom_1565290680245\">\n\t\t<div class=\"wpb_wrapper\" >\n\t\t\t<p style=\"text-align: justify;\"><span style=\"font-size: 13px; color: #000000;\">Mejorar el manejo del producto OK \/ NOK desde que sale de la estaci\u00f3n de test funcional hasta que se almacena en su caja final antes de introducirse en el almac\u00e9n de salida de la planta.<\/span><\/p>\n\n\t\t<\/div> \n\t<\/div> <div class=\"vc_custom_heading vc_custom_1565115994054 wpb_content_element\" ><h2 style=\"font-size: 18px;text-align: left\" >Soluci\u00f3n<\/h2><\/div>\n\t<div class=\"wpb_text_column wpb_content_element  vc_custom_1565290867195\">\n\t\t<div class=\"wpb_wrapper\" >\n\t\t\t<p style=\"font-size: 13px; text-align: justify;\"><span style=\"font-size: 13px; color: #000000;\">Proporcionar una cabina cerrada, que se abre autom\u00e1ticamente si el resultado de un test final autom\u00e1tico es positivo, y permanece cerrada sin el permiso de un supervisor.<\/span><\/p>\n\n\t\t<\/div> \n\t<\/div> <\/div><\/div><\/div><\/div>\n\t\t\t<\/div> \n\t<\/div> \n<\/div><\/div><\/div><div id=\"fws_6a03a19bab2e6\" class=\"vc_row wpb_row vc_row-fluid  animate_onoffset row-dynamic-el standard_section     \" style=\"\" ><div  style=\"position: absolute;top: 0;\"><\/div><div class=\"container  dark\"><div class=\"section_clear\">\n\t<div class=\"vc_col-sm-12 wpb_column column_container vc_custom_1565293279849  vc_custom_1565293279849\" style=\"\" data-animation=\"none\" data-delay=\"\">\n\t\t\t<div class=\"wpb_wrapper\">\n\t\t\t\t<div class=\"wpb_gallery wpb_content_element vc_clearfix wpb_content_element\" ><div class=\"wpb_wrapper\"><div class=\"wpb_gallery_slides wpb_image_grid\" data-interval=\"3\"><ul class=\"wpb_image_grid_ul\"><li class=\"isotope-item\"><a class=\"\" href=\"https:\/\/altingenieria.mx\/wp-content\/uploads\/2019\/06\/20180706_152900-1024x576.jpg\" data-lightbox=\"lightbox[rel-5800-3507393500]\"><img loading=\"lazy\" decoding=\"async\" width=\"150\" height=\"150\" src=\"https:\/\/altingenieria.mx\/wp-content\/uploads\/2019\/06\/20180706_152900-150x150.jpg\" class=\"attachment-thumbnail\" alt=\"\" title=\"20180706_152900\" srcset=\"https:\/\/altingenieria.mx\/wp-content\/uploads\/2019\/06\/20180706_152900-150x150.jpg 150w, https:\/\/altingenieria.mx\/wp-content\/uploads\/2019\/06\/20180706_152900-600x600.jpg 600w, https:\/\/altingenieria.mx\/wp-content\/uploads\/2019\/06\/20180706_152900-350x350.jpg 350w\" sizes=\"auto, (max-width: 150px) 100vw, 150px\" \/><\/a><\/li><li class=\"isotope-item\"><a class=\"\" href=\"https:\/\/altingenieria.mx\/wp-content\/uploads\/2019\/06\/20180706_152833-e1560370415306-576x1024.jpg\" data-lightbox=\"lightbox[rel-5800-3507393500]\"><img loading=\"lazy\" decoding=\"async\" width=\"150\" height=\"150\" src=\"https:\/\/altingenieria.mx\/wp-content\/uploads\/2019\/06\/20180706_152833-e1560370415306-150x150.jpg\" class=\"attachment-thumbnail\" alt=\"\" title=\"20180706_152833\" srcset=\"https:\/\/altingenieria.mx\/wp-content\/uploads\/2019\/06\/20180706_152833-e1560370415306-150x150.jpg 150w, https:\/\/altingenieria.mx\/wp-content\/uploads\/2019\/06\/20180706_152833-e1560370415306-600x600.jpg 600w, https:\/\/altingenieria.mx\/wp-content\/uploads\/2019\/06\/20180706_152833-e1560370415306-350x350.jpg 350w\" sizes=\"auto, (max-width: 150px) 100vw, 150px\" \/><\/a><\/li><li class=\"isotope-item\"><a class=\"\" href=\"https:\/\/altingenieria.mx\/wp-content\/uploads\/2019\/06\/20190523_144801-e1560370451832-576x1024.jpg\" data-lightbox=\"lightbox[rel-5800-3507393500]\"><img loading=\"lazy\" decoding=\"async\" width=\"150\" height=\"150\" src=\"https:\/\/altingenieria.mx\/wp-content\/uploads\/2019\/06\/20190523_144801-e1560370451832-150x150.jpg\" class=\"attachment-thumbnail\" alt=\"\" title=\"20190523_144801\" srcset=\"https:\/\/altingenieria.mx\/wp-content\/uploads\/2019\/06\/20190523_144801-e1560370451832-150x150.jpg 150w, https:\/\/altingenieria.mx\/wp-content\/uploads\/2019\/06\/20190523_144801-e1560370451832-600x600.jpg 600w, https:\/\/altingenieria.mx\/wp-content\/uploads\/2019\/06\/20190523_144801-e1560370451832-350x350.jpg 350w\" sizes=\"auto, (max-width: 150px) 100vw, 150px\" \/><\/a><\/li><li class=\"isotope-item\"><a class=\"\" href=\"https:\/\/altingenieria.mx\/wp-content\/uploads\/2019\/06\/20190523_144748-1024x576.jpg\" data-lightbox=\"lightbox[rel-5800-3507393500]\"><img loading=\"lazy\" decoding=\"async\" width=\"150\" height=\"150\" src=\"https:\/\/altingenieria.mx\/wp-content\/uploads\/2019\/06\/20190523_144748-150x150.jpg\" class=\"attachment-thumbnail\" alt=\"\" title=\"20190523_144748\" srcset=\"https:\/\/altingenieria.mx\/wp-content\/uploads\/2019\/06\/20190523_144748-150x150.jpg 150w, https:\/\/altingenieria.mx\/wp-content\/uploads\/2019\/06\/20190523_144748-600x600.jpg 600w, https:\/\/altingenieria.mx\/wp-content\/uploads\/2019\/06\/20190523_144748-350x350.jpg 350w\" sizes=\"auto, (max-width: 150px) 100vw, 150px\" \/><\/a><\/li><\/ul><\/div><\/div><\/div>\n\t\t\t<\/div> \n\t<\/div> \n<\/div><\/div><\/div><div id=\"fws_6a03a19bac9e4\" class=\"vc_row wpb_row vc_row-fluid  animate_onoffset row-dynamic-el standard_section     \" style=\"\" ><div  style=\"position: absolute;top: 0;\"><\/div><div class=\"container  dark\"><div class=\"section_clear\">\n\t<div class=\"vc_col-sm-12 wpb_column column_container \" style=\"\" data-animation=\"none\" data-delay=\"\">\n\t\t\t<div class=\"wpb_wrapper\">\n\t\t\t\t\n\t<div class=\"wpb_text_column wpb_content_element \">\n\t\t<div class=\"wpb_wrapper\" >\n\t\t\t<p>De este tipo de m\u00e1quina se han fabricado varias unidades con tama\u00f1os y configuraciones diferentes, seg\u00fan la versi\u00f3n de producto y la localizaci\u00f3n en la l\u00ednea de ensamble en la planta de producci\u00f3n.<\/p>\n\n\t\t<\/div> \n\t<\/div> \n\t\t\t<\/div> \n\t<\/div> \n<\/div><\/div><\/div>\n<\/div>","protected":false},"excerpt":{"rendered":"DESCRIPCI\u00d3N BREVE DEL PROYECTO Estaci\u00f3n de comprobaci\u00f3n final, que coteja autom\u00e1ticamente los par\u00e1metros internos del producto con su etiqueta y la base de datos en red antes de ser colocado en su caja final. Este equipo est\u00e1 dotado de una compuerta autom\u00e1tica para evitar la manipulaci\u00f3n no autorizada del producto final y listo para traslado [...]","protected":false},"author":3,"featured_media":0,"parent":0,"menu_order":42,"comment_status":"open","ping_status":"closed","template":"","meta":{"_joinchat":[],"footnotes":""},"class_list":["post-5800","page","type-page","status-publish","hentry"],"yoast_head":"<!-- This site is optimized with the Yoast SEO plugin v27.6 - https:\/\/yoast.com\/product\/yoast-seo-wordpress\/ -->\n<title>Banco de Test, Log\u00edstica y control de almacenaje - ALT Ingenier\u00eda<\/title>\n<meta name=\"description\" content=\"Banco de test final para control log\u00edstico y almacenaje con verificaci\u00f3n autom\u00e1tica de par\u00e1metros, etiquetas y base de datos antes del empaque final.\" \/>\n<meta name=\"robots\" content=\"index, follow, max-snippet:-1, max-image-preview:large, max-video-preview:-1\" \/>\n<link rel=\"canonical\" href=\"https:\/\/altingenieria.mx\/en\/18009-2\/\" \/>\n<meta property=\"og:locale\" content=\"en_US\" \/>\n<meta property=\"og:type\" content=\"article\" \/>\n<meta property=\"og:title\" content=\"Banco de Test, Log\u00edstica y control de almacenaje - ALT Ingenier\u00eda\" \/>\n<meta property=\"og:description\" content=\"Banco de test final para control log\u00edstico y almacenaje con verificaci\u00f3n autom\u00e1tica de par\u00e1metros, etiquetas y base de datos antes del empaque final.\" \/>\n<meta property=\"og:url\" content=\"https:\/\/altingenieria.mx\/en\/18009-2\/\" \/>\n<meta property=\"og:site_name\" content=\"ALT Ingenier\u00eda\" \/>\n<meta property=\"article:modified_time\" content=\"2026-02-05T22:44:42+00:00\" \/>\n<meta property=\"og:image\" content=\"https:\/\/altingenieria.mx\/wp-content\/uploads\/2025\/12\/logo-alt-azul.png\" \/>\n\t<meta property=\"og:image:width\" content=\"367\" \/>\n\t<meta property=\"og:image:height\" content=\"284\" \/>\n\t<meta property=\"og:image:type\" content=\"image\/png\" \/>\n<meta name=\"twitter:card\" content=\"summary_large_image\" \/>\n<meta name=\"twitter:label1\" content=\"Est. reading time\" \/>\n\t<meta name=\"twitter:data1\" content=\"3 minutes\" \/>\n<script type=\"application\/ld+json\" class=\"yoast-schema-graph\">{\"@context\":\"https:\\\/\\\/schema.org\",\"@graph\":[{\"@type\":\"WebPage\",\"@id\":\"https:\\\/\\\/altingenieria.mx\\\/18009-2\\\/\",\"url\":\"https:\\\/\\\/altingenieria.mx\\\/18009-2\\\/\",\"name\":\"Banco de Test, Log\u00edstica y control de almacenaje - ALT Ingenier\u00eda\",\"isPartOf\":{\"@id\":\"https:\\\/\\\/altingenieria.mx\\\/#website\"},\"datePublished\":\"2019-06-12T20:09:55+00:00\",\"dateModified\":\"2026-02-05T22:44:42+00:00\",\"description\":\"Banco de test final para control log\u00edstico y almacenaje con verificaci\u00f3n autom\u00e1tica de par\u00e1metros, etiquetas y base de datos antes del empaque final.\",\"breadcrumb\":{\"@id\":\"https:\\\/\\\/altingenieria.mx\\\/18009-2\\\/#breadcrumb\"},\"inLanguage\":\"en-US\",\"potentialAction\":[{\"@type\":\"ReadAction\",\"target\":[\"https:\\\/\\\/altingenieria.mx\\\/18009-2\\\/\"]}]},{\"@type\":\"BreadcrumbList\",\"@id\":\"https:\\\/\\\/altingenieria.mx\\\/18009-2\\\/#breadcrumb\",\"itemListElement\":[{\"@type\":\"ListItem\",\"position\":1,\"name\":\"Home\",\"item\":\"https:\\\/\\\/altingenieria.mx\\\/\"},{\"@type\":\"ListItem\",\"position\":2,\"name\":\"Banco de Test, Log\u00edstica y control de almacenaje\"}]},{\"@type\":\"WebSite\",\"@id\":\"https:\\\/\\\/altingenieria.mx\\\/#website\",\"url\":\"https:\\\/\\\/altingenieria.mx\\\/\",\"name\":\"ALT Ingenier\u00eda\",\"description\":\"Ingenier\u00eda a la medida\",\"publisher\":{\"@id\":\"https:\\\/\\\/altingenieria.mx\\\/#organization\"},\"potentialAction\":[{\"@type\":\"SearchAction\",\"target\":{\"@type\":\"EntryPoint\",\"urlTemplate\":\"https:\\\/\\\/altingenieria.mx\\\/?s={search_term_string}\"},\"query-input\":{\"@type\":\"PropertyValueSpecification\",\"valueRequired\":true,\"valueName\":\"search_term_string\"}}],\"inLanguage\":\"en-US\"},{\"@type\":\"Organization\",\"@id\":\"https:\\\/\\\/altingenieria.mx\\\/#organization\",\"name\":\"ALT Ingenier\u00eda\",\"url\":\"https:\\\/\\\/altingenieria.mx\\\/\",\"logo\":{\"@type\":\"ImageObject\",\"inLanguage\":\"en-US\",\"@id\":\"https:\\\/\\\/altingenieria.mx\\\/#\\\/schema\\\/logo\\\/image\\\/\",\"url\":\"https:\\\/\\\/altingenieria.mx\\\/wp-content\\\/uploads\\\/2025\\\/12\\\/logo-alt-azul.png\",\"contentUrl\":\"https:\\\/\\\/altingenieria.mx\\\/wp-content\\\/uploads\\\/2025\\\/12\\\/logo-alt-azul.png\",\"width\":367,\"height\":284,\"caption\":\"ALT Ingenier\u00eda\"},\"image\":{\"@id\":\"https:\\\/\\\/altingenieria.mx\\\/#\\\/schema\\\/logo\\\/image\\\/\"},\"sameAs\":[\"https:\\\/\\\/www.linkedin.com\\\/company\\\/altingenieria\\\/\"]}]}<\/script>\n<!-- \/ Yoast SEO plugin. -->","yoast_head_json":{"title":"Banco de Test, Log\u00edstica y control de almacenaje - ALT Ingenier\u00eda","description":"Banco de test final para control log\u00edstico y almacenaje con verificaci\u00f3n autom\u00e1tica de par\u00e1metros, etiquetas y base de datos antes del empaque final.","robots":{"index":"index","follow":"follow","max-snippet":"max-snippet:-1","max-image-preview":"max-image-preview:large","max-video-preview":"max-video-preview:-1"},"canonical":"https:\/\/altingenieria.mx\/en\/18009-2\/","og_locale":"en_US","og_type":"article","og_title":"Banco de Test, Log\u00edstica y control de almacenaje - ALT Ingenier\u00eda","og_description":"Banco de test final para control log\u00edstico y almacenaje con verificaci\u00f3n autom\u00e1tica de par\u00e1metros, etiquetas y base de datos antes del empaque final.","og_url":"https:\/\/altingenieria.mx\/en\/18009-2\/","og_site_name":"ALT Ingenier\u00eda","article_modified_time":"2026-02-05T22:44:42+00:00","og_image":[{"width":367,"height":284,"url":"https:\/\/altingenieria.mx\/wp-content\/uploads\/2025\/12\/logo-alt-azul.png","type":"image\/png"}],"twitter_card":"summary_large_image","twitter_misc":{"Est. reading time":"3 minutes"},"schema":{"@context":"https:\/\/schema.org","@graph":[{"@type":"WebPage","@id":"https:\/\/altingenieria.mx\/18009-2\/","url":"https:\/\/altingenieria.mx\/18009-2\/","name":"Banco de Test, Log\u00edstica y control de almacenaje - ALT Ingenier\u00eda","isPartOf":{"@id":"https:\/\/altingenieria.mx\/#website"},"datePublished":"2019-06-12T20:09:55+00:00","dateModified":"2026-02-05T22:44:42+00:00","description":"Banco de test final para control log\u00edstico y almacenaje con verificaci\u00f3n autom\u00e1tica de par\u00e1metros, etiquetas y base de datos antes del empaque final.","breadcrumb":{"@id":"https:\/\/altingenieria.mx\/18009-2\/#breadcrumb"},"inLanguage":"en-US","potentialAction":[{"@type":"ReadAction","target":["https:\/\/altingenieria.mx\/18009-2\/"]}]},{"@type":"BreadcrumbList","@id":"https:\/\/altingenieria.mx\/18009-2\/#breadcrumb","itemListElement":[{"@type":"ListItem","position":1,"name":"Home","item":"https:\/\/altingenieria.mx\/"},{"@type":"ListItem","position":2,"name":"Banco de Test, Log\u00edstica y control de almacenaje"}]},{"@type":"WebSite","@id":"https:\/\/altingenieria.mx\/#website","url":"https:\/\/altingenieria.mx\/","name":"ALT Ingenier\u00eda","description":"Custom Engineering","publisher":{"@id":"https:\/\/altingenieria.mx\/#organization"},"potentialAction":[{"@type":"SearchAction","target":{"@type":"EntryPoint","urlTemplate":"https:\/\/altingenieria.mx\/?s={search_term_string}"},"query-input":{"@type":"PropertyValueSpecification","valueRequired":true,"valueName":"search_term_string"}}],"inLanguage":"en-US"},{"@type":"Organization","@id":"https:\/\/altingenieria.mx\/#organization","name":"ALT Ingenier\u00eda","url":"https:\/\/altingenieria.mx\/","logo":{"@type":"ImageObject","inLanguage":"en-US","@id":"https:\/\/altingenieria.mx\/#\/schema\/logo\/image\/","url":"https:\/\/altingenieria.mx\/wp-content\/uploads\/2025\/12\/logo-alt-azul.png","contentUrl":"https:\/\/altingenieria.mx\/wp-content\/uploads\/2025\/12\/logo-alt-azul.png","width":367,"height":284,"caption":"ALT Ingenier\u00eda"},"image":{"@id":"https:\/\/altingenieria.mx\/#\/schema\/logo\/image\/"},"sameAs":["https:\/\/www.linkedin.com\/company\/altingenieria\/"]}]}},"_links":{"self":[{"href":"https:\/\/altingenieria.mx\/en\/wp-json\/wp\/v2\/pages\/5800","targetHints":{"allow":["GET"]}}],"collection":[{"href":"https:\/\/altingenieria.mx\/en\/wp-json\/wp\/v2\/pages"}],"about":[{"href":"https:\/\/altingenieria.mx\/en\/wp-json\/wp\/v2\/types\/page"}],"author":[{"embeddable":true,"href":"https:\/\/altingenieria.mx\/en\/wp-json\/wp\/v2\/users\/3"}],"replies":[{"embeddable":true,"href":"https:\/\/altingenieria.mx\/en\/wp-json\/wp\/v2\/comments?post=5800"}],"version-history":[{"count":1,"href":"https:\/\/altingenieria.mx\/en\/wp-json\/wp\/v2\/pages\/5800\/revisions"}],"predecessor-version":[{"id":10156,"href":"https:\/\/altingenieria.mx\/en\/wp-json\/wp\/v2\/pages\/5800\/revisions\/10156"}],"wp:attachment":[{"href":"https:\/\/altingenieria.mx\/en\/wp-json\/wp\/v2\/media?parent=5800"}],"curies":[{"name":"wp","href":"https:\/\/api.w.org\/{rel}","templated":true}]}}