{"id":6209,"date":"2019-06-14T21:35:33","date_gmt":"2019-06-14T21:35:33","guid":{"rendered":"http:\/\/altingenieria.com.mx\/?page_id=6209"},"modified":"2026-02-05T16:52:11","modified_gmt":"2026-02-05T22:52:11","slug":"modelo-mr-sp","status":"publish","type":"page","link":"https:\/\/altingenieria.mx\/en\/productos\/bancos_test\/modelo-mr-sp\/","title":{"rendered":"MR-SP Model"},"content":{"rendered":"<div class=\"wpb-content-wrapper\"><div id=\"fws_69e5d77ceb487\" class=\"vc_row wpb_row vc_row-fluid  animate_onoffset row-dynamic-el section-style\" style=\"\" ><div  style=\"position: absolute;top: 0;\"><\/div><div class=\"container  dark\"><div class=\"section_clear\">\n\t<div class=\"vc_col-sm-12 wpb_column column_container vc_custom_1560363196733  vc_custom_1560363196733\" style=\"\" data-animation=\"none\" data-delay=\"\">\n\t\t\t<div class=\"wpb_wrapper\">\n\t\t\t\t\n\t<div class=\"wpb_text_column wpb_content_element  vc_custom_1560555688432\">\n\t\t<div class=\"wpb_wrapper\" >\n\t\t\t<p style=\"text-align: center;\"><span style=\"font-size: 14pt;\">Half rack equipment with 11U capacity for equipment and a vertical supplement that expands the area of the rear mounting plate available for equipment and devices. For medium-sized fixtures for PCBs or mechanical fixtures. The integrated PC Panel allows you to take full advantage of the 11Us available in the rack. <\/span><\/p>\n\n\t\t<\/div> \n\t<\/div> \n\t<div class=\"wpb_text_column wpb_content_element  vc_custom_1560541072346\">\n\t\t<div class=\"wpb_wrapper\" >\n\t\t\t<h6 style=\"text-align: center;\"><span style=\"font-size: 13pt;\">Hardware features<\/span><\/h6>\n\n\t\t<\/div> \n\t<\/div> <div class=\"vc_row wpb_row vc_inner vc_row-fluid\"><div class=\"wpb_column vc_column_container vc_col-sm-12 vc_hidden-lg vc_hidden-md vc_hidden-sm\"><div class=\"vc_column-inner\"><div class=\"wpb_wrapper\">\n<div class=\"vc_grid-container-wrapper vc_clearfix vc_grid-animation-zoomIn\">\n\t<div class=\"vc_grid-container vc_clearfix wpb_content_element vc_masonry_media_grid\" data-initial-loading-animation=\"zoomIn\" data-vc-grid-settings=\"{&quot;page_id&quot;:6209,&quot;style&quot;:&quot;all-masonry&quot;,&quot;action&quot;:&quot;vc_get_vc_grid_data&quot;,&quot;shortcode_id&quot;:&quot;1582145408799-8dd94175b5215aa2fdc27f9042dc4e49-8&quot;,&quot;tag&quot;:&quot;vc_masonry_media_grid&quot;}\" data-vc-request=\"https:\/\/altingenieria.mx\/wp-admin\/admin-ajax.php\" data-vc-post-id=\"6209\" data-vc-public-nonce=\"4b62f5ef1f\">\n\t\t\n\t<\/div>\n<\/div><\/div><\/div><\/div><\/div><div class=\"vc_row wpb_row vc_inner vc_row-fluid\"><div class=\"wpb_column vc_column_container vc_col-sm-3 vc_hidden-xs\"><div class=\"vc_column-inner\"><div class=\"wpb_wrapper\"><div class=\"wpb_content_element media_align_left media media_el animate_onoffset\"><div class=\"media_wrapper\" ><img decoding=\"async\" src=\"https:\/\/altingenieria.mx\/wp-content\/uploads\/2020\/02\/Act_MR-SP-01.png\" alt=\"Alt Text\" class=\"type_image animated fadeInLeft alignment_left\" \/><\/div><\/div><\/div><\/div><\/div><div class=\"wpb_column vc_column_container vc_col-sm-9\"><div class=\"vc_column-inner\"><div class=\"wpb_wrapper\"><div class=\"wpb_content_element media_align_center media media_el animate_onoffset\"><div class=\"media_wrapper\" style=\"width:800px;position:relative; left:50%; margin-left:-400px;\" ><img decoding=\"async\" src=\"https:\/\/altingenieria.mx\/wp-content\/uploads\/2019\/07\/Mod-MR-SP-EN.png\" alt=\"Alt Text\" class=\"type_image animated fadeInLeft alignment_center\" \/><\/div><\/div><\/div><\/div><\/div><\/div><div class=\"vc_separator wpb_content_element vc_separator_align_center vc_sep_width_50 vc_sep_pos_align_center vc_separator_no_text vc_sep_color_grey wpb_content_element  wpb_content_element\" ><span class=\"vc_sep_holder vc_sep_holder_l\"><span class=\"vc_sep_line\"><\/span><\/span><span class=\"vc_sep_holder vc_sep_holder_r\"><span class=\"vc_sep_line\"><\/span><\/span>\n<\/div><div class=\"vc_custom_heading wpb_content_element\" ><h2 style=\"font-size: 18px;text-align: center\" >Dimensions (mm)<\/h2><\/div><div class=\"vc_row wpb_row vc_inner vc_row-fluid\"><div class=\"wpb_column vc_column_container vc_col-sm-12 vc_hidden-xs\"><div class=\"vc_column-inner\"><div class=\"wpb_wrapper\"><div class=\"wpb_content_element media_align_center media media_el animate_onoffset\"><div class=\"media_wrapper\" style=\"width:500px;position:relative; left:50%; margin-left:-250px;\" ><img decoding=\"async\" src=\"https:\/\/altingenieria.mx\/wp-content\/uploads\/2019\/06\/Mod-MRSP-.jpg\" alt=\"Alt Text\" class=\"type_image animated fadeInnone alignment_center\" \/><\/div><\/div><\/div><\/div><\/div><\/div><div class=\"vc_row wpb_row vc_inner vc_row-fluid\"><div class=\"wpb_column vc_column_container vc_col-sm-12 vc_hidden-lg vc_hidden-md vc_hidden-sm\"><div class=\"vc_column-inner\"><div class=\"wpb_wrapper\">\n<div class=\"vc_grid-container-wrapper vc_clearfix vc_grid-animation-zoomIn\">\n\t<div class=\"vc_grid-container vc_clearfix wpb_content_element vc_masonry_media_grid\" data-initial-loading-animation=\"zoomIn\" data-vc-grid-settings=\"{&quot;page_id&quot;:6209,&quot;style&quot;:&quot;all-masonry&quot;,&quot;action&quot;:&quot;vc_get_vc_grid_data&quot;,&quot;shortcode_id&quot;:&quot;1582145410897-78ff42eefb0d4d865b9e30d4f619b021-9&quot;,&quot;tag&quot;:&quot;vc_masonry_media_grid&quot;}\" data-vc-request=\"https:\/\/altingenieria.mx\/wp-admin\/admin-ajax.php\" data-vc-post-id=\"6209\" data-vc-public-nonce=\"4b62f5ef1f\">\n\t\t\n\t<\/div>\n<\/div><\/div><\/div><\/div><\/div>\n\t\t\t<\/div> \n\t<\/div> \n<\/div><\/div><\/div>\n<\/div>","protected":false},"excerpt":{"rendered":"Equipo de medio rack con capacidad de 11U para equipos y un suplemento vertical que ampl\u00eda el \u00e1rea de la placa de montaje trasera disponible para equipos y dispositivos. Destinado a fixtures de tama\u00f1o medio para PCB o bien fixtures mec\u00e1nicos. El Panel PC integrado permite aprovechar m\u00e1s a\u00fan los 11U disponibles en el rack. [...]","protected":false},"author":1,"featured_media":0,"parent":5755,"menu_order":0,"comment_status":"closed","ping_status":"closed","template":"","meta":{"_joinchat":[],"footnotes":""},"class_list":["post-6209","page","type-page","status-publish","hentry"],"yoast_head":"<!-- This site is optimized with the Yoast SEO plugin v27.4 - https:\/\/yoast.com\/product\/yoast-seo-wordpress\/ -->\n<title>Modelo MR-SP - ALT Ingenier\u00eda<\/title>\n<meta name=\"description\" content=\"Conoce nuestro Banco de test Modelo MR-SP en formato medio rack 11U, ideal para fixtures medianos de PCB y dispositivos con Panel PC integrado.\" \/>\n<meta name=\"robots\" content=\"index, follow, max-snippet:-1, max-image-preview:large, max-video-preview:-1\" \/>\n<link rel=\"canonical\" href=\"https:\/\/altingenieria.mx\/en\/productos\/bancos_test\/modelo-mr-sp\/\" \/>\n<meta property=\"og:locale\" content=\"en_US\" \/>\n<meta property=\"og:type\" content=\"article\" \/>\n<meta property=\"og:title\" content=\"Modelo MR-SP - ALT Ingenier\u00eda\" \/>\n<meta property=\"og:description\" content=\"Conoce nuestro Banco de test Modelo MR-SP en formato medio rack 11U, ideal para fixtures medianos de PCB y dispositivos con Panel PC integrado.\" \/>\n<meta property=\"og:url\" content=\"https:\/\/altingenieria.mx\/en\/productos\/bancos_test\/modelo-mr-sp\/\" \/>\n<meta property=\"og:site_name\" content=\"ALT Ingenier\u00eda\" \/>\n<meta property=\"article:modified_time\" content=\"2026-02-05T22:52:11+00:00\" \/>\n<meta property=\"og:image\" content=\"https:\/\/altingenieria.mx\/wp-content\/uploads\/2025\/12\/logo-alt-azul.png\" \/>\n\t<meta property=\"og:image:width\" content=\"367\" \/>\n\t<meta property=\"og:image:height\" content=\"284\" \/>\n\t<meta property=\"og:image:type\" content=\"image\/png\" \/>\n<meta name=\"twitter:card\" content=\"summary_large_image\" \/>\n<meta name=\"twitter:label1\" content=\"Est. reading time\" \/>\n\t<meta name=\"twitter:data1\" content=\"1 minute\" \/>\n<script type=\"application\/ld+json\" class=\"yoast-schema-graph\">{\"@context\":\"https:\\\/\\\/schema.org\",\"@graph\":[{\"@type\":\"WebPage\",\"@id\":\"https:\\\/\\\/altingenieria.mx\\\/productos\\\/bancos_test\\\/modelo-mr-sp\\\/\",\"url\":\"https:\\\/\\\/altingenieria.mx\\\/productos\\\/bancos_test\\\/modelo-mr-sp\\\/\",\"name\":\"Modelo MR-SP - ALT Ingenier\u00eda\",\"isPartOf\":{\"@id\":\"https:\\\/\\\/altingenieria.mx\\\/#website\"},\"datePublished\":\"2019-06-14T21:35:33+00:00\",\"dateModified\":\"2026-02-05T22:52:11+00:00\",\"description\":\"Conoce nuestro Banco de test Modelo MR-SP en formato medio rack 11U, ideal para fixtures medianos de PCB y dispositivos con Panel PC integrado.\",\"breadcrumb\":{\"@id\":\"https:\\\/\\\/altingenieria.mx\\\/productos\\\/bancos_test\\\/modelo-mr-sp\\\/#breadcrumb\"},\"inLanguage\":\"en-US\",\"potentialAction\":[{\"@type\":\"ReadAction\",\"target\":[\"https:\\\/\\\/altingenieria.mx\\\/productos\\\/bancos_test\\\/modelo-mr-sp\\\/\"]}]},{\"@type\":\"BreadcrumbList\",\"@id\":\"https:\\\/\\\/altingenieria.mx\\\/productos\\\/bancos_test\\\/modelo-mr-sp\\\/#breadcrumb\",\"itemListElement\":[{\"@type\":\"ListItem\",\"position\":1,\"name\":\"Home\",\"item\":\"https:\\\/\\\/altingenieria.mx\\\/\"},{\"@type\":\"ListItem\",\"position\":2,\"name\":\"Productos\",\"item\":\"https:\\\/\\\/altingenieria.mx\\\/productos\\\/\"},{\"@type\":\"ListItem\",\"position\":3,\"name\":\"Plataformas de test\",\"item\":\"https:\\\/\\\/altingenieria.mx\\\/productos\\\/bancos_test\\\/\"},{\"@type\":\"ListItem\",\"position\":4,\"name\":\"Modelo MR-SP\"}]},{\"@type\":\"WebSite\",\"@id\":\"https:\\\/\\\/altingenieria.mx\\\/#website\",\"url\":\"https:\\\/\\\/altingenieria.mx\\\/\",\"name\":\"ALT Ingenier\u00eda\",\"description\":\"Ingenier\u00eda a la medida\",\"publisher\":{\"@id\":\"https:\\\/\\\/altingenieria.mx\\\/#organization\"},\"potentialAction\":[{\"@type\":\"SearchAction\",\"target\":{\"@type\":\"EntryPoint\",\"urlTemplate\":\"https:\\\/\\\/altingenieria.mx\\\/?s={search_term_string}\"},\"query-input\":{\"@type\":\"PropertyValueSpecification\",\"valueRequired\":true,\"valueName\":\"search_term_string\"}}],\"inLanguage\":\"en-US\"},{\"@type\":\"Organization\",\"@id\":\"https:\\\/\\\/altingenieria.mx\\\/#organization\",\"name\":\"ALT Ingenier\u00eda\",\"url\":\"https:\\\/\\\/altingenieria.mx\\\/\",\"logo\":{\"@type\":\"ImageObject\",\"inLanguage\":\"en-US\",\"@id\":\"https:\\\/\\\/altingenieria.mx\\\/#\\\/schema\\\/logo\\\/image\\\/\",\"url\":\"https:\\\/\\\/altingenieria.mx\\\/wp-content\\\/uploads\\\/2025\\\/12\\\/logo-alt-azul.png\",\"contentUrl\":\"https:\\\/\\\/altingenieria.mx\\\/wp-content\\\/uploads\\\/2025\\\/12\\\/logo-alt-azul.png\",\"width\":367,\"height\":284,\"caption\":\"ALT Ingenier\u00eda\"},\"image\":{\"@id\":\"https:\\\/\\\/altingenieria.mx\\\/#\\\/schema\\\/logo\\\/image\\\/\"},\"sameAs\":[\"https:\\\/\\\/www.linkedin.com\\\/company\\\/altingenieria\\\/\"]}]}<\/script>\n<!-- \/ Yoast SEO plugin. -->","yoast_head_json":{"title":"Modelo MR-SP - ALT Ingenier\u00eda","description":"Conoce nuestro Banco de test Modelo MR-SP en formato medio rack 11U, ideal para fixtures medianos de PCB y dispositivos con Panel PC integrado.","robots":{"index":"index","follow":"follow","max-snippet":"max-snippet:-1","max-image-preview":"max-image-preview:large","max-video-preview":"max-video-preview:-1"},"canonical":"https:\/\/altingenieria.mx\/en\/productos\/bancos_test\/modelo-mr-sp\/","og_locale":"en_US","og_type":"article","og_title":"Modelo MR-SP - ALT Ingenier\u00eda","og_description":"Conoce nuestro Banco de test Modelo MR-SP en formato medio rack 11U, ideal para fixtures medianos de PCB y dispositivos con Panel PC integrado.","og_url":"https:\/\/altingenieria.mx\/en\/productos\/bancos_test\/modelo-mr-sp\/","og_site_name":"ALT Ingenier\u00eda","article_modified_time":"2026-02-05T22:52:11+00:00","og_image":[{"width":367,"height":284,"url":"https:\/\/altingenieria.mx\/wp-content\/uploads\/2025\/12\/logo-alt-azul.png","type":"image\/png"}],"twitter_card":"summary_large_image","twitter_misc":{"Est. reading time":"1 minute"},"schema":{"@context":"https:\/\/schema.org","@graph":[{"@type":"WebPage","@id":"https:\/\/altingenieria.mx\/productos\/bancos_test\/modelo-mr-sp\/","url":"https:\/\/altingenieria.mx\/productos\/bancos_test\/modelo-mr-sp\/","name":"Modelo MR-SP - ALT Ingenier\u00eda","isPartOf":{"@id":"https:\/\/altingenieria.mx\/#website"},"datePublished":"2019-06-14T21:35:33+00:00","dateModified":"2026-02-05T22:52:11+00:00","description":"Conoce nuestro Banco de test Modelo MR-SP en formato medio rack 11U, ideal para fixtures medianos de PCB y dispositivos con Panel PC integrado.","breadcrumb":{"@id":"https:\/\/altingenieria.mx\/productos\/bancos_test\/modelo-mr-sp\/#breadcrumb"},"inLanguage":"en-US","potentialAction":[{"@type":"ReadAction","target":["https:\/\/altingenieria.mx\/productos\/bancos_test\/modelo-mr-sp\/"]}]},{"@type":"BreadcrumbList","@id":"https:\/\/altingenieria.mx\/productos\/bancos_test\/modelo-mr-sp\/#breadcrumb","itemListElement":[{"@type":"ListItem","position":1,"name":"Home","item":"https:\/\/altingenieria.mx\/"},{"@type":"ListItem","position":2,"name":"Productos","item":"https:\/\/altingenieria.mx\/productos\/"},{"@type":"ListItem","position":3,"name":"Plataformas de test","item":"https:\/\/altingenieria.mx\/productos\/bancos_test\/"},{"@type":"ListItem","position":4,"name":"Modelo MR-SP"}]},{"@type":"WebSite","@id":"https:\/\/altingenieria.mx\/#website","url":"https:\/\/altingenieria.mx\/","name":"ALT Ingenier\u00eda","description":"Custom Engineering","publisher":{"@id":"https:\/\/altingenieria.mx\/#organization"},"potentialAction":[{"@type":"SearchAction","target":{"@type":"EntryPoint","urlTemplate":"https:\/\/altingenieria.mx\/?s={search_term_string}"},"query-input":{"@type":"PropertyValueSpecification","valueRequired":true,"valueName":"search_term_string"}}],"inLanguage":"en-US"},{"@type":"Organization","@id":"https:\/\/altingenieria.mx\/#organization","name":"ALT Ingenier\u00eda","url":"https:\/\/altingenieria.mx\/","logo":{"@type":"ImageObject","inLanguage":"en-US","@id":"https:\/\/altingenieria.mx\/#\/schema\/logo\/image\/","url":"https:\/\/altingenieria.mx\/wp-content\/uploads\/2025\/12\/logo-alt-azul.png","contentUrl":"https:\/\/altingenieria.mx\/wp-content\/uploads\/2025\/12\/logo-alt-azul.png","width":367,"height":284,"caption":"ALT Ingenier\u00eda"},"image":{"@id":"https:\/\/altingenieria.mx\/#\/schema\/logo\/image\/"},"sameAs":["https:\/\/www.linkedin.com\/company\/altingenieria\/"]}]}},"_links":{"self":[{"href":"https:\/\/altingenieria.mx\/en\/wp-json\/wp\/v2\/pages\/6209","targetHints":{"allow":["GET"]}}],"collection":[{"href":"https:\/\/altingenieria.mx\/en\/wp-json\/wp\/v2\/pages"}],"about":[{"href":"https:\/\/altingenieria.mx\/en\/wp-json\/wp\/v2\/types\/page"}],"author":[{"embeddable":true,"href":"https:\/\/altingenieria.mx\/en\/wp-json\/wp\/v2\/users\/1"}],"replies":[{"embeddable":true,"href":"https:\/\/altingenieria.mx\/en\/wp-json\/wp\/v2\/comments?post=6209"}],"version-history":[{"count":1,"href":"https:\/\/altingenieria.mx\/en\/wp-json\/wp\/v2\/pages\/6209\/revisions"}],"predecessor-version":[{"id":11124,"href":"https:\/\/altingenieria.mx\/en\/wp-json\/wp\/v2\/pages\/6209\/revisions\/11124"}],"up":[{"embeddable":true,"href":"https:\/\/altingenieria.mx\/en\/wp-json\/wp\/v2\/pages\/5755"}],"wp:attachment":[{"href":"https:\/\/altingenieria.mx\/en\/wp-json\/wp\/v2\/media?parent=6209"}],"curies":[{"name":"wp","href":"https:\/\/api.w.org\/{rel}","templated":true}]}}