{"id":6674,"date":"2019-06-19T16:04:59","date_gmt":"2019-06-19T21:04:59","guid":{"rendered":"http:\/\/altingenieria.com.mx\/?page_id=6674"},"modified":"2025-12-18T14:02:52","modified_gmt":"2025-12-18T20:02:52","slug":"productos-electronica","status":"publish","type":"page","link":"https:\/\/altingenieria.mx\/en\/productos\/productos-electronica\/","title":{"rendered":"Industrial electronics"},"content":{"rendered":"<div class=\"wpb-content-wrapper\"><div id=\"fws_69f35e375d60e\" class=\"vc_row wpb_row vc_row-fluid  animate_onoffset row-dynamic-el section-style\" style=\"background-color: rgba(130,36,227,0.03); padding-top: 35px ; padding-bottom: 35px ; \" ><div  style=\"position: absolute;top: 0;\"><\/div><div class=\"container  dark\"><div class=\"section_clear\">\n\t<div class=\"vc_col-sm-12 wpb_column column_container\" style=\"\" data-animation=\"none\" data-delay=\"\">\n\t\t\t<div class=\"wpb_wrapper\">\n\t\t\t\t<div class=\"vc_custom_heading vc_custom_1560965204626 wpb_content_element\" ><h2 style=\"text-align: center\" >Product range<\/h2><\/div><div class=\"vc_custom_heading wpb_content_element\" ><p style=\"text-align: center\" >Explore the industrial electronics products that ALT offers<\/p><\/div><div class=\"vc_row wpb_row vc_inner vc_row-fluid vc_column-gap-35 vc_row-o-equal-height vc_row-flex\"><div class=\"wpb_column vc_column_container vc_col-sm-4 vc_col-has-fill\"><div class=\"vc_column-inner vc_custom_1560960075900\"><div class=\"wpb_wrapper\"><\/div><\/div><\/div><div class=\"wpb_column vc_column_container vc_col-sm-4 vc_col-has-fill\"><div class=\"vc_column-inner vc_custom_1560959742940\"><div class=\"wpb_wrapper\">\t\t<style type=\"text\/css\">\r\n\t\t\r\n\t\t\t\/*== Image Hover == *\/\r\n\t\t\t\t\t\t\r\n\t\t\t\/*== Ribbon ==*\/\r\n\t\t\t\r\n\t\t<\/style>\r\n\t\t\r\n\t\t\t\t\t<div class=\"caw-single-image-wrapper wpb_content_element single-image-1-box caw-single-image-content-center\" >\r\n\r\n\t\t\t\t<div class=\"caw-single-image-content\" style=\"\">\r\n\t\t\t\t\t\t\t\t\t<\/div>\r\n\r\n\t\t\t\t\r\n\t\t\t\t<div class=\"caw-single-image-image\">\t\t\t\t\t\r\n\t\t\t\t\t\t\t\t\t\t\t<a target=\"_self\" href=\"https:\/\/altingenieria.mx\/en\/productos\/sensor-corriente-2\/\">\r\n\t\t\t\t\t\t\t<img loading=\"lazy\" decoding=\"async\" width=\"776\" height=\"651\" src=\"https:\/\/altingenieria.mx\/wp-content\/uploads\/2019\/05\/Portada-SensorCorriente-00-e1560460245828.png\" class=\"caw-single-image attachment-full\" alt=\"m\u00f3dulo de sensor de corriente\" \/>\t\t\t\t\t\t<\/a>\r\n\t\t\t\t\t\t\t\t\t<\/div>\r\n\r\n\t\t\t\t<div class=\"caw-single-image-bottom caw-textcenter\">\r\n\t\t\t\t\t<span style=\"\">  <\/span>\r\n\t\t\t\t<\/div>\r\n\t\t\t<\/div>\r\n\t\t\t\t\t\r\n\t\t<div class=\"vc_custom_heading wpb_content_element\" ><h4 style=\"color: #1e73be;text-align: center\" ><a href=\"https:\/\/altingenieria.mx\/en\/productos\/sensor-corriente-2\/\" title=\"SC-1000\/2000: Industrial current sensor\">Current sensor modules<\/a><\/h4><\/div>\n\t<div class=\"wpb_text_column wpb_content_element\">\n\t\t<div class=\"wpb_wrapper\" >\n\t\t\t<p style=\"text-align: center;\">Industrial current to voltage converters by hall effect transducers. 24 VDC power.<\/p>\n\n\t\t<\/div> \n\t<\/div> <\/div><\/div><\/div><\/div>\n\t\t\t<\/div> \n\t<\/div> \n<\/div><\/div><\/div>\n<\/div>","protected":false},"excerpt":{"rendered":"Gama de productosExplore los productos de electr\u00f3nica industrial que ALT ofrece M\u00f3dulos de sensor corriente Convertidores industriales de corriente a voltaje por transductores de efecto hall. Alimentaci\u00f3n 24Vdc","protected":false},"author":1,"featured_media":0,"parent":5403,"menu_order":0,"comment_status":"closed","ping_status":"closed","template":"","meta":{"_joinchat":[],"footnotes":""},"class_list":["post-6674","page","type-page","status-publish","hentry"],"yoast_head":"<!-- This site is optimized with the Yoast SEO plugin v27.5 - https:\/\/yoast.com\/product\/yoast-seo-wordpress\/ -->\n<title>Electr\u00f3nica Industrial - ALT Ingenier\u00eda<\/title>\n<meta name=\"description\" content=\"ALT ofrece productos de electr\u00f3nica industrial hechos a las necesidades del cliente. Puede explorar los dispositivos de instrumentaci\u00f3n que tenemos para usted.\" \/>\n<meta name=\"robots\" content=\"index, follow, max-snippet:-1, max-image-preview:large, max-video-preview:-1\" \/>\n<link rel=\"canonical\" href=\"https:\/\/altingenieria.mx\/en\/productos\/productos-electronica\/\" \/>\n<meta property=\"og:locale\" content=\"en_US\" \/>\n<meta property=\"og:type\" content=\"article\" \/>\n<meta property=\"og:title\" content=\"Electr\u00f3nica Industrial - ALT Ingenier\u00eda\" \/>\n<meta property=\"og:description\" content=\"ALT ofrece productos de electr\u00f3nica industrial hechos a las necesidades del cliente. Puede explorar los dispositivos de instrumentaci\u00f3n que tenemos para usted.\" \/>\n<meta property=\"og:url\" content=\"https:\/\/altingenieria.mx\/en\/productos\/productos-electronica\/\" \/>\n<meta property=\"og:site_name\" content=\"ALT Ingenier\u00eda\" \/>\n<meta property=\"article:modified_time\" content=\"2025-12-18T20:02:52+00:00\" \/>\n<meta property=\"og:image\" content=\"https:\/\/altingenieria.mx\/wp-content\/uploads\/2025\/12\/logo-alt-azul.png\" \/>\n\t<meta property=\"og:image:width\" content=\"367\" \/>\n\t<meta property=\"og:image:height\" content=\"284\" \/>\n\t<meta property=\"og:image:type\" content=\"image\/png\" \/>\n<meta name=\"twitter:card\" content=\"summary_large_image\" \/>\n<meta name=\"twitter:label1\" content=\"Est. reading time\" \/>\n\t<meta name=\"twitter:data1\" content=\"1 minute\" \/>\n<script type=\"application\/ld+json\" class=\"yoast-schema-graph\">{\"@context\":\"https:\\\/\\\/schema.org\",\"@graph\":[{\"@type\":\"WebPage\",\"@id\":\"https:\\\/\\\/altingenieria.mx\\\/productos\\\/productos-electronica\\\/\",\"url\":\"https:\\\/\\\/altingenieria.mx\\\/productos\\\/productos-electronica\\\/\",\"name\":\"Electr\u00f3nica Industrial - ALT Ingenier\u00eda\",\"isPartOf\":{\"@id\":\"https:\\\/\\\/altingenieria.mx\\\/#website\"},\"datePublished\":\"2019-06-19T21:04:59+00:00\",\"dateModified\":\"2025-12-18T20:02:52+00:00\",\"description\":\"ALT ofrece productos de electr\u00f3nica industrial hechos a las necesidades del cliente. Puede explorar los dispositivos de instrumentaci\u00f3n que tenemos para usted.\",\"breadcrumb\":{\"@id\":\"https:\\\/\\\/altingenieria.mx\\\/productos\\\/productos-electronica\\\/#breadcrumb\"},\"inLanguage\":\"en-US\",\"potentialAction\":[{\"@type\":\"ReadAction\",\"target\":[\"https:\\\/\\\/altingenieria.mx\\\/productos\\\/productos-electronica\\\/\"]}]},{\"@type\":\"BreadcrumbList\",\"@id\":\"https:\\\/\\\/altingenieria.mx\\\/productos\\\/productos-electronica\\\/#breadcrumb\",\"itemListElement\":[{\"@type\":\"ListItem\",\"position\":1,\"name\":\"Home\",\"item\":\"https:\\\/\\\/altingenieria.mx\\\/\"},{\"@type\":\"ListItem\",\"position\":2,\"name\":\"Productos\",\"item\":\"https:\\\/\\\/altingenieria.mx\\\/productos\\\/\"},{\"@type\":\"ListItem\",\"position\":3,\"name\":\"Electr\u00f3nica Industrial\"}]},{\"@type\":\"WebSite\",\"@id\":\"https:\\\/\\\/altingenieria.mx\\\/#website\",\"url\":\"https:\\\/\\\/altingenieria.mx\\\/\",\"name\":\"ALT Ingenier\u00eda\",\"description\":\"Ingenier\u00eda a la medida\",\"publisher\":{\"@id\":\"https:\\\/\\\/altingenieria.mx\\\/#organization\"},\"potentialAction\":[{\"@type\":\"SearchAction\",\"target\":{\"@type\":\"EntryPoint\",\"urlTemplate\":\"https:\\\/\\\/altingenieria.mx\\\/?s={search_term_string}\"},\"query-input\":{\"@type\":\"PropertyValueSpecification\",\"valueRequired\":true,\"valueName\":\"search_term_string\"}}],\"inLanguage\":\"en-US\"},{\"@type\":\"Organization\",\"@id\":\"https:\\\/\\\/altingenieria.mx\\\/#organization\",\"name\":\"ALT Ingenier\u00eda\",\"url\":\"https:\\\/\\\/altingenieria.mx\\\/\",\"logo\":{\"@type\":\"ImageObject\",\"inLanguage\":\"en-US\",\"@id\":\"https:\\\/\\\/altingenieria.mx\\\/#\\\/schema\\\/logo\\\/image\\\/\",\"url\":\"https:\\\/\\\/altingenieria.mx\\\/wp-content\\\/uploads\\\/2025\\\/12\\\/logo-alt-azul.png\",\"contentUrl\":\"https:\\\/\\\/altingenieria.mx\\\/wp-content\\\/uploads\\\/2025\\\/12\\\/logo-alt-azul.png\",\"width\":367,\"height\":284,\"caption\":\"ALT Ingenier\u00eda\"},\"image\":{\"@id\":\"https:\\\/\\\/altingenieria.mx\\\/#\\\/schema\\\/logo\\\/image\\\/\"},\"sameAs\":[\"https:\\\/\\\/www.linkedin.com\\\/company\\\/altingenieria\\\/\"]}]}<\/script>\n<!-- \/ Yoast SEO plugin. -->","yoast_head_json":{"title":"Electr\u00f3nica Industrial - ALT Ingenier\u00eda","description":"ALT ofrece productos de electr\u00f3nica industrial hechos a las necesidades del cliente. Puede explorar los dispositivos de instrumentaci\u00f3n que tenemos para usted.","robots":{"index":"index","follow":"follow","max-snippet":"max-snippet:-1","max-image-preview":"max-image-preview:large","max-video-preview":"max-video-preview:-1"},"canonical":"https:\/\/altingenieria.mx\/en\/productos\/productos-electronica\/","og_locale":"en_US","og_type":"article","og_title":"Electr\u00f3nica Industrial - ALT Ingenier\u00eda","og_description":"ALT ofrece productos de electr\u00f3nica industrial hechos a las necesidades del cliente. Puede explorar los dispositivos de instrumentaci\u00f3n que tenemos para usted.","og_url":"https:\/\/altingenieria.mx\/en\/productos\/productos-electronica\/","og_site_name":"ALT Ingenier\u00eda","article_modified_time":"2025-12-18T20:02:52+00:00","og_image":[{"width":367,"height":284,"url":"https:\/\/altingenieria.mx\/wp-content\/uploads\/2025\/12\/logo-alt-azul.png","type":"image\/png"}],"twitter_card":"summary_large_image","twitter_misc":{"Est. reading time":"1 minute"},"schema":{"@context":"https:\/\/schema.org","@graph":[{"@type":"WebPage","@id":"https:\/\/altingenieria.mx\/productos\/productos-electronica\/","url":"https:\/\/altingenieria.mx\/productos\/productos-electronica\/","name":"Electr\u00f3nica Industrial - ALT Ingenier\u00eda","isPartOf":{"@id":"https:\/\/altingenieria.mx\/#website"},"datePublished":"2019-06-19T21:04:59+00:00","dateModified":"2025-12-18T20:02:52+00:00","description":"ALT ofrece productos de electr\u00f3nica industrial hechos a las necesidades del cliente. Puede explorar los dispositivos de instrumentaci\u00f3n que tenemos para usted.","breadcrumb":{"@id":"https:\/\/altingenieria.mx\/productos\/productos-electronica\/#breadcrumb"},"inLanguage":"en-US","potentialAction":[{"@type":"ReadAction","target":["https:\/\/altingenieria.mx\/productos\/productos-electronica\/"]}]},{"@type":"BreadcrumbList","@id":"https:\/\/altingenieria.mx\/productos\/productos-electronica\/#breadcrumb","itemListElement":[{"@type":"ListItem","position":1,"name":"Home","item":"https:\/\/altingenieria.mx\/"},{"@type":"ListItem","position":2,"name":"Productos","item":"https:\/\/altingenieria.mx\/productos\/"},{"@type":"ListItem","position":3,"name":"Electr\u00f3nica Industrial"}]},{"@type":"WebSite","@id":"https:\/\/altingenieria.mx\/#website","url":"https:\/\/altingenieria.mx\/","name":"ALT Ingenier\u00eda","description":"Custom Engineering","publisher":{"@id":"https:\/\/altingenieria.mx\/#organization"},"potentialAction":[{"@type":"SearchAction","target":{"@type":"EntryPoint","urlTemplate":"https:\/\/altingenieria.mx\/?s={search_term_string}"},"query-input":{"@type":"PropertyValueSpecification","valueRequired":true,"valueName":"search_term_string"}}],"inLanguage":"en-US"},{"@type":"Organization","@id":"https:\/\/altingenieria.mx\/#organization","name":"ALT Ingenier\u00eda","url":"https:\/\/altingenieria.mx\/","logo":{"@type":"ImageObject","inLanguage":"en-US","@id":"https:\/\/altingenieria.mx\/#\/schema\/logo\/image\/","url":"https:\/\/altingenieria.mx\/wp-content\/uploads\/2025\/12\/logo-alt-azul.png","contentUrl":"https:\/\/altingenieria.mx\/wp-content\/uploads\/2025\/12\/logo-alt-azul.png","width":367,"height":284,"caption":"ALT Ingenier\u00eda"},"image":{"@id":"https:\/\/altingenieria.mx\/#\/schema\/logo\/image\/"},"sameAs":["https:\/\/www.linkedin.com\/company\/altingenieria\/"]}]}},"_links":{"self":[{"href":"https:\/\/altingenieria.mx\/en\/wp-json\/wp\/v2\/pages\/6674","targetHints":{"allow":["GET"]}}],"collection":[{"href":"https:\/\/altingenieria.mx\/en\/wp-json\/wp\/v2\/pages"}],"about":[{"href":"https:\/\/altingenieria.mx\/en\/wp-json\/wp\/v2\/types\/page"}],"author":[{"embeddable":true,"href":"https:\/\/altingenieria.mx\/en\/wp-json\/wp\/v2\/users\/1"}],"replies":[{"embeddable":true,"href":"https:\/\/altingenieria.mx\/en\/wp-json\/wp\/v2\/comments?post=6674"}],"version-history":[{"count":2,"href":"https:\/\/altingenieria.mx\/en\/wp-json\/wp\/v2\/pages\/6674\/revisions"}],"predecessor-version":[{"id":10538,"href":"https:\/\/altingenieria.mx\/en\/wp-json\/wp\/v2\/pages\/6674\/revisions\/10538"}],"up":[{"embeddable":true,"href":"https:\/\/altingenieria.mx\/en\/wp-json\/wp\/v2\/pages\/5403"}],"wp:attachment":[{"href":"https:\/\/altingenieria.mx\/en\/wp-json\/wp\/v2\/media?parent=6674"}],"curies":[{"name":"wp","href":"https:\/\/api.w.org\/{rel}","templated":true}]}}