{"id":6812,"date":"2019-06-20T19:04:08","date_gmt":"2019-06-20T19:04:08","guid":{"rendered":"http:\/\/altingenieria.com.mx\/?page_id=6812"},"modified":"2026-02-05T16:45:54","modified_gmt":"2026-02-05T22:45:54","slug":"15008-2","status":"publish","type":"page","link":"https:\/\/altingenieria.mx\/en\/15008-2\/","title":{"rendered":"Extractor hood automation"},"content":{"rendered":"<div class=\"wpb-content-wrapper\"><div id=\"fws_69e1bd3589a09\" class=\"vc_row wpb_row vc_row-fluid  animate_onoffset row-dynamic-el section-style     \" style=\"padding-bottom: 0px ; \" ><div  style=\"position: absolute;top: 0;\"><\/div><div class=\"container  dark\"><div class=\"section_clear\">\n\t<div class=\"vc_col-sm-12 wpb_column column_container \" style=\"\" data-animation=\"none\" data-delay=\"\">\n\t\t\t<div class=\"wpb_wrapper\">\n\t\t\t\t<div class=\"vc_row wpb_row vc_inner vc_row-fluid vc_row-o-equal-height vc_row-flex\"><div class=\"wpb_column vc_column_container vc_col-sm-8\"><div class=\"vc_column-inner\"><div class=\"wpb_wrapper\"><div class=\"wpb_content_element media_align_left media media_el animate_onoffset \"><div class=\"media_wrapper\" ><img decoding=\"async\" src=\"https:\/\/altingenieria.mx\/wp-content\/uploads\/2019\/06\/1024X1024-P15008-PORT.png\" alt=\"Alt Text\" class=\"type_image animated fadeInLeft alignment_left\" \/><\/div><\/div><\/div><\/div><\/div><div class=\"wpb_column vc_column_container vc_col-sm-4\"><div class=\"vc_column-inner\"><div class=\"wpb_wrapper\">\n\t<div class=\"wpb_text_column wpb_content_element \">\n\t\t<div class=\"wpb_wrapper\" >\n\t\t\t<p><strong>DESCRIPCI\u00d3N BREVE DEL PROYECTO<\/strong><\/p>\n<p style=\"text-align: justify;\">Desarrollo de diferentes tarjetas electr\u00f3nicas para su integraci\u00f3n en una campana extractora de humos de cocina de alta gama. Se agregaron sensores de movimiento (PIR), sensor de mon\u00f3xido de carbono (CO) y comunicaci\u00f3n Bluetooth para la monitorizaci\u00f3n y control mediante un tel\u00e9fono m\u00f3vil.<\/p>\n<p><strong><span style=\"font-size: 10pt;\">FECHA<br \/>\n<\/span><\/strong>Diciembre 2016<\/p>\n<p><strong><span style=\"font-size: 10pt;\">CLIENTE<br \/>\n<\/span><\/strong>ELICA<\/p>\n\n\t\t<\/div> \n\t<\/div> <\/div><\/div><\/div><\/div>\n\t\t\t<\/div> \n\t<\/div> \n<\/div><\/div><\/div><div id=\"fws_69e1bd358af59\" class=\"vc_row wpb_row vc_row-fluid  animate_onoffset row-dynamic-el standard_section     \" style=\"\" ><div  style=\"position: absolute;top: 0;\"><\/div><div class=\"container  dark\"><div class=\"section_clear\">\n\t<div class=\"vc_col-sm-6 wpb_column column_container vc_custom_1565293065856  vc_custom_1565293065856\" style=\"\" data-animation=\"none\" data-delay=\"\">\n\t\t\t<div class=\"wpb_wrapper\">\n\t\t\t\t\n\t<div class=\"wpb_text_column wpb_content_element  vc_custom_1565106227861\">\n\t\t<div class=\"wpb_wrapper\" >\n\t\t\t<div id=\"fws_5d498bca583a9\" class=\"vc_row wpb_row vc_row-fluid animate_onoffset row-dynamic-el standard_section \">\n<div class=\"container custom\">\n<div class=\"section_clear\">\n<div class=\"vc_col-sm-12 wpb_column column_container vc_custom_1565016720366 vc_custom_1565016720366\" data-animation=\"none\" data-delay=\"\">\n<div class=\"wpb_wrapper\">\n<div class=\"wpb_text_column wpb_content_element vc_custom_1565016773862\">\n<div class=\"wpb_wrapper\">\n<p>&nbsp;<\/p>\n<p style=\"text-align: justify;\"><span style=\"font-size: 14px;\">Existen ox\u00edmetros en el mercado orientados a la toma de mediciones en ocasiones puntuales. Situaciones en las que un m\u00e9dico necesita conocer la saturaci\u00f3n de ox\u00edgeno en sangre y el ritmo card\u00edaco en un momento concreto. Sin embargo, este ox\u00edmetro est\u00e1 orientado a la mejora de la apnea del sue\u00f1o y se utiliza como\u00a0<em>wearable<\/em>, para llevarlo puesto durante varias horas.<\/span><\/p>\n<p>&nbsp;<\/p>\n<p style=\"text-align: justify;\"><span style=\"font-size: 14.5px;\">Est\u00e1 dotado de una memoria que registra todas las mediciones y las transfiere al tel\u00e9fono m\u00f3vil por Bluetooth para su consulta posterior. Adem\u00e1s, es capaz de proporcionar un est\u00edmulo el\u00e9ctrico a la piel de hasta 600 voltios a trav\u00e9s de sus electrodos, cuando se detecta una situaci\u00f3n de oxigenaci\u00f3n o pulso fuera de l\u00edmites.<\/span><\/p>\n<p>&nbsp;\n<\/p><\/div>\n<\/div>\n<\/div>\n<\/div>\n<\/div>\n<\/div>\n<\/div>\n\n\t\t<\/div> \n\t<\/div> \n\t\t\t<\/div> \n\t<\/div> \n\n\t<div class=\"vc_col-sm-6 wpb_column column_container vc_custom_1565293081300  vc_custom_1565293081300\" style=\"\" data-animation=\"none\" data-delay=\"\">\n\t\t\t<div class=\"wpb_wrapper\">\n\t\t\t\t<div class=\"vc_row wpb_row vc_inner vc_row-fluid vc_custom_1565115942659 vc_row-has-fill vc_row-o-content-top vc_row-flex\"><div class=\"wpb_column vc_column_container vc_col-sm-12 vc_col-has-fill\"><div class=\"vc_column-inner vc_custom_1565115950018\"><div class=\"wpb_wrapper\"><div class=\"vc_custom_heading vc_custom_1565116250487 wpb_content_element\" ><h2 style=\"font-size: 18px;text-align: left\" >Necesidad<\/h2><\/div>\n\t<div class=\"wpb_text_column wpb_content_element  vc_custom_1565115936340\">\n\t\t<div class=\"wpb_wrapper\" >\n\t\t\t<p style=\"text-align: justify;\"><span style=\"font-size: 13px; color: #000000;\">Ayudar a reducir los problemas de apnea del sue\u00f1o. En la fecha en la que se inici\u00f3 este proyecto, ya exist\u00edan otros dispositivos m\u00e9dicos para este prop\u00f3sito en el mercado, sin embargo, de car\u00e1cter invasivo. Se necesitaba un nuevo concepto c\u00f3modo de usar y sin la necesidad de someterse a una cirug\u00eda.<\/span><\/p>\n\n\t\t<\/div> \n\t<\/div> <div class=\"vc_custom_heading vc_custom_1565115994054 wpb_content_element\" ><h2 style=\"font-size: 18px;text-align: left\" >Soluci\u00f3n<\/h2><\/div>\n\t<div class=\"wpb_text_column wpb_content_element  vc_custom_1565116257347\">\n\t\t<div class=\"wpb_wrapper\" >\n\t\t\t<p style=\"font-size: 13px; text-align: justify;\"><span style=\"font-size: 13px; color: #000000;\">Utilizaci\u00f3n de un sensor de saturaci\u00f3n de ox\u00edgeno en sangre y pulso card\u00edaco y un est\u00edmulo el\u00e9ctrico de alto voltaje en un mismo dispositivo wearable.<\/span><\/p>\n\n\t\t<\/div> \n\t<\/div> <\/div><\/div><\/div><\/div>\n\t\t\t<\/div> \n\t<\/div> \n<\/div><\/div><\/div><div id=\"fws_69e1bd358bd7d\" class=\"vc_row wpb_row vc_row-fluid  animate_onoffset row-dynamic-el standard_section     \" style=\"\" ><div  style=\"position: absolute;top: 0;\"><\/div><div class=\"container  dark\"><div class=\"section_clear\">\n\t<div class=\"vc_col-sm-12 wpb_column column_container vc_custom_1565293050666  vc_custom_1565293050666\" style=\"\" data-animation=\"none\" data-delay=\"\">\n\t\t\t<div class=\"wpb_wrapper\">\n\t\t\t\t<div class=\"wpb_gallery wpb_content_element vc_clearfix wpb_content_element\" ><div class=\"wpb_wrapper\"><div class=\"wpb_gallery_slides wpb_image_grid\" data-interval=\"3\"><ul class=\"wpb_image_grid_ul\"><li class=\"isotope-item\"><a class=\"\" href=\"https:\/\/altingenieria.mx\/wp-content\/uploads\/2019\/06\/20151204_170249-e1561412387252-1024x656.jpg\" data-lightbox=\"lightbox[rel-6812-3196129352]\"><img loading=\"lazy\" decoding=\"async\" width=\"150\" height=\"150\" src=\"https:\/\/altingenieria.mx\/wp-content\/uploads\/2019\/06\/20151204_170249-e1561412387252-150x150.jpg\" class=\"attachment-thumbnail\" alt=\"\" title=\"20151204_170249\" srcset=\"https:\/\/altingenieria.mx\/wp-content\/uploads\/2019\/06\/20151204_170249-e1561412387252-150x150.jpg 150w, https:\/\/altingenieria.mx\/wp-content\/uploads\/2019\/06\/20151204_170249-e1561412387252-600x600.jpg 600w, https:\/\/altingenieria.mx\/wp-content\/uploads\/2019\/06\/20151204_170249-e1561412387252-350x350.jpg 350w\" sizes=\"auto, (max-width: 150px) 100vw, 150px\" \/><\/a><\/li><li class=\"isotope-item\"><a class=\"\" href=\"https:\/\/altingenieria.mx\/wp-content\/uploads\/2019\/06\/20151204_170259-e1561412439885-1024x586.jpg\" data-lightbox=\"lightbox[rel-6812-3196129352]\"><img loading=\"lazy\" decoding=\"async\" width=\"150\" height=\"150\" src=\"https:\/\/altingenieria.mx\/wp-content\/uploads\/2019\/06\/20151204_170259-e1561412439885-150x150.jpg\" class=\"attachment-thumbnail\" alt=\"\" title=\"20151204_170259\" srcset=\"https:\/\/altingenieria.mx\/wp-content\/uploads\/2019\/06\/20151204_170259-e1561412439885-150x150.jpg 150w, https:\/\/altingenieria.mx\/wp-content\/uploads\/2019\/06\/20151204_170259-e1561412439885-600x600.jpg 600w, https:\/\/altingenieria.mx\/wp-content\/uploads\/2019\/06\/20151204_170259-e1561412439885-350x350.jpg 350w\" sizes=\"auto, (max-width: 150px) 100vw, 150px\" \/><\/a><\/li><li class=\"isotope-item\"><a class=\"\" href=\"https:\/\/altingenieria.mx\/wp-content\/uploads\/2019\/06\/20151216_123404-e1561412507130-1024x716.jpg\" data-lightbox=\"lightbox[rel-6812-3196129352]\"><img loading=\"lazy\" decoding=\"async\" width=\"150\" height=\"150\" src=\"https:\/\/altingenieria.mx\/wp-content\/uploads\/2019\/06\/20151216_123404-e1561412507130-150x150.jpg\" class=\"attachment-thumbnail\" alt=\"\" title=\"20151216_123404\" srcset=\"https:\/\/altingenieria.mx\/wp-content\/uploads\/2019\/06\/20151216_123404-e1561412507130-150x150.jpg 150w, https:\/\/altingenieria.mx\/wp-content\/uploads\/2019\/06\/20151216_123404-e1561412507130-600x600.jpg 600w, https:\/\/altingenieria.mx\/wp-content\/uploads\/2019\/06\/20151216_123404-e1561412507130-350x350.jpg 350w\" sizes=\"auto, (max-width: 150px) 100vw, 150px\" \/><\/a><\/li><li class=\"isotope-item\"><a class=\"\" href=\"https:\/\/altingenieria.mx\/wp-content\/uploads\/2019\/06\/20151216_123333-e1561412544908-1024x708.jpg\" data-lightbox=\"lightbox[rel-6812-3196129352]\"><img loading=\"lazy\" decoding=\"async\" width=\"150\" height=\"150\" src=\"https:\/\/altingenieria.mx\/wp-content\/uploads\/2019\/06\/20151216_123333-e1561412544908-150x150.jpg\" class=\"attachment-thumbnail\" alt=\"\" title=\"20151216_123333\" srcset=\"https:\/\/altingenieria.mx\/wp-content\/uploads\/2019\/06\/20151216_123333-e1561412544908-150x150.jpg 150w, https:\/\/altingenieria.mx\/wp-content\/uploads\/2019\/06\/20151216_123333-e1561412544908-600x600.jpg 600w, https:\/\/altingenieria.mx\/wp-content\/uploads\/2019\/06\/20151216_123333-e1561412544908-350x350.jpg 350w\" sizes=\"auto, (max-width: 150px) 100vw, 150px\" \/><\/a><\/li><li class=\"isotope-item\"><a class=\"\" href=\"https:\/\/altingenieria.mx\/wp-content\/uploads\/2019\/06\/1000_Cappa_SALICE_dettaglio_700x525.jpg\" data-lightbox=\"lightbox[rel-6812-3196129352]\"><img loading=\"lazy\" decoding=\"async\" width=\"150\" height=\"150\" src=\"https:\/\/altingenieria.mx\/wp-content\/uploads\/2019\/06\/1000_Cappa_SALICE_dettaglio_700x525-150x150.jpg\" class=\"attachment-thumbnail\" alt=\"\" title=\"1000_Cappa_SALICE_dettaglio_700x525\" srcset=\"https:\/\/altingenieria.mx\/wp-content\/uploads\/2019\/06\/1000_Cappa_SALICE_dettaglio_700x525-150x150.jpg 150w, https:\/\/altingenieria.mx\/wp-content\/uploads\/2019\/06\/1000_Cappa_SALICE_dettaglio_700x525-350x350.jpg 350w\" sizes=\"auto, (max-width: 150px) 100vw, 150px\" \/><\/a><\/li><\/ul><\/div><\/div><\/div>\n\t\t\t<\/div> \n\t<\/div> \n<\/div><\/div><\/div>\n<\/div>","protected":false},"excerpt":{"rendered":"DESCRIPCI\u00d3N BREVE DEL PROYECTO Desarrollo de diferentes tarjetas electr\u00f3nicas para su integraci\u00f3n en una campana extractora de humos de cocina de alta gama. Se agregaron sensores de movimiento (PIR), sensor de mon\u00f3xido de carbono (CO) y comunicaci\u00f3n Bluetooth para la monitorizaci\u00f3n y control mediante un tel\u00e9fono m\u00f3vil. FECHA Diciembre 2016 CLIENTE ELICA &nbsp; Existen ox\u00edmetros [...]","protected":false},"author":3,"featured_media":0,"parent":0,"menu_order":42,"comment_status":"open","ping_status":"closed","template":"","meta":{"_joinchat":[],"footnotes":""},"class_list":["post-6812","page","type-page","status-publish","hentry"],"yoast_head":"<!-- This site is optimized with the Yoast SEO plugin v27.4 - https:\/\/yoast.com\/product\/yoast-seo-wordpress\/ -->\n<title>Automatizaci\u00f3n de campana extractora - ALT Ingenier\u00eda<\/title>\n<meta name=\"description\" content=\"Automatizaci\u00f3n de campana extractora con sensores PIR, sensor de CO y conectividad Bluetooth para monitoreo y control desde el tel\u00e9fono m\u00f3vil.\" \/>\n<meta name=\"robots\" content=\"index, follow, max-snippet:-1, max-image-preview:large, max-video-preview:-1\" \/>\n<link rel=\"canonical\" href=\"https:\/\/altingenieria.mx\/en\/15008-2\/\" \/>\n<meta property=\"og:locale\" content=\"en_US\" \/>\n<meta property=\"og:type\" content=\"article\" \/>\n<meta property=\"og:title\" content=\"Automatizaci\u00f3n de campana extractora - ALT Ingenier\u00eda\" \/>\n<meta property=\"og:description\" content=\"Automatizaci\u00f3n de campana extractora con sensores PIR, sensor de CO y conectividad Bluetooth para monitoreo y control desde el tel\u00e9fono m\u00f3vil.\" \/>\n<meta property=\"og:url\" content=\"https:\/\/altingenieria.mx\/en\/15008-2\/\" \/>\n<meta property=\"og:site_name\" content=\"ALT Ingenier\u00eda\" \/>\n<meta property=\"article:modified_time\" content=\"2026-02-05T22:45:54+00:00\" \/>\n<meta property=\"og:image\" content=\"https:\/\/altingenieria.mx\/wp-content\/uploads\/2025\/12\/logo-alt-azul.png\" \/>\n\t<meta property=\"og:image:width\" content=\"367\" \/>\n\t<meta property=\"og:image:height\" content=\"284\" \/>\n\t<meta property=\"og:image:type\" content=\"image\/png\" \/>\n<meta name=\"twitter:card\" content=\"summary_large_image\" \/>\n<meta name=\"twitter:label1\" content=\"Est. reading time\" \/>\n\t<meta name=\"twitter:data1\" content=\"2 minutes\" \/>\n<script type=\"application\/ld+json\" class=\"yoast-schema-graph\">{\"@context\":\"https:\\\/\\\/schema.org\",\"@graph\":[{\"@type\":\"WebPage\",\"@id\":\"https:\\\/\\\/altingenieria.mx\\\/15008-2\\\/\",\"url\":\"https:\\\/\\\/altingenieria.mx\\\/15008-2\\\/\",\"name\":\"Automatizaci\u00f3n de campana extractora - ALT Ingenier\u00eda\",\"isPartOf\":{\"@id\":\"https:\\\/\\\/altingenieria.mx\\\/#website\"},\"datePublished\":\"2019-06-20T19:04:08+00:00\",\"dateModified\":\"2026-02-05T22:45:54+00:00\",\"description\":\"Automatizaci\u00f3n de campana extractora con sensores PIR, sensor de CO y conectividad Bluetooth para monitoreo y control desde el tel\u00e9fono m\u00f3vil.\",\"breadcrumb\":{\"@id\":\"https:\\\/\\\/altingenieria.mx\\\/15008-2\\\/#breadcrumb\"},\"inLanguage\":\"en-US\",\"potentialAction\":[{\"@type\":\"ReadAction\",\"target\":[\"https:\\\/\\\/altingenieria.mx\\\/15008-2\\\/\"]}]},{\"@type\":\"BreadcrumbList\",\"@id\":\"https:\\\/\\\/altingenieria.mx\\\/15008-2\\\/#breadcrumb\",\"itemListElement\":[{\"@type\":\"ListItem\",\"position\":1,\"name\":\"Home\",\"item\":\"https:\\\/\\\/altingenieria.mx\\\/\"},{\"@type\":\"ListItem\",\"position\":2,\"name\":\"Automatizaci\u00f3n de campana extractora\"}]},{\"@type\":\"WebSite\",\"@id\":\"https:\\\/\\\/altingenieria.mx\\\/#website\",\"url\":\"https:\\\/\\\/altingenieria.mx\\\/\",\"name\":\"ALT Ingenier\u00eda\",\"description\":\"Ingenier\u00eda a la medida\",\"publisher\":{\"@id\":\"https:\\\/\\\/altingenieria.mx\\\/#organization\"},\"potentialAction\":[{\"@type\":\"SearchAction\",\"target\":{\"@type\":\"EntryPoint\",\"urlTemplate\":\"https:\\\/\\\/altingenieria.mx\\\/?s={search_term_string}\"},\"query-input\":{\"@type\":\"PropertyValueSpecification\",\"valueRequired\":true,\"valueName\":\"search_term_string\"}}],\"inLanguage\":\"en-US\"},{\"@type\":\"Organization\",\"@id\":\"https:\\\/\\\/altingenieria.mx\\\/#organization\",\"name\":\"ALT Ingenier\u00eda\",\"url\":\"https:\\\/\\\/altingenieria.mx\\\/\",\"logo\":{\"@type\":\"ImageObject\",\"inLanguage\":\"en-US\",\"@id\":\"https:\\\/\\\/altingenieria.mx\\\/#\\\/schema\\\/logo\\\/image\\\/\",\"url\":\"https:\\\/\\\/altingenieria.mx\\\/wp-content\\\/uploads\\\/2025\\\/12\\\/logo-alt-azul.png\",\"contentUrl\":\"https:\\\/\\\/altingenieria.mx\\\/wp-content\\\/uploads\\\/2025\\\/12\\\/logo-alt-azul.png\",\"width\":367,\"height\":284,\"caption\":\"ALT Ingenier\u00eda\"},\"image\":{\"@id\":\"https:\\\/\\\/altingenieria.mx\\\/#\\\/schema\\\/logo\\\/image\\\/\"},\"sameAs\":[\"https:\\\/\\\/www.linkedin.com\\\/company\\\/altingenieria\\\/\"]}]}<\/script>\n<!-- \/ Yoast SEO plugin. -->","yoast_head_json":{"title":"Automatizaci\u00f3n de campana extractora - ALT Ingenier\u00eda","description":"Automatizaci\u00f3n de campana extractora con sensores PIR, sensor de CO y conectividad Bluetooth para monitoreo y control desde el tel\u00e9fono m\u00f3vil.","robots":{"index":"index","follow":"follow","max-snippet":"max-snippet:-1","max-image-preview":"max-image-preview:large","max-video-preview":"max-video-preview:-1"},"canonical":"https:\/\/altingenieria.mx\/en\/15008-2\/","og_locale":"en_US","og_type":"article","og_title":"Automatizaci\u00f3n de campana extractora - ALT Ingenier\u00eda","og_description":"Automatizaci\u00f3n de campana extractora con sensores PIR, sensor de CO y conectividad Bluetooth para monitoreo y control desde el tel\u00e9fono m\u00f3vil.","og_url":"https:\/\/altingenieria.mx\/en\/15008-2\/","og_site_name":"ALT Ingenier\u00eda","article_modified_time":"2026-02-05T22:45:54+00:00","og_image":[{"width":367,"height":284,"url":"https:\/\/altingenieria.mx\/wp-content\/uploads\/2025\/12\/logo-alt-azul.png","type":"image\/png"}],"twitter_card":"summary_large_image","twitter_misc":{"Est. reading time":"2 minutes"},"schema":{"@context":"https:\/\/schema.org","@graph":[{"@type":"WebPage","@id":"https:\/\/altingenieria.mx\/15008-2\/","url":"https:\/\/altingenieria.mx\/15008-2\/","name":"Automatizaci\u00f3n de campana extractora - ALT Ingenier\u00eda","isPartOf":{"@id":"https:\/\/altingenieria.mx\/#website"},"datePublished":"2019-06-20T19:04:08+00:00","dateModified":"2026-02-05T22:45:54+00:00","description":"Automatizaci\u00f3n de campana extractora con sensores PIR, sensor de CO y conectividad Bluetooth para monitoreo y control desde el tel\u00e9fono m\u00f3vil.","breadcrumb":{"@id":"https:\/\/altingenieria.mx\/15008-2\/#breadcrumb"},"inLanguage":"en-US","potentialAction":[{"@type":"ReadAction","target":["https:\/\/altingenieria.mx\/15008-2\/"]}]},{"@type":"BreadcrumbList","@id":"https:\/\/altingenieria.mx\/15008-2\/#breadcrumb","itemListElement":[{"@type":"ListItem","position":1,"name":"Home","item":"https:\/\/altingenieria.mx\/"},{"@type":"ListItem","position":2,"name":"Automatizaci\u00f3n de campana extractora"}]},{"@type":"WebSite","@id":"https:\/\/altingenieria.mx\/#website","url":"https:\/\/altingenieria.mx\/","name":"ALT Ingenier\u00eda","description":"Custom Engineering","publisher":{"@id":"https:\/\/altingenieria.mx\/#organization"},"potentialAction":[{"@type":"SearchAction","target":{"@type":"EntryPoint","urlTemplate":"https:\/\/altingenieria.mx\/?s={search_term_string}"},"query-input":{"@type":"PropertyValueSpecification","valueRequired":true,"valueName":"search_term_string"}}],"inLanguage":"en-US"},{"@type":"Organization","@id":"https:\/\/altingenieria.mx\/#organization","name":"ALT Ingenier\u00eda","url":"https:\/\/altingenieria.mx\/","logo":{"@type":"ImageObject","inLanguage":"en-US","@id":"https:\/\/altingenieria.mx\/#\/schema\/logo\/image\/","url":"https:\/\/altingenieria.mx\/wp-content\/uploads\/2025\/12\/logo-alt-azul.png","contentUrl":"https:\/\/altingenieria.mx\/wp-content\/uploads\/2025\/12\/logo-alt-azul.png","width":367,"height":284,"caption":"ALT Ingenier\u00eda"},"image":{"@id":"https:\/\/altingenieria.mx\/#\/schema\/logo\/image\/"},"sameAs":["https:\/\/www.linkedin.com\/company\/altingenieria\/"]}]}},"_links":{"self":[{"href":"https:\/\/altingenieria.mx\/en\/wp-json\/wp\/v2\/pages\/6812","targetHints":{"allow":["GET"]}}],"collection":[{"href":"https:\/\/altingenieria.mx\/en\/wp-json\/wp\/v2\/pages"}],"about":[{"href":"https:\/\/altingenieria.mx\/en\/wp-json\/wp\/v2\/types\/page"}],"author":[{"embeddable":true,"href":"https:\/\/altingenieria.mx\/en\/wp-json\/wp\/v2\/users\/3"}],"replies":[{"embeddable":true,"href":"https:\/\/altingenieria.mx\/en\/wp-json\/wp\/v2\/comments?post=6812"}],"version-history":[{"count":1,"href":"https:\/\/altingenieria.mx\/en\/wp-json\/wp\/v2\/pages\/6812\/revisions"}],"predecessor-version":[{"id":10047,"href":"https:\/\/altingenieria.mx\/en\/wp-json\/wp\/v2\/pages\/6812\/revisions\/10047"}],"wp:attachment":[{"href":"https:\/\/altingenieria.mx\/en\/wp-json\/wp\/v2\/media?parent=6812"}],"curies":[{"name":"wp","href":"https:\/\/api.w.org\/{rel}","templated":true}]}}