{"id":6908,"date":"2019-06-24T18:27:36","date_gmt":"2019-06-24T23:27:36","guid":{"rendered":"http:\/\/altingenieria.com.mx\/?page_id=6908"},"modified":"2026-02-05T16:53:01","modified_gmt":"2026-02-05T22:53:01","slug":"19022-2","status":"publish","type":"page","link":"https:\/\/altingenieria.mx\/en\/19022-2\/","title":{"rendered":"Automatic inspection of door panels"},"content":{"rendered":"<div class=\"wpb-content-wrapper\"><div id=\"fws_6a03a28b14879\" class=\"vc_row wpb_row vc_row-fluid  animate_onoffset row-dynamic-el section-style     \" style=\"padding-top: 40px ; padding-bottom: 20px ; \" ><div  style=\"position: absolute;top: 0;\"><\/div><div class=\"container  dark\"><div class=\"section_clear\">\n\t<div class=\"vc_col-sm-12 wpb_column column_container \" style=\"\" data-animation=\"none\" data-delay=\"\">\n\t\t\t<div class=\"wpb_wrapper\">\n\t\t\t\t<div class=\"vc_row wpb_row vc_inner vc_row-fluid vc_row-o-equal-height vc_row-flex\"><div class=\"wpb_column vc_column_container vc_col-sm-8\"><div class=\"vc_column-inner\"><div class=\"wpb_wrapper\"><div class=\"wpb_content_element media_align_left media media_el animate_onoffset \"><div class=\"media_wrapper\" ><img decoding=\"async\" src=\"https:\/\/altingenieria.mx\/wp-content\/uploads\/2019\/07\/705X530-P19022-PROYECTO-PORTADA-.png\" alt=\"Alt Text\" class=\"type_image animated fadeInLeft alignment_left\" \/><\/div><\/div><\/div><\/div><\/div><div class=\"wpb_column vc_column_container vc_col-sm-4\"><div class=\"vc_column-inner\"><div class=\"wpb_wrapper\">\n\t<div class=\"wpb_text_column wpb_content_element \">\n\t\t<div class=\"wpb_wrapper\" >\n\t\t\t<p><strong>DESCRIPCI\u00d3N BREVE DEL PROYECTO<\/strong><\/p>\n<p style=\"text-align: justify;\">Sistema de visi\u00f3n artificial para control de calidad en l\u00ednea de producci\u00f3n. Detecta defectos en diferentes elementos del sistema de elevalunas (elevavidrios) en la \u00faltima etapa de ensamble de los paneles de puerta de veh\u00edculos.<\/p>\n<p><strong><span style=\"font-size: 10pt;\">FECHA<br \/>\n<\/span><\/strong>Junio 2019<\/p>\n<p><strong><span style=\"font-size: 10pt;\">CLIENTE<br \/>\n<\/span><\/strong>BROSE<\/p>\n\n\t\t<\/div> \n\t<\/div> <\/div><\/div><\/div><\/div>\n\t\t\t<\/div> \n\t<\/div> \n<\/div><\/div><\/div><div id=\"fws_6a03a28b15c50\" class=\"vc_row wpb_row vc_row-fluid  animate_onoffset row-dynamic-el standard_section     \" style=\"\" ><div  style=\"position: absolute;top: 0;\"><\/div><div class=\"container  dark\"><div class=\"section_clear\">\n\t<div class=\"vc_col-sm-6 wpb_column column_container vc_custom_1565292910420  vc_custom_1565292910420\" style=\"\" data-animation=\"none\" data-delay=\"\">\n\t\t\t<div class=\"wpb_wrapper\">\n\t\t\t\t\n\t<div class=\"wpb_text_column wpb_content_element  vc_custom_1565286630225\">\n\t\t<div class=\"wpb_wrapper\" >\n\t\t\t<div id=\"fws_5d498bca583a9\" class=\"vc_row wpb_row vc_row-fluid animate_onoffset row-dynamic-el standard_section \">\n<div class=\"container custom\">\n<div class=\"section_clear\">\n<div class=\"vc_col-sm-12 wpb_column column_container vc_custom_1565016720366 vc_custom_1565016720366\" data-animation=\"none\" data-delay=\"\">\n<div class=\"wpb_wrapper\">\n<div class=\"wpb_text_column wpb_content_element vc_custom_1565016773862\">\n<div class=\"wpb_wrapper\">\n<p style=\"text-align: justify;\"><span style=\"font-size: 14px;\">Se han llevado a cabo varios proyectos similares, que englobamos s\u00f3lo en este caso de estudio. Todos con el mismo fin: realizar una inspecci\u00f3n autom\u00e1tica de paneles de puertas de veh\u00edculos mediante visi\u00f3n artificial.<\/span><\/p>\n<p style=\"text-align: justify;\"><span style=\"font-size: 14px;\">La inspecci\u00f3n consiste en detectar presencia\/ausencia de ciertos elementos de los paneles, como cojinetes, bayonetas, etc., y tambi\u00e9n la correcta colocaci\u00f3n de otros, como patines y cables de tracci\u00f3n del sistema elevalunas (elevavidrios).<\/span><\/p>\n<p style=\"text-align: justify;\"><span style=\"font-size: 14px;\">El sistema consta de un Industrial Controller de National Instrument (con un sistema Linux Real-Time que ofrece robustez y fiabilidad en un tama\u00f1o muy reducido), varias c\u00e1maras de escaneo de \u00e1rea Gigabit Ethernet e iluminaciones lineales de desarrollo propio, que ofrecen una intensidad de luz y temperatura de color excelentes, en un formato industrial muy robusto y f\u00e1cil de instalar.<\/span><\/p>\n<p>&nbsp;<\/p>\n<\/div>\n<\/div>\n<\/div>\n<\/div>\n<\/div>\n<\/div>\n<\/div>\n\n\t\t<\/div> \n\t<\/div> \n\t\t\t<\/div> \n\t<\/div> \n\n\t<div class=\"vc_col-sm-6 wpb_column column_container vc_custom_1565292918737  vc_custom_1565292918737\" style=\"\" data-animation=\"none\" data-delay=\"\">\n\t\t\t<div class=\"wpb_wrapper\">\n\t\t\t\t<div class=\"vc_row wpb_row vc_inner vc_row-fluid vc_custom_1565105133429 vc_row-has-fill vc_row-o-content-top vc_row-flex\"><div class=\"wpb_column vc_column_container vc_col-sm-12 vc_col-has-fill\"><div class=\"vc_column-inner vc_custom_1565107493329\"><div class=\"wpb_wrapper\"><div class=\"vc_custom_heading vc_custom_1565286427050 wpb_content_element\" ><h2 style=\"font-size: 18px;text-align: left\" >Necesidad<\/h2><\/div>\n\t<div class=\"wpb_text_column wpb_content_element  vc_custom_1565123452961\">\n\t\t<div class=\"wpb_wrapper\" >\n\t\t\t<p style=\"text-align: justify;\"><span style=\"font-size: 13px; color: #000000;\">Disminuir tiempos de inspecci\u00f3n y aumentar la efectividad de la prueba mediante la sustituci\u00f3n del proceso manual por un sistema autom\u00e1tico que realice las comprobaciones sin contacto y sin interferir en el proceso de ensamble de la l\u00ednea de producci\u00f3n.<\/span><\/p>\n\n\t\t<\/div> \n\t<\/div> <div class=\"vc_custom_heading vc_custom_1565123437035 wpb_content_element\" ><h2 style=\"font-size: 18px;text-align: left\" >Soluci\u00f3n<\/h2><\/div>\n\t<div class=\"wpb_text_column wpb_content_element  vc_custom_1565123446951\">\n\t\t<div class=\"wpb_wrapper\" >\n\t\t\t<p style=\"font-size: 13px; text-align: justify;\"><span style=\"font-size: 13px; color: #000000;\">Implementar un sistema de visi\u00f3n artificial para toma y procesamiento de im\u00e1genes, que sin contacto y de forma r\u00e1pida, se realizan inspecciones autom\u00e1ticas sin interferir en el proceso.<\/span><\/p>\n\n\t\t<\/div> \n\t<\/div> <\/div><\/div><\/div><\/div>\n\t\t\t<\/div> \n\t<\/div> \n<\/div><\/div><\/div><div id=\"fws_6a03a28b16b3d\" class=\"vc_row wpb_row vc_row-fluid  animate_onoffset row-dynamic-el standard_section     \" style=\"\" ><div  style=\"position: absolute;top: 0;\"><\/div><div class=\"container  dark\"><div class=\"section_clear\">\n\t<div class=\"vc_col-sm-12 wpb_column column_container vc_custom_1565292803106  vc_custom_1565292803106\" style=\"\" data-animation=\"none\" data-delay=\"\">\n\t\t\t<div class=\"wpb_wrapper\">\n\t\t\t\t<div class=\"wpb_gallery wpb_content_element vc_clearfix vc_custom_1565287752858 wpb_content_element\" ><div class=\"wpb_wrapper\"><div class=\"wpb_gallery_slides wpb_image_grid\" data-interval=\"3\"><ul class=\"wpb_image_grid_ul\"><li class=\"isotope-item\"><a class=\"\" href=\"https:\/\/altingenieria.mx\/wp-content\/uploads\/2019\/06\/20190607_080227-1024x576.jpg\" data-lightbox=\"lightbox[rel-6908-1850633354]\"><img loading=\"lazy\" decoding=\"async\" width=\"150\" height=\"150\" src=\"https:\/\/altingenieria.mx\/wp-content\/uploads\/2019\/06\/20190607_080227-150x150.jpg\" class=\"attachment-thumbnail\" alt=\"\" title=\"20190607_080227\" srcset=\"https:\/\/altingenieria.mx\/wp-content\/uploads\/2019\/06\/20190607_080227-150x150.jpg 150w, https:\/\/altingenieria.mx\/wp-content\/uploads\/2019\/06\/20190607_080227-600x600.jpg 600w, https:\/\/altingenieria.mx\/wp-content\/uploads\/2019\/06\/20190607_080227-350x350.jpg 350w\" sizes=\"auto, (max-width: 150px) 100vw, 150px\" \/><\/a><\/li><li class=\"isotope-item\"><a class=\"\" href=\"https:\/\/altingenieria.mx\/wp-content\/uploads\/2019\/06\/20190607_080212-e1565024034340-576x1024.jpg\" data-lightbox=\"lightbox[rel-6908-1850633354]\"><img loading=\"lazy\" decoding=\"async\" width=\"150\" height=\"150\" src=\"https:\/\/altingenieria.mx\/wp-content\/uploads\/2019\/06\/20190607_080212-e1565024034340-150x150.jpg\" class=\"attachment-thumbnail\" alt=\"\" title=\"20190607_080212\" srcset=\"https:\/\/altingenieria.mx\/wp-content\/uploads\/2019\/06\/20190607_080212-e1565024034340-150x150.jpg 150w, https:\/\/altingenieria.mx\/wp-content\/uploads\/2019\/06\/20190607_080212-e1565024034340-600x600.jpg 600w, https:\/\/altingenieria.mx\/wp-content\/uploads\/2019\/06\/20190607_080212-e1565024034340-350x350.jpg 350w\" sizes=\"auto, (max-width: 150px) 100vw, 150px\" \/><\/a><\/li><li class=\"isotope-item\"><a class=\"\" href=\"https:\/\/altingenieria.mx\/wp-content\/uploads\/2019\/06\/20190607_080258-1024x576.jpg\" data-lightbox=\"lightbox[rel-6908-1850633354]\"><img loading=\"lazy\" decoding=\"async\" width=\"150\" height=\"150\" src=\"https:\/\/altingenieria.mx\/wp-content\/uploads\/2019\/06\/20190607_080258-150x150.jpg\" class=\"attachment-thumbnail\" alt=\"\" title=\"20190607_080258\" srcset=\"https:\/\/altingenieria.mx\/wp-content\/uploads\/2019\/06\/20190607_080258-150x150.jpg 150w, https:\/\/altingenieria.mx\/wp-content\/uploads\/2019\/06\/20190607_080258-600x600.jpg 600w, https:\/\/altingenieria.mx\/wp-content\/uploads\/2019\/06\/20190607_080258-350x350.jpg 350w\" sizes=\"auto, (max-width: 150px) 100vw, 150px\" \/><\/a><\/li><li class=\"isotope-item\"><a class=\"\" href=\"https:\/\/altingenieria.mx\/wp-content\/uploads\/2019\/06\/20190607_121125-1024x576.jpg\" data-lightbox=\"lightbox[rel-6908-1850633354]\"><img loading=\"lazy\" decoding=\"async\" width=\"150\" height=\"150\" src=\"https:\/\/altingenieria.mx\/wp-content\/uploads\/2019\/06\/20190607_121125-150x150.jpg\" class=\"attachment-thumbnail\" alt=\"\" title=\"20190607_121125\" srcset=\"https:\/\/altingenieria.mx\/wp-content\/uploads\/2019\/06\/20190607_121125-150x150.jpg 150w, https:\/\/altingenieria.mx\/wp-content\/uploads\/2019\/06\/20190607_121125-600x600.jpg 600w, https:\/\/altingenieria.mx\/wp-content\/uploads\/2019\/06\/20190607_121125-350x350.jpg 350w\" sizes=\"auto, (max-width: 150px) 100vw, 150px\" \/><\/a><\/li><li class=\"isotope-item\"><a class=\"\" href=\"https:\/\/altingenieria.mx\/wp-content\/uploads\/2019\/08\/1562609252961-1024x768.jpeg\" data-lightbox=\"lightbox[rel-6908-1850633354]\"><img loading=\"lazy\" decoding=\"async\" width=\"150\" height=\"150\" src=\"https:\/\/altingenieria.mx\/wp-content\/uploads\/2019\/08\/1562609252961-150x150.jpeg\" class=\"attachment-thumbnail\" alt=\"\" title=\"1562609252961\" srcset=\"https:\/\/altingenieria.mx\/wp-content\/uploads\/2019\/08\/1562609252961-150x150.jpeg 150w, https:\/\/altingenieria.mx\/wp-content\/uploads\/2019\/08\/1562609252961-600x600.jpeg 600w, https:\/\/altingenieria.mx\/wp-content\/uploads\/2019\/08\/1562609252961-350x350.jpeg 350w\" sizes=\"auto, (max-width: 150px) 100vw, 150px\" \/><\/a><\/li><li class=\"isotope-item\"><a class=\"\" href=\"https:\/\/altingenieria.mx\/wp-content\/uploads\/2019\/08\/1562609254127-1024x768.jpeg\" data-lightbox=\"lightbox[rel-6908-1850633354]\"><img loading=\"lazy\" decoding=\"async\" width=\"150\" height=\"150\" src=\"https:\/\/altingenieria.mx\/wp-content\/uploads\/2019\/08\/1562609254127-150x150.jpeg\" class=\"attachment-thumbnail\" alt=\"\" title=\"1562609254127\" srcset=\"https:\/\/altingenieria.mx\/wp-content\/uploads\/2019\/08\/1562609254127-150x150.jpeg 150w, https:\/\/altingenieria.mx\/wp-content\/uploads\/2019\/08\/1562609254127-600x600.jpeg 600w, https:\/\/altingenieria.mx\/wp-content\/uploads\/2019\/08\/1562609254127-350x350.jpeg 350w\" sizes=\"auto, (max-width: 150px) 100vw, 150px\" \/><\/a><\/li><li class=\"isotope-item\"><a class=\"\" href=\"https:\/\/altingenieria.mx\/wp-content\/uploads\/2019\/08\/1562609253341-1024x768.jpeg\" data-lightbox=\"lightbox[rel-6908-1850633354]\"><img loading=\"lazy\" decoding=\"async\" width=\"150\" height=\"150\" src=\"https:\/\/altingenieria.mx\/wp-content\/uploads\/2019\/08\/1562609253341-150x150.jpeg\" class=\"attachment-thumbnail\" alt=\"\" title=\"1562609253341\" srcset=\"https:\/\/altingenieria.mx\/wp-content\/uploads\/2019\/08\/1562609253341-150x150.jpeg 150w, https:\/\/altingenieria.mx\/wp-content\/uploads\/2019\/08\/1562609253341-600x600.jpeg 600w, https:\/\/altingenieria.mx\/wp-content\/uploads\/2019\/08\/1562609253341-350x350.jpeg 350w\" sizes=\"auto, (max-width: 150px) 100vw, 150px\" \/><\/a><\/li><\/ul><\/div><\/div><\/div>\n\t\t\t<\/div> \n\t<\/div> \n<\/div><\/div><\/div><div id=\"fws_6a03a28b198a5\" class=\"vc_row wpb_row vc_row-fluid  animate_onoffset row-dynamic-el standard_section     \" style=\"\" ><div  style=\"position: absolute;top: 0;\"><\/div><div class=\"container  dark\"><div class=\"section_clear\">\n\t<div class=\"vc_col-sm-12 wpb_column column_container \" style=\"\" data-animation=\"none\" data-delay=\"\">\n\t\t\t<div class=\"wpb_wrapper\">\n\t\t\t\t\n\t<div class=\"wpb_text_column wpb_content_element  vc_custom_1565109036344\">\n\t\t<div class=\"wpb_wrapper\" >\n\t\t\t<p><span style=\"font-size: 14px;\">El sistema est\u00e1 conectado a los equipos de la l\u00ednea de ensamble y se comunica con el PLC por modbus para actualizar la receta y dar los resultados de cada test.<\/span><\/p>\n\n\t\t<\/div> \n\t<\/div> \n\t\t\t<\/div> \n\t<\/div> \n<\/div><\/div><\/div>\n<\/div>","protected":false},"excerpt":{"rendered":"DESCRIPCI\u00d3N BREVE DEL PROYECTO Sistema de visi\u00f3n artificial para control de calidad en l\u00ednea de producci\u00f3n. Detecta defectos en diferentes elementos del sistema de elevalunas (elevavidrios) en la \u00faltima etapa de ensamble de los paneles de puerta de veh\u00edculos. FECHA Junio 2019 CLIENTE BROSE Se han llevado a cabo varios proyectos similares, que englobamos s\u00f3lo [...]","protected":false},"author":3,"featured_media":0,"parent":0,"menu_order":42,"comment_status":"open","ping_status":"closed","template":"","meta":{"_joinchat":[],"footnotes":""},"class_list":["post-6908","page","type-page","status-publish","hentry"],"yoast_head":"<!-- This site is optimized with the Yoast SEO plugin v27.6 - https:\/\/yoast.com\/product\/yoast-seo-wordpress\/ -->\n<title>Inspecci\u00f3n autom\u00e1tica de paneles de puertas - ALT Ingenier\u00eda<\/title>\n<meta name=\"description\" content=\"Sistema de visi\u00f3n artificial para inspecci\u00f3n autom\u00e1tica de paneles de puertas, detectando defectos del sistema elevalunas en l\u00ednea de producci\u00f3n.\" \/>\n<meta name=\"robots\" content=\"index, follow, max-snippet:-1, max-image-preview:large, max-video-preview:-1\" \/>\n<link rel=\"canonical\" href=\"https:\/\/altingenieria.mx\/en\/19022-2\/\" \/>\n<meta property=\"og:locale\" content=\"en_US\" \/>\n<meta property=\"og:type\" content=\"article\" \/>\n<meta property=\"og:title\" content=\"Inspecci\u00f3n autom\u00e1tica de paneles de puertas - ALT Ingenier\u00eda\" \/>\n<meta property=\"og:description\" content=\"Sistema de visi\u00f3n artificial para inspecci\u00f3n autom\u00e1tica de paneles de puertas, detectando defectos del sistema elevalunas en l\u00ednea de producci\u00f3n.\" \/>\n<meta property=\"og:url\" content=\"https:\/\/altingenieria.mx\/en\/19022-2\/\" \/>\n<meta property=\"og:site_name\" content=\"ALT Ingenier\u00eda\" \/>\n<meta property=\"article:modified_time\" content=\"2026-02-05T22:53:01+00:00\" \/>\n<meta property=\"og:image\" content=\"https:\/\/altingenieria.mx\/wp-content\/uploads\/2025\/12\/logo-alt-azul.png\" \/>\n\t<meta property=\"og:image:width\" content=\"367\" \/>\n\t<meta property=\"og:image:height\" content=\"284\" \/>\n\t<meta property=\"og:image:type\" content=\"image\/png\" \/>\n<meta name=\"twitter:card\" content=\"summary_large_image\" \/>\n<meta name=\"twitter:label1\" content=\"Est. reading time\" \/>\n\t<meta name=\"twitter:data1\" content=\"3 minutes\" \/>\n<script type=\"application\/ld+json\" class=\"yoast-schema-graph\">{\"@context\":\"https:\\\/\\\/schema.org\",\"@graph\":[{\"@type\":\"WebPage\",\"@id\":\"https:\\\/\\\/altingenieria.mx\\\/19022-2\\\/\",\"url\":\"https:\\\/\\\/altingenieria.mx\\\/19022-2\\\/\",\"name\":\"Inspecci\u00f3n autom\u00e1tica de paneles de puertas - ALT Ingenier\u00eda\",\"isPartOf\":{\"@id\":\"https:\\\/\\\/altingenieria.mx\\\/#website\"},\"datePublished\":\"2019-06-24T23:27:36+00:00\",\"dateModified\":\"2026-02-05T22:53:01+00:00\",\"description\":\"Sistema de visi\u00f3n artificial para inspecci\u00f3n autom\u00e1tica de paneles de puertas, detectando defectos del sistema elevalunas en l\u00ednea de producci\u00f3n.\",\"breadcrumb\":{\"@id\":\"https:\\\/\\\/altingenieria.mx\\\/19022-2\\\/#breadcrumb\"},\"inLanguage\":\"en-US\",\"potentialAction\":[{\"@type\":\"ReadAction\",\"target\":[\"https:\\\/\\\/altingenieria.mx\\\/19022-2\\\/\"]}]},{\"@type\":\"BreadcrumbList\",\"@id\":\"https:\\\/\\\/altingenieria.mx\\\/19022-2\\\/#breadcrumb\",\"itemListElement\":[{\"@type\":\"ListItem\",\"position\":1,\"name\":\"Home\",\"item\":\"https:\\\/\\\/altingenieria.mx\\\/\"},{\"@type\":\"ListItem\",\"position\":2,\"name\":\"Inspecci\u00f3n autom\u00e1tica de paneles de puertas\"}]},{\"@type\":\"WebSite\",\"@id\":\"https:\\\/\\\/altingenieria.mx\\\/#website\",\"url\":\"https:\\\/\\\/altingenieria.mx\\\/\",\"name\":\"ALT Ingenier\u00eda\",\"description\":\"Ingenier\u00eda a la medida\",\"publisher\":{\"@id\":\"https:\\\/\\\/altingenieria.mx\\\/#organization\"},\"potentialAction\":[{\"@type\":\"SearchAction\",\"target\":{\"@type\":\"EntryPoint\",\"urlTemplate\":\"https:\\\/\\\/altingenieria.mx\\\/?s={search_term_string}\"},\"query-input\":{\"@type\":\"PropertyValueSpecification\",\"valueRequired\":true,\"valueName\":\"search_term_string\"}}],\"inLanguage\":\"en-US\"},{\"@type\":\"Organization\",\"@id\":\"https:\\\/\\\/altingenieria.mx\\\/#organization\",\"name\":\"ALT Ingenier\u00eda\",\"url\":\"https:\\\/\\\/altingenieria.mx\\\/\",\"logo\":{\"@type\":\"ImageObject\",\"inLanguage\":\"en-US\",\"@id\":\"https:\\\/\\\/altingenieria.mx\\\/#\\\/schema\\\/logo\\\/image\\\/\",\"url\":\"https:\\\/\\\/altingenieria.mx\\\/wp-content\\\/uploads\\\/2025\\\/12\\\/logo-alt-azul.png\",\"contentUrl\":\"https:\\\/\\\/altingenieria.mx\\\/wp-content\\\/uploads\\\/2025\\\/12\\\/logo-alt-azul.png\",\"width\":367,\"height\":284,\"caption\":\"ALT Ingenier\u00eda\"},\"image\":{\"@id\":\"https:\\\/\\\/altingenieria.mx\\\/#\\\/schema\\\/logo\\\/image\\\/\"},\"sameAs\":[\"https:\\\/\\\/www.linkedin.com\\\/company\\\/altingenieria\\\/\"]}]}<\/script>\n<!-- \/ Yoast SEO plugin. -->","yoast_head_json":{"title":"Inspecci\u00f3n autom\u00e1tica de paneles de puertas - ALT Ingenier\u00eda","description":"Sistema de visi\u00f3n artificial para inspecci\u00f3n autom\u00e1tica de paneles de puertas, detectando defectos del sistema elevalunas en l\u00ednea de producci\u00f3n.","robots":{"index":"index","follow":"follow","max-snippet":"max-snippet:-1","max-image-preview":"max-image-preview:large","max-video-preview":"max-video-preview:-1"},"canonical":"https:\/\/altingenieria.mx\/en\/19022-2\/","og_locale":"en_US","og_type":"article","og_title":"Inspecci\u00f3n autom\u00e1tica de paneles de puertas - ALT Ingenier\u00eda","og_description":"Sistema de visi\u00f3n artificial para inspecci\u00f3n autom\u00e1tica de paneles de puertas, detectando defectos del sistema elevalunas en l\u00ednea de producci\u00f3n.","og_url":"https:\/\/altingenieria.mx\/en\/19022-2\/","og_site_name":"ALT Ingenier\u00eda","article_modified_time":"2026-02-05T22:53:01+00:00","og_image":[{"width":367,"height":284,"url":"https:\/\/altingenieria.mx\/wp-content\/uploads\/2025\/12\/logo-alt-azul.png","type":"image\/png"}],"twitter_card":"summary_large_image","twitter_misc":{"Est. reading time":"3 minutes"},"schema":{"@context":"https:\/\/schema.org","@graph":[{"@type":"WebPage","@id":"https:\/\/altingenieria.mx\/19022-2\/","url":"https:\/\/altingenieria.mx\/19022-2\/","name":"Inspecci\u00f3n autom\u00e1tica de paneles de puertas - ALT Ingenier\u00eda","isPartOf":{"@id":"https:\/\/altingenieria.mx\/#website"},"datePublished":"2019-06-24T23:27:36+00:00","dateModified":"2026-02-05T22:53:01+00:00","description":"Sistema de visi\u00f3n artificial para inspecci\u00f3n autom\u00e1tica de paneles de puertas, detectando defectos del sistema elevalunas en l\u00ednea de producci\u00f3n.","breadcrumb":{"@id":"https:\/\/altingenieria.mx\/19022-2\/#breadcrumb"},"inLanguage":"en-US","potentialAction":[{"@type":"ReadAction","target":["https:\/\/altingenieria.mx\/19022-2\/"]}]},{"@type":"BreadcrumbList","@id":"https:\/\/altingenieria.mx\/19022-2\/#breadcrumb","itemListElement":[{"@type":"ListItem","position":1,"name":"Home","item":"https:\/\/altingenieria.mx\/"},{"@type":"ListItem","position":2,"name":"Inspecci\u00f3n autom\u00e1tica de paneles de puertas"}]},{"@type":"WebSite","@id":"https:\/\/altingenieria.mx\/#website","url":"https:\/\/altingenieria.mx\/","name":"ALT Ingenier\u00eda","description":"Custom Engineering","publisher":{"@id":"https:\/\/altingenieria.mx\/#organization"},"potentialAction":[{"@type":"SearchAction","target":{"@type":"EntryPoint","urlTemplate":"https:\/\/altingenieria.mx\/?s={search_term_string}"},"query-input":{"@type":"PropertyValueSpecification","valueRequired":true,"valueName":"search_term_string"}}],"inLanguage":"en-US"},{"@type":"Organization","@id":"https:\/\/altingenieria.mx\/#organization","name":"ALT Ingenier\u00eda","url":"https:\/\/altingenieria.mx\/","logo":{"@type":"ImageObject","inLanguage":"en-US","@id":"https:\/\/altingenieria.mx\/#\/schema\/logo\/image\/","url":"https:\/\/altingenieria.mx\/wp-content\/uploads\/2025\/12\/logo-alt-azul.png","contentUrl":"https:\/\/altingenieria.mx\/wp-content\/uploads\/2025\/12\/logo-alt-azul.png","width":367,"height":284,"caption":"ALT Ingenier\u00eda"},"image":{"@id":"https:\/\/altingenieria.mx\/#\/schema\/logo\/image\/"},"sameAs":["https:\/\/www.linkedin.com\/company\/altingenieria\/"]}]}},"_links":{"self":[{"href":"https:\/\/altingenieria.mx\/en\/wp-json\/wp\/v2\/pages\/6908","targetHints":{"allow":["GET"]}}],"collection":[{"href":"https:\/\/altingenieria.mx\/en\/wp-json\/wp\/v2\/pages"}],"about":[{"href":"https:\/\/altingenieria.mx\/en\/wp-json\/wp\/v2\/types\/page"}],"author":[{"embeddable":true,"href":"https:\/\/altingenieria.mx\/en\/wp-json\/wp\/v2\/users\/3"}],"replies":[{"embeddable":true,"href":"https:\/\/altingenieria.mx\/en\/wp-json\/wp\/v2\/comments?post=6908"}],"version-history":[{"count":1,"href":"https:\/\/altingenieria.mx\/en\/wp-json\/wp\/v2\/pages\/6908\/revisions"}],"predecessor-version":[{"id":10124,"href":"https:\/\/altingenieria.mx\/en\/wp-json\/wp\/v2\/pages\/6908\/revisions\/10124"}],"wp:attachment":[{"href":"https:\/\/altingenieria.mx\/en\/wp-json\/wp\/v2\/media?parent=6908"}],"curies":[{"name":"wp","href":"https:\/\/api.w.org\/{rel}","templated":true}]}}