{"id":7944,"date":"2019-07-19T12:08:53","date_gmt":"2019-07-19T17:08:53","guid":{"rendered":"http:\/\/altingenieria.mx\/?page_id=7944"},"modified":"2026-02-05T16:36:03","modified_gmt":"2026-02-05T22:36:03","slug":"cotizacion-thermogenius","status":"publish","type":"page","link":"https:\/\/altingenieria.mx\/en\/productos\/inspeccion-termografica\/thermogenius\/cotizacion-thermogenius\/","title":{"rendered":"ThermoGenius quote"},"content":{"rendered":"<div class=\"wpb-content-wrapper\"><div id=\"fws_69e32e0fa2d59\" class=\"vc_row wpb_row vc_row-fluid  animate_onoffset row-dynamic-el standard_section\" style=\"\" ><div  style=\"position: absolute;top: 0;\"><\/div><div class=\"container  dark\"><div class=\"section_clear\">\n\t<div class=\"vc_col-sm-12 wpb_column column_container vc_custom_1563553897311  vc_custom_1563553897311\" style=\"\" data-animation=\"none\" data-delay=\"\">\n\t\t\t<div class=\"wpb_wrapper\">\n\t\t\t\t<div class=\"vc_custom_heading vc_custom_1563553952326 wpb_content_element\" ><h2 style=\"color: #ffffff;text-align: left\" >ThermoGenius<\/h2><\/div>\n\t\t\t<\/div> \n\t<\/div> \n<\/div><\/div><\/div><div id=\"fws_69e32e0fa3649\" class=\"vc_row wpb_row vc_row-fluid  animate_onoffset row-dynamic-el standard_section\" style=\"padding-top: 0px ; padding-bottom: 0px ; \" ><div  style=\"position: absolute;top: 0;\"><\/div><div class=\"container  dark\"><div class=\"section_clear\">\n\t<div class=\"vc_col-sm-12 wpb_column column_container vc_custom_1563554548841  vc_custom_1563554548841\" style=\"\" data-animation=\"none\" data-delay=\"\">\n\t\t\t<div class=\"wpb_wrapper\">\n\t\t\t\t<div class=\"vc_row wpb_row vc_inner vc_row-fluid vc_custom_1563555277731\"><div class=\"wpb_column vc_column_container vc_col-sm-4\"><div class=\"vc_column-inner\"><div class=\"wpb_wrapper\"><div class=\"wpb_content_element media_align_center media media_el animate_onoffset\"><div class=\"media_wrapper\" style=\"width:150px;position:relative; left:50%; margin-left:-75px;\" ><img decoding=\"async\" src=\"https:\/\/altingenieria.mx\/wp-content\/uploads\/2019\/07\/edit-Mod-S.png\" alt=\"Alt Text\" class=\"type_image animated fadeInnone alignment_center\" \/><\/div><\/div>\n\t<div class=\"wpb_text_column wpb_content_element\">\n\t\t<div class=\"wpb_wrapper\" >\n\t\t\t<p style=\"text-align: center;\"><span style=\"color: #1e73be;\"><strong>S Model<\/strong><\/span><\/p>\n<ul>\n<li>Up to 2 cameras<\/li>\n<li>10.4 \u201dtouch screen<\/li>\n<li>400x400x210 mm cabinet<\/li>\n<li>4 Optional analog outputs<\/li>\n<li>8 to 24 digital outputs<\/li>\n<\/ul>\n\n\t\t<\/div> \n\t<\/div> <\/div><\/div><\/div><div class=\"wpb_column vc_column_container vc_col-sm-4\"><div class=\"vc_column-inner\"><div class=\"wpb_wrapper\"><div class=\"wpb_content_element media_align_center media media_el animate_onoffset\"><div class=\"media_wrapper\" style=\"width:150px;position:relative; left:50%; margin-left:-75px;\" ><img decoding=\"async\" src=\"https:\/\/altingenieria.mx\/wp-content\/uploads\/2019\/07\/edit-Mod-M.png\" alt=\"Alt Text\" class=\"type_image animated fadeInnone alignment_center\" \/><\/div><\/div>\n\t<div class=\"wpb_text_column wpb_content_element\">\n\t\t<div class=\"wpb_wrapper\" >\n\t\t\t<p style=\"text-align: center;\"><span style=\"color: #1e73be;\"><strong>M Model<\/strong><\/span><\/p>\n<ul>\n<li>Up to 4 cameras<\/li>\n<li>15\u201d touch screen<\/li>\n<li>500x500x250 mm cabinet<\/li>\n<li>4 Optional analog outputs<\/li>\n<li>8 to 24 digital outputs<\/li>\n<\/ul>\n\n\t\t<\/div> \n\t<\/div> <\/div><\/div><\/div><div class=\"wpb_column vc_column_container vc_col-sm-4\"><div class=\"vc_column-inner\"><div class=\"wpb_wrapper\"><div class=\"wpb_content_element media_align_center media media_el animate_onoffset\"><div class=\"media_wrapper\" style=\"width:150px;position:relative; left:50%; margin-left:-75px;\" ><img decoding=\"async\" src=\"https:\/\/altingenieria.mx\/wp-content\/uploads\/2019\/07\/edit-Mod-G.png\" alt=\"Alt Text\" class=\"type_image animated fadeInnone alignment_center\" \/><\/div><\/div>\n\t<div class=\"wpb_text_column wpb_content_element\">\n\t\t<div class=\"wpb_wrapper\" >\n\t\t\t<p style=\"text-align: center;\"><span style=\"color: #1e73be;\"><strong>L Model<\/strong><\/span><\/p>\n<ul>\n<li>Up to 4 cameras<\/li>\n<li>17\u201d touch screen<\/li>\n<li>600x600x250 mm cabinet<\/li>\n<li>4 Optional analog outputs<\/li>\n<li>24 digital outputs<\/li>\n<\/ul>\n\n\t\t<\/div> \n\t<\/div> <\/div><\/div><\/div><\/div><div class=\"vc_custom_heading vc_custom_1563811566165 wpb_content_element\" ><h2 style=\"font-size: 16px;color: #000000;text-align: center\" >Please fill out the form below and we will contact you.<\/h2><\/div>\n\t<div class=\"wpb_text_column wpb_content_element  vc_custom_1563556073853\">\n\t\t<div class=\"wpb_wrapper\" >\n\t\t\t<div id='formContainer1455965617' class='sfForm rednaoFormContainer SfFormElementContainer bootstrap-wrapper'><\/div><script>\n            var ajaxurl = 'https:\/\/altingenieria.mx\/wp-admin\/admin-ajax.php';\n            var smartFormsCurrentTime=new Date('Sat Apr 18 2026 07:09:03 +0000');\n            \tvar smartFormsSaveNonce=\"df5b892128\";\n            \tvar smartFormsUserName=\"\";\n            \tvar smartFormsFirstName=\"\";\n            \tvar smartFormsLastName=\"\";\n            \tvar smartFormsEmail=\"\";\n                var smartFormsPath=\"https:\/\/altingenieria.mx\/wp-content\/plugins\/smart-forms\/\";\n                var smartDonationsRootPath=\"\";\n                var smartDonationsSandbox=\"\";\n                var smartFormsAdditionalFields2=[];\n                var smartFormsDesignMode=false;\n                if(!window.smartFormsItemsToLoad)\n                    window.smartFormsItemsToLoad=new Array();                                                   \n        <\/script>\n\n\t\t<\/div> \n\t<\/div> \n\t\t\t<\/div> \n\t<\/div> \n<\/div><\/div><\/div>\n<\/div>","protected":false},"excerpt":{"rendered":"ThermoGenius Modelo S Hasta 2 c\u00e1maras Pantalla t\u00e1ctil de 10.4\u201d Gabinete 400x400x210 mm 4 Salidas anal\u00f3gicas opcionales De 8 a 24 salidas digitales Modelo M Hasta 4 c\u00e1maras Pantalla t\u00e1ctil de 15\u201d Gabinete 500x500x250 mm 4 Salidas anal\u00f3gicas opcionales De 8 a 24 salidas digitales Modelo L Hasta 4 c\u00e1maras Pantalla t\u00e1ctil de 17\u201d Gabinete [...]","protected":false},"author":3,"featured_media":0,"parent":5527,"menu_order":0,"comment_status":"closed","ping_status":"closed","template":"","meta":{"_joinchat":[],"footnotes":""},"class_list":["post-7944","page","type-page","status-publish","hentry"],"yoast_head":"<!-- This site is optimized with the Yoast SEO plugin v27.4 - https:\/\/yoast.com\/product\/yoast-seo-wordpress\/ -->\n<title>Cotizaci\u00f3n ThermoGenius - ALT Ingenier\u00eda<\/title>\n<meta name=\"description\" content=\"Solicita tu cotizaci\u00f3n de ThermoGenius con modelos S,M y L. Sistema de inspecci\u00f3n termogr\u00e1fica con 4 c\u00e1maras, pantalla t\u00e1ctil y m\u00faltiples salidas digitales.\" \/>\n<meta name=\"robots\" content=\"index, follow, max-snippet:-1, max-image-preview:large, max-video-preview:-1\" \/>\n<link rel=\"canonical\" href=\"https:\/\/altingenieria.mx\/en\/productos\/inspeccion-termografica\/thermogenius\/cotizacion-thermogenius\/\" \/>\n<meta property=\"og:locale\" content=\"en_US\" \/>\n<meta property=\"og:type\" content=\"article\" \/>\n<meta property=\"og:title\" content=\"Cotizaci\u00f3n ThermoGenius - ALT Ingenier\u00eda\" \/>\n<meta property=\"og:description\" content=\"Solicita tu cotizaci\u00f3n de ThermoGenius con modelos S,M y L. Sistema de inspecci\u00f3n termogr\u00e1fica con 4 c\u00e1maras, pantalla t\u00e1ctil y m\u00faltiples salidas digitales.\" \/>\n<meta property=\"og:url\" content=\"https:\/\/altingenieria.mx\/en\/productos\/inspeccion-termografica\/thermogenius\/cotizacion-thermogenius\/\" \/>\n<meta property=\"og:site_name\" content=\"ALT Ingenier\u00eda\" \/>\n<meta property=\"article:modified_time\" content=\"2026-02-05T22:36:03+00:00\" \/>\n<meta property=\"og:image\" content=\"https:\/\/altingenieria.mx\/wp-content\/uploads\/2025\/12\/logo-alt-azul.png\" \/>\n\t<meta property=\"og:image:width\" content=\"367\" \/>\n\t<meta property=\"og:image:height\" content=\"284\" \/>\n\t<meta property=\"og:image:type\" content=\"image\/png\" \/>\n<meta name=\"twitter:card\" content=\"summary_large_image\" \/>\n<meta name=\"twitter:label1\" content=\"Est. reading time\" \/>\n\t<meta name=\"twitter:data1\" content=\"1 minute\" \/>\n<script type=\"application\/ld+json\" class=\"yoast-schema-graph\">{\"@context\":\"https:\\\/\\\/schema.org\",\"@graph\":[{\"@type\":\"WebPage\",\"@id\":\"https:\\\/\\\/altingenieria.mx\\\/productos\\\/inspeccion-termografica\\\/thermogenius\\\/cotizacion-thermogenius\\\/\",\"url\":\"https:\\\/\\\/altingenieria.mx\\\/productos\\\/inspeccion-termografica\\\/thermogenius\\\/cotizacion-thermogenius\\\/\",\"name\":\"Cotizaci\u00f3n ThermoGenius - ALT Ingenier\u00eda\",\"isPartOf\":{\"@id\":\"https:\\\/\\\/altingenieria.mx\\\/#website\"},\"datePublished\":\"2019-07-19T17:08:53+00:00\",\"dateModified\":\"2026-02-05T22:36:03+00:00\",\"description\":\"Solicita tu cotizaci\u00f3n de ThermoGenius con modelos S,M y L. Sistema de inspecci\u00f3n termogr\u00e1fica con 4 c\u00e1maras, pantalla t\u00e1ctil y m\u00faltiples salidas digitales.\",\"breadcrumb\":{\"@id\":\"https:\\\/\\\/altingenieria.mx\\\/productos\\\/inspeccion-termografica\\\/thermogenius\\\/cotizacion-thermogenius\\\/#breadcrumb\"},\"inLanguage\":\"en-US\",\"potentialAction\":[{\"@type\":\"ReadAction\",\"target\":[\"https:\\\/\\\/altingenieria.mx\\\/productos\\\/inspeccion-termografica\\\/thermogenius\\\/cotizacion-thermogenius\\\/\"]}]},{\"@type\":\"BreadcrumbList\",\"@id\":\"https:\\\/\\\/altingenieria.mx\\\/productos\\\/inspeccion-termografica\\\/thermogenius\\\/cotizacion-thermogenius\\\/#breadcrumb\",\"itemListElement\":[{\"@type\":\"ListItem\",\"position\":1,\"name\":\"Home\",\"item\":\"https:\\\/\\\/altingenieria.mx\\\/\"},{\"@type\":\"ListItem\",\"position\":2,\"name\":\"Productos\",\"item\":\"https:\\\/\\\/altingenieria.mx\\\/productos\\\/\"},{\"@type\":\"ListItem\",\"position\":3,\"name\":\"Sistemas de inspecci\u00f3n termogr\u00e1fica\",\"item\":\"https:\\\/\\\/altingenieria.mx\\\/productos\\\/inspeccion-termografica\\\/\"},{\"@type\":\"ListItem\",\"position\":4,\"name\":\"ThermoGenius\",\"item\":\"https:\\\/\\\/altingenieria.mx\\\/productos\\\/inspeccion-termografica\\\/thermogenius\\\/\"},{\"@type\":\"ListItem\",\"position\":5,\"name\":\"Cotizaci\u00f3n ThermoGenius\"}]},{\"@type\":\"WebSite\",\"@id\":\"https:\\\/\\\/altingenieria.mx\\\/#website\",\"url\":\"https:\\\/\\\/altingenieria.mx\\\/\",\"name\":\"ALT Ingenier\u00eda\",\"description\":\"Ingenier\u00eda a la medida\",\"publisher\":{\"@id\":\"https:\\\/\\\/altingenieria.mx\\\/#organization\"},\"potentialAction\":[{\"@type\":\"SearchAction\",\"target\":{\"@type\":\"EntryPoint\",\"urlTemplate\":\"https:\\\/\\\/altingenieria.mx\\\/?s={search_term_string}\"},\"query-input\":{\"@type\":\"PropertyValueSpecification\",\"valueRequired\":true,\"valueName\":\"search_term_string\"}}],\"inLanguage\":\"en-US\"},{\"@type\":\"Organization\",\"@id\":\"https:\\\/\\\/altingenieria.mx\\\/#organization\",\"name\":\"ALT Ingenier\u00eda\",\"url\":\"https:\\\/\\\/altingenieria.mx\\\/\",\"logo\":{\"@type\":\"ImageObject\",\"inLanguage\":\"en-US\",\"@id\":\"https:\\\/\\\/altingenieria.mx\\\/#\\\/schema\\\/logo\\\/image\\\/\",\"url\":\"https:\\\/\\\/altingenieria.mx\\\/wp-content\\\/uploads\\\/2025\\\/12\\\/logo-alt-azul.png\",\"contentUrl\":\"https:\\\/\\\/altingenieria.mx\\\/wp-content\\\/uploads\\\/2025\\\/12\\\/logo-alt-azul.png\",\"width\":367,\"height\":284,\"caption\":\"ALT Ingenier\u00eda\"},\"image\":{\"@id\":\"https:\\\/\\\/altingenieria.mx\\\/#\\\/schema\\\/logo\\\/image\\\/\"},\"sameAs\":[\"https:\\\/\\\/www.linkedin.com\\\/company\\\/altingenieria\\\/\"]}]}<\/script>\n<!-- \/ Yoast SEO plugin. -->","yoast_head_json":{"title":"Cotizaci\u00f3n ThermoGenius - ALT Ingenier\u00eda","description":"Solicita tu cotizaci\u00f3n de ThermoGenius con modelos S,M y L. Sistema de inspecci\u00f3n termogr\u00e1fica con 4 c\u00e1maras, pantalla t\u00e1ctil y m\u00faltiples salidas digitales.","robots":{"index":"index","follow":"follow","max-snippet":"max-snippet:-1","max-image-preview":"max-image-preview:large","max-video-preview":"max-video-preview:-1"},"canonical":"https:\/\/altingenieria.mx\/en\/productos\/inspeccion-termografica\/thermogenius\/cotizacion-thermogenius\/","og_locale":"en_US","og_type":"article","og_title":"Cotizaci\u00f3n ThermoGenius - ALT Ingenier\u00eda","og_description":"Solicita tu cotizaci\u00f3n de ThermoGenius con modelos S,M y L. Sistema de inspecci\u00f3n termogr\u00e1fica con 4 c\u00e1maras, pantalla t\u00e1ctil y m\u00faltiples salidas digitales.","og_url":"https:\/\/altingenieria.mx\/en\/productos\/inspeccion-termografica\/thermogenius\/cotizacion-thermogenius\/","og_site_name":"ALT Ingenier\u00eda","article_modified_time":"2026-02-05T22:36:03+00:00","og_image":[{"width":367,"height":284,"url":"https:\/\/altingenieria.mx\/wp-content\/uploads\/2025\/12\/logo-alt-azul.png","type":"image\/png"}],"twitter_card":"summary_large_image","twitter_misc":{"Est. reading time":"1 minute"},"schema":{"@context":"https:\/\/schema.org","@graph":[{"@type":"WebPage","@id":"https:\/\/altingenieria.mx\/productos\/inspeccion-termografica\/thermogenius\/cotizacion-thermogenius\/","url":"https:\/\/altingenieria.mx\/productos\/inspeccion-termografica\/thermogenius\/cotizacion-thermogenius\/","name":"Cotizaci\u00f3n ThermoGenius - ALT Ingenier\u00eda","isPartOf":{"@id":"https:\/\/altingenieria.mx\/#website"},"datePublished":"2019-07-19T17:08:53+00:00","dateModified":"2026-02-05T22:36:03+00:00","description":"Solicita tu cotizaci\u00f3n de ThermoGenius con modelos S,M y L. Sistema de inspecci\u00f3n termogr\u00e1fica con 4 c\u00e1maras, pantalla t\u00e1ctil y m\u00faltiples salidas digitales.","breadcrumb":{"@id":"https:\/\/altingenieria.mx\/productos\/inspeccion-termografica\/thermogenius\/cotizacion-thermogenius\/#breadcrumb"},"inLanguage":"en-US","potentialAction":[{"@type":"ReadAction","target":["https:\/\/altingenieria.mx\/productos\/inspeccion-termografica\/thermogenius\/cotizacion-thermogenius\/"]}]},{"@type":"BreadcrumbList","@id":"https:\/\/altingenieria.mx\/productos\/inspeccion-termografica\/thermogenius\/cotizacion-thermogenius\/#breadcrumb","itemListElement":[{"@type":"ListItem","position":1,"name":"Home","item":"https:\/\/altingenieria.mx\/"},{"@type":"ListItem","position":2,"name":"Productos","item":"https:\/\/altingenieria.mx\/productos\/"},{"@type":"ListItem","position":3,"name":"Sistemas de inspecci\u00f3n termogr\u00e1fica","item":"https:\/\/altingenieria.mx\/productos\/inspeccion-termografica\/"},{"@type":"ListItem","position":4,"name":"ThermoGenius","item":"https:\/\/altingenieria.mx\/productos\/inspeccion-termografica\/thermogenius\/"},{"@type":"ListItem","position":5,"name":"Cotizaci\u00f3n ThermoGenius"}]},{"@type":"WebSite","@id":"https:\/\/altingenieria.mx\/#website","url":"https:\/\/altingenieria.mx\/","name":"ALT Ingenier\u00eda","description":"Custom Engineering","publisher":{"@id":"https:\/\/altingenieria.mx\/#organization"},"potentialAction":[{"@type":"SearchAction","target":{"@type":"EntryPoint","urlTemplate":"https:\/\/altingenieria.mx\/?s={search_term_string}"},"query-input":{"@type":"PropertyValueSpecification","valueRequired":true,"valueName":"search_term_string"}}],"inLanguage":"en-US"},{"@type":"Organization","@id":"https:\/\/altingenieria.mx\/#organization","name":"ALT Ingenier\u00eda","url":"https:\/\/altingenieria.mx\/","logo":{"@type":"ImageObject","inLanguage":"en-US","@id":"https:\/\/altingenieria.mx\/#\/schema\/logo\/image\/","url":"https:\/\/altingenieria.mx\/wp-content\/uploads\/2025\/12\/logo-alt-azul.png","contentUrl":"https:\/\/altingenieria.mx\/wp-content\/uploads\/2025\/12\/logo-alt-azul.png","width":367,"height":284,"caption":"ALT Ingenier\u00eda"},"image":{"@id":"https:\/\/altingenieria.mx\/#\/schema\/logo\/image\/"},"sameAs":["https:\/\/www.linkedin.com\/company\/altingenieria\/"]}]}},"_links":{"self":[{"href":"https:\/\/altingenieria.mx\/en\/wp-json\/wp\/v2\/pages\/7944","targetHints":{"allow":["GET"]}}],"collection":[{"href":"https:\/\/altingenieria.mx\/en\/wp-json\/wp\/v2\/pages"}],"about":[{"href":"https:\/\/altingenieria.mx\/en\/wp-json\/wp\/v2\/types\/page"}],"author":[{"embeddable":true,"href":"https:\/\/altingenieria.mx\/en\/wp-json\/wp\/v2\/users\/3"}],"replies":[{"embeddable":true,"href":"https:\/\/altingenieria.mx\/en\/wp-json\/wp\/v2\/comments?post=7944"}],"version-history":[{"count":1,"href":"https:\/\/altingenieria.mx\/en\/wp-json\/wp\/v2\/pages\/7944\/revisions"}],"predecessor-version":[{"id":11120,"href":"https:\/\/altingenieria.mx\/en\/wp-json\/wp\/v2\/pages\/7944\/revisions\/11120"}],"up":[{"embeddable":true,"href":"https:\/\/altingenieria.mx\/en\/wp-json\/wp\/v2\/pages\/5527"}],"wp:attachment":[{"href":"https:\/\/altingenieria.mx\/en\/wp-json\/wp\/v2\/media?parent=7944"}],"curies":[{"name":"wp","href":"https:\/\/api.w.org\/{rel}","templated":true}]}}