{"id":7984,"date":"2019-07-19T13:04:29","date_gmt":"2019-07-19T18:04:29","guid":{"rendered":"http:\/\/altingenieria.mx\/?page_id=7984"},"modified":"2026-03-03T15:16:52","modified_gmt":"2026-03-03T21:16:52","slug":"cotizacion-plataformas-de-test","status":"publish","type":"page","link":"https:\/\/altingenieria.mx\/en\/productos\/bancos_test\/cotizacion-plataformas-de-test\/","title":{"rendered":"TEST PLATFORMS QUOTATION"},"content":{"rendered":"<div class=\"wpb-content-wrapper\"><div id=\"fws_69e3143f7e053\" class=\"vc_row wpb_row vc_row-fluid  animate_onoffset row-dynamic-el standard_section\" style=\"\" ><div  style=\"position: absolute;top: 0;\"><\/div><div class=\"container  dark\"><div class=\"section_clear\">\n\t<div class=\"vc_col-sm-12 wpb_column column_container vc_custom_1563553897311  vc_custom_1563553897311\" style=\"\" data-animation=\"none\" data-delay=\"\">\n\t\t\t<div class=\"wpb_wrapper\">\n\t\t\t\t<div class=\"vc_custom_heading vc_custom_1563560076071 wpb_content_element\" ><h2 style=\"color: #ffffff;text-align: left\" >Test Platforms<\/h2><\/div>\n\t\t\t<\/div> \n\t<\/div> \n<\/div><\/div><\/div><div id=\"fws_69e3143f7f430\" class=\"vc_row wpb_row vc_row-fluid  animate_onoffset row-dynamic-el standard_section\" style=\"padding-top: 0px ; padding-bottom: 0px ; \" ><div  style=\"position: absolute;top: 0;\"><\/div><div class=\"container  dark\"><div class=\"section_clear\">\n\t<div class=\"vc_col-sm-12 wpb_column column_container vc_custom_1563554548841  vc_custom_1563554548841\" style=\"\" data-animation=\"none\" data-delay=\"\">\n\t\t\t<div class=\"wpb_wrapper\">\n\t\t\t\t<div class=\"vc_row wpb_row vc_inner vc_row-fluid vc_custom_1579292702885 vc_row-o-equal-height vc_row-o-content-middle vc_row-flex\"><div class=\"wpb_column vc_column_container vc_col-sm-2 vc_col-has-fill\"><div class=\"vc_column-inner vc_custom_1579292770738\"><div class=\"wpb_wrapper\"><div class=\"wpb_content_element media_align_center media media_el animate_onoffset\"><div class=\"media_wrapper\" style=\"width:300px;position:relative; left:50%; margin-left:-150px;\" ><img decoding=\"async\" src=\"https:\/\/altingenieria.mx\/wp-content\/uploads\/2020\/01\/SH-sin-teclado.png\" alt=\"Alt Text\" class=\"type_image animated fadeInnone alignment_center\" \/><\/div><\/div>\n\t<div class=\"wpb_text_column wpb_content_element  vc_custom_1579292665471\">\n\t\t<div class=\"wpb_wrapper\" >\n\t\t\t<p style=\"text-align: center;\"><span style=\"color: #1e73be;\"><strong>SH Model<\/strong><\/span><\/p>\n\n\t\t<\/div> \n\t<\/div> <\/div><\/div><\/div><div class=\"wpb_column vc_column_container vc_col-sm-2\"><div class=\"vc_column-inner vc_custom_1579292756924\"><div class=\"wpb_wrapper\"><div class=\"wpb_content_element media_align_center media media_el animate_onoffset\"><div class=\"media_wrapper\" style=\"width:300px;position:relative; left:50%; margin-left:-150px;\" ><img decoding=\"async\" src=\"https:\/\/altingenieria.mx\/wp-content\/uploads\/2020\/01\/SH-R.png\" alt=\"Alt Text\" class=\"type_image animated fadeInnone alignment_center\" \/><\/div><\/div>\n\t<div class=\"wpb_text_column wpb_content_element  vc_custom_1579292570558\">\n\t\t<div class=\"wpb_wrapper\" >\n\t\t\t<p style=\"text-align: center;\"><span style=\"color: #1e73be;\"><strong>SH-R Model<\/strong><\/span><\/p>\n\n\t\t<\/div> \n\t<\/div> <\/div><\/div><\/div><div class=\"wpb_column vc_column_container vc_col-sm-2\"><div class=\"vc_column-inner\"><div class=\"wpb_wrapper\"><div class=\"wpb_content_element media_align_center media media_el animate_onoffset\"><div class=\"media_wrapper\" style=\"width:150px;position:relative; left:50%; margin-left:-75px;\" ><img decoding=\"async\" src=\"https:\/\/altingenieria.mx\/wp-content\/uploads\/2020\/02\/Act_SV-01-1.png\" alt=\"Alt Text\" class=\"type_image animated fadeInnone alignment_center\" \/><\/div><\/div>\n\t<div class=\"wpb_text_column wpb_content_element\">\n\t\t<div class=\"wpb_wrapper\" >\n\t\t\t<p style=\"text-align: center;\"><span style=\"color: #1e73be;\"><strong>SV Model<\/strong><\/span><\/p>\n\n\t\t<\/div> \n\t<\/div> <\/div><\/div><\/div><div class=\"wpb_column vc_column_container vc_col-sm-2\"><div class=\"vc_column-inner\"><div class=\"wpb_wrapper\"><div class=\"wpb_content_element media_align_center media media_el animate_onoffset\"><div class=\"media_wrapper\" style=\"width:150px;position:relative; left:50%; margin-left:-75px;\" ><img decoding=\"async\" src=\"https:\/\/altingenieria.mx\/wp-content\/uploads\/2020\/02\/Act_MR-01.png\" alt=\"Alt Text\" class=\"type_image animated fadeInnone alignment_center\" \/><\/div><\/div>\n\t<div class=\"wpb_text_column wpb_content_element\">\n\t\t<div class=\"wpb_wrapper\" >\n\t\t\t<p style=\"text-align: center;\"><span style=\"color: #1e73be;\"><strong>MR Model<\/strong><\/span><\/p>\n\n\t\t<\/div> \n\t<\/div> <\/div><\/div><\/div><div class=\"wpb_column vc_column_container vc_col-sm-2\"><div class=\"vc_column-inner\"><div class=\"wpb_wrapper\"><div class=\"wpb_content_element media_align_center media media_el animate_onoffset\"><div class=\"media_wrapper\" style=\"width:150px;position:relative; left:50%; margin-left:-75px;\" ><img decoding=\"async\" src=\"https:\/\/altingenieria.mx\/wp-content\/uploads\/2020\/02\/Act_MR-S.png\" alt=\"Alt Text\" class=\"type_image animated fadeInnone alignment_center\" \/><\/div><\/div>\n\t<div class=\"wpb_text_column wpb_content_element\">\n\t\t<div class=\"wpb_wrapper\" >\n\t\t\t<p style=\"text-align: center;\"><span style=\"color: #1e73be;\"><strong>MR-S Model<\/strong><\/span><\/p>\n\n\t\t<\/div> \n\t<\/div> <\/div><\/div><\/div><div class=\"wpb_column vc_column_container vc_col-sm-2\"><div class=\"vc_column-inner\"><div class=\"wpb_wrapper\"><div class=\"wpb_content_element media_align_center media media_el animate_onoffset\"><div class=\"media_wrapper\" style=\"width:150px;position:relative; left:50%; margin-left:-75px;\" ><img decoding=\"async\" src=\"https:\/\/altingenieria.mx\/wp-content\/uploads\/2020\/02\/Act_MR-SP-01.png\" alt=\"Alt Text\" class=\"type_image animated fadeInnone alignment_center\" \/><\/div><\/div>\n\t<div class=\"wpb_text_column wpb_content_element\">\n\t\t<div class=\"wpb_wrapper\" >\n\t\t\t<p style=\"text-align: center;\"><span style=\"color: #1e73be;\"><strong>MR-SP Model<\/strong><\/span><\/p>\n\n\t\t<\/div> \n\t<\/div> <\/div><\/div><\/div><\/div><div class=\"vc_custom_heading vc_custom_1563813403834 wpb_content_element\" ><h2 style=\"font-size: 16px;color: #000000;text-align: center\" >Please fill out the form below and we will contact you.<\/h2><\/div>\n\t<div class=\"wpb_text_column wpb_content_element  vc_custom_1563574967907\">\n\t\t<div class=\"wpb_wrapper\" >\n\t\t\t<div id='formContainer1861874255' class='sfForm rednaoFormContainer SfFormElementContainer bootstrap-wrapper'><\/div><script>\n            var ajaxurl = 'https:\/\/altingenieria.mx\/wp-admin\/admin-ajax.php';\n            var smartFormsCurrentTime=new Date('Sat Apr 18 2026 05:18:55 +0000');\n            \tvar smartFormsSaveNonce=\"df5b892128\";\n            \tvar smartFormsUserName=\"\";\n            \tvar smartFormsFirstName=\"\";\n            \tvar smartFormsLastName=\"\";\n            \tvar smartFormsEmail=\"\";\n                var smartFormsPath=\"https:\/\/altingenieria.mx\/wp-content\/plugins\/smart-forms\/\";\n                var smartDonationsRootPath=\"\";\n                var smartDonationsSandbox=\"\";\n                var smartFormsAdditionalFields1=[];\n                var smartFormsDesignMode=false;\n                if(!window.smartFormsItemsToLoad)\n                    window.smartFormsItemsToLoad=new Array();                                                   \n        <\/script>\n\n\t\t<\/div> \n\t<\/div> \n\t\t\t<\/div> \n\t<\/div> \n<\/div><\/div><\/div>\n<\/div>","protected":false},"excerpt":{"rendered":"Plataformas de Test Modelo SH Modelo SH-R Modelo SV Modelo MR Modelo MR-S Modelo MR-SP Por favor rellene el siguiente formulario y nos pondremos en contacto con usted.","protected":false},"author":3,"featured_media":0,"parent":5755,"menu_order":0,"comment_status":"closed","ping_status":"closed","template":"","meta":{"_joinchat":[],"footnotes":""},"class_list":["post-7984","page","type-page","status-publish","hentry"],"yoast_head":"<!-- This site is optimized with the Yoast SEO plugin v27.4 - https:\/\/yoast.com\/product\/yoast-seo-wordpress\/ -->\n<title>Cotizaci\u00f3n Plataformas de Test - ALT Ingenier\u00eda<\/title>\n<meta name=\"description\" content=\"Solicita ahora tu cotizaci\u00f3n de plataformas de test SH, SH-R, SV, MR, MR-S y MR-SP. Personaliza monitor, PC, UPS y configuraci\u00f3n industrial.\" \/>\n<meta name=\"robots\" content=\"index, follow, max-snippet:-1, max-image-preview:large, max-video-preview:-1\" \/>\n<link rel=\"canonical\" href=\"https:\/\/altingenieria.mx\/en\/productos\/bancos_test\/cotizacion-plataformas-de-test\/\" \/>\n<meta property=\"og:locale\" content=\"en_US\" \/>\n<meta property=\"og:type\" content=\"article\" \/>\n<meta property=\"og:title\" content=\"Cotizaci\u00f3n Plataformas de Test - ALT Ingenier\u00eda\" \/>\n<meta property=\"og:description\" content=\"Solicita ahora tu cotizaci\u00f3n de plataformas de test SH, SH-R, SV, MR, MR-S y MR-SP. Personaliza monitor, PC, UPS y configuraci\u00f3n industrial.\" \/>\n<meta property=\"og:url\" content=\"https:\/\/altingenieria.mx\/en\/productos\/bancos_test\/cotizacion-plataformas-de-test\/\" \/>\n<meta property=\"og:site_name\" content=\"ALT Ingenier\u00eda\" \/>\n<meta property=\"article:modified_time\" content=\"2026-03-03T21:16:52+00:00\" \/>\n<meta property=\"og:image\" content=\"https:\/\/altingenieria.mx\/wp-content\/uploads\/2025\/12\/logo-alt-azul.png\" \/>\n\t<meta property=\"og:image:width\" content=\"367\" \/>\n\t<meta property=\"og:image:height\" content=\"284\" \/>\n\t<meta property=\"og:image:type\" content=\"image\/png\" \/>\n<meta name=\"twitter:card\" content=\"summary_large_image\" \/>\n<meta name=\"twitter:label1\" content=\"Est. reading time\" \/>\n\t<meta name=\"twitter:data1\" content=\"1 minute\" \/>\n<script type=\"application\/ld+json\" class=\"yoast-schema-graph\">{\"@context\":\"https:\\\/\\\/schema.org\",\"@graph\":[{\"@type\":\"WebPage\",\"@id\":\"https:\\\/\\\/altingenieria.mx\\\/productos\\\/bancos_test\\\/cotizacion-plataformas-de-test\\\/\",\"url\":\"https:\\\/\\\/altingenieria.mx\\\/productos\\\/bancos_test\\\/cotizacion-plataformas-de-test\\\/\",\"name\":\"Cotizaci\u00f3n Plataformas de Test - ALT Ingenier\u00eda\",\"isPartOf\":{\"@id\":\"https:\\\/\\\/altingenieria.mx\\\/#website\"},\"datePublished\":\"2019-07-19T18:04:29+00:00\",\"dateModified\":\"2026-03-03T21:16:52+00:00\",\"description\":\"Solicita ahora tu cotizaci\u00f3n de plataformas de test SH, SH-R, SV, MR, MR-S y MR-SP. Personaliza monitor, PC, UPS y configuraci\u00f3n industrial.\",\"breadcrumb\":{\"@id\":\"https:\\\/\\\/altingenieria.mx\\\/productos\\\/bancos_test\\\/cotizacion-plataformas-de-test\\\/#breadcrumb\"},\"inLanguage\":\"en-US\",\"potentialAction\":[{\"@type\":\"ReadAction\",\"target\":[\"https:\\\/\\\/altingenieria.mx\\\/productos\\\/bancos_test\\\/cotizacion-plataformas-de-test\\\/\"]}]},{\"@type\":\"BreadcrumbList\",\"@id\":\"https:\\\/\\\/altingenieria.mx\\\/productos\\\/bancos_test\\\/cotizacion-plataformas-de-test\\\/#breadcrumb\",\"itemListElement\":[{\"@type\":\"ListItem\",\"position\":1,\"name\":\"Home\",\"item\":\"https:\\\/\\\/altingenieria.mx\\\/\"},{\"@type\":\"ListItem\",\"position\":2,\"name\":\"Productos\",\"item\":\"https:\\\/\\\/altingenieria.mx\\\/productos\\\/\"},{\"@type\":\"ListItem\",\"position\":3,\"name\":\"Plataformas de test\",\"item\":\"https:\\\/\\\/altingenieria.mx\\\/productos\\\/bancos_test\\\/\"},{\"@type\":\"ListItem\",\"position\":4,\"name\":\"Cotizaci\u00f3n Plataformas de Test\"}]},{\"@type\":\"WebSite\",\"@id\":\"https:\\\/\\\/altingenieria.mx\\\/#website\",\"url\":\"https:\\\/\\\/altingenieria.mx\\\/\",\"name\":\"ALT Ingenier\u00eda\",\"description\":\"Ingenier\u00eda a la medida\",\"publisher\":{\"@id\":\"https:\\\/\\\/altingenieria.mx\\\/#organization\"},\"potentialAction\":[{\"@type\":\"SearchAction\",\"target\":{\"@type\":\"EntryPoint\",\"urlTemplate\":\"https:\\\/\\\/altingenieria.mx\\\/?s={search_term_string}\"},\"query-input\":{\"@type\":\"PropertyValueSpecification\",\"valueRequired\":true,\"valueName\":\"search_term_string\"}}],\"inLanguage\":\"en-US\"},{\"@type\":\"Organization\",\"@id\":\"https:\\\/\\\/altingenieria.mx\\\/#organization\",\"name\":\"ALT Ingenier\u00eda\",\"url\":\"https:\\\/\\\/altingenieria.mx\\\/\",\"logo\":{\"@type\":\"ImageObject\",\"inLanguage\":\"en-US\",\"@id\":\"https:\\\/\\\/altingenieria.mx\\\/#\\\/schema\\\/logo\\\/image\\\/\",\"url\":\"https:\\\/\\\/altingenieria.mx\\\/wp-content\\\/uploads\\\/2025\\\/12\\\/logo-alt-azul.png\",\"contentUrl\":\"https:\\\/\\\/altingenieria.mx\\\/wp-content\\\/uploads\\\/2025\\\/12\\\/logo-alt-azul.png\",\"width\":367,\"height\":284,\"caption\":\"ALT Ingenier\u00eda\"},\"image\":{\"@id\":\"https:\\\/\\\/altingenieria.mx\\\/#\\\/schema\\\/logo\\\/image\\\/\"},\"sameAs\":[\"https:\\\/\\\/www.linkedin.com\\\/company\\\/altingenieria\\\/\"]}]}<\/script>\n<!-- \/ Yoast SEO plugin. -->","yoast_head_json":{"title":"Cotizaci\u00f3n Plataformas de Test - ALT Ingenier\u00eda","description":"Solicita ahora tu cotizaci\u00f3n de plataformas de test SH, SH-R, SV, MR, MR-S y MR-SP. Personaliza monitor, PC, UPS y configuraci\u00f3n industrial.","robots":{"index":"index","follow":"follow","max-snippet":"max-snippet:-1","max-image-preview":"max-image-preview:large","max-video-preview":"max-video-preview:-1"},"canonical":"https:\/\/altingenieria.mx\/en\/productos\/bancos_test\/cotizacion-plataformas-de-test\/","og_locale":"en_US","og_type":"article","og_title":"Cotizaci\u00f3n Plataformas de Test - ALT Ingenier\u00eda","og_description":"Solicita ahora tu cotizaci\u00f3n de plataformas de test SH, SH-R, SV, MR, MR-S y MR-SP. Personaliza monitor, PC, UPS y configuraci\u00f3n industrial.","og_url":"https:\/\/altingenieria.mx\/en\/productos\/bancos_test\/cotizacion-plataformas-de-test\/","og_site_name":"ALT Ingenier\u00eda","article_modified_time":"2026-03-03T21:16:52+00:00","og_image":[{"width":367,"height":284,"url":"https:\/\/altingenieria.mx\/wp-content\/uploads\/2025\/12\/logo-alt-azul.png","type":"image\/png"}],"twitter_card":"summary_large_image","twitter_misc":{"Est. reading time":"1 minute"},"schema":{"@context":"https:\/\/schema.org","@graph":[{"@type":"WebPage","@id":"https:\/\/altingenieria.mx\/productos\/bancos_test\/cotizacion-plataformas-de-test\/","url":"https:\/\/altingenieria.mx\/productos\/bancos_test\/cotizacion-plataformas-de-test\/","name":"Cotizaci\u00f3n Plataformas de Test - ALT Ingenier\u00eda","isPartOf":{"@id":"https:\/\/altingenieria.mx\/#website"},"datePublished":"2019-07-19T18:04:29+00:00","dateModified":"2026-03-03T21:16:52+00:00","description":"Solicita ahora tu cotizaci\u00f3n de plataformas de test SH, SH-R, SV, MR, MR-S y MR-SP. Personaliza monitor, PC, UPS y configuraci\u00f3n industrial.","breadcrumb":{"@id":"https:\/\/altingenieria.mx\/productos\/bancos_test\/cotizacion-plataformas-de-test\/#breadcrumb"},"inLanguage":"en-US","potentialAction":[{"@type":"ReadAction","target":["https:\/\/altingenieria.mx\/productos\/bancos_test\/cotizacion-plataformas-de-test\/"]}]},{"@type":"BreadcrumbList","@id":"https:\/\/altingenieria.mx\/productos\/bancos_test\/cotizacion-plataformas-de-test\/#breadcrumb","itemListElement":[{"@type":"ListItem","position":1,"name":"Home","item":"https:\/\/altingenieria.mx\/"},{"@type":"ListItem","position":2,"name":"Productos","item":"https:\/\/altingenieria.mx\/productos\/"},{"@type":"ListItem","position":3,"name":"Plataformas de test","item":"https:\/\/altingenieria.mx\/productos\/bancos_test\/"},{"@type":"ListItem","position":4,"name":"Cotizaci\u00f3n Plataformas de Test"}]},{"@type":"WebSite","@id":"https:\/\/altingenieria.mx\/#website","url":"https:\/\/altingenieria.mx\/","name":"ALT Ingenier\u00eda","description":"Custom Engineering","publisher":{"@id":"https:\/\/altingenieria.mx\/#organization"},"potentialAction":[{"@type":"SearchAction","target":{"@type":"EntryPoint","urlTemplate":"https:\/\/altingenieria.mx\/?s={search_term_string}"},"query-input":{"@type":"PropertyValueSpecification","valueRequired":true,"valueName":"search_term_string"}}],"inLanguage":"en-US"},{"@type":"Organization","@id":"https:\/\/altingenieria.mx\/#organization","name":"ALT Ingenier\u00eda","url":"https:\/\/altingenieria.mx\/","logo":{"@type":"ImageObject","inLanguage":"en-US","@id":"https:\/\/altingenieria.mx\/#\/schema\/logo\/image\/","url":"https:\/\/altingenieria.mx\/wp-content\/uploads\/2025\/12\/logo-alt-azul.png","contentUrl":"https:\/\/altingenieria.mx\/wp-content\/uploads\/2025\/12\/logo-alt-azul.png","width":367,"height":284,"caption":"ALT Ingenier\u00eda"},"image":{"@id":"https:\/\/altingenieria.mx\/#\/schema\/logo\/image\/"},"sameAs":["https:\/\/www.linkedin.com\/company\/altingenieria\/"]}]}},"_links":{"self":[{"href":"https:\/\/altingenieria.mx\/en\/wp-json\/wp\/v2\/pages\/7984","targetHints":{"allow":["GET"]}}],"collection":[{"href":"https:\/\/altingenieria.mx\/en\/wp-json\/wp\/v2\/pages"}],"about":[{"href":"https:\/\/altingenieria.mx\/en\/wp-json\/wp\/v2\/types\/page"}],"author":[{"embeddable":true,"href":"https:\/\/altingenieria.mx\/en\/wp-json\/wp\/v2\/users\/3"}],"replies":[{"embeddable":true,"href":"https:\/\/altingenieria.mx\/en\/wp-json\/wp\/v2\/comments?post=7984"}],"version-history":[{"count":1,"href":"https:\/\/altingenieria.mx\/en\/wp-json\/wp\/v2\/pages\/7984\/revisions"}],"predecessor-version":[{"id":11477,"href":"https:\/\/altingenieria.mx\/en\/wp-json\/wp\/v2\/pages\/7984\/revisions\/11477"}],"up":[{"embeddable":true,"href":"https:\/\/altingenieria.mx\/en\/wp-json\/wp\/v2\/pages\/5755"}],"wp:attachment":[{"href":"https:\/\/altingenieria.mx\/en\/wp-json\/wp\/v2\/media?parent=7984"}],"curies":[{"name":"wp","href":"https:\/\/api.w.org\/{rel}","templated":true}]}}